{"id":12376,"date":"2023-10-25T12:23:39","date_gmt":"2023-10-25T10:23:39","guid":{"rendered":"https:\/\/9staedte.de\/konferencer-og-kongresser-i-celle\/"},"modified":"2025-05-08T15:33:35","modified_gmt":"2025-05-08T13:33:35","slug":"konferencer-og-kongresser-i-celle","status":"publish","type":"page","link":"https:\/\/9staedte.de\/da\/celle-dejlig-by-med-mange-boliger\/konferencer-og-kongresser-i-celle\/","title":{"rendered":"Konferencer og kongresser i Celle"},"content":{"rendered":"\n<h2 class=\"wp-block-heading\">Dine n\u00e6ste m\u00f8der og kongresser i Celle<\/h2>\n\n\n\n<p>Vi inviterer dig hjerteligt til at opleve dine n\u00e6ste konferencer og kongresser i Celle, centrum for din begivenhed. Celle med sin unikke gamle bindingsv\u00e6rksby og sit slot, regionen med sit imponerende landskab af heder, enge, skove og floder.<\/p>\n\n\n\n<p>Congress Union er et moderne og alsidigt konferencecenter, der kan rumme op til 3.000 personer. Det ideelle sted til internationale kongresser, virksomhedsm\u00f8der, storsl\u00e5ede banketter eller imponerende baller. Men mange hoteller har ogs\u00e5 konference- og m\u00f8delokaler i forskellige st\u00f8rrelser, s\u00e5 der er den rette kapacitet til ethvert forretningsm\u00f8de.<\/p>\n\n\n\n<p>Vi hj\u00e6lper ogs\u00e5 gerne med planl\u00e6gningen af det individuelle eventprogram og indkvartering og forplejning af g\u00e6sterne samt fritidsaktiviteter. Uanset om du er p\u00e5 arbejde eller i fritiden, \u00f8nsker vi&nbsp;, at dit arrangement bliver en succes, og at dine g\u00e6ster simpelthen f\u00f8ler sig hjemme i Celle.<\/p>\n\n\n\n\n<div class=\"banner-wrapper\">\n  <div class=\"banner-inner \">\n      <div class=\"img-container\">\n      <div class=\"img-wrapper\">\n        <img decoding=\"async\" src=\"https:\/\/9staedte.de\/wp-content\/smush-webp\/2023\/02\/Ralves-Hof-Celle-c-Ralves-Hof.jpg.webp\" alt=\"Mange mennesker sidder udenfor p\u00e5 hvide stole. De kigger p\u00e5 et gammelt bondehus med r\u00f8dt tag. Det er sommer og solen skinner. Der er en fest \u2013 m\u00e5ske et bryllup.\" \/>\n                  <div class=\"thumbnail-label\">\n            <span>Ralves Hof Celle c) Ralves Hof<\/span>\n          <\/div>\n              <\/div>\n    <\/div>\n        <div class=\"text-container\">\n      <div class=\"content\">\n        <h3>Unsere 9 Tipps f\u00fcr Tagungen und Kongresse in Celle<\/h3>\n<p>Congress Union Celle I Thaerplatz 1 I 29221 Celle<br \/>\nDas gr\u00f6\u00dfte Tagungs- und Congresshaus in Celle mit 11 Tagungsr\u00e4umen von 18 \u2013 3000 Personen. Unmittelbar  am Rande der Altstadt gelegen  mit guten Parkm\u00f6glichkeiten und zentral zu allen Hotels.<\/p>\n<p>Ralves Hof<br \/>\nTagen und feiern im historischen Bauernhaus aus dem Jahre 1589. Den besonderen Charme des romantischen Hofes macht seine idyllische l\u00e4ndliche Lage nur 2 km entfernt von der Celler Altstadt aus.<\/p>\n<p>Der Rittersaal im Celler Schloss<br \/>\nEdler und hochherrschaftlicher geht es kaum. Der Rittersaal im Celler Schloss in sowohl f\u00fcr eine Tagung wie auch f\u00fcr eine begleitende Veranstaltung wie einen Ball bis 300 Personen ein stilvolle R\u00e4umlichkeit.<\/p>\n<p>Stadtpalais Celle<br \/>\n1 Tagungsraum f\u00fcr 2-120 Personen. Stilvoll tagen und feiern im Ambiente eines ehemaligen Offizierskasinos mit angeschlossenem Biergarten.<\/p>\n<p>Hotel F\u00fcrstenhof*****<br \/>\n72 Zimmer und Suiten, 7 Tagungsr\u00e4umen f\u00fcr 2-200 Personen. Das  Hotel der Luxus Klasse im Ambiente eines ehemaligen Barockpalais liegt zentrumsnah am Altstadtrand.<\/p>\n<p>Ringhotel Celler Tor****s<br \/>\n73 Zimmer unterschiedlicher Kategorie, 14 behinderten freundliche Zimmer, 1 behinderten gerechtes Zimmer, 15 Tagungsr\u00e4umen f\u00fcr 4-350 Personen. Das familiengef\u00fchrte First Class superior Hotel liegt im n\u00f6rdlichen Stadtteil Gro\u00df Hehlen und verf\u00fcgt auch \u00fcber behinderten- und rollstuhlgerechte Zimmer.<\/p>\n<p>Hotel Caroline Mathilde****<br \/>\n53 Zimmer, 3 Tagungsr\u00e4ume f\u00fcr 2-30 Personen. Idyllisch am Celler Weinberg gelegen, befindet sich das Hotel nur wenige Gehminuten entfernt zur Altstadt.<\/p>\n<p>InterCity Hotel***<br \/>\n121 Zimmer, 4 Tagungsr\u00e4ume f\u00fcr 2 bis 55 Personen. Mit Blick auf die Fachwerkkulisse der Celler Altstadt liegt das Komforthotel nur ein paar Minuten Fu\u00dfweg entfernt von allen Sehensw\u00fcrdigkeiten.<\/p>\n<p>Tryp Hotel Celle***<br \/>\n126 Zimmer, 3 Tagungsr\u00e4ume von 2-100 Personen. Ruhig gelegen nur ca. 2 km entfernt von der Celler Altstadt.<\/p>\n      <\/div>\n    <\/div>\n    <\/div>\n<\/div>\n\n\n\n\n<p><\/p>\n","protected":false},"excerpt":{"rendered":"<p>Dine n\u00e6ste m\u00f8der og kongresser i Celle Vi inviterer dig hjerteligt til at opleve dine n\u00e6ste konferencer og kongresser i Celle, centrum for din begivenhed. Celle med sin unikke gamle bindingsv\u00e6rksby og sit slot, regionen med sit imponerende landskab af heder, enge, skove og floder. Congress Union er et moderne og alsidigt konferencecenter, der kan [&hellip;]<\/p>\n","protected":false},"author":1,"featured_media":12381,"parent":12705,"menu_order":0,"comment_status":"closed","ping_status":"closed","template":"pagetemplates\/template-stadtthema.php","meta":{"_acf_changed":false,"footnotes":""},"categories":[],"tags":[],"ncap_cities_tax":[427,1134],"class_list":["post-12376","page","type-page","status-publish","has-post-thumbnail","hentry","ncap_cities_tax-celle-da","ncap_cities_tax-tagungen-und-kongresse-celle-da"],"acf":[],"yoast_head":"<!-- This site is optimized with the Yoast SEO plugin v26.8 - https:\/\/yoast.com\/product\/yoast-seo-wordpress\/ -->\n<title>Konferencer og kongresser i Celle - 9 St\u00e4dte in Niedersachsen<\/title>\n<meta name=\"robots\" content=\"index, follow, max-snippet:-1, max-image-preview:large, max-video-preview:-1\" \/>\n<link rel=\"canonical\" href=\"https:\/\/9staedte.de\/da\/celle-dejlig-by-med-mange-boliger\/konferencer-og-kongresser-i-celle\/\" \/>\n<meta property=\"og:locale\" content=\"da_DK\" \/>\n<meta property=\"og:type\" content=\"article\" \/>\n<meta property=\"og:title\" content=\"Konferencer og kongresser i Celle - 9 St\u00e4dte in Niedersachsen\" \/>\n<meta property=\"og:description\" content=\"Dine n\u00e6ste m\u00f8der og kongresser i Celle Vi inviterer dig hjerteligt til at opleve dine n\u00e6ste konferencer og kongresser i Celle, centrum for din begivenhed. Celle med sin unikke gamle bindingsv\u00e6rksby og sit slot, regionen med sit imponerende landskab af heder, enge, skove og floder. Congress Union er et moderne og alsidigt konferencecenter, der kan [&hellip;]\" \/>\n<meta property=\"og:url\" content=\"https:\/\/9staedte.de\/da\/celle-dejlig-by-med-mange-boliger\/konferencer-og-kongresser-i-celle\/\" \/>\n<meta property=\"og:site_name\" content=\"9 St\u00e4dte in Niedersachsen\" \/>\n<meta property=\"article:modified_time\" content=\"2025-05-08T13:33:35+00:00\" \/>\n<meta property=\"og:image\" content=\"https:\/\/9staedte.de\/wp-content\/uploads\/2023\/02\/Congress-Union-Celle-c-Congress-Union.jpg\" \/>\n\t<meta property=\"og:image:width\" content=\"1020\" \/>\n\t<meta property=\"og:image:height\" content=\"561\" \/>\n\t<meta property=\"og:image:type\" content=\"image\/jpeg\" \/>\n<meta name=\"twitter:card\" content=\"summary_large_image\" \/>\n<meta name=\"twitter:label1\" content=\"Estimeret l\u00e6setid\" \/>\n\t<meta name=\"twitter:data1\" content=\"1 minut\" \/>\n<script type=\"application\/ld+json\" class=\"yoast-schema-graph\">{\"@context\":\"https:\/\/schema.org\",\"@graph\":[{\"@type\":\"WebPage\",\"@id\":\"https:\/\/9staedte.de\/da\/celle-dejlig-by-med-mange-boliger\/konferencer-og-kongresser-i-celle\/\",\"url\":\"https:\/\/9staedte.de\/da\/celle-dejlig-by-med-mange-boliger\/konferencer-og-kongresser-i-celle\/\",\"name\":\"Konferencer og kongresser i Celle - 9 St\u00e4dte in Niedersachsen\",\"isPartOf\":{\"@id\":\"https:\/\/9staedte.de\/da\/#website\"},\"primaryImageOfPage\":{\"@id\":\"https:\/\/9staedte.de\/da\/celle-dejlig-by-med-mange-boliger\/konferencer-og-kongresser-i-celle\/#primaryimage\"},\"image\":{\"@id\":\"https:\/\/9staedte.de\/da\/celle-dejlig-by-med-mange-boliger\/konferencer-og-kongresser-i-celle\/#primaryimage\"},\"thumbnailUrl\":\"https:\/\/9staedte.de\/wp-content\/uploads\/2023\/02\/Congress-Union-Celle-c-Congress-Union.jpg\",\"datePublished\":\"2023-10-25T10:23:39+00:00\",\"dateModified\":\"2025-05-08T13:33:35+00:00\",\"breadcrumb\":{\"@id\":\"https:\/\/9staedte.de\/da\/celle-dejlig-by-med-mange-boliger\/konferencer-og-kongresser-i-celle\/#breadcrumb\"},\"inLanguage\":\"da-DK\",\"potentialAction\":[{\"@type\":\"ReadAction\",\"target\":[\"https:\/\/9staedte.de\/da\/celle-dejlig-by-med-mange-boliger\/konferencer-og-kongresser-i-celle\/\"]}]},{\"@type\":\"ImageObject\",\"inLanguage\":\"da-DK\",\"@id\":\"https:\/\/9staedte.de\/da\/celle-dejlig-by-med-mange-boliger\/konferencer-og-kongresser-i-celle\/#primaryimage\",\"url\":\"https:\/\/9staedte.de\/wp-content\/uploads\/2023\/02\/Congress-Union-Celle-c-Congress-Union.jpg\",\"contentUrl\":\"https:\/\/9staedte.de\/wp-content\/uploads\/2023\/02\/Congress-Union-Celle-c-Congress-Union.jpg\",\"width\":1020,\"height\":561,\"caption\":\"Congress Union Celle c) Congress Union\"},{\"@type\":\"BreadcrumbList\",\"@id\":\"https:\/\/9staedte.de\/da\/celle-dejlig-by-med-mange-boliger\/konferencer-og-kongresser-i-celle\/#breadcrumb\",\"itemListElement\":[{\"@type\":\"ListItem\",\"position\":1,\"name\":\"Startseite\",\"item\":\"https:\/\/9staedte.de\/da\/hjem-9-byer-2-i-niedersachsen\/\"},{\"@type\":\"ListItem\",\"position\":2,\"name\":\"Celle &#8211; dejlig by med mange boliger\",\"item\":\"https:\/\/9staedte.de\/da\/celle-dejlig-by-med-mange-boliger\/\"},{\"@type\":\"ListItem\",\"position\":3,\"name\":\"Konferencer og kongresser i Celle\"}]},{\"@type\":\"WebSite\",\"@id\":\"https:\/\/9staedte.de\/da\/#website\",\"url\":\"https:\/\/9staedte.de\/da\/\",\"name\":\"9 St\u00e4dte in Niedersachsen\",\"description\":\"\",\"publisher\":{\"@id\":\"https:\/\/9staedte.de\/da\/#organization\"},\"potentialAction\":[{\"@type\":\"SearchAction\",\"target\":{\"@type\":\"EntryPoint\",\"urlTemplate\":\"https:\/\/9staedte.de\/da\/?s={search_term_string}\"},\"query-input\":{\"@type\":\"PropertyValueSpecification\",\"valueRequired\":true,\"valueName\":\"search_term_string\"}}],\"inLanguage\":\"da-DK\"},{\"@type\":\"Organization\",\"@id\":\"https:\/\/9staedte.de\/da\/#organization\",\"name\":\"9 St\u00e4dte in Niedersachsen\",\"url\":\"https:\/\/9staedte.de\/da\/\",\"logo\":{\"@type\":\"ImageObject\",\"inLanguage\":\"da-DK\",\"@id\":\"https:\/\/9staedte.de\/da\/#\/schema\/logo\/image\/\",\"url\":\"https:\/\/9staedte.de\/wp-content\/uploads\/2025\/01\/9-neg-deutsch-2-1.png\",\"contentUrl\":\"https:\/\/9staedte.de\/wp-content\/uploads\/2025\/01\/9-neg-deutsch-2-1.png\",\"width\":190,\"height\":114,\"caption\":\"9 St\u00e4dte in Niedersachsen\"},\"image\":{\"@id\":\"https:\/\/9staedte.de\/da\/#\/schema\/logo\/image\/\"}}]}<\/script>\n<!-- \/ Yoast SEO plugin. -->","yoast_head_json":{"title":"Konferencer og kongresser i Celle - 9 St\u00e4dte in Niedersachsen","robots":{"index":"index","follow":"follow","max-snippet":"max-snippet:-1","max-image-preview":"max-image-preview:large","max-video-preview":"max-video-preview:-1"},"canonical":"https:\/\/9staedte.de\/da\/celle-dejlig-by-med-mange-boliger\/konferencer-og-kongresser-i-celle\/","og_locale":"da_DK","og_type":"article","og_title":"Konferencer og kongresser i Celle - 9 St\u00e4dte in Niedersachsen","og_description":"Dine n\u00e6ste m\u00f8der og kongresser i Celle Vi inviterer dig hjerteligt til at opleve dine n\u00e6ste konferencer og kongresser i Celle, centrum for din begivenhed. Celle med sin unikke gamle bindingsv\u00e6rksby og sit slot, regionen med sit imponerende landskab af heder, enge, skove og floder. Congress Union er et moderne og alsidigt konferencecenter, der kan [&hellip;]","og_url":"https:\/\/9staedte.de\/da\/celle-dejlig-by-med-mange-boliger\/konferencer-og-kongresser-i-celle\/","og_site_name":"9 St\u00e4dte in Niedersachsen","article_modified_time":"2025-05-08T13:33:35+00:00","og_image":[{"width":1020,"height":561,"url":"https:\/\/9staedte.de\/wp-content\/uploads\/2023\/02\/Congress-Union-Celle-c-Congress-Union.jpg","type":"image\/jpeg"}],"twitter_card":"summary_large_image","twitter_misc":{"Estimeret l\u00e6setid":"1 minut"},"schema":{"@context":"https:\/\/schema.org","@graph":[{"@type":"WebPage","@id":"https:\/\/9staedte.de\/da\/celle-dejlig-by-med-mange-boliger\/konferencer-og-kongresser-i-celle\/","url":"https:\/\/9staedte.de\/da\/celle-dejlig-by-med-mange-boliger\/konferencer-og-kongresser-i-celle\/","name":"Konferencer og kongresser i Celle - 9 St\u00e4dte in Niedersachsen","isPartOf":{"@id":"https:\/\/9staedte.de\/da\/#website"},"primaryImageOfPage":{"@id":"https:\/\/9staedte.de\/da\/celle-dejlig-by-med-mange-boliger\/konferencer-og-kongresser-i-celle\/#primaryimage"},"image":{"@id":"https:\/\/9staedte.de\/da\/celle-dejlig-by-med-mange-boliger\/konferencer-og-kongresser-i-celle\/#primaryimage"},"thumbnailUrl":"https:\/\/9staedte.de\/wp-content\/uploads\/2023\/02\/Congress-Union-Celle-c-Congress-Union.jpg","datePublished":"2023-10-25T10:23:39+00:00","dateModified":"2025-05-08T13:33:35+00:00","breadcrumb":{"@id":"https:\/\/9staedte.de\/da\/celle-dejlig-by-med-mange-boliger\/konferencer-og-kongresser-i-celle\/#breadcrumb"},"inLanguage":"da-DK","potentialAction":[{"@type":"ReadAction","target":["https:\/\/9staedte.de\/da\/celle-dejlig-by-med-mange-boliger\/konferencer-og-kongresser-i-celle\/"]}]},{"@type":"ImageObject","inLanguage":"da-DK","@id":"https:\/\/9staedte.de\/da\/celle-dejlig-by-med-mange-boliger\/konferencer-og-kongresser-i-celle\/#primaryimage","url":"https:\/\/9staedte.de\/wp-content\/uploads\/2023\/02\/Congress-Union-Celle-c-Congress-Union.jpg","contentUrl":"https:\/\/9staedte.de\/wp-content\/uploads\/2023\/02\/Congress-Union-Celle-c-Congress-Union.jpg","width":1020,"height":561,"caption":"Congress Union Celle c) Congress Union"},{"@type":"BreadcrumbList","@id":"https:\/\/9staedte.de\/da\/celle-dejlig-by-med-mange-boliger\/konferencer-og-kongresser-i-celle\/#breadcrumb","itemListElement":[{"@type":"ListItem","position":1,"name":"Startseite","item":"https:\/\/9staedte.de\/da\/hjem-9-byer-2-i-niedersachsen\/"},{"@type":"ListItem","position":2,"name":"Celle &#8211; dejlig by med mange boliger","item":"https:\/\/9staedte.de\/da\/celle-dejlig-by-med-mange-boliger\/"},{"@type":"ListItem","position":3,"name":"Konferencer og kongresser i Celle"}]},{"@type":"WebSite","@id":"https:\/\/9staedte.de\/da\/#website","url":"https:\/\/9staedte.de\/da\/","name":"9 St\u00e4dte in Niedersachsen","description":"","publisher":{"@id":"https:\/\/9staedte.de\/da\/#organization"},"potentialAction":[{"@type":"SearchAction","target":{"@type":"EntryPoint","urlTemplate":"https:\/\/9staedte.de\/da\/?s={search_term_string}"},"query-input":{"@type":"PropertyValueSpecification","valueRequired":true,"valueName":"search_term_string"}}],"inLanguage":"da-DK"},{"@type":"Organization","@id":"https:\/\/9staedte.de\/da\/#organization","name":"9 St\u00e4dte in Niedersachsen","url":"https:\/\/9staedte.de\/da\/","logo":{"@type":"ImageObject","inLanguage":"da-DK","@id":"https:\/\/9staedte.de\/da\/#\/schema\/logo\/image\/","url":"https:\/\/9staedte.de\/wp-content\/uploads\/2025\/01\/9-neg-deutsch-2-1.png","contentUrl":"https:\/\/9staedte.de\/wp-content\/uploads\/2025\/01\/9-neg-deutsch-2-1.png","width":190,"height":114,"caption":"9 St\u00e4dte in Niedersachsen"},"image":{"@id":"https:\/\/9staedte.de\/da\/#\/schema\/logo\/image\/"}}]}},"_links":{"self":[{"href":"https:\/\/9staedte.de\/da\/wp-json\/wp\/v2\/pages\/12376","targetHints":{"allow":["GET"]}}],"collection":[{"href":"https:\/\/9staedte.de\/da\/wp-json\/wp\/v2\/pages"}],"about":[{"href":"https:\/\/9staedte.de\/da\/wp-json\/wp\/v2\/types\/page"}],"author":[{"embeddable":true,"href":"https:\/\/9staedte.de\/da\/wp-json\/wp\/v2\/users\/1"}],"replies":[{"embeddable":true,"href":"https:\/\/9staedte.de\/da\/wp-json\/wp\/v2\/comments?post=12376"}],"version-history":[{"count":2,"href":"https:\/\/9staedte.de\/da\/wp-json\/wp\/v2\/pages\/12376\/revisions"}],"predecessor-version":[{"id":25444,"href":"https:\/\/9staedte.de\/da\/wp-json\/wp\/v2\/pages\/12376\/revisions\/25444"}],"up":[{"embeddable":true,"href":"https:\/\/9staedte.de\/da\/wp-json\/wp\/v2\/pages\/12705"}],"wp:featuredmedia":[{"embeddable":true,"href":"https:\/\/9staedte.de\/da\/wp-json\/wp\/v2\/media\/12381"}],"wp:attachment":[{"href":"https:\/\/9staedte.de\/da\/wp-json\/wp\/v2\/media?parent=12376"}],"wp:term":[{"taxonomy":"category","embeddable":true,"href":"https:\/\/9staedte.de\/da\/wp-json\/wp\/v2\/categories?post=12376"},{"taxonomy":"post_tag","embeddable":true,"href":"https:\/\/9staedte.de\/da\/wp-json\/wp\/v2\/tags?post=12376"},{"taxonomy":"ncap_cities_tax","embeddable":true,"href":"https:\/\/9staedte.de\/da\/wp-json\/wp\/v2\/ncap_cities_tax?post=12376"}],"curies":[{"name":"wp","href":"https:\/\/api.w.org\/{rel}","templated":true}]}}