{"id":12373,"date":"2023-10-25T12:26:03","date_gmt":"2023-10-25T10:26:03","guid":{"rendered":"https:\/\/9staedte.de\/goettingen-oplev-baeredygtigt\/"},"modified":"2025-05-15T16:57:47","modified_gmt":"2025-05-15T14:57:47","slug":"goettingen-oplev-baeredygtigt","status":"publish","type":"page","link":"https:\/\/9staedte.de\/da\/goettingen-en-by-der-skaber-viden\/goettingen-oplev-baeredygtigt\/","title":{"rendered":"G\u00f6ttingen &#8211; oplev b\u00e6redygtigt"},"content":{"rendered":"\n<h2 class=\"wp-block-heading\">Naturoplevelser og b\u00e6redygtighed i G\u00f6ttingen<\/h2>\n\n\n\n<p>Som et moderne videnskabssted har G\u00f6ttingen altid fingeren p\u00e5 pulsen. Tre universiteter, fem Max Planck-institutter og talrige andre forskningsinstitutioner har konstant travlt med at g\u00f8re vores liv bedre. Og her spiller sp\u00f8rgsm\u00e5let om b\u00e6redygtighed naturligvis en stadig mere afg\u00f8rende rolle. Men selv uden for disse institutioner har G\u00f6ttingen-regionen gjort gode fremskridt i de senere \u00e5r. Projekter som klimabeskyttelsesdagene med talrige aktiviteter om b\u00e6redygtighed har v\u00e6ret en del af den faste dagbog for G\u00f6ttingens borgere og deres bes\u00f8gende i \u00e5revis. Klimavenlig shopping er en selvf\u00f8lge i mange butikker og fremmes af byen gennem G\u00f6ttingens klimakort.<\/p>\n\n\n\n\n<div class=\"banner-wrapper\">\n  <div class=\"banner-inner \">\n      <div class=\"img-container\">\n      <div class=\"img-wrapper\">\n        <img decoding=\"async\" src=\"https:\/\/9staedte.de\/wp-content\/smush-webp\/2023\/02\/Fair-Trade-shopping-in-Goettingen-c-Goettingen-Tourismus-und-Marketing.jpg.webp\" alt=\"Billedet viser et gammelt bindingsv\u00e6rkshus med r\u00f8d facade. I stueetagen er der en Fair Trade-butik. Ved d\u00f8ren h\u00e6nger en farverig kurv. I vinduerne st\u00e5r mange varer.\" \/>\n                  <div class=\"thumbnail-label\">\n            <span>Fair Trade shopping in G\u00f6ttingen c) G\u00f6ttingen Marketing GmbH<\/span>\n          <\/div>\n              <\/div>\n    <\/div>\n        <div class=\"text-container\">\n      <div class=\"content\">\n        <h2>Oplev G\u00f6ttingen b\u00e6redygtigt: 9 tips<\/h2>\n<p>&#8211; Start dagen med en vegansk morgenmad i P-Caf\u00e9en<\/p>\n<p>&#8211; Shopping hos Contigo &#8211; FairTrade og b\u00e6redygtigt &#8211; en id\u00e9 fra G\u00f6ttingen<\/p>\n<p>&#8211; Med Recup-systemet til en god kaffe-to-go<\/p>\n<p>&#8211; Lej en elcykel i G\u00f6ttingens cykelby<\/p>\n<p>&#8211; Test den hurtige cykelrute fra baneg\u00e5rden til den nordlige udkant af byen<\/p>\n<p>&#8211; Klimavenlig shopping i mange butikker med G\u00f6ttingens klimakort<\/p>\n<p>&#8211; Overd\u00e5dig middag i Chay Vegan Kitchen<\/p>\n<p>&#8211; Nyd det ugentlige marked med sydlandsk flair og regionale produkter<\/p>\n<p>&#8211; Et bes\u00f8g i den naturlige swimmingpool i Grone<\/p>\n      <\/div>\n    <\/div>\n    <\/div>\n<\/div>\n\n\n\n\n<h2 class=\"wp-block-heading\">Oplev G\u00f6ttingen &#8211; byrundtur p\u00e5 cykel<\/h2>\n\n\n\n<p>Efter at have rundet byens centrum f\u00f8lger ruten cykelruten gennem gr\u00f8nne omr\u00e5der og wilhelminske kvarterer til adskillige G\u00f6ttingen-personligheder, med et kort stop ved hver. Der er n\u00e6sten ingen opstigninger p\u00e5 den tilbudte rute, og derfor er turen velegnet til alle interesserede.<\/p>\n\n\n\n<p>Varighed: 2 timer, Pris: 105,- \u20ac, max. 10 deltagere pr. gruppe<\/p>\n","protected":false},"excerpt":{"rendered":"<p>Naturoplevelser og b\u00e6redygtighed i G\u00f6ttingen Som et moderne videnskabssted har G\u00f6ttingen altid fingeren p\u00e5 pulsen. Tre universiteter, fem Max Planck-institutter og talrige andre forskningsinstitutioner har konstant travlt med at g\u00f8re vores liv bedre. Og her spiller sp\u00f8rgsm\u00e5let om b\u00e6redygtighed naturligvis en stadig mere afg\u00f8rende rolle. Men selv uden for disse institutioner har G\u00f6ttingen-regionen gjort gode [&hellip;]<\/p>\n","protected":false},"author":1,"featured_media":12383,"parent":12680,"menu_order":0,"comment_status":"closed","ping_status":"closed","template":"pagetemplates\/template-stadtthema.php","meta":{"_acf_changed":false,"footnotes":""},"categories":[],"tags":[],"ncap_cities_tax":[434,952],"class_list":["post-12373","page","type-page","status-publish","has-post-thumbnail","hentry","ncap_cities_tax-goettingen-da","ncap_cities_tax-naturerlebnisse-und-nachhaltigkeit-goettingen-da"],"acf":[],"yoast_head":"<!-- This site is optimized with the Yoast SEO plugin v26.8 - https:\/\/yoast.com\/product\/yoast-seo-wordpress\/ -->\n<title>G\u00f6ttingen - oplev b\u00e6redygtigt - 9 St\u00e4dte in Niedersachsen<\/title>\n<meta name=\"robots\" content=\"index, follow, max-snippet:-1, max-image-preview:large, max-video-preview:-1\" \/>\n<link rel=\"canonical\" href=\"https:\/\/9staedte.de\/da\/goettingen-en-by-der-skaber-viden\/goettingen-oplev-baeredygtigt\/\" \/>\n<meta property=\"og:locale\" content=\"da_DK\" \/>\n<meta property=\"og:type\" content=\"article\" \/>\n<meta property=\"og:title\" content=\"G\u00f6ttingen - oplev b\u00e6redygtigt - 9 St\u00e4dte in Niedersachsen\" \/>\n<meta property=\"og:description\" content=\"Naturoplevelser og b\u00e6redygtighed i G\u00f6ttingen Som et moderne videnskabssted har G\u00f6ttingen altid fingeren p\u00e5 pulsen. Tre universiteter, fem Max Planck-institutter og talrige andre forskningsinstitutioner har konstant travlt med at g\u00f8re vores liv bedre. Og her spiller sp\u00f8rgsm\u00e5let om b\u00e6redygtighed naturligvis en stadig mere afg\u00f8rende rolle. Men selv uden for disse institutioner har G\u00f6ttingen-regionen gjort gode [&hellip;]\" \/>\n<meta property=\"og:url\" content=\"https:\/\/9staedte.de\/da\/goettingen-en-by-der-skaber-viden\/goettingen-oplev-baeredygtigt\/\" \/>\n<meta property=\"og:site_name\" content=\"9 St\u00e4dte in Niedersachsen\" \/>\n<meta property=\"article:modified_time\" content=\"2025-05-15T14:57:47+00:00\" \/>\n<meta property=\"og:image\" content=\"https:\/\/9staedte.de\/wp-content\/uploads\/2023\/02\/Goettingen_Alter_Bot._GartencChristoph_Mischke.jpg\" \/>\n\t<meta property=\"og:image:width\" content=\"1020\" \/>\n\t<meta property=\"og:image:height\" content=\"558\" \/>\n\t<meta property=\"og:image:type\" content=\"image\/jpeg\" \/>\n<meta name=\"twitter:card\" content=\"summary_large_image\" \/>\n<meta name=\"twitter:label1\" content=\"Estimeret l\u00e6setid\" \/>\n\t<meta name=\"twitter:data1\" content=\"2 minutter\" \/>\n<script type=\"application\/ld+json\" class=\"yoast-schema-graph\">{\"@context\":\"https:\/\/schema.org\",\"@graph\":[{\"@type\":\"WebPage\",\"@id\":\"https:\/\/9staedte.de\/da\/goettingen-en-by-der-skaber-viden\/goettingen-oplev-baeredygtigt\/\",\"url\":\"https:\/\/9staedte.de\/da\/goettingen-en-by-der-skaber-viden\/goettingen-oplev-baeredygtigt\/\",\"name\":\"G\u00f6ttingen - oplev b\u00e6redygtigt - 9 St\u00e4dte in Niedersachsen\",\"isPartOf\":{\"@id\":\"https:\/\/9staedte.de\/da\/#website\"},\"primaryImageOfPage\":{\"@id\":\"https:\/\/9staedte.de\/da\/goettingen-en-by-der-skaber-viden\/goettingen-oplev-baeredygtigt\/#primaryimage\"},\"image\":{\"@id\":\"https:\/\/9staedte.de\/da\/goettingen-en-by-der-skaber-viden\/goettingen-oplev-baeredygtigt\/#primaryimage\"},\"thumbnailUrl\":\"https:\/\/9staedte.de\/wp-content\/uploads\/2023\/02\/Goettingen_Alter_Bot._GartencChristoph_Mischke.jpg\",\"datePublished\":\"2023-10-25T10:26:03+00:00\",\"dateModified\":\"2025-05-15T14:57:47+00:00\",\"breadcrumb\":{\"@id\":\"https:\/\/9staedte.de\/da\/goettingen-en-by-der-skaber-viden\/goettingen-oplev-baeredygtigt\/#breadcrumb\"},\"inLanguage\":\"da-DK\",\"potentialAction\":[{\"@type\":\"ReadAction\",\"target\":[\"https:\/\/9staedte.de\/da\/goettingen-en-by-der-skaber-viden\/goettingen-oplev-baeredygtigt\/\"]}]},{\"@type\":\"ImageObject\",\"inLanguage\":\"da-DK\",\"@id\":\"https:\/\/9staedte.de\/da\/goettingen-en-by-der-skaber-viden\/goettingen-oplev-baeredygtigt\/#primaryimage\",\"url\":\"https:\/\/9staedte.de\/wp-content\/uploads\/2023\/02\/Goettingen_Alter_Bot._GartencChristoph_Mischke.jpg\",\"contentUrl\":\"https:\/\/9staedte.de\/wp-content\/uploads\/2023\/02\/Goettingen_Alter_Bot._GartencChristoph_Mischke.jpg\",\"width\":1020,\"height\":558,\"caption\":\"G\u00f6ttingen_Alter_Bot._Garten(c)Christoph_Mischke\"},{\"@type\":\"BreadcrumbList\",\"@id\":\"https:\/\/9staedte.de\/da\/goettingen-en-by-der-skaber-viden\/goettingen-oplev-baeredygtigt\/#breadcrumb\",\"itemListElement\":[{\"@type\":\"ListItem\",\"position\":1,\"name\":\"Startseite\",\"item\":\"https:\/\/9staedte.de\/da\/hjem-9-byer-2-i-niedersachsen\/\"},{\"@type\":\"ListItem\",\"position\":2,\"name\":\"G\u00f6ttingen &#8211; en by, der skaber viden\",\"item\":\"https:\/\/9staedte.de\/da\/goettingen-en-by-der-skaber-viden\/\"},{\"@type\":\"ListItem\",\"position\":3,\"name\":\"G\u00f6ttingen &#8211; oplev b\u00e6redygtigt\"}]},{\"@type\":\"WebSite\",\"@id\":\"https:\/\/9staedte.de\/da\/#website\",\"url\":\"https:\/\/9staedte.de\/da\/\",\"name\":\"9 St\u00e4dte in Niedersachsen\",\"description\":\"\",\"publisher\":{\"@id\":\"https:\/\/9staedte.de\/da\/#organization\"},\"potentialAction\":[{\"@type\":\"SearchAction\",\"target\":{\"@type\":\"EntryPoint\",\"urlTemplate\":\"https:\/\/9staedte.de\/da\/?s={search_term_string}\"},\"query-input\":{\"@type\":\"PropertyValueSpecification\",\"valueRequired\":true,\"valueName\":\"search_term_string\"}}],\"inLanguage\":\"da-DK\"},{\"@type\":\"Organization\",\"@id\":\"https:\/\/9staedte.de\/da\/#organization\",\"name\":\"9 St\u00e4dte in Niedersachsen\",\"url\":\"https:\/\/9staedte.de\/da\/\",\"logo\":{\"@type\":\"ImageObject\",\"inLanguage\":\"da-DK\",\"@id\":\"https:\/\/9staedte.de\/da\/#\/schema\/logo\/image\/\",\"url\":\"https:\/\/9staedte.de\/wp-content\/uploads\/2025\/01\/9-neg-deutsch-2-1.png\",\"contentUrl\":\"https:\/\/9staedte.de\/wp-content\/uploads\/2025\/01\/9-neg-deutsch-2-1.png\",\"width\":190,\"height\":114,\"caption\":\"9 St\u00e4dte in Niedersachsen\"},\"image\":{\"@id\":\"https:\/\/9staedte.de\/da\/#\/schema\/logo\/image\/\"}}]}<\/script>\n<!-- \/ Yoast SEO plugin. -->","yoast_head_json":{"title":"G\u00f6ttingen - oplev b\u00e6redygtigt - 9 St\u00e4dte in Niedersachsen","robots":{"index":"index","follow":"follow","max-snippet":"max-snippet:-1","max-image-preview":"max-image-preview:large","max-video-preview":"max-video-preview:-1"},"canonical":"https:\/\/9staedte.de\/da\/goettingen-en-by-der-skaber-viden\/goettingen-oplev-baeredygtigt\/","og_locale":"da_DK","og_type":"article","og_title":"G\u00f6ttingen - oplev b\u00e6redygtigt - 9 St\u00e4dte in Niedersachsen","og_description":"Naturoplevelser og b\u00e6redygtighed i G\u00f6ttingen Som et moderne videnskabssted har G\u00f6ttingen altid fingeren p\u00e5 pulsen. Tre universiteter, fem Max Planck-institutter og talrige andre forskningsinstitutioner har konstant travlt med at g\u00f8re vores liv bedre. Og her spiller sp\u00f8rgsm\u00e5let om b\u00e6redygtighed naturligvis en stadig mere afg\u00f8rende rolle. Men selv uden for disse institutioner har G\u00f6ttingen-regionen gjort gode [&hellip;]","og_url":"https:\/\/9staedte.de\/da\/goettingen-en-by-der-skaber-viden\/goettingen-oplev-baeredygtigt\/","og_site_name":"9 St\u00e4dte in Niedersachsen","article_modified_time":"2025-05-15T14:57:47+00:00","og_image":[{"width":1020,"height":558,"url":"https:\/\/9staedte.de\/wp-content\/uploads\/2023\/02\/Goettingen_Alter_Bot._GartencChristoph_Mischke.jpg","type":"image\/jpeg"}],"twitter_card":"summary_large_image","twitter_misc":{"Estimeret l\u00e6setid":"2 minutter"},"schema":{"@context":"https:\/\/schema.org","@graph":[{"@type":"WebPage","@id":"https:\/\/9staedte.de\/da\/goettingen-en-by-der-skaber-viden\/goettingen-oplev-baeredygtigt\/","url":"https:\/\/9staedte.de\/da\/goettingen-en-by-der-skaber-viden\/goettingen-oplev-baeredygtigt\/","name":"G\u00f6ttingen - oplev b\u00e6redygtigt - 9 St\u00e4dte in Niedersachsen","isPartOf":{"@id":"https:\/\/9staedte.de\/da\/#website"},"primaryImageOfPage":{"@id":"https:\/\/9staedte.de\/da\/goettingen-en-by-der-skaber-viden\/goettingen-oplev-baeredygtigt\/#primaryimage"},"image":{"@id":"https:\/\/9staedte.de\/da\/goettingen-en-by-der-skaber-viden\/goettingen-oplev-baeredygtigt\/#primaryimage"},"thumbnailUrl":"https:\/\/9staedte.de\/wp-content\/uploads\/2023\/02\/Goettingen_Alter_Bot._GartencChristoph_Mischke.jpg","datePublished":"2023-10-25T10:26:03+00:00","dateModified":"2025-05-15T14:57:47+00:00","breadcrumb":{"@id":"https:\/\/9staedte.de\/da\/goettingen-en-by-der-skaber-viden\/goettingen-oplev-baeredygtigt\/#breadcrumb"},"inLanguage":"da-DK","potentialAction":[{"@type":"ReadAction","target":["https:\/\/9staedte.de\/da\/goettingen-en-by-der-skaber-viden\/goettingen-oplev-baeredygtigt\/"]}]},{"@type":"ImageObject","inLanguage":"da-DK","@id":"https:\/\/9staedte.de\/da\/goettingen-en-by-der-skaber-viden\/goettingen-oplev-baeredygtigt\/#primaryimage","url":"https:\/\/9staedte.de\/wp-content\/uploads\/2023\/02\/Goettingen_Alter_Bot._GartencChristoph_Mischke.jpg","contentUrl":"https:\/\/9staedte.de\/wp-content\/uploads\/2023\/02\/Goettingen_Alter_Bot._GartencChristoph_Mischke.jpg","width":1020,"height":558,"caption":"G\u00f6ttingen_Alter_Bot._Garten(c)Christoph_Mischke"},{"@type":"BreadcrumbList","@id":"https:\/\/9staedte.de\/da\/goettingen-en-by-der-skaber-viden\/goettingen-oplev-baeredygtigt\/#breadcrumb","itemListElement":[{"@type":"ListItem","position":1,"name":"Startseite","item":"https:\/\/9staedte.de\/da\/hjem-9-byer-2-i-niedersachsen\/"},{"@type":"ListItem","position":2,"name":"G\u00f6ttingen &#8211; en by, der skaber viden","item":"https:\/\/9staedte.de\/da\/goettingen-en-by-der-skaber-viden\/"},{"@type":"ListItem","position":3,"name":"G\u00f6ttingen &#8211; oplev b\u00e6redygtigt"}]},{"@type":"WebSite","@id":"https:\/\/9staedte.de\/da\/#website","url":"https:\/\/9staedte.de\/da\/","name":"9 St\u00e4dte in Niedersachsen","description":"","publisher":{"@id":"https:\/\/9staedte.de\/da\/#organization"},"potentialAction":[{"@type":"SearchAction","target":{"@type":"EntryPoint","urlTemplate":"https:\/\/9staedte.de\/da\/?s={search_term_string}"},"query-input":{"@type":"PropertyValueSpecification","valueRequired":true,"valueName":"search_term_string"}}],"inLanguage":"da-DK"},{"@type":"Organization","@id":"https:\/\/9staedte.de\/da\/#organization","name":"9 St\u00e4dte in Niedersachsen","url":"https:\/\/9staedte.de\/da\/","logo":{"@type":"ImageObject","inLanguage":"da-DK","@id":"https:\/\/9staedte.de\/da\/#\/schema\/logo\/image\/","url":"https:\/\/9staedte.de\/wp-content\/uploads\/2025\/01\/9-neg-deutsch-2-1.png","contentUrl":"https:\/\/9staedte.de\/wp-content\/uploads\/2025\/01\/9-neg-deutsch-2-1.png","width":190,"height":114,"caption":"9 St\u00e4dte in Niedersachsen"},"image":{"@id":"https:\/\/9staedte.de\/da\/#\/schema\/logo\/image\/"}}]}},"_links":{"self":[{"href":"https:\/\/9staedte.de\/da\/wp-json\/wp\/v2\/pages\/12373","targetHints":{"allow":["GET"]}}],"collection":[{"href":"https:\/\/9staedte.de\/da\/wp-json\/wp\/v2\/pages"}],"about":[{"href":"https:\/\/9staedte.de\/da\/wp-json\/wp\/v2\/types\/page"}],"author":[{"embeddable":true,"href":"https:\/\/9staedte.de\/da\/wp-json\/wp\/v2\/users\/1"}],"replies":[{"embeddable":true,"href":"https:\/\/9staedte.de\/da\/wp-json\/wp\/v2\/comments?post=12373"}],"version-history":[{"count":5,"href":"https:\/\/9staedte.de\/da\/wp-json\/wp\/v2\/pages\/12373\/revisions"}],"predecessor-version":[{"id":25871,"href":"https:\/\/9staedte.de\/da\/wp-json\/wp\/v2\/pages\/12373\/revisions\/25871"}],"up":[{"embeddable":true,"href":"https:\/\/9staedte.de\/da\/wp-json\/wp\/v2\/pages\/12680"}],"wp:featuredmedia":[{"embeddable":true,"href":"https:\/\/9staedte.de\/da\/wp-json\/wp\/v2\/media\/12383"}],"wp:attachment":[{"href":"https:\/\/9staedte.de\/da\/wp-json\/wp\/v2\/media?parent=12373"}],"wp:term":[{"taxonomy":"category","embeddable":true,"href":"https:\/\/9staedte.de\/da\/wp-json\/wp\/v2\/categories?post=12373"},{"taxonomy":"post_tag","embeddable":true,"href":"https:\/\/9staedte.de\/da\/wp-json\/wp\/v2\/tags?post=12373"},{"taxonomy":"ncap_cities_tax","embeddable":true,"href":"https:\/\/9staedte.de\/da\/wp-json\/wp\/v2\/ncap_cities_tax?post=12373"}],"curies":[{"name":"wp","href":"https:\/\/api.w.org\/{rel}","templated":true}]}}