{"id":12362,"date":"2023-10-25T12:23:34","date_gmt":"2023-10-25T10:23:34","guid":{"rendered":"https:\/\/9staedte.de\/byrundture-i-celle\/"},"modified":"2023-10-25T15:26:24","modified_gmt":"2023-10-25T13:26:24","slug":"byrundture-i-celle","status":"publish","type":"page","link":"https:\/\/9staedte.de\/da\/celle-dejlig-by-med-mange-boliger\/byrundture-i-celle\/","title":{"rendered":"Byrundture i Celle"},"content":{"rendered":"\n<p>P\u00e5 by- og slotturene i Celle f\u00e5r du indblik i lokale historier og smukke steder i byen. Vores kyndige og kvalificerede guider vil formidle charmen ved en ung by med et historisk bybillede, fort\u00e6lle dig om landet og dets folk og vise dig byens afsondrede gyder og bagg\u00e5rde.<\/p>\n\n\n\n<p><\/p>\n\n\n\n<p><\/p>\n\n\n\n<p><\/p>\n\n\n\r\n\r\n    <div class=\"filter-posts\">\r\n            <div  id=\"filterContent\">\r\n                                                        \n<div class=\"contentKachel filtr-item\" data-category=\"celle-da\">\n    <a href=\"https:\/\/9staedte.de\/da\/bauhaus-arkitektur-sporene-efter-otto-haesler-i-celle\/\">\n        <div class=\"contentKachel-inner\">\n                            <div class=\"contentKachel-thumbnail\">\n                    <img loading=\"lazy\" decoding=\"async\" width=\"300\" height=\"165\" src=\"https:\/\/9staedte.de\/wp-content\/smush-webp\/2022\/06\/Celle-Bauhaus-c-Stadt-Celle-300x165.jpg.webp\" class=\"objectfitcover withfilters wp-post-image\" alt=\"P\u00e5 billedet er der farverige huse. Husene er r\u00f8de, bl\u00e5 og hvide. De har en enkel form. Vinduerne er lige. Det er et eksempel p\u00e5 Bauhaus. Husene st\u00e5r i Celle.\" srcset=\"https:\/\/9staedte.de\/wp-content\/smush-webp\/2022\/06\/Celle-Bauhaus-c-Stadt-Celle-300x165.jpg.webp 300w, https:\/\/9staedte.de\/wp-content\/smush-webp\/2022\/06\/Celle-Bauhaus-c-Stadt-Celle-768x422.jpg.webp 768w, https:\/\/9staedte.de\/wp-content\/smush-webp\/2022\/06\/Celle-Bauhaus-c-Stadt-Celle.jpg.webp 1020w\" sizes=\"auto, (max-width: 300px) 100vw, 300px\" \/>                    <img loading=\"lazy\" decoding=\"async\" width=\"300\" height=\"165\" src=\"https:\/\/9staedte.de\/wp-content\/smush-webp\/2022\/06\/Celle-Bauhaus-c-Stadt-Celle-300x165.jpg.webp\" class=\"objectfitcontain wp-post-image\" alt=\"P\u00e5 billedet er der farverige huse. Husene er r\u00f8de, bl\u00e5 og hvide. De har en enkel form. Vinduerne er lige. Det er et eksempel p\u00e5 Bauhaus. Husene st\u00e5r i Celle.\" srcset=\"https:\/\/9staedte.de\/wp-content\/smush-webp\/2022\/06\/Celle-Bauhaus-c-Stadt-Celle-300x165.jpg.webp 300w, https:\/\/9staedte.de\/wp-content\/smush-webp\/2022\/06\/Celle-Bauhaus-c-Stadt-Celle-768x422.jpg.webp 768w, https:\/\/9staedte.de\/wp-content\/smush-webp\/2022\/06\/Celle-Bauhaus-c-Stadt-Celle.jpg.webp 1020w\" sizes=\"auto, (max-width: 300px) 100vw, 300px\" \/>                        <div class=\"thumbnail-label\">\n    <span>Bauhaus in Celle c) Stadt Celle<\/span>\n    <\/div>\n                <\/div>\n                        <div class=\"contentKachel-content\">\n                                    <div class=\"city-tag bg-celle\">\n                        Celle                    <\/div>\n                \n                <div class=\"title\">\n\n                    Bauhaus-arkitektur &#8211; sporene efter Otto Haesler i Celle                    \n                <\/div>\n\n                            <\/div>\n\n        <\/div>\n    <\/a>\n<\/div>                                                        \n<div class=\"contentKachel filtr-item\" data-category=\"celle-da\">\n    <a href=\"https:\/\/9staedte.de\/da\/paa-sporet-af-heksene-guidet-tur-i-byen-celle\/\">\n        <div class=\"contentKachel-inner\">\n                            <div class=\"contentKachel-thumbnail\">\n                    <img loading=\"lazy\" decoding=\"async\" width=\"300\" height=\"133\" src=\"https:\/\/9staedte.de\/wp-content\/smush-webp\/2022\/06\/Petronella-und-Begina-Hexenfuehrung-c-Celle-Tourismus-300x133.jpg.webp\" class=\"objectfitcover withfilters wp-post-image\" alt=\"Billedet viser to kvinder foran slottet i Celle. Kvinderne har middelaldert\u00f8j p\u00e5. Den ene kvinde har en hvid kjole med et bl\u00e5t b\u00e6lte. Den anden kvinde har en r\u00f8d korsage og en hvid bluse. Begge holder en kurv i h\u00e5nden. I baggrunden ses slottet og et tr\u00e6.\" srcset=\"https:\/\/9staedte.de\/wp-content\/smush-webp\/2022\/06\/Petronella-und-Begina-Hexenfuehrung-c-Celle-Tourismus-300x133.jpg.webp 300w, https:\/\/9staedte.de\/wp-content\/smush-webp\/2022\/06\/Petronella-und-Begina-Hexenfuehrung-c-Celle-Tourismus.jpg.webp 719w\" sizes=\"auto, (max-width: 300px) 100vw, 300px\" \/>                    <img loading=\"lazy\" decoding=\"async\" width=\"300\" height=\"133\" src=\"https:\/\/9staedte.de\/wp-content\/smush-webp\/2022\/06\/Petronella-und-Begina-Hexenfuehrung-c-Celle-Tourismus-300x133.jpg.webp\" class=\"objectfitcontain wp-post-image\" alt=\"Billedet viser to kvinder foran slottet i Celle. Kvinderne har middelaldert\u00f8j p\u00e5. Den ene kvinde har en hvid kjole med et bl\u00e5t b\u00e6lte. Den anden kvinde har en r\u00f8d korsage og en hvid bluse. Begge holder en kurv i h\u00e5nden. I baggrunden ses slottet og et tr\u00e6.\" srcset=\"https:\/\/9staedte.de\/wp-content\/smush-webp\/2022\/06\/Petronella-und-Begina-Hexenfuehrung-c-Celle-Tourismus-300x133.jpg.webp 300w, https:\/\/9staedte.de\/wp-content\/smush-webp\/2022\/06\/Petronella-und-Begina-Hexenfuehrung-c-Celle-Tourismus.jpg.webp 719w\" sizes=\"auto, (max-width: 300px) 100vw, 300px\" \/>                        <div class=\"thumbnail-label\">\n    <span>Petronella und Begina &#8211; Hexenf\u00fchrung<\/span>\n    <\/div>\n                <\/div>\n                        <div class=\"contentKachel-content\">\n                                    <div class=\"city-tag bg-celle\">\n                        Celle                    <\/div>\n                \n                <div class=\"title\">\n\n                    P\u00e5 sporet af heksene &#8211; guidet tur i byen Celle                    \n                <\/div>\n\n                            <\/div>\n\n        <\/div>\n    <\/a>\n<\/div>                                                        \n<div class=\"contentKachel filtr-item\" data-category=\"celle-da\">\n    <a href=\"https:\/\/9staedte.de\/da\/byrundture-i-celle\/\">\n        <div class=\"contentKachel-inner\">\n                            <div class=\"contentKachel-thumbnail\">\n                    <img loading=\"lazy\" decoding=\"async\" width=\"300\" height=\"165\" src=\"https:\/\/9staedte.de\/wp-content\/smush-webp\/2023\/01\/Museum-Gruppe_058-300x165.jpg.webp\" class=\"objectfitcover withfilters wp-post-image\" alt=\"Billedet viser en byvandring i Celle. En kvinde med et r\u00f8dt t\u00f8rkl\u00e6de forklarer noget. Otte voksne st\u00e5r foran hende. Alle smiler eller griner. I baggrunden ses moderne og gamle bygninger. Turen foreg\u00e5r udenfor.\" srcset=\"https:\/\/9staedte.de\/wp-content\/smush-webp\/2023\/01\/Museum-Gruppe_058-300x165.jpg.webp 300w, https:\/\/9staedte.de\/wp-content\/smush-webp\/2023\/01\/Museum-Gruppe_058-768x422.jpg.webp 768w, https:\/\/9staedte.de\/wp-content\/smush-webp\/2023\/01\/Museum-Gruppe_058.jpg.webp 1019w\" sizes=\"auto, (max-width: 300px) 100vw, 300px\" \/>                    <img loading=\"lazy\" decoding=\"async\" width=\"300\" height=\"165\" src=\"https:\/\/9staedte.de\/wp-content\/smush-webp\/2023\/01\/Museum-Gruppe_058-300x165.jpg.webp\" class=\"objectfitcontain wp-post-image\" alt=\"Billedet viser en byvandring i Celle. En kvinde med et r\u00f8dt t\u00f8rkl\u00e6de forklarer noget. Otte voksne st\u00e5r foran hende. Alle smiler eller griner. I baggrunden ses moderne og gamle bygninger. Turen foreg\u00e5r udenfor.\" srcset=\"https:\/\/9staedte.de\/wp-content\/smush-webp\/2023\/01\/Museum-Gruppe_058-300x165.jpg.webp 300w, https:\/\/9staedte.de\/wp-content\/smush-webp\/2023\/01\/Museum-Gruppe_058-768x422.jpg.webp 768w, https:\/\/9staedte.de\/wp-content\/smush-webp\/2023\/01\/Museum-Gruppe_058.jpg.webp 1019w\" sizes=\"auto, (max-width: 300px) 100vw, 300px\" \/>                        <div class=\"thumbnail-label\">\n    <span>Stadtf\u00fchrung in Celle c) Celle Tourismus<\/span>\n    <\/div>\n                <\/div>\n                        <div class=\"contentKachel-content\">\n                                    <div class=\"city-tag bg-celle\">\n                        Celle                    <\/div>\n                \n                <div class=\"title\">\n\n                    Byrundture i Celle                    \n                <\/div>\n\n                            <\/div>\n\n        <\/div>\n    <\/a>\n<\/div>                                                        \n<div class=\"contentKachel filtr-item\" data-category=\"celle-da\">\n    <a href=\"https:\/\/9staedte.de\/da\/slotsture-i-celle\/\">\n        <div class=\"contentKachel-inner\">\n                            <div class=\"contentKachel-thumbnail\">\n                    <img loading=\"lazy\" decoding=\"async\" width=\"300\" height=\"164\" src=\"https:\/\/9staedte.de\/wp-content\/smush-webp\/2022\/07\/Stadtfuehrung-in-Celle-vor-dem-Schloss-c-Celle-Tourismus-300x164.jpg.webp\" class=\"objectfitcover withfilters wp-post-image\" alt=\"Billedet viser en byvandring i Celle. En kvinde med hvide bukser forklarer noget. Ni voksne st\u00e5r foran hende. Gruppen st\u00e5r ved siden af et slot. Slottet er hvidt og har mange vinduer. I baggrunden er der tr\u00e6er og en sti.\" srcset=\"https:\/\/9staedte.de\/wp-content\/smush-webp\/2022\/07\/Stadtfuehrung-in-Celle-vor-dem-Schloss-c-Celle-Tourismus-300x164.jpg.webp 300w, https:\/\/9staedte.de\/wp-content\/smush-webp\/2022\/07\/Stadtfuehrung-in-Celle-vor-dem-Schloss-c-Celle-Tourismus-768x421.jpg.webp 768w, https:\/\/9staedte.de\/wp-content\/smush-webp\/2022\/07\/Stadtfuehrung-in-Celle-vor-dem-Schloss-c-Celle-Tourismus.jpg.webp 1020w\" sizes=\"auto, (max-width: 300px) 100vw, 300px\" \/>                    <img loading=\"lazy\" decoding=\"async\" width=\"300\" height=\"164\" src=\"https:\/\/9staedte.de\/wp-content\/smush-webp\/2022\/07\/Stadtfuehrung-in-Celle-vor-dem-Schloss-c-Celle-Tourismus-300x164.jpg.webp\" class=\"objectfitcontain wp-post-image\" alt=\"Billedet viser en byvandring i Celle. En kvinde med hvide bukser forklarer noget. Ni voksne st\u00e5r foran hende. Gruppen st\u00e5r ved siden af et slot. Slottet er hvidt og har mange vinduer. I baggrunden er der tr\u00e6er og en sti.\" srcset=\"https:\/\/9staedte.de\/wp-content\/smush-webp\/2022\/07\/Stadtfuehrung-in-Celle-vor-dem-Schloss-c-Celle-Tourismus-300x164.jpg.webp 300w, https:\/\/9staedte.de\/wp-content\/smush-webp\/2022\/07\/Stadtfuehrung-in-Celle-vor-dem-Schloss-c-Celle-Tourismus-768x421.jpg.webp 768w, https:\/\/9staedte.de\/wp-content\/smush-webp\/2022\/07\/Stadtfuehrung-in-Celle-vor-dem-Schloss-c-Celle-Tourismus.jpg.webp 1020w\" sizes=\"auto, (max-width: 300px) 100vw, 300px\" \/>                        <div class=\"thumbnail-label\">\n    <span>Stadtf\u00fchrung in Celle vor dem Schloss c) Celle Tourismus<\/span>\n    <\/div>\n                <\/div>\n                        <div class=\"contentKachel-content\">\n                                    <div class=\"city-tag bg-celle\">\n                        Celle                    <\/div>\n                \n                <div class=\"title\">\n\n                    Slotsture i Celle                    \n                <\/div>\n\n                            <\/div>\n\n        <\/div>\n    <\/a>\n<\/div>                                            <\/div>\r\n    <\/div>\r\n","protected":false},"excerpt":{"rendered":"<p>P\u00e5 by- og slotturene i Celle f\u00e5r du indblik i lokale historier og smukke steder i byen. Vores kyndige og kvalificerede guider vil formidle charmen ved en ung by med et historisk bybillede, fort\u00e6lle dig om landet og dets folk og vise dig byens afsondrede gyder og bagg\u00e5rde.<\/p>\n","protected":false},"author":1,"featured_media":12370,"parent":12705,"menu_order":0,"comment_status":"closed","ping_status":"closed","template":"pagetemplates\/template-stadtthema.php","meta":{"_acf_changed":false,"footnotes":""},"categories":[],"tags":[],"ncap_cities_tax":[427,1204],"class_list":["post-12362","page","type-page","status-publish","has-post-thumbnail","hentry","ncap_cities_tax-celle-da","ncap_cities_tax-stadtfuhrungen-celle-da"],"acf":[],"yoast_head":"<!-- This site is optimized with the Yoast SEO plugin v26.8 - https:\/\/yoast.com\/product\/yoast-seo-wordpress\/ -->\n<title>Byrundture i Celle - 9 St\u00e4dte in Niedersachsen<\/title>\n<meta name=\"robots\" content=\"index, follow, max-snippet:-1, max-image-preview:large, max-video-preview:-1\" \/>\n<link rel=\"canonical\" href=\"https:\/\/9staedte.de\/da\/celle-dejlig-by-med-mange-boliger\/byrundture-i-celle\/\" \/>\n<meta property=\"og:locale\" content=\"da_DK\" \/>\n<meta property=\"og:type\" content=\"article\" \/>\n<meta property=\"og:title\" content=\"Byrundture i Celle - 9 St\u00e4dte in Niedersachsen\" \/>\n<meta property=\"og:description\" content=\"P\u00e5 by- og slotturene i Celle f\u00e5r du indblik i lokale historier og smukke steder i byen. Vores kyndige og kvalificerede guider vil formidle charmen ved en ung by med et historisk bybillede, fort\u00e6lle dig om landet og dets folk og vise dig byens afsondrede gyder og bagg\u00e5rde.\" \/>\n<meta property=\"og:url\" content=\"https:\/\/9staedte.de\/da\/celle-dejlig-by-med-mange-boliger\/byrundture-i-celle\/\" \/>\n<meta property=\"og:site_name\" content=\"9 St\u00e4dte in Niedersachsen\" \/>\n<meta property=\"article:modified_time\" content=\"2023-10-25T13:26:24+00:00\" \/>\n<meta property=\"og:image\" content=\"https:\/\/9staedte.de\/wp-content\/uploads\/2023\/01\/Rundgang-durch-Celle-c-Stadt-Celle.jpg\" \/>\n\t<meta property=\"og:image:width\" content=\"1020\" \/>\n\t<meta property=\"og:image:height\" content=\"560\" \/>\n\t<meta property=\"og:image:type\" content=\"image\/jpeg\" \/>\n<meta name=\"twitter:card\" content=\"summary_large_image\" \/>\n<meta name=\"twitter:label1\" content=\"Estimeret l\u00e6setid\" \/>\n\t<meta name=\"twitter:data1\" content=\"1 minut\" \/>\n<script type=\"application\/ld+json\" class=\"yoast-schema-graph\">{\"@context\":\"https:\/\/schema.org\",\"@graph\":[{\"@type\":\"WebPage\",\"@id\":\"https:\/\/9staedte.de\/da\/celle-dejlig-by-med-mange-boliger\/byrundture-i-celle\/\",\"url\":\"https:\/\/9staedte.de\/da\/celle-dejlig-by-med-mange-boliger\/byrundture-i-celle\/\",\"name\":\"Byrundture i Celle - 9 St\u00e4dte in Niedersachsen\",\"isPartOf\":{\"@id\":\"https:\/\/9staedte.de\/da\/#website\"},\"primaryImageOfPage\":{\"@id\":\"https:\/\/9staedte.de\/da\/celle-dejlig-by-med-mange-boliger\/byrundture-i-celle\/#primaryimage\"},\"image\":{\"@id\":\"https:\/\/9staedte.de\/da\/celle-dejlig-by-med-mange-boliger\/byrundture-i-celle\/#primaryimage\"},\"thumbnailUrl\":\"https:\/\/9staedte.de\/wp-content\/uploads\/2023\/01\/Rundgang-durch-Celle-c-Stadt-Celle.jpg\",\"datePublished\":\"2023-10-25T10:23:34+00:00\",\"dateModified\":\"2023-10-25T13:26:24+00:00\",\"breadcrumb\":{\"@id\":\"https:\/\/9staedte.de\/da\/celle-dejlig-by-med-mange-boliger\/byrundture-i-celle\/#breadcrumb\"},\"inLanguage\":\"da-DK\",\"potentialAction\":[{\"@type\":\"ReadAction\",\"target\":[\"https:\/\/9staedte.de\/da\/celle-dejlig-by-med-mange-boliger\/byrundture-i-celle\/\"]}]},{\"@type\":\"ImageObject\",\"inLanguage\":\"da-DK\",\"@id\":\"https:\/\/9staedte.de\/da\/celle-dejlig-by-med-mange-boliger\/byrundture-i-celle\/#primaryimage\",\"url\":\"https:\/\/9staedte.de\/wp-content\/uploads\/2023\/01\/Rundgang-durch-Celle-c-Stadt-Celle.jpg\",\"contentUrl\":\"https:\/\/9staedte.de\/wp-content\/uploads\/2023\/01\/Rundgang-durch-Celle-c-Stadt-Celle.jpg\",\"width\":1020,\"height\":560,\"caption\":\"Rundgang durch Celle c) Stadt Celle\"},{\"@type\":\"BreadcrumbList\",\"@id\":\"https:\/\/9staedte.de\/da\/celle-dejlig-by-med-mange-boliger\/byrundture-i-celle\/#breadcrumb\",\"itemListElement\":[{\"@type\":\"ListItem\",\"position\":1,\"name\":\"Startseite\",\"item\":\"https:\/\/9staedte.de\/da\/hjem-9-byer-2-i-niedersachsen\/\"},{\"@type\":\"ListItem\",\"position\":2,\"name\":\"Celle &#8211; dejlig by med mange boliger\",\"item\":\"https:\/\/9staedte.de\/da\/celle-dejlig-by-med-mange-boliger\/\"},{\"@type\":\"ListItem\",\"position\":3,\"name\":\"Byrundture i Celle\"}]},{\"@type\":\"WebSite\",\"@id\":\"https:\/\/9staedte.de\/da\/#website\",\"url\":\"https:\/\/9staedte.de\/da\/\",\"name\":\"9 St\u00e4dte in Niedersachsen\",\"description\":\"\",\"publisher\":{\"@id\":\"https:\/\/9staedte.de\/da\/#organization\"},\"potentialAction\":[{\"@type\":\"SearchAction\",\"target\":{\"@type\":\"EntryPoint\",\"urlTemplate\":\"https:\/\/9staedte.de\/da\/?s={search_term_string}\"},\"query-input\":{\"@type\":\"PropertyValueSpecification\",\"valueRequired\":true,\"valueName\":\"search_term_string\"}}],\"inLanguage\":\"da-DK\"},{\"@type\":\"Organization\",\"@id\":\"https:\/\/9staedte.de\/da\/#organization\",\"name\":\"9 St\u00e4dte in Niedersachsen\",\"url\":\"https:\/\/9staedte.de\/da\/\",\"logo\":{\"@type\":\"ImageObject\",\"inLanguage\":\"da-DK\",\"@id\":\"https:\/\/9staedte.de\/da\/#\/schema\/logo\/image\/\",\"url\":\"https:\/\/9staedte.de\/wp-content\/uploads\/2025\/01\/9-neg-deutsch-2-1.png\",\"contentUrl\":\"https:\/\/9staedte.de\/wp-content\/uploads\/2025\/01\/9-neg-deutsch-2-1.png\",\"width\":190,\"height\":114,\"caption\":\"9 St\u00e4dte in Niedersachsen\"},\"image\":{\"@id\":\"https:\/\/9staedte.de\/da\/#\/schema\/logo\/image\/\"}}]}<\/script>\n<!-- \/ Yoast SEO plugin. -->","yoast_head_json":{"title":"Byrundture i Celle - 9 St\u00e4dte in Niedersachsen","robots":{"index":"index","follow":"follow","max-snippet":"max-snippet:-1","max-image-preview":"max-image-preview:large","max-video-preview":"max-video-preview:-1"},"canonical":"https:\/\/9staedte.de\/da\/celle-dejlig-by-med-mange-boliger\/byrundture-i-celle\/","og_locale":"da_DK","og_type":"article","og_title":"Byrundture i Celle - 9 St\u00e4dte in Niedersachsen","og_description":"P\u00e5 by- og slotturene i Celle f\u00e5r du indblik i lokale historier og smukke steder i byen. Vores kyndige og kvalificerede guider vil formidle charmen ved en ung by med et historisk bybillede, fort\u00e6lle dig om landet og dets folk og vise dig byens afsondrede gyder og bagg\u00e5rde.","og_url":"https:\/\/9staedte.de\/da\/celle-dejlig-by-med-mange-boliger\/byrundture-i-celle\/","og_site_name":"9 St\u00e4dte in Niedersachsen","article_modified_time":"2023-10-25T13:26:24+00:00","og_image":[{"width":1020,"height":560,"url":"https:\/\/9staedte.de\/wp-content\/uploads\/2023\/01\/Rundgang-durch-Celle-c-Stadt-Celle.jpg","type":"image\/jpeg"}],"twitter_card":"summary_large_image","twitter_misc":{"Estimeret l\u00e6setid":"1 minut"},"schema":{"@context":"https:\/\/schema.org","@graph":[{"@type":"WebPage","@id":"https:\/\/9staedte.de\/da\/celle-dejlig-by-med-mange-boliger\/byrundture-i-celle\/","url":"https:\/\/9staedte.de\/da\/celle-dejlig-by-med-mange-boliger\/byrundture-i-celle\/","name":"Byrundture i Celle - 9 St\u00e4dte in Niedersachsen","isPartOf":{"@id":"https:\/\/9staedte.de\/da\/#website"},"primaryImageOfPage":{"@id":"https:\/\/9staedte.de\/da\/celle-dejlig-by-med-mange-boliger\/byrundture-i-celle\/#primaryimage"},"image":{"@id":"https:\/\/9staedte.de\/da\/celle-dejlig-by-med-mange-boliger\/byrundture-i-celle\/#primaryimage"},"thumbnailUrl":"https:\/\/9staedte.de\/wp-content\/uploads\/2023\/01\/Rundgang-durch-Celle-c-Stadt-Celle.jpg","datePublished":"2023-10-25T10:23:34+00:00","dateModified":"2023-10-25T13:26:24+00:00","breadcrumb":{"@id":"https:\/\/9staedte.de\/da\/celle-dejlig-by-med-mange-boliger\/byrundture-i-celle\/#breadcrumb"},"inLanguage":"da-DK","potentialAction":[{"@type":"ReadAction","target":["https:\/\/9staedte.de\/da\/celle-dejlig-by-med-mange-boliger\/byrundture-i-celle\/"]}]},{"@type":"ImageObject","inLanguage":"da-DK","@id":"https:\/\/9staedte.de\/da\/celle-dejlig-by-med-mange-boliger\/byrundture-i-celle\/#primaryimage","url":"https:\/\/9staedte.de\/wp-content\/uploads\/2023\/01\/Rundgang-durch-Celle-c-Stadt-Celle.jpg","contentUrl":"https:\/\/9staedte.de\/wp-content\/uploads\/2023\/01\/Rundgang-durch-Celle-c-Stadt-Celle.jpg","width":1020,"height":560,"caption":"Rundgang durch Celle c) Stadt Celle"},{"@type":"BreadcrumbList","@id":"https:\/\/9staedte.de\/da\/celle-dejlig-by-med-mange-boliger\/byrundture-i-celle\/#breadcrumb","itemListElement":[{"@type":"ListItem","position":1,"name":"Startseite","item":"https:\/\/9staedte.de\/da\/hjem-9-byer-2-i-niedersachsen\/"},{"@type":"ListItem","position":2,"name":"Celle &#8211; dejlig by med mange boliger","item":"https:\/\/9staedte.de\/da\/celle-dejlig-by-med-mange-boliger\/"},{"@type":"ListItem","position":3,"name":"Byrundture i Celle"}]},{"@type":"WebSite","@id":"https:\/\/9staedte.de\/da\/#website","url":"https:\/\/9staedte.de\/da\/","name":"9 St\u00e4dte in Niedersachsen","description":"","publisher":{"@id":"https:\/\/9staedte.de\/da\/#organization"},"potentialAction":[{"@type":"SearchAction","target":{"@type":"EntryPoint","urlTemplate":"https:\/\/9staedte.de\/da\/?s={search_term_string}"},"query-input":{"@type":"PropertyValueSpecification","valueRequired":true,"valueName":"search_term_string"}}],"inLanguage":"da-DK"},{"@type":"Organization","@id":"https:\/\/9staedte.de\/da\/#organization","name":"9 St\u00e4dte in Niedersachsen","url":"https:\/\/9staedte.de\/da\/","logo":{"@type":"ImageObject","inLanguage":"da-DK","@id":"https:\/\/9staedte.de\/da\/#\/schema\/logo\/image\/","url":"https:\/\/9staedte.de\/wp-content\/uploads\/2025\/01\/9-neg-deutsch-2-1.png","contentUrl":"https:\/\/9staedte.de\/wp-content\/uploads\/2025\/01\/9-neg-deutsch-2-1.png","width":190,"height":114,"caption":"9 St\u00e4dte in Niedersachsen"},"image":{"@id":"https:\/\/9staedte.de\/da\/#\/schema\/logo\/image\/"}}]}},"_links":{"self":[{"href":"https:\/\/9staedte.de\/da\/wp-json\/wp\/v2\/pages\/12362","targetHints":{"allow":["GET"]}}],"collection":[{"href":"https:\/\/9staedte.de\/da\/wp-json\/wp\/v2\/pages"}],"about":[{"href":"https:\/\/9staedte.de\/da\/wp-json\/wp\/v2\/types\/page"}],"author":[{"embeddable":true,"href":"https:\/\/9staedte.de\/da\/wp-json\/wp\/v2\/users\/1"}],"replies":[{"embeddable":true,"href":"https:\/\/9staedte.de\/da\/wp-json\/wp\/v2\/comments?post=12362"}],"version-history":[{"count":1,"href":"https:\/\/9staedte.de\/da\/wp-json\/wp\/v2\/pages\/12362\/revisions"}],"predecessor-version":[{"id":12372,"href":"https:\/\/9staedte.de\/da\/wp-json\/wp\/v2\/pages\/12362\/revisions\/12372"}],"up":[{"embeddable":true,"href":"https:\/\/9staedte.de\/da\/wp-json\/wp\/v2\/pages\/12705"}],"wp:featuredmedia":[{"embeddable":true,"href":"https:\/\/9staedte.de\/da\/wp-json\/wp\/v2\/media\/12370"}],"wp:attachment":[{"href":"https:\/\/9staedte.de\/da\/wp-json\/wp\/v2\/media?parent=12362"}],"wp:term":[{"taxonomy":"category","embeddable":true,"href":"https:\/\/9staedte.de\/da\/wp-json\/wp\/v2\/categories?post=12362"},{"taxonomy":"post_tag","embeddable":true,"href":"https:\/\/9staedte.de\/da\/wp-json\/wp\/v2\/tags?post=12362"},{"taxonomy":"ncap_cities_tax","embeddable":true,"href":"https:\/\/9staedte.de\/da\/wp-json\/wp\/v2\/ncap_cities_tax?post=12362"}],"curies":[{"name":"wp","href":"https:\/\/api.w.org\/{rel}","templated":true}]}}