{"id":12360,"date":"2023-10-25T12:24:01","date_gmt":"2023-10-25T10:24:01","guid":{"rendered":"https:\/\/9staedte.de\/naturoplevelser-og-baeredygtighed-i-celle\/"},"modified":"2025-05-08T15:06:44","modified_gmt":"2025-05-08T13:06:44","slug":"naturoplevelser-og-baeredygtighed-i-celle","status":"publish","type":"page","link":"https:\/\/9staedte.de\/da\/celle-dejlig-by-med-mange-boliger\/naturoplevelser-og-baeredygtighed-i-celle\/","title":{"rendered":"Naturoplevelser og b\u00e6redygtighed i Celle"},"content":{"rendered":"\n<h2 class=\"wp-block-heading\">Celle &#8211; oplev b\u00e6redygtigt<\/h2>\n\n\n\n<p>Celle har v\u00e6ret certificeret med TourCert-prisen &#8220;b\u00e6redygtig destination&#8221; siden 2017, hvilket g\u00f8r den til den f\u00f8rste b\u00e6redygtige by i hele Nordtyskland. Vi er engagerede i b\u00e6redygtighed og arbejder sammen med vores b\u00e6redygtige partnere inden for indkvartering, gastronomi, konferenceindustri, turistattraktioner, detailhandel, leverand\u00f8rer og transportfirmaer for at g\u00f8re b\u00e6redygtighed til en h\u00e5ndgribelig oplevelse for vores g\u00e6ster i hele servicek\u00e6den. Vi er forpligtet til at bevare de unikke bindingsv\u00e6rkshuse og bygninger, der er typiske for Celle, opretholde traditioner, fremme regionalisme og beskytte naturlige landskaber for at bevare identiteten og karakteren af vores region. Vi \u00f8nsker at v\u00e6re en multiplikator for ideen om b\u00e6redygtighed i vores by og dermed gradvist inspirere flere og flere g\u00e6ster, beboere og ogs\u00e5 lokale tjenesteudbydere med emnet og involvere dem i processen med vores udvikling. En m\u00e5de, hvorp\u00e5 alle kan bidrage, er ved at rejse med bus og tog. Det er slet ikke noget problem i Celle takket v\u00e6re vores veludbyggede rutenet. Vi ser frem til dit bes\u00f8g!<\/p>\n\n\n\n\n<div class=\"banner-wrapper\">\n  <div class=\"banner-inner \">\n      <div class=\"img-container\">\n      <div class=\"img-wrapper\">\n        <img decoding=\"async\" src=\"https:\/\/9staedte.de\/wp-content\/smush-webp\/2023\/02\/celle-radfahren-familie-c-Stadt-Celle.jpg.webp\" alt=\"Billedet viser en familie, der cykler i Celle. Et barn cykler foran p\u00e5 en lille cykel. To voksne cykler bag barnet. Familien cykler p\u00e5 en sti i gr\u00f8n natur. Solen skinner. Alle har det sjovt.\" \/>\n                  <div class=\"thumbnail-label\">\n            <span>celle-radfahren-familie c) Stadt Celle<\/span>\n          <\/div>\n              <\/div>\n    <\/div>\n        <div class=\"text-container\">\n      <div class=\"content\">\n        <h2>Oplev Celle b\u00e6redygtigt: 9 tips<\/h2>\n<p>&#8211; <a href=\"https:\/\/www.allerradweg.de\/region-celle0.html\"><b>En cykeltur p\u00e5 Allerradweg<\/b><\/a> &#8211; det helt rigtige til at slappe af i naturen<\/p>\n<p>&#8211; <a href=\"https:\/\/www.heidschnuckenweg.de\/etappe\/8751\/heidschnuckeweg-etappe-13.html\"><b>Heidschnuckenweg<\/b><\/a> &#8211; Hvad med en vandretur gennem heden p\u00e5 Nordtysklands smukkeste vandresti?<\/p>\n<p>&#8211; <a href=\"https:\/\/www.reiseland-niedersachsen.de\/erleben\/urlaub-am-wasser\/kanutouren\/kanutour-aller\"><b>Kanosejlads p\u00e5 Aller<\/b><\/a> &#8211; Oplev vores region og dens natur fra et andet perspektiv<\/p>\n<p>&#8211; <a href=\"https:\/\/www.laves.niedersachsen.de\/tiere\/bienenkunde\/bienenkunde-73177.html\"><b>Biinstitut<\/b><\/a> &#8211; Oplev biernes verden p\u00e5 en guidet tur i vores biinstitut.<\/p>\n<p>&#8211; <a href=\"https:\/\/cafe-kraeuthaer.de\/heilpflanzengarten.html\"><b>L\u00e6geplantehave<\/b><\/a> &#8211; Bes\u00f8g en af de st\u00f8rste l\u00e6geplantehaver i Europa<\/p>\n<p>&#8211; <a href=\"https:\/\/www.celle.de\/Leben\/Einkaufen\/Wochenm%C3%A4rkte\/\"><b>Ugemarked<\/b><\/a>&#8211; Her kan du opleve regional friskhed hver onsdag og l\u00f8rdag.<\/p>\n<p>&#8211; <a href=\"https:\/\/celler-badeland.de\/\"><b>Celle Badeland<\/b><\/a> &#8211; Find ud af her f\u00f8r dit bes\u00f8g, hvorfor Celle Badeland er b\u00e6redygtigt.<\/p>\n<p>&#8211; <a href=\"https:\/\/www.alterprovisor-celle.de\/\"><b>Alter Provisor<\/b><\/a> &#8211; Tradition og h\u00e5ndv\u00e6rk fra svundne tider &#8211; det er, hvad du finder i vores urtelik\u00f8r fra Celle.<\/p>\n<p>&#8211; <a href=\"https:\/\/bauhaus.celle-tourismus.de\/\"><b>Bauhaus-tur<\/b><\/a> &#8211; Oplev arkitektur i den verdensber\u00f8mte Bauhaus-stil af Otto Haesler, den nok vigtigste arkitekt i sin tid.<\/p>\n      <\/div>\n    <\/div>\n    <\/div>\n<\/div>\n\n\n\n\n<h2 class=\"wp-block-heading\">Hotel Blumenlage<\/h2>\n\n\n\n<p>B\u00e6redygtighed har mange facetter i Celle. Fru Hoeft giver en af disse et ansigt med sit integrerende Hotel Blumlage. P\u00e5 dette unikke hotel er inklusion af mennesker med handicap en hjertesag, og social b\u00e6redygtighed er et stort ord. Hotel Blumlage er en af vores b\u00e6redygtige partnere og tilbyder en b\u00e6redygtig pakke.<\/p>\n\n\n\n<p><a href=\"https:\/\/www.blumlage.com\/\">Her<\/a> kan du se, hvordan b\u00e6redygtighed leves p\u00e5 Hotel Blumlage:<\/p>\n","protected":false},"excerpt":{"rendered":"<p>Celle &#8211; oplev b\u00e6redygtigt Celle har v\u00e6ret certificeret med TourCert-prisen &#8220;b\u00e6redygtig destination&#8221; siden 2017, hvilket g\u00f8r den til den f\u00f8rste b\u00e6redygtige by i hele Nordtyskland. Vi er engagerede i b\u00e6redygtighed og arbejder sammen med vores b\u00e6redygtige partnere inden for indkvartering, gastronomi, konferenceindustri, turistattraktioner, detailhandel, leverand\u00f8rer og transportfirmaer for at g\u00f8re b\u00e6redygtighed til en h\u00e5ndgribelig oplevelse [&hellip;]<\/p>\n","protected":false},"author":1,"featured_media":11709,"parent":12705,"menu_order":0,"comment_status":"closed","ping_status":"closed","template":"pagetemplates\/template-stadtthema.php","meta":{"_acf_changed":false,"footnotes":""},"categories":[],"tags":[],"ncap_cities_tax":[427,924],"class_list":["post-12360","page","type-page","status-publish","has-post-thumbnail","hentry","ncap_cities_tax-celle-da","ncap_cities_tax-naturerlebnisse-und-nachhaltigkeit-celle-da"],"acf":[],"yoast_head":"<!-- This site is optimized with the Yoast SEO plugin v26.8 - https:\/\/yoast.com\/product\/yoast-seo-wordpress\/ -->\n<title>Naturoplevelser og b\u00e6redygtighed i Celle - 9 St\u00e4dte in Niedersachsen<\/title>\n<meta name=\"robots\" content=\"index, follow, max-snippet:-1, max-image-preview:large, max-video-preview:-1\" \/>\n<link rel=\"canonical\" href=\"https:\/\/9staedte.de\/da\/celle-dejlig-by-med-mange-boliger\/naturoplevelser-og-baeredygtighed-i-celle\/\" \/>\n<meta property=\"og:locale\" content=\"da_DK\" \/>\n<meta property=\"og:type\" content=\"article\" \/>\n<meta property=\"og:title\" content=\"Naturoplevelser og b\u00e6redygtighed i Celle - 9 St\u00e4dte in Niedersachsen\" \/>\n<meta property=\"og:description\" content=\"Celle &#8211; oplev b\u00e6redygtigt Celle har v\u00e6ret certificeret med TourCert-prisen &#8220;b\u00e6redygtig destination&#8221; siden 2017, hvilket g\u00f8r den til den f\u00f8rste b\u00e6redygtige by i hele Nordtyskland. Vi er engagerede i b\u00e6redygtighed og arbejder sammen med vores b\u00e6redygtige partnere inden for indkvartering, gastronomi, konferenceindustri, turistattraktioner, detailhandel, leverand\u00f8rer og transportfirmaer for at g\u00f8re b\u00e6redygtighed til en h\u00e5ndgribelig oplevelse [&hellip;]\" \/>\n<meta property=\"og:url\" content=\"https:\/\/9staedte.de\/da\/celle-dejlig-by-med-mange-boliger\/naturoplevelser-og-baeredygtighed-i-celle\/\" \/>\n<meta property=\"og:site_name\" content=\"9 St\u00e4dte in Niedersachsen\" \/>\n<meta property=\"article:modified_time\" content=\"2025-05-08T13:06:44+00:00\" \/>\n<meta property=\"og:image\" content=\"https:\/\/9staedte.de\/wp-content\/uploads\/2023\/02\/celle-franzoeischer-garten-fruehling-c-Stadt-Celle.jpg\" \/>\n\t<meta property=\"og:image:width\" content=\"1020\" \/>\n\t<meta property=\"og:image:height\" content=\"587\" \/>\n\t<meta property=\"og:image:type\" content=\"image\/jpeg\" \/>\n<meta name=\"twitter:card\" content=\"summary_large_image\" \/>\n<meta name=\"twitter:label1\" content=\"Estimeret l\u00e6setid\" \/>\n\t<meta name=\"twitter:data1\" content=\"2 minutter\" \/>\n<script type=\"application\/ld+json\" class=\"yoast-schema-graph\">{\"@context\":\"https:\/\/schema.org\",\"@graph\":[{\"@type\":\"WebPage\",\"@id\":\"https:\/\/9staedte.de\/da\/celle-dejlig-by-med-mange-boliger\/naturoplevelser-og-baeredygtighed-i-celle\/\",\"url\":\"https:\/\/9staedte.de\/da\/celle-dejlig-by-med-mange-boliger\/naturoplevelser-og-baeredygtighed-i-celle\/\",\"name\":\"Naturoplevelser og b\u00e6redygtighed i Celle - 9 St\u00e4dte in Niedersachsen\",\"isPartOf\":{\"@id\":\"https:\/\/9staedte.de\/da\/#website\"},\"primaryImageOfPage\":{\"@id\":\"https:\/\/9staedte.de\/da\/celle-dejlig-by-med-mange-boliger\/naturoplevelser-og-baeredygtighed-i-celle\/#primaryimage\"},\"image\":{\"@id\":\"https:\/\/9staedte.de\/da\/celle-dejlig-by-med-mange-boliger\/naturoplevelser-og-baeredygtighed-i-celle\/#primaryimage\"},\"thumbnailUrl\":\"https:\/\/9staedte.de\/wp-content\/uploads\/2023\/02\/celle-franzoeischer-garten-fruehling-c-Stadt-Celle.jpg\",\"datePublished\":\"2023-10-25T10:24:01+00:00\",\"dateModified\":\"2025-05-08T13:06:44+00:00\",\"breadcrumb\":{\"@id\":\"https:\/\/9staedte.de\/da\/celle-dejlig-by-med-mange-boliger\/naturoplevelser-og-baeredygtighed-i-celle\/#breadcrumb\"},\"inLanguage\":\"da-DK\",\"potentialAction\":[{\"@type\":\"ReadAction\",\"target\":[\"https:\/\/9staedte.de\/da\/celle-dejlig-by-med-mange-boliger\/naturoplevelser-og-baeredygtighed-i-celle\/\"]}]},{\"@type\":\"ImageObject\",\"inLanguage\":\"da-DK\",\"@id\":\"https:\/\/9staedte.de\/da\/celle-dejlig-by-med-mange-boliger\/naturoplevelser-og-baeredygtighed-i-celle\/#primaryimage\",\"url\":\"https:\/\/9staedte.de\/wp-content\/uploads\/2023\/02\/celle-franzoeischer-garten-fruehling-c-Stadt-Celle.jpg\",\"contentUrl\":\"https:\/\/9staedte.de\/wp-content\/uploads\/2023\/02\/celle-franzoeischer-garten-fruehling-c-Stadt-Celle.jpg\",\"width\":1020,\"height\":587,\"caption\":\"celle-franzoeischer-garten-fruehling c) Stadt Celle\"},{\"@type\":\"BreadcrumbList\",\"@id\":\"https:\/\/9staedte.de\/da\/celle-dejlig-by-med-mange-boliger\/naturoplevelser-og-baeredygtighed-i-celle\/#breadcrumb\",\"itemListElement\":[{\"@type\":\"ListItem\",\"position\":1,\"name\":\"Startseite\",\"item\":\"https:\/\/9staedte.de\/da\/hjem-9-byer-2-i-niedersachsen\/\"},{\"@type\":\"ListItem\",\"position\":2,\"name\":\"Celle &#8211; dejlig by med mange boliger\",\"item\":\"https:\/\/9staedte.de\/da\/celle-dejlig-by-med-mange-boliger\/\"},{\"@type\":\"ListItem\",\"position\":3,\"name\":\"Naturoplevelser og b\u00e6redygtighed i Celle\"}]},{\"@type\":\"WebSite\",\"@id\":\"https:\/\/9staedte.de\/da\/#website\",\"url\":\"https:\/\/9staedte.de\/da\/\",\"name\":\"9 St\u00e4dte in Niedersachsen\",\"description\":\"\",\"publisher\":{\"@id\":\"https:\/\/9staedte.de\/da\/#organization\"},\"potentialAction\":[{\"@type\":\"SearchAction\",\"target\":{\"@type\":\"EntryPoint\",\"urlTemplate\":\"https:\/\/9staedte.de\/da\/?s={search_term_string}\"},\"query-input\":{\"@type\":\"PropertyValueSpecification\",\"valueRequired\":true,\"valueName\":\"search_term_string\"}}],\"inLanguage\":\"da-DK\"},{\"@type\":\"Organization\",\"@id\":\"https:\/\/9staedte.de\/da\/#organization\",\"name\":\"9 St\u00e4dte in Niedersachsen\",\"url\":\"https:\/\/9staedte.de\/da\/\",\"logo\":{\"@type\":\"ImageObject\",\"inLanguage\":\"da-DK\",\"@id\":\"https:\/\/9staedte.de\/da\/#\/schema\/logo\/image\/\",\"url\":\"https:\/\/9staedte.de\/wp-content\/uploads\/2025\/01\/9-neg-deutsch-2-1.png\",\"contentUrl\":\"https:\/\/9staedte.de\/wp-content\/uploads\/2025\/01\/9-neg-deutsch-2-1.png\",\"width\":190,\"height\":114,\"caption\":\"9 St\u00e4dte in Niedersachsen\"},\"image\":{\"@id\":\"https:\/\/9staedte.de\/da\/#\/schema\/logo\/image\/\"}}]}<\/script>\n<!-- \/ Yoast SEO plugin. -->","yoast_head_json":{"title":"Naturoplevelser og b\u00e6redygtighed i Celle - 9 St\u00e4dte in Niedersachsen","robots":{"index":"index","follow":"follow","max-snippet":"max-snippet:-1","max-image-preview":"max-image-preview:large","max-video-preview":"max-video-preview:-1"},"canonical":"https:\/\/9staedte.de\/da\/celle-dejlig-by-med-mange-boliger\/naturoplevelser-og-baeredygtighed-i-celle\/","og_locale":"da_DK","og_type":"article","og_title":"Naturoplevelser og b\u00e6redygtighed i Celle - 9 St\u00e4dte in Niedersachsen","og_description":"Celle &#8211; oplev b\u00e6redygtigt Celle har v\u00e6ret certificeret med TourCert-prisen &#8220;b\u00e6redygtig destination&#8221; siden 2017, hvilket g\u00f8r den til den f\u00f8rste b\u00e6redygtige by i hele Nordtyskland. Vi er engagerede i b\u00e6redygtighed og arbejder sammen med vores b\u00e6redygtige partnere inden for indkvartering, gastronomi, konferenceindustri, turistattraktioner, detailhandel, leverand\u00f8rer og transportfirmaer for at g\u00f8re b\u00e6redygtighed til en h\u00e5ndgribelig oplevelse [&hellip;]","og_url":"https:\/\/9staedte.de\/da\/celle-dejlig-by-med-mange-boliger\/naturoplevelser-og-baeredygtighed-i-celle\/","og_site_name":"9 St\u00e4dte in Niedersachsen","article_modified_time":"2025-05-08T13:06:44+00:00","og_image":[{"width":1020,"height":587,"url":"https:\/\/9staedte.de\/wp-content\/uploads\/2023\/02\/celle-franzoeischer-garten-fruehling-c-Stadt-Celle.jpg","type":"image\/jpeg"}],"twitter_card":"summary_large_image","twitter_misc":{"Estimeret l\u00e6setid":"2 minutter"},"schema":{"@context":"https:\/\/schema.org","@graph":[{"@type":"WebPage","@id":"https:\/\/9staedte.de\/da\/celle-dejlig-by-med-mange-boliger\/naturoplevelser-og-baeredygtighed-i-celle\/","url":"https:\/\/9staedte.de\/da\/celle-dejlig-by-med-mange-boliger\/naturoplevelser-og-baeredygtighed-i-celle\/","name":"Naturoplevelser og b\u00e6redygtighed i Celle - 9 St\u00e4dte in Niedersachsen","isPartOf":{"@id":"https:\/\/9staedte.de\/da\/#website"},"primaryImageOfPage":{"@id":"https:\/\/9staedte.de\/da\/celle-dejlig-by-med-mange-boliger\/naturoplevelser-og-baeredygtighed-i-celle\/#primaryimage"},"image":{"@id":"https:\/\/9staedte.de\/da\/celle-dejlig-by-med-mange-boliger\/naturoplevelser-og-baeredygtighed-i-celle\/#primaryimage"},"thumbnailUrl":"https:\/\/9staedte.de\/wp-content\/uploads\/2023\/02\/celle-franzoeischer-garten-fruehling-c-Stadt-Celle.jpg","datePublished":"2023-10-25T10:24:01+00:00","dateModified":"2025-05-08T13:06:44+00:00","breadcrumb":{"@id":"https:\/\/9staedte.de\/da\/celle-dejlig-by-med-mange-boliger\/naturoplevelser-og-baeredygtighed-i-celle\/#breadcrumb"},"inLanguage":"da-DK","potentialAction":[{"@type":"ReadAction","target":["https:\/\/9staedte.de\/da\/celle-dejlig-by-med-mange-boliger\/naturoplevelser-og-baeredygtighed-i-celle\/"]}]},{"@type":"ImageObject","inLanguage":"da-DK","@id":"https:\/\/9staedte.de\/da\/celle-dejlig-by-med-mange-boliger\/naturoplevelser-og-baeredygtighed-i-celle\/#primaryimage","url":"https:\/\/9staedte.de\/wp-content\/uploads\/2023\/02\/celle-franzoeischer-garten-fruehling-c-Stadt-Celle.jpg","contentUrl":"https:\/\/9staedte.de\/wp-content\/uploads\/2023\/02\/celle-franzoeischer-garten-fruehling-c-Stadt-Celle.jpg","width":1020,"height":587,"caption":"celle-franzoeischer-garten-fruehling c) Stadt Celle"},{"@type":"BreadcrumbList","@id":"https:\/\/9staedte.de\/da\/celle-dejlig-by-med-mange-boliger\/naturoplevelser-og-baeredygtighed-i-celle\/#breadcrumb","itemListElement":[{"@type":"ListItem","position":1,"name":"Startseite","item":"https:\/\/9staedte.de\/da\/hjem-9-byer-2-i-niedersachsen\/"},{"@type":"ListItem","position":2,"name":"Celle &#8211; dejlig by med mange boliger","item":"https:\/\/9staedte.de\/da\/celle-dejlig-by-med-mange-boliger\/"},{"@type":"ListItem","position":3,"name":"Naturoplevelser og b\u00e6redygtighed i Celle"}]},{"@type":"WebSite","@id":"https:\/\/9staedte.de\/da\/#website","url":"https:\/\/9staedte.de\/da\/","name":"9 St\u00e4dte in Niedersachsen","description":"","publisher":{"@id":"https:\/\/9staedte.de\/da\/#organization"},"potentialAction":[{"@type":"SearchAction","target":{"@type":"EntryPoint","urlTemplate":"https:\/\/9staedte.de\/da\/?s={search_term_string}"},"query-input":{"@type":"PropertyValueSpecification","valueRequired":true,"valueName":"search_term_string"}}],"inLanguage":"da-DK"},{"@type":"Organization","@id":"https:\/\/9staedte.de\/da\/#organization","name":"9 St\u00e4dte in Niedersachsen","url":"https:\/\/9staedte.de\/da\/","logo":{"@type":"ImageObject","inLanguage":"da-DK","@id":"https:\/\/9staedte.de\/da\/#\/schema\/logo\/image\/","url":"https:\/\/9staedte.de\/wp-content\/uploads\/2025\/01\/9-neg-deutsch-2-1.png","contentUrl":"https:\/\/9staedte.de\/wp-content\/uploads\/2025\/01\/9-neg-deutsch-2-1.png","width":190,"height":114,"caption":"9 St\u00e4dte in Niedersachsen"},"image":{"@id":"https:\/\/9staedte.de\/da\/#\/schema\/logo\/image\/"}}]}},"_links":{"self":[{"href":"https:\/\/9staedte.de\/da\/wp-json\/wp\/v2\/pages\/12360","targetHints":{"allow":["GET"]}}],"collection":[{"href":"https:\/\/9staedte.de\/da\/wp-json\/wp\/v2\/pages"}],"about":[{"href":"https:\/\/9staedte.de\/da\/wp-json\/wp\/v2\/types\/page"}],"author":[{"embeddable":true,"href":"https:\/\/9staedte.de\/da\/wp-json\/wp\/v2\/users\/1"}],"replies":[{"embeddable":true,"href":"https:\/\/9staedte.de\/da\/wp-json\/wp\/v2\/comments?post=12360"}],"version-history":[{"count":4,"href":"https:\/\/9staedte.de\/da\/wp-json\/wp\/v2\/pages\/12360\/revisions"}],"predecessor-version":[{"id":25411,"href":"https:\/\/9staedte.de\/da\/wp-json\/wp\/v2\/pages\/12360\/revisions\/25411"}],"up":[{"embeddable":true,"href":"https:\/\/9staedte.de\/da\/wp-json\/wp\/v2\/pages\/12705"}],"wp:featuredmedia":[{"embeddable":true,"href":"https:\/\/9staedte.de\/da\/wp-json\/wp\/v2\/media\/11709"}],"wp:attachment":[{"href":"https:\/\/9staedte.de\/da\/wp-json\/wp\/v2\/media?parent=12360"}],"wp:term":[{"taxonomy":"category","embeddable":true,"href":"https:\/\/9staedte.de\/da\/wp-json\/wp\/v2\/categories?post=12360"},{"taxonomy":"post_tag","embeddable":true,"href":"https:\/\/9staedte.de\/da\/wp-json\/wp\/v2\/tags?post=12360"},{"taxonomy":"ncap_cities_tax","embeddable":true,"href":"https:\/\/9staedte.de\/da\/wp-json\/wp\/v2\/ncap_cities_tax?post=12360"}],"curies":[{"name":"wp","href":"https:\/\/api.w.org\/{rel}","templated":true}]}}