{"id":12358,"date":"2023-10-25T12:26:34","date_gmt":"2023-10-25T10:26:34","guid":{"rendered":"https:\/\/9staedte.de\/indkvartering-i-goettingen\/"},"modified":"2025-05-15T17:09:21","modified_gmt":"2025-05-15T15:09:21","slug":"indkvartering-i-goettingen","status":"publish","type":"page","link":"https:\/\/9staedte.de\/da\/goettingen-en-by-der-skaber-viden\/indkvartering-i-goettingen\/","title":{"rendered":"Indkvartering i G\u00f6ttingen"},"content":{"rendered":"\n<h2 class=\"wp-block-heading\">Reservation af v\u00e6relse<\/h2>\n\n\n\n<h3 class=\"wp-block-heading\">V\u00e6lg mellem en r\u00e6kke forskellige tilbud:<\/h3>\n\n\n\n<figure class=\"wp-block-image size-large\"><a href=\"https:\/\/www.goettingen-tourismus.de\/uebernachten\/hotel-uebersicht\/\"><img loading=\"lazy\" decoding=\"async\" width=\"1024\" height=\"501\" src=\"https:\/\/9staedte.de\/wp-content\/smush-webp\/2023\/07\/Reservierung-Goettingen-1024x501.jpg.webp\" alt=\"\" class=\"wp-image-7423\" srcset=\"https:\/\/9staedte.de\/wp-content\/smush-webp\/2023\/07\/Reservierung-Goettingen-1024x501.jpg.webp 1024w, https:\/\/9staedte.de\/wp-content\/smush-webp\/2023\/07\/Reservierung-Goettingen-300x147.jpg.webp 300w, https:\/\/9staedte.de\/wp-content\/smush-webp\/2023\/07\/Reservierung-Goettingen-768x376.jpg.webp 768w, https:\/\/9staedte.de\/wp-content\/smush-webp\/2023\/07\/Reservierung-Goettingen.jpg.webp 1028w\" sizes=\"auto, (max-width: 1024px) 100vw, 1024px\" \/><\/a><\/figure>\n","protected":false},"excerpt":{"rendered":"<p>Reservation af v\u00e6relse V\u00e6lg mellem en r\u00e6kke forskellige tilbud:<\/p>\n","protected":false},"author":1,"featured_media":12366,"parent":12680,"menu_order":0,"comment_status":"closed","ping_status":"closed","template":"pagetemplates\/template-stadtthema.php","meta":{"_acf_changed":false,"footnotes":""},"categories":[],"tags":[],"ncap_cities_tax":[434,966],"class_list":["post-12358","page","type-page","status-publish","has-post-thumbnail","hentry","ncap_cities_tax-goettingen-da","ncap_cities_tax-reservierungen-goettingen-da"],"acf":[],"yoast_head":"<!-- This site is optimized with the Yoast SEO plugin v26.8 - https:\/\/yoast.com\/product\/yoast-seo-wordpress\/ -->\n<title>Indkvartering i G\u00f6ttingen - 9 St\u00e4dte in Niedersachsen<\/title>\n<meta name=\"robots\" content=\"index, follow, max-snippet:-1, max-image-preview:large, max-video-preview:-1\" \/>\n<link rel=\"canonical\" href=\"https:\/\/9staedte.de\/da\/goettingen-en-by-der-skaber-viden\/indkvartering-i-goettingen\/\" \/>\n<meta property=\"og:locale\" content=\"da_DK\" \/>\n<meta property=\"og:type\" content=\"article\" \/>\n<meta property=\"og:title\" content=\"Indkvartering i G\u00f6ttingen - 9 St\u00e4dte in Niedersachsen\" \/>\n<meta property=\"og:description\" content=\"Reservation af v\u00e6relse V\u00e6lg mellem en r\u00e6kke forskellige tilbud:\" \/>\n<meta property=\"og:url\" content=\"https:\/\/9staedte.de\/da\/goettingen-en-by-der-skaber-viden\/indkvartering-i-goettingen\/\" \/>\n<meta property=\"og:site_name\" content=\"9 St\u00e4dte in Niedersachsen\" \/>\n<meta property=\"article:modified_time\" content=\"2025-05-15T15:09:21+00:00\" \/>\n<meta property=\"og:image\" content=\"https:\/\/9staedte.de\/wp-content\/uploads\/2023\/02\/Blick-auf-den-Marktplatz-vorm-Alten-Rathaus-c-Goettingen-Tourismus-Lars-Gerhardts.jpg\" \/>\n\t<meta property=\"og:image:width\" content=\"1020\" \/>\n\t<meta property=\"og:image:height\" content=\"561\" \/>\n\t<meta property=\"og:image:type\" content=\"image\/jpeg\" \/>\n<meta name=\"twitter:card\" content=\"summary_large_image\" \/>\n<meta name=\"twitter:label1\" content=\"Estimeret l\u00e6setid\" \/>\n\t<meta name=\"twitter:data1\" content=\"1 minut\" \/>\n<script type=\"application\/ld+json\" class=\"yoast-schema-graph\">{\"@context\":\"https:\/\/schema.org\",\"@graph\":[{\"@type\":\"WebPage\",\"@id\":\"https:\/\/9staedte.de\/da\/goettingen-en-by-der-skaber-viden\/indkvartering-i-goettingen\/\",\"url\":\"https:\/\/9staedte.de\/da\/goettingen-en-by-der-skaber-viden\/indkvartering-i-goettingen\/\",\"name\":\"Indkvartering i G\u00f6ttingen - 9 St\u00e4dte in Niedersachsen\",\"isPartOf\":{\"@id\":\"https:\/\/9staedte.de\/da\/#website\"},\"primaryImageOfPage\":{\"@id\":\"https:\/\/9staedte.de\/da\/goettingen-en-by-der-skaber-viden\/indkvartering-i-goettingen\/#primaryimage\"},\"image\":{\"@id\":\"https:\/\/9staedte.de\/da\/goettingen-en-by-der-skaber-viden\/indkvartering-i-goettingen\/#primaryimage\"},\"thumbnailUrl\":\"https:\/\/9staedte.de\/wp-content\/uploads\/2023\/02\/Blick-auf-den-Marktplatz-vorm-Alten-Rathaus-c-Goettingen-Tourismus-Lars-Gerhardts.jpg\",\"datePublished\":\"2023-10-25T10:26:34+00:00\",\"dateModified\":\"2025-05-15T15:09:21+00:00\",\"breadcrumb\":{\"@id\":\"https:\/\/9staedte.de\/da\/goettingen-en-by-der-skaber-viden\/indkvartering-i-goettingen\/#breadcrumb\"},\"inLanguage\":\"da-DK\",\"potentialAction\":[{\"@type\":\"ReadAction\",\"target\":[\"https:\/\/9staedte.de\/da\/goettingen-en-by-der-skaber-viden\/indkvartering-i-goettingen\/\"]}]},{\"@type\":\"ImageObject\",\"inLanguage\":\"da-DK\",\"@id\":\"https:\/\/9staedte.de\/da\/goettingen-en-by-der-skaber-viden\/indkvartering-i-goettingen\/#primaryimage\",\"url\":\"https:\/\/9staedte.de\/wp-content\/uploads\/2023\/02\/Blick-auf-den-Marktplatz-vorm-Alten-Rathaus-c-Goettingen-Tourismus-Lars-Gerhardts.jpg\",\"contentUrl\":\"https:\/\/9staedte.de\/wp-content\/uploads\/2023\/02\/Blick-auf-den-Marktplatz-vorm-Alten-Rathaus-c-Goettingen-Tourismus-Lars-Gerhardts.jpg\",\"width\":1020,\"height\":561,\"caption\":\"Blick auf den Marktplatz vorm Alten Rathaus c) G\u00f6ttingen Tourismus Lars Gerhardts\"},{\"@type\":\"BreadcrumbList\",\"@id\":\"https:\/\/9staedte.de\/da\/goettingen-en-by-der-skaber-viden\/indkvartering-i-goettingen\/#breadcrumb\",\"itemListElement\":[{\"@type\":\"ListItem\",\"position\":1,\"name\":\"Startseite\",\"item\":\"https:\/\/9staedte.de\/da\/hjem-9-byer-2-i-niedersachsen\/\"},{\"@type\":\"ListItem\",\"position\":2,\"name\":\"G\u00f6ttingen &#8211; en by, der skaber viden\",\"item\":\"https:\/\/9staedte.de\/da\/goettingen-en-by-der-skaber-viden\/\"},{\"@type\":\"ListItem\",\"position\":3,\"name\":\"Indkvartering i G\u00f6ttingen\"}]},{\"@type\":\"WebSite\",\"@id\":\"https:\/\/9staedte.de\/da\/#website\",\"url\":\"https:\/\/9staedte.de\/da\/\",\"name\":\"9 St\u00e4dte in Niedersachsen\",\"description\":\"\",\"publisher\":{\"@id\":\"https:\/\/9staedte.de\/da\/#organization\"},\"potentialAction\":[{\"@type\":\"SearchAction\",\"target\":{\"@type\":\"EntryPoint\",\"urlTemplate\":\"https:\/\/9staedte.de\/da\/?s={search_term_string}\"},\"query-input\":{\"@type\":\"PropertyValueSpecification\",\"valueRequired\":true,\"valueName\":\"search_term_string\"}}],\"inLanguage\":\"da-DK\"},{\"@type\":\"Organization\",\"@id\":\"https:\/\/9staedte.de\/da\/#organization\",\"name\":\"9 St\u00e4dte in Niedersachsen\",\"url\":\"https:\/\/9staedte.de\/da\/\",\"logo\":{\"@type\":\"ImageObject\",\"inLanguage\":\"da-DK\",\"@id\":\"https:\/\/9staedte.de\/da\/#\/schema\/logo\/image\/\",\"url\":\"https:\/\/9staedte.de\/wp-content\/uploads\/2025\/01\/9-neg-deutsch-2-1.png\",\"contentUrl\":\"https:\/\/9staedte.de\/wp-content\/uploads\/2025\/01\/9-neg-deutsch-2-1.png\",\"width\":190,\"height\":114,\"caption\":\"9 St\u00e4dte in Niedersachsen\"},\"image\":{\"@id\":\"https:\/\/9staedte.de\/da\/#\/schema\/logo\/image\/\"}}]}<\/script>\n<!-- \/ Yoast SEO plugin. -->","yoast_head_json":{"title":"Indkvartering i G\u00f6ttingen - 9 St\u00e4dte in Niedersachsen","robots":{"index":"index","follow":"follow","max-snippet":"max-snippet:-1","max-image-preview":"max-image-preview:large","max-video-preview":"max-video-preview:-1"},"canonical":"https:\/\/9staedte.de\/da\/goettingen-en-by-der-skaber-viden\/indkvartering-i-goettingen\/","og_locale":"da_DK","og_type":"article","og_title":"Indkvartering i G\u00f6ttingen - 9 St\u00e4dte in Niedersachsen","og_description":"Reservation af v\u00e6relse V\u00e6lg mellem en r\u00e6kke forskellige tilbud:","og_url":"https:\/\/9staedte.de\/da\/goettingen-en-by-der-skaber-viden\/indkvartering-i-goettingen\/","og_site_name":"9 St\u00e4dte in Niedersachsen","article_modified_time":"2025-05-15T15:09:21+00:00","og_image":[{"width":1020,"height":561,"url":"https:\/\/9staedte.de\/wp-content\/uploads\/2023\/02\/Blick-auf-den-Marktplatz-vorm-Alten-Rathaus-c-Goettingen-Tourismus-Lars-Gerhardts.jpg","type":"image\/jpeg"}],"twitter_card":"summary_large_image","twitter_misc":{"Estimeret l\u00e6setid":"1 minut"},"schema":{"@context":"https:\/\/schema.org","@graph":[{"@type":"WebPage","@id":"https:\/\/9staedte.de\/da\/goettingen-en-by-der-skaber-viden\/indkvartering-i-goettingen\/","url":"https:\/\/9staedte.de\/da\/goettingen-en-by-der-skaber-viden\/indkvartering-i-goettingen\/","name":"Indkvartering i G\u00f6ttingen - 9 St\u00e4dte in Niedersachsen","isPartOf":{"@id":"https:\/\/9staedte.de\/da\/#website"},"primaryImageOfPage":{"@id":"https:\/\/9staedte.de\/da\/goettingen-en-by-der-skaber-viden\/indkvartering-i-goettingen\/#primaryimage"},"image":{"@id":"https:\/\/9staedte.de\/da\/goettingen-en-by-der-skaber-viden\/indkvartering-i-goettingen\/#primaryimage"},"thumbnailUrl":"https:\/\/9staedte.de\/wp-content\/uploads\/2023\/02\/Blick-auf-den-Marktplatz-vorm-Alten-Rathaus-c-Goettingen-Tourismus-Lars-Gerhardts.jpg","datePublished":"2023-10-25T10:26:34+00:00","dateModified":"2025-05-15T15:09:21+00:00","breadcrumb":{"@id":"https:\/\/9staedte.de\/da\/goettingen-en-by-der-skaber-viden\/indkvartering-i-goettingen\/#breadcrumb"},"inLanguage":"da-DK","potentialAction":[{"@type":"ReadAction","target":["https:\/\/9staedte.de\/da\/goettingen-en-by-der-skaber-viden\/indkvartering-i-goettingen\/"]}]},{"@type":"ImageObject","inLanguage":"da-DK","@id":"https:\/\/9staedte.de\/da\/goettingen-en-by-der-skaber-viden\/indkvartering-i-goettingen\/#primaryimage","url":"https:\/\/9staedte.de\/wp-content\/uploads\/2023\/02\/Blick-auf-den-Marktplatz-vorm-Alten-Rathaus-c-Goettingen-Tourismus-Lars-Gerhardts.jpg","contentUrl":"https:\/\/9staedte.de\/wp-content\/uploads\/2023\/02\/Blick-auf-den-Marktplatz-vorm-Alten-Rathaus-c-Goettingen-Tourismus-Lars-Gerhardts.jpg","width":1020,"height":561,"caption":"Blick auf den Marktplatz vorm Alten Rathaus c) G\u00f6ttingen Tourismus Lars Gerhardts"},{"@type":"BreadcrumbList","@id":"https:\/\/9staedte.de\/da\/goettingen-en-by-der-skaber-viden\/indkvartering-i-goettingen\/#breadcrumb","itemListElement":[{"@type":"ListItem","position":1,"name":"Startseite","item":"https:\/\/9staedte.de\/da\/hjem-9-byer-2-i-niedersachsen\/"},{"@type":"ListItem","position":2,"name":"G\u00f6ttingen &#8211; en by, der skaber viden","item":"https:\/\/9staedte.de\/da\/goettingen-en-by-der-skaber-viden\/"},{"@type":"ListItem","position":3,"name":"Indkvartering i G\u00f6ttingen"}]},{"@type":"WebSite","@id":"https:\/\/9staedte.de\/da\/#website","url":"https:\/\/9staedte.de\/da\/","name":"9 St\u00e4dte in Niedersachsen","description":"","publisher":{"@id":"https:\/\/9staedte.de\/da\/#organization"},"potentialAction":[{"@type":"SearchAction","target":{"@type":"EntryPoint","urlTemplate":"https:\/\/9staedte.de\/da\/?s={search_term_string}"},"query-input":{"@type":"PropertyValueSpecification","valueRequired":true,"valueName":"search_term_string"}}],"inLanguage":"da-DK"},{"@type":"Organization","@id":"https:\/\/9staedte.de\/da\/#organization","name":"9 St\u00e4dte in Niedersachsen","url":"https:\/\/9staedte.de\/da\/","logo":{"@type":"ImageObject","inLanguage":"da-DK","@id":"https:\/\/9staedte.de\/da\/#\/schema\/logo\/image\/","url":"https:\/\/9staedte.de\/wp-content\/uploads\/2025\/01\/9-neg-deutsch-2-1.png","contentUrl":"https:\/\/9staedte.de\/wp-content\/uploads\/2025\/01\/9-neg-deutsch-2-1.png","width":190,"height":114,"caption":"9 St\u00e4dte in Niedersachsen"},"image":{"@id":"https:\/\/9staedte.de\/da\/#\/schema\/logo\/image\/"}}]}},"_links":{"self":[{"href":"https:\/\/9staedte.de\/da\/wp-json\/wp\/v2\/pages\/12358","targetHints":{"allow":["GET"]}}],"collection":[{"href":"https:\/\/9staedte.de\/da\/wp-json\/wp\/v2\/pages"}],"about":[{"href":"https:\/\/9staedte.de\/da\/wp-json\/wp\/v2\/types\/page"}],"author":[{"embeddable":true,"href":"https:\/\/9staedte.de\/da\/wp-json\/wp\/v2\/users\/1"}],"replies":[{"embeddable":true,"href":"https:\/\/9staedte.de\/da\/wp-json\/wp\/v2\/comments?post=12358"}],"version-history":[{"count":3,"href":"https:\/\/9staedte.de\/da\/wp-json\/wp\/v2\/pages\/12358\/revisions"}],"predecessor-version":[{"id":25476,"href":"https:\/\/9staedte.de\/da\/wp-json\/wp\/v2\/pages\/12358\/revisions\/25476"}],"up":[{"embeddable":true,"href":"https:\/\/9staedte.de\/da\/wp-json\/wp\/v2\/pages\/12680"}],"wp:featuredmedia":[{"embeddable":true,"href":"https:\/\/9staedte.de\/da\/wp-json\/wp\/v2\/media\/12366"}],"wp:attachment":[{"href":"https:\/\/9staedte.de\/da\/wp-json\/wp\/v2\/media?parent=12358"}],"wp:term":[{"taxonomy":"category","embeddable":true,"href":"https:\/\/9staedte.de\/da\/wp-json\/wp\/v2\/categories?post=12358"},{"taxonomy":"post_tag","embeddable":true,"href":"https:\/\/9staedte.de\/da\/wp-json\/wp\/v2\/tags?post=12358"},{"taxonomy":"ncap_cities_tax","embeddable":true,"href":"https:\/\/9staedte.de\/da\/wp-json\/wp\/v2\/ncap_cities_tax?post=12358"}],"curies":[{"name":"wp","href":"https:\/\/api.w.org\/{rel}","templated":true}]}}