{"id":12357,"date":"2023-10-25T12:25:55","date_gmt":"2023-10-25T10:25:55","guid":{"rendered":"https:\/\/9staedte.de\/julemarked-i-goslar\/"},"modified":"2026-03-23T13:09:03","modified_gmt":"2026-03-23T12:09:03","slug":"julemarked-i-goslar","status":"publish","type":"page","link":"https:\/\/9staedte.de\/da\/goslar-verdensarvsomraade-i-harzen\/julemarked-i-goslar\/","title":{"rendered":"Julemarked i Goslar"},"content":{"rendered":"\n<h2 class=\"wp-block-heading\">Julemarked og juleskov<\/h2>\n\n<p>Hvert \u00e5r str\u00e5ler Goslar i festlig pragt: P\u00e5 julemarkedet er der en forf\u00f8rende duft af kanel, bagte \u00e6bler, br\u00e6ndte mandler &#8211; der er jul i luften! 80 k\u00e6rligt dekorerede tr\u00e6hytter er romantisk indrammet af markedspladsen og indbyder til slentreture og fest. Et s\u00e6rligt h\u00f8jdepunkt er juleskoven. Omgivet af 60 oplyste n\u00e5letr\u00e6er kan en varm drik nydes ekstra godt. Den stemningsfulde belysning og det livlige leben giver en uforlignelig adventsoplevelse.<br\/>Siden i \u00e5r har julemarkedet i Goslar officielt v\u00e6ret et af de smukkeste i Europa og b\u00e6rer m\u00e6rket &#8220;Excellent European Christmas Market 2025&#8221;.    <\/p>\n\n<p><a href=\"https:\/\/www.weihnachtswald.de\/\" target=\"_blank\" rel=\"noreferrer noopener\">Yderligere oplysninger<\/a><\/p>\n\n\n<div class=\"banner-wrapper\">\n  <div class=\"banner-inner \">\n      <div class=\"img-container\">\n      <div class=\"img-wrapper\">\n        <img decoding=\"async\" src=\"https:\/\/9staedte.de\/wp-content\/smush-webp\/2025\/09\/Goslar_Weihnachtswald_GOSLAR_marketing_gmbh_Michael_Abid.jpg.webp\" alt=\"Billedet viser et julemarked i Goslar. Mange grantr\u00e6er st\u00e5r p\u00e5 pladsen. Tr\u00e6erne lyser med mange sm\u00e5 lys. Husene omkring pladsen er bindingsv\u00e6rkshuse.\" \/>\n                  <div class=\"thumbnail-label\">\n            <span>Goslar Weihnachtswald c) GOSLAR marketing gmbh Michael_Abid<\/span>\n          <\/div>\n              <\/div>\n    <\/div>\n        <div class=\"text-container\">\n      <div class=\"content\">\n        <p class=\"h3\"><strong>9 tips til at bes\u00f8ge julemarkedet i Goslar<\/strong><\/p>\n<ul>\n<li>Oplev en romantisk atmosf\u00e6re i juleskoven blandt 160.000 lys<\/li>\n<li>Nyd en fantastisk udsigt fra markedskirkens himmelstige<\/li>\n<li>Julev\u00e6rksted for b\u00f8rn<\/li>\n<li>Jul p\u00e5 Rammelsberg over og under jorden<\/li>\n<li>Advent med kunst og h\u00e5ndv\u00e6rk i Store Hellige Kors<\/li>\n<li>Familieeftermiddag den 10. december<\/li>\n<li>X-MAS-fester i weekenden<\/li>\n<li>St\u00f8tteprogram f\u00f8r jul<\/li>\n<li>Juleshopping langs festligt oplyste shoppinggader<\/li>\n<\/ul>\n      <\/div>\n    <\/div>\n    <\/div>\n<\/div>\n\n\n<div class=\"wp-block-columns is-layout-flex wp-container-core-columns-is-layout-9d6595d7 wp-block-columns-is-layout-flex\">\n<div class=\"wp-block-column is-layout-flow wp-block-column-is-layout-flow\" style=\"flex-basis:66.66%\">\n <div class=\"brlbs-cmpnt-container brlbs-cmpnt-content-blocker brlbs-cmpnt-with-individual-styles\" data-borlabs-cookie-content-blocker-id=\"google-maps\" data-borlabs-cookie-content=\"PGlmcmFtZSBzcmM9Imh0dHBzOi8vd3d3Lmdvb2dsZS5jb20vbWFwcy9kL3UvMC9lbWJlZD9taWQ9MVFvdXdCT2xzZGs4VlVBQ0JqYVBSNV9GVkdoT01SWkkmZWhiYz0yRTMxMkYiIHdpZHRoPSI2NDAiIGhlaWdodD0iNDgwIj48L2lmcmFtZT4=\"><div class=\"brlbs-cmpnt-cb-preset-b brlbs-cmpnt-cb-google-maps\"> <div class=\"brlbs-cmpnt-cb-thumbnail\" style=\"background-image: url('https:\/\/9staedte.de\/wp-content\/uploads\/borlabs-cookie\/1\/brlbs-cb-google-maps-main.png')\"><\/div> <div class=\"brlbs-cmpnt-cb-main\"> <div class=\"brlbs-cmpnt-cb-content\"> <p class=\"brlbs-cmpnt-cb-description\">You are currently viewing a placeholder content from <strong>Google Maps<\/strong>. To access the actual content, click the button below. Please note that doing so will share data with third-party providers.<\/p> <a class=\"brlbs-cmpnt-cb-provider-toggle\" href=\"#\" data-borlabs-cookie-show-provider-information role=\"button\">More Information<\/a> <\/div> <div class=\"brlbs-cmpnt-cb-buttons\"> <a class=\"brlbs-cmpnt-cb-btn\" href=\"#\" data-borlabs-cookie-unblock role=\"button\">Unblock content<\/a> <a class=\"brlbs-cmpnt-cb-btn\" href=\"#\" data-borlabs-cookie-accept-service role=\"button\" style=\"display: inherit\">Accept required service and unblock content<\/a> <\/div> <\/div> <\/div><\/div>\n<\/div>\n\n\n\n<div class=\"wp-block-column is-layout-flow wp-block-column-is-layout-flow\" style=\"flex-basis:33.33%\">\n<h4 class=\"wp-block-heading\">Julemarkeder i Goslar<\/h4>\n\n\n\n<ul class=\"wp-block-list map-legend main-legend\">\n<li>Julemarked (Markedspladsen)<\/li>\n\n\n\n<li>Juleskov (skot\u00f8jsg\u00e5rd)<\/li>\n\n\n\n<li>Jul i Rammelsberg<\/li>\n<\/ul>\n<\/div>\n<\/div>\n\n<p><\/p>\n","protected":false},"excerpt":{"rendered":"<p>Julemarked og juleskov Hvert \u00e5r str\u00e5ler Goslar i festlig pragt: P\u00e5 julemarkedet er der en forf\u00f8rende duft af kanel, bagte \u00e6bler, br\u00e6ndte mandler &#8211; der er jul i luften! 80 k\u00e6rligt dekorerede tr\u00e6hytter er romantisk indrammet af markedspladsen og indbyder til slentreture og fest. Et s\u00e6rligt h\u00f8jdepunkt er juleskoven. Omgivet af 60 oplyste n\u00e5letr\u00e6er kan [&hellip;]<\/p>\n","protected":false},"author":1,"featured_media":24568,"parent":12640,"menu_order":0,"comment_status":"closed","ping_status":"closed","template":"pagetemplates\/template-stadtthema.php","meta":{"_acf_changed":false,"footnotes":""},"categories":[],"tags":[],"ncap_cities_tax":[441,511],"class_list":["post-12357","page","type-page","status-publish","has-post-thumbnail","hentry","ncap_cities_tax-goslar-da","ncap_cities_tax-weihnachtsmarkte-goslar-da"],"acf":[],"yoast_head":"<!-- This site is optimized with the Yoast SEO plugin v27.4 - https:\/\/yoast.com\/product\/yoast-seo-wordpress\/ -->\n<title>Julemarked i Goslar - 9 St\u00e4dte in Niedersachsen<\/title>\n<meta name=\"description\" content=\"P\u00e5 baggrund af markedspladsen inviterer k\u00e6rligt dekorerede tr\u00e6hytter dig til at feste. Et s\u00e6rligt h\u00f8jdepunkt er juleskoven.\" \/>\n<meta name=\"robots\" content=\"index, follow, max-snippet:-1, max-image-preview:large, max-video-preview:-1\" \/>\n<link rel=\"canonical\" href=\"https:\/\/9staedte.de\/da\/goslar-verdensarvsomraade-i-harzen\/julemarked-i-goslar\/\" \/>\n<meta property=\"og:locale\" content=\"da_DK\" \/>\n<meta property=\"og:type\" content=\"article\" \/>\n<meta property=\"og:title\" content=\"Julemarked i Goslar - 9 St\u00e4dte in Niedersachsen\" \/>\n<meta property=\"og:description\" content=\"P\u00e5 baggrund af markedspladsen inviterer k\u00e6rligt dekorerede tr\u00e6hytter dig til at feste. Et s\u00e6rligt h\u00f8jdepunkt er juleskoven.\" \/>\n<meta property=\"og:url\" content=\"https:\/\/9staedte.de\/da\/goslar-verdensarvsomraade-i-harzen\/julemarked-i-goslar\/\" \/>\n<meta property=\"og:site_name\" content=\"9 St\u00e4dte in Niedersachsen\" \/>\n<meta property=\"article:modified_time\" content=\"2026-03-23T12:09:03+00:00\" \/>\n<meta property=\"og:image\" content=\"https:\/\/9staedte.de\/wp-content\/uploads\/2025\/02\/Goslar-Christmas-Market-Blue-hour-c-GOSLAR-marketing-Michael-Abid.jpg\" \/>\n\t<meta property=\"og:image:width\" content=\"1020\" \/>\n\t<meta property=\"og:image:height\" content=\"560\" \/>\n\t<meta property=\"og:image:type\" content=\"image\/jpeg\" \/>\n<meta name=\"twitter:card\" content=\"summary_large_image\" \/>\n<meta name=\"twitter:label1\" content=\"Estimeret l\u00e6setid\" \/>\n\t<meta name=\"twitter:data1\" content=\"1 minut\" \/>\n<script type=\"application\/ld+json\" class=\"yoast-schema-graph\">{\"@context\":\"https:\\\/\\\/schema.org\",\"@graph\":[{\"@type\":\"WebPage\",\"@id\":\"https:\\\/\\\/9staedte.de\\\/da\\\/goslar-verdensarvsomraade-i-harzen\\\/julemarked-i-goslar\\\/\",\"url\":\"https:\\\/\\\/9staedte.de\\\/da\\\/goslar-verdensarvsomraade-i-harzen\\\/julemarked-i-goslar\\\/\",\"name\":\"Julemarked i Goslar - 9 St\u00e4dte in Niedersachsen\",\"isPartOf\":{\"@id\":\"https:\\\/\\\/9staedte.de\\\/da\\\/#website\"},\"primaryImageOfPage\":{\"@id\":\"https:\\\/\\\/9staedte.de\\\/da\\\/goslar-verdensarvsomraade-i-harzen\\\/julemarked-i-goslar\\\/#primaryimage\"},\"image\":{\"@id\":\"https:\\\/\\\/9staedte.de\\\/da\\\/goslar-verdensarvsomraade-i-harzen\\\/julemarked-i-goslar\\\/#primaryimage\"},\"thumbnailUrl\":\"https:\\\/\\\/9staedte.de\\\/wp-content\\\/uploads\\\/2025\\\/02\\\/Goslar-Christmas-Market-Blue-hour-c-GOSLAR-marketing-Michael-Abid.jpg\",\"datePublished\":\"2023-10-25T10:25:55+00:00\",\"dateModified\":\"2026-03-23T12:09:03+00:00\",\"description\":\"P\u00e5 baggrund af markedspladsen inviterer k\u00e6rligt dekorerede tr\u00e6hytter dig til at feste. Et s\u00e6rligt h\u00f8jdepunkt er juleskoven.\",\"breadcrumb\":{\"@id\":\"https:\\\/\\\/9staedte.de\\\/da\\\/goslar-verdensarvsomraade-i-harzen\\\/julemarked-i-goslar\\\/#breadcrumb\"},\"inLanguage\":\"da-DK\",\"potentialAction\":[{\"@type\":\"ReadAction\",\"target\":[\"https:\\\/\\\/9staedte.de\\\/da\\\/goslar-verdensarvsomraade-i-harzen\\\/julemarked-i-goslar\\\/\"]}]},{\"@type\":\"ImageObject\",\"inLanguage\":\"da-DK\",\"@id\":\"https:\\\/\\\/9staedte.de\\\/da\\\/goslar-verdensarvsomraade-i-harzen\\\/julemarked-i-goslar\\\/#primaryimage\",\"url\":\"https:\\\/\\\/9staedte.de\\\/wp-content\\\/uploads\\\/2025\\\/02\\\/Goslar-Christmas-Market-Blue-hour-c-GOSLAR-marketing-Michael-Abid.jpg\",\"contentUrl\":\"https:\\\/\\\/9staedte.de\\\/wp-content\\\/uploads\\\/2025\\\/02\\\/Goslar-Christmas-Market-Blue-hour-c-GOSLAR-marketing-Michael-Abid.jpg\",\"width\":1020,\"height\":560,\"caption\":\"Goslar Christmas Market Blue hour c) GOSLAR marketing Michael Abid\"},{\"@type\":\"BreadcrumbList\",\"@id\":\"https:\\\/\\\/9staedte.de\\\/da\\\/goslar-verdensarvsomraade-i-harzen\\\/julemarked-i-goslar\\\/#breadcrumb\",\"itemListElement\":[{\"@type\":\"ListItem\",\"position\":1,\"name\":\"Startseite\",\"item\":\"https:\\\/\\\/9staedte.de\\\/da\\\/hjem-9-byer-2-i-niedersachsen\\\/\"},{\"@type\":\"ListItem\",\"position\":2,\"name\":\"Goslar &#8211; verdensarvsomr\u00e5de i Harzen\",\"item\":\"https:\\\/\\\/9staedte.de\\\/da\\\/goslar-verdensarvsomraade-i-harzen\\\/\"},{\"@type\":\"ListItem\",\"position\":3,\"name\":\"Julemarked i Goslar\"}]},{\"@type\":\"WebSite\",\"@id\":\"https:\\\/\\\/9staedte.de\\\/da\\\/#website\",\"url\":\"https:\\\/\\\/9staedte.de\\\/da\\\/\",\"name\":\"9 St\u00e4dte in Niedersachsen\",\"description\":\"\",\"publisher\":{\"@id\":\"https:\\\/\\\/9staedte.de\\\/da\\\/#organization\"},\"potentialAction\":[{\"@type\":\"SearchAction\",\"target\":{\"@type\":\"EntryPoint\",\"urlTemplate\":\"https:\\\/\\\/9staedte.de\\\/da\\\/?s={search_term_string}\"},\"query-input\":{\"@type\":\"PropertyValueSpecification\",\"valueRequired\":true,\"valueName\":\"search_term_string\"}}],\"inLanguage\":\"da-DK\"},{\"@type\":\"Organization\",\"@id\":\"https:\\\/\\\/9staedte.de\\\/da\\\/#organization\",\"name\":\"9 St\u00e4dte in Niedersachsen\",\"url\":\"https:\\\/\\\/9staedte.de\\\/da\\\/\",\"logo\":{\"@type\":\"ImageObject\",\"inLanguage\":\"da-DK\",\"@id\":\"https:\\\/\\\/9staedte.de\\\/da\\\/#\\\/schema\\\/logo\\\/image\\\/\",\"url\":\"https:\\\/\\\/9staedte.de\\\/wp-content\\\/uploads\\\/2025\\\/01\\\/9-neg-deutsch-2-1.png\",\"contentUrl\":\"https:\\\/\\\/9staedte.de\\\/wp-content\\\/uploads\\\/2025\\\/01\\\/9-neg-deutsch-2-1.png\",\"width\":190,\"height\":114,\"caption\":\"9 St\u00e4dte in Niedersachsen\"},\"image\":{\"@id\":\"https:\\\/\\\/9staedte.de\\\/da\\\/#\\\/schema\\\/logo\\\/image\\\/\"}}]}<\/script>\n<!-- \/ Yoast SEO plugin. -->","yoast_head_json":{"title":"Julemarked i Goslar - 9 St\u00e4dte in Niedersachsen","description":"P\u00e5 baggrund af markedspladsen inviterer k\u00e6rligt dekorerede tr\u00e6hytter dig til at feste. Et s\u00e6rligt h\u00f8jdepunkt er juleskoven.","robots":{"index":"index","follow":"follow","max-snippet":"max-snippet:-1","max-image-preview":"max-image-preview:large","max-video-preview":"max-video-preview:-1"},"canonical":"https:\/\/9staedte.de\/da\/goslar-verdensarvsomraade-i-harzen\/julemarked-i-goslar\/","og_locale":"da_DK","og_type":"article","og_title":"Julemarked i Goslar - 9 St\u00e4dte in Niedersachsen","og_description":"P\u00e5 baggrund af markedspladsen inviterer k\u00e6rligt dekorerede tr\u00e6hytter dig til at feste. Et s\u00e6rligt h\u00f8jdepunkt er juleskoven.","og_url":"https:\/\/9staedte.de\/da\/goslar-verdensarvsomraade-i-harzen\/julemarked-i-goslar\/","og_site_name":"9 St\u00e4dte in Niedersachsen","article_modified_time":"2026-03-23T12:09:03+00:00","og_image":[{"width":1020,"height":560,"url":"https:\/\/9staedte.de\/wp-content\/uploads\/2025\/02\/Goslar-Christmas-Market-Blue-hour-c-GOSLAR-marketing-Michael-Abid.jpg","type":"image\/jpeg"}],"twitter_card":"summary_large_image","twitter_misc":{"Estimeret l\u00e6setid":"1 minut"},"schema":{"@context":"https:\/\/schema.org","@graph":[{"@type":"WebPage","@id":"https:\/\/9staedte.de\/da\/goslar-verdensarvsomraade-i-harzen\/julemarked-i-goslar\/","url":"https:\/\/9staedte.de\/da\/goslar-verdensarvsomraade-i-harzen\/julemarked-i-goslar\/","name":"Julemarked i Goslar - 9 St\u00e4dte in Niedersachsen","isPartOf":{"@id":"https:\/\/9staedte.de\/da\/#website"},"primaryImageOfPage":{"@id":"https:\/\/9staedte.de\/da\/goslar-verdensarvsomraade-i-harzen\/julemarked-i-goslar\/#primaryimage"},"image":{"@id":"https:\/\/9staedte.de\/da\/goslar-verdensarvsomraade-i-harzen\/julemarked-i-goslar\/#primaryimage"},"thumbnailUrl":"https:\/\/9staedte.de\/wp-content\/uploads\/2025\/02\/Goslar-Christmas-Market-Blue-hour-c-GOSLAR-marketing-Michael-Abid.jpg","datePublished":"2023-10-25T10:25:55+00:00","dateModified":"2026-03-23T12:09:03+00:00","description":"P\u00e5 baggrund af markedspladsen inviterer k\u00e6rligt dekorerede tr\u00e6hytter dig til at feste. Et s\u00e6rligt h\u00f8jdepunkt er juleskoven.","breadcrumb":{"@id":"https:\/\/9staedte.de\/da\/goslar-verdensarvsomraade-i-harzen\/julemarked-i-goslar\/#breadcrumb"},"inLanguage":"da-DK","potentialAction":[{"@type":"ReadAction","target":["https:\/\/9staedte.de\/da\/goslar-verdensarvsomraade-i-harzen\/julemarked-i-goslar\/"]}]},{"@type":"ImageObject","inLanguage":"da-DK","@id":"https:\/\/9staedte.de\/da\/goslar-verdensarvsomraade-i-harzen\/julemarked-i-goslar\/#primaryimage","url":"https:\/\/9staedte.de\/wp-content\/uploads\/2025\/02\/Goslar-Christmas-Market-Blue-hour-c-GOSLAR-marketing-Michael-Abid.jpg","contentUrl":"https:\/\/9staedte.de\/wp-content\/uploads\/2025\/02\/Goslar-Christmas-Market-Blue-hour-c-GOSLAR-marketing-Michael-Abid.jpg","width":1020,"height":560,"caption":"Goslar Christmas Market Blue hour c) GOSLAR marketing Michael Abid"},{"@type":"BreadcrumbList","@id":"https:\/\/9staedte.de\/da\/goslar-verdensarvsomraade-i-harzen\/julemarked-i-goslar\/#breadcrumb","itemListElement":[{"@type":"ListItem","position":1,"name":"Startseite","item":"https:\/\/9staedte.de\/da\/hjem-9-byer-2-i-niedersachsen\/"},{"@type":"ListItem","position":2,"name":"Goslar &#8211; verdensarvsomr\u00e5de i Harzen","item":"https:\/\/9staedte.de\/da\/goslar-verdensarvsomraade-i-harzen\/"},{"@type":"ListItem","position":3,"name":"Julemarked i Goslar"}]},{"@type":"WebSite","@id":"https:\/\/9staedte.de\/da\/#website","url":"https:\/\/9staedte.de\/da\/","name":"9 St\u00e4dte in Niedersachsen","description":"","publisher":{"@id":"https:\/\/9staedte.de\/da\/#organization"},"potentialAction":[{"@type":"SearchAction","target":{"@type":"EntryPoint","urlTemplate":"https:\/\/9staedte.de\/da\/?s={search_term_string}"},"query-input":{"@type":"PropertyValueSpecification","valueRequired":true,"valueName":"search_term_string"}}],"inLanguage":"da-DK"},{"@type":"Organization","@id":"https:\/\/9staedte.de\/da\/#organization","name":"9 St\u00e4dte in Niedersachsen","url":"https:\/\/9staedte.de\/da\/","logo":{"@type":"ImageObject","inLanguage":"da-DK","@id":"https:\/\/9staedte.de\/da\/#\/schema\/logo\/image\/","url":"https:\/\/9staedte.de\/wp-content\/uploads\/2025\/01\/9-neg-deutsch-2-1.png","contentUrl":"https:\/\/9staedte.de\/wp-content\/uploads\/2025\/01\/9-neg-deutsch-2-1.png","width":190,"height":114,"caption":"9 St\u00e4dte in Niedersachsen"},"image":{"@id":"https:\/\/9staedte.de\/da\/#\/schema\/logo\/image\/"}}]}},"_links":{"self":[{"href":"https:\/\/9staedte.de\/da\/wp-json\/wp\/v2\/pages\/12357","targetHints":{"allow":["GET"]}}],"collection":[{"href":"https:\/\/9staedte.de\/da\/wp-json\/wp\/v2\/pages"}],"about":[{"href":"https:\/\/9staedte.de\/da\/wp-json\/wp\/v2\/types\/page"}],"author":[{"embeddable":true,"href":"https:\/\/9staedte.de\/da\/wp-json\/wp\/v2\/users\/1"}],"replies":[{"embeddable":true,"href":"https:\/\/9staedte.de\/da\/wp-json\/wp\/v2\/comments?post=12357"}],"version-history":[{"count":11,"href":"https:\/\/9staedte.de\/da\/wp-json\/wp\/v2\/pages\/12357\/revisions"}],"predecessor-version":[{"id":27663,"href":"https:\/\/9staedte.de\/da\/wp-json\/wp\/v2\/pages\/12357\/revisions\/27663"}],"up":[{"embeddable":true,"href":"https:\/\/9staedte.de\/da\/wp-json\/wp\/v2\/pages\/12640"}],"wp:featuredmedia":[{"embeddable":true,"href":"https:\/\/9staedte.de\/da\/wp-json\/wp\/v2\/media\/24568"}],"wp:attachment":[{"href":"https:\/\/9staedte.de\/da\/wp-json\/wp\/v2\/media?parent=12357"}],"wp:term":[{"taxonomy":"category","embeddable":true,"href":"https:\/\/9staedte.de\/da\/wp-json\/wp\/v2\/categories?post=12357"},{"taxonomy":"post_tag","embeddable":true,"href":"https:\/\/9staedte.de\/da\/wp-json\/wp\/v2\/tags?post=12357"},{"taxonomy":"ncap_cities_tax","embeddable":true,"href":"https:\/\/9staedte.de\/da\/wp-json\/wp\/v2\/ncap_cities_tax?post=12357"}],"curies":[{"name":"wp","href":"https:\/\/api.w.org\/{rel}","templated":true}]}}