{"id":12341,"date":"2023-10-25T12:26:37","date_gmt":"2023-10-25T10:26:37","guid":{"rendered":"https:\/\/9staedte.de\/konferencer-og-kongresser-i-goettingen\/"},"modified":"2025-05-05T16:23:36","modified_gmt":"2025-05-05T14:23:36","slug":"konferencer-og-kongresser-i-goettingen","status":"publish","type":"page","link":"https:\/\/9staedte.de\/da\/goettingen-en-by-der-skaber-viden\/konferencer-og-kongresser-i-goettingen\/","title":{"rendered":"Konferencer og kongresser i G\u00f6ttingen"},"content":{"rendered":"\n<h2 class=\"wp-block-heading\">Konferencer og kongresser i G\u00f6ttingen &#8211; en god id\u00e9!<\/h2>\n\n\n\n<p>Konference- og kongresregionen G\u00f6ttingen ligger centralt i midten af Tyskland og er let tilg\u00e6ngelig med tog og bil fra alle retninger. Uanset om du kommer fra Hamborg, K\u00f6ln, M\u00fcnchen, Stuttgart, Dresden eller Berlin: G\u00f6ttingen kan n\u00e5s p\u00e5 h\u00f8jst fire timer i bil. P\u00e5 stedet kan du forvente imponerende eventsteder, fremragende konferencehoteller, i alt 1.600 v\u00e6relser med ca. 2.800 sengepladser, en by med korte afstande, et varieret omgivende omr\u00e5de med en bred vifte af muligheder for incitamenter og sociale programmer samt en st\u00e6rk service fra t\u00e6t forbundne partnere. I bil kan du nemt n\u00e5 G\u00f6ttingen via Tysklands vigtigste nord-syd-tangent, A 7, og den nye \u00f8st-vest-forbindelse, A 38. Hver dag giver mere end 100 ICE-forbindelser dig mulighed for at rejse komfortabelt med tog, ogs\u00e5 fra mange lufthavne. M\u00f8der i G\u00f6ttingen &#8211; altid en god id\u00e9!<\/p>\n\n\n\n<figure class=\"wp-block-image size-full\"><img loading=\"lazy\" decoding=\"async\" width=\"580\" height=\"535\" src=\"https:\/\/9staedte.de\/wp-content\/smush-webp\/2023\/02\/Goettingen-Entfernungsgrafik-D.jpg.webp\" alt=\"\" class=\"wp-image-3979\" srcset=\"https:\/\/9staedte.de\/wp-content\/smush-webp\/2023\/02\/Goettingen-Entfernungsgrafik-D.jpg.webp 580w, https:\/\/9staedte.de\/wp-content\/smush-webp\/2023\/02\/Goettingen-Entfernungsgrafik-D-300x277.jpg.webp 300w\" sizes=\"auto, (max-width: 580px) 100vw, 580px\" \/><\/figure>\n\n\n\n\n<div class=\"banner-wrapper\">\n  <div class=\"banner-inner \">\n      <div class=\"img-container\">\n      <div class=\"img-wrapper\">\n        <img decoding=\"async\" src=\"https:\/\/9staedte.de\/wp-content\/smush-webp\/2023\/02\/Lokhalle-Abenveranstaltung-c-Goettingen-Tourismus.jpg.webp\" alt=\"Billedet viser et stort aftenarrangement. Mange mennesker sidder i liggestole p\u00e5 sand. Et stort rundt tag d\u00e6kker omr\u00e5det. Bl\u00e5t lys skinner oppefra. I baggrunden ses en stor bygning med mange vinduer.\" \/>\n                  <div class=\"thumbnail-label\">\n            <span>G\u00f6ttingen Lokhalle &#8211; Abendveranstaltung c) G\u00f6ttingen Marketing GmbH<\/span>\n          <\/div>\n              <\/div>\n    <\/div>\n        <div class=\"text-container\">\n      <div class=\"content\">\n        <h3>Unsere 9 Tipps f\u00fcr Tagungen und Kongresse in G\u00f6ttingen<\/h3>\n<p>1) Tagen im Industriedenkmal Lokhalle  \u2013 mit \u00fcber 8.400 m\u00b2 Ausstellungsfl\u00e4che<br \/>\n2) G\u00f6ttingen ist die Stadt der kurzen Wege \u2013 alles da, alles nah<br \/>\n3) XL Oriental Lounge \u2013 feuriges Rahmenprogramm im Hotel Freizeit In<br \/>\n4) Eine ganz besondere Location \u2013 der historische Saal in der Paulinerkirche<br \/>\n5) Veranstaltungen in gr\u00e4flichem Ambiente \u2013 auf dem Landsitz derer zu Hardenberg<br \/>\n6) Stadt, die Wissen schafft \u2013 Symposien und Kongresse im Umfeld von drei Universit\u00e4ten und 5 Max-Planck-Instituten<br \/>\n7) Ein Gang durch G\u00f6ttingens Unterwelt \u2013 Rahmenprogramme, die Spa\u00df machen<br \/>\n8) Bistro \u2013 dinieren bei einer der besten K\u00f6chinnen Deutschlands<br \/>\n9) Tagungs- und Kongress-Service beim G\u00f6ttingen Tourismus e.V. \u2013 kompetent und bestens vernetzt in der Region<\/p>\n      <\/div>\n    <\/div>\n    <\/div>\n<\/div>\n\n\n\n\n<h2 class=\"wp-block-heading\">Vores tjenester til konferencer og kongresser i G\u00f6ttingen<\/h2>\n\n\n\n<p>&#8211; Starthj\u00e6lp<br>At finde den rigtige dato og det rigtige sted er afg\u00f8rende for en vellykket gennemf\u00f8relse af dit arrangement. Vi vil informere dig om, p\u00e5 hvilke tidspunkter der stadig er tilstr\u00e6kkelig kapacitet, og komme med forslag til, hvilke steder der mest sandsynligt vil komme i betragtning til dine arrangementer.<br>&#8211; Besigtigelser<br>Du f\u00e5r altid det bedste indtryk direkte p\u00e5 stedet. Vi udarbejder gerne et inspektionsprogram for dig og arrangerer m\u00f8der med de vigtigste partnere og kontakter.<br>&#8211; Hotelreservationer<br>I individuel konsultation med dig opretter vi v\u00e6relsesallokeringer p\u00e5 de \u00f8nskede hoteller. Via et eksklusivt bookinglink kan deltagerne i dit arrangement hente alle oplysninger om indkvarteringen og selv booke v\u00e6relserne. Det kompetente team i indkvarteringstjenesten hj\u00e6lper med foresp\u00f8rgsler via fax, e-mail eller telefon.<br>&#8211; Online-tjenester<br>Ud over at oprette v\u00e6relsesallokeringer tilbyder vi ogs\u00e5 online deltagerregistrering, workshopregistrering og afregning af konferencegebyrer som en udvidelse.<br>&#8211; Rammeprogrammer<br>Uanset om det er guidede ture rundt om G\u00e4nseliesel, i historiske kostumer eller ind i G\u00f6ttingens underverden &#8211; l\u00e6r din v\u00e6rtsby at kende p\u00e5 en af de over 30 underholdende og informative ture. Oplev G\u00f6ttingen p\u00e5 en rundtur med London-bussen, eller erobr Eichsfeld, Harzen eller Weserbergland p\u00e5 en dagstur. Hvis du er p\u00e5 udkig efter sportslige udfordringer eller teambuilding-aktiviteter, kan vi s\u00e6tte dig i kontakt med h\u00f8jrebsbaner, udbydere af kanoture, GPS-mountainbike-ture, golfbaner&#8230;<br>&#8211; Velkomstdisk<br>Conference and Congress Service G\u00f6ttingen opstiller en velkomstskranke ved dit arrangement. En af vores medarbejdere uddeler informationsmateriale som bykort og billedbrochurer, hj\u00e6lper med at finde en bolig og giver tips til restauranter og en underholdende aften ude.<\/p>\n","protected":false},"excerpt":{"rendered":"<p>Konferencer og kongresser i G\u00f6ttingen &#8211; en god id\u00e9! Konference- og kongresregionen G\u00f6ttingen ligger centralt i midten af Tyskland og er let tilg\u00e6ngelig med tog og bil fra alle retninger. Uanset om du kommer fra Hamborg, K\u00f6ln, M\u00fcnchen, Stuttgart, Dresden eller Berlin: G\u00f6ttingen kan n\u00e5s p\u00e5 h\u00f8jst fire timer i bil. P\u00e5 stedet kan du [&hellip;]<\/p>\n","protected":false},"author":1,"featured_media":12343,"parent":12680,"menu_order":0,"comment_status":"closed","ping_status":"closed","template":"pagetemplates\/template-stadtthema.php","meta":{"_acf_changed":false,"footnotes":""},"categories":[],"tags":[],"ncap_cities_tax":[434,1141],"class_list":["post-12341","page","type-page","status-publish","has-post-thumbnail","hentry","ncap_cities_tax-goettingen-da","ncap_cities_tax-tagungen-und-kongresse-goettingen-da"],"acf":[],"yoast_head":"<!-- This site is optimized with the Yoast SEO plugin v26.8 - https:\/\/yoast.com\/product\/yoast-seo-wordpress\/ -->\n<title>Konferencer og kongresser i G\u00f6ttingen - 9 St\u00e4dte in Niedersachsen<\/title>\n<meta name=\"robots\" content=\"index, follow, max-snippet:-1, max-image-preview:large, max-video-preview:-1\" \/>\n<link rel=\"canonical\" href=\"https:\/\/9staedte.de\/da\/goettingen-en-by-der-skaber-viden\/konferencer-og-kongresser-i-goettingen\/\" \/>\n<meta property=\"og:locale\" content=\"da_DK\" \/>\n<meta property=\"og:type\" content=\"article\" \/>\n<meta property=\"og:title\" content=\"Konferencer og kongresser i G\u00f6ttingen - 9 St\u00e4dte in Niedersachsen\" \/>\n<meta property=\"og:description\" content=\"Konferencer og kongresser i G\u00f6ttingen &#8211; en god id\u00e9! Konference- og kongresregionen G\u00f6ttingen ligger centralt i midten af Tyskland og er let tilg\u00e6ngelig med tog og bil fra alle retninger. Uanset om du kommer fra Hamborg, K\u00f6ln, M\u00fcnchen, Stuttgart, Dresden eller Berlin: G\u00f6ttingen kan n\u00e5s p\u00e5 h\u00f8jst fire timer i bil. P\u00e5 stedet kan du [&hellip;]\" \/>\n<meta property=\"og:url\" content=\"https:\/\/9staedte.de\/da\/goettingen-en-by-der-skaber-viden\/konferencer-og-kongresser-i-goettingen\/\" \/>\n<meta property=\"og:site_name\" content=\"9 St\u00e4dte in Niedersachsen\" \/>\n<meta property=\"article:modified_time\" content=\"2025-05-05T14:23:36+00:00\" \/>\n<meta property=\"og:image\" content=\"https:\/\/9staedte.de\/wp-content\/uploads\/2023\/02\/Goettingen_Altes-Rathaus-Abendstimmung-c-Lars-Gerhadts.jpg\" \/>\n\t<meta property=\"og:image:width\" content=\"1020\" \/>\n\t<meta property=\"og:image:height\" content=\"560\" \/>\n\t<meta property=\"og:image:type\" content=\"image\/jpeg\" \/>\n<meta name=\"twitter:card\" content=\"summary_large_image\" \/>\n<meta name=\"twitter:label1\" content=\"Estimeret l\u00e6setid\" \/>\n\t<meta name=\"twitter:data1\" content=\"3 minutter\" \/>\n<script type=\"application\/ld+json\" class=\"yoast-schema-graph\">{\"@context\":\"https:\/\/schema.org\",\"@graph\":[{\"@type\":\"WebPage\",\"@id\":\"https:\/\/9staedte.de\/da\/goettingen-en-by-der-skaber-viden\/konferencer-og-kongresser-i-goettingen\/\",\"url\":\"https:\/\/9staedte.de\/da\/goettingen-en-by-der-skaber-viden\/konferencer-og-kongresser-i-goettingen\/\",\"name\":\"Konferencer og kongresser i G\u00f6ttingen - 9 St\u00e4dte in Niedersachsen\",\"isPartOf\":{\"@id\":\"https:\/\/9staedte.de\/da\/#website\"},\"primaryImageOfPage\":{\"@id\":\"https:\/\/9staedte.de\/da\/goettingen-en-by-der-skaber-viden\/konferencer-og-kongresser-i-goettingen\/#primaryimage\"},\"image\":{\"@id\":\"https:\/\/9staedte.de\/da\/goettingen-en-by-der-skaber-viden\/konferencer-og-kongresser-i-goettingen\/#primaryimage\"},\"thumbnailUrl\":\"https:\/\/9staedte.de\/wp-content\/uploads\/2023\/02\/Goettingen_Altes-Rathaus-Abendstimmung-c-Lars-Gerhadts.jpg\",\"datePublished\":\"2023-10-25T10:26:37+00:00\",\"dateModified\":\"2025-05-05T14:23:36+00:00\",\"breadcrumb\":{\"@id\":\"https:\/\/9staedte.de\/da\/goettingen-en-by-der-skaber-viden\/konferencer-og-kongresser-i-goettingen\/#breadcrumb\"},\"inLanguage\":\"da-DK\",\"potentialAction\":[{\"@type\":\"ReadAction\",\"target\":[\"https:\/\/9staedte.de\/da\/goettingen-en-by-der-skaber-viden\/konferencer-og-kongresser-i-goettingen\/\"]}]},{\"@type\":\"ImageObject\",\"inLanguage\":\"da-DK\",\"@id\":\"https:\/\/9staedte.de\/da\/goettingen-en-by-der-skaber-viden\/konferencer-og-kongresser-i-goettingen\/#primaryimage\",\"url\":\"https:\/\/9staedte.de\/wp-content\/uploads\/2023\/02\/Goettingen_Altes-Rathaus-Abendstimmung-c-Lars-Gerhadts.jpg\",\"contentUrl\":\"https:\/\/9staedte.de\/wp-content\/uploads\/2023\/02\/Goettingen_Altes-Rathaus-Abendstimmung-c-Lars-Gerhadts.jpg\",\"width\":1020,\"height\":560,\"caption\":\"G\u00f6ttingen_Altes Rathaus - Abendstimmung c) Lars Gerhadts\"},{\"@type\":\"BreadcrumbList\",\"@id\":\"https:\/\/9staedte.de\/da\/goettingen-en-by-der-skaber-viden\/konferencer-og-kongresser-i-goettingen\/#breadcrumb\",\"itemListElement\":[{\"@type\":\"ListItem\",\"position\":1,\"name\":\"Startseite\",\"item\":\"https:\/\/9staedte.de\/da\/hjem-9-byer-2-i-niedersachsen\/\"},{\"@type\":\"ListItem\",\"position\":2,\"name\":\"G\u00f6ttingen &#8211; en by, der skaber viden\",\"item\":\"https:\/\/9staedte.de\/da\/goettingen-en-by-der-skaber-viden\/\"},{\"@type\":\"ListItem\",\"position\":3,\"name\":\"Konferencer og kongresser i G\u00f6ttingen\"}]},{\"@type\":\"WebSite\",\"@id\":\"https:\/\/9staedte.de\/da\/#website\",\"url\":\"https:\/\/9staedte.de\/da\/\",\"name\":\"9 St\u00e4dte in Niedersachsen\",\"description\":\"\",\"publisher\":{\"@id\":\"https:\/\/9staedte.de\/da\/#organization\"},\"potentialAction\":[{\"@type\":\"SearchAction\",\"target\":{\"@type\":\"EntryPoint\",\"urlTemplate\":\"https:\/\/9staedte.de\/da\/?s={search_term_string}\"},\"query-input\":{\"@type\":\"PropertyValueSpecification\",\"valueRequired\":true,\"valueName\":\"search_term_string\"}}],\"inLanguage\":\"da-DK\"},{\"@type\":\"Organization\",\"@id\":\"https:\/\/9staedte.de\/da\/#organization\",\"name\":\"9 St\u00e4dte in Niedersachsen\",\"url\":\"https:\/\/9staedte.de\/da\/\",\"logo\":{\"@type\":\"ImageObject\",\"inLanguage\":\"da-DK\",\"@id\":\"https:\/\/9staedte.de\/da\/#\/schema\/logo\/image\/\",\"url\":\"https:\/\/9staedte.de\/wp-content\/uploads\/2025\/01\/9-neg-deutsch-2-1.png\",\"contentUrl\":\"https:\/\/9staedte.de\/wp-content\/uploads\/2025\/01\/9-neg-deutsch-2-1.png\",\"width\":190,\"height\":114,\"caption\":\"9 St\u00e4dte in Niedersachsen\"},\"image\":{\"@id\":\"https:\/\/9staedte.de\/da\/#\/schema\/logo\/image\/\"}}]}<\/script>\n<!-- \/ Yoast SEO plugin. -->","yoast_head_json":{"title":"Konferencer og kongresser i G\u00f6ttingen - 9 St\u00e4dte in Niedersachsen","robots":{"index":"index","follow":"follow","max-snippet":"max-snippet:-1","max-image-preview":"max-image-preview:large","max-video-preview":"max-video-preview:-1"},"canonical":"https:\/\/9staedte.de\/da\/goettingen-en-by-der-skaber-viden\/konferencer-og-kongresser-i-goettingen\/","og_locale":"da_DK","og_type":"article","og_title":"Konferencer og kongresser i G\u00f6ttingen - 9 St\u00e4dte in Niedersachsen","og_description":"Konferencer og kongresser i G\u00f6ttingen &#8211; en god id\u00e9! Konference- og kongresregionen G\u00f6ttingen ligger centralt i midten af Tyskland og er let tilg\u00e6ngelig med tog og bil fra alle retninger. Uanset om du kommer fra Hamborg, K\u00f6ln, M\u00fcnchen, Stuttgart, Dresden eller Berlin: G\u00f6ttingen kan n\u00e5s p\u00e5 h\u00f8jst fire timer i bil. P\u00e5 stedet kan du [&hellip;]","og_url":"https:\/\/9staedte.de\/da\/goettingen-en-by-der-skaber-viden\/konferencer-og-kongresser-i-goettingen\/","og_site_name":"9 St\u00e4dte in Niedersachsen","article_modified_time":"2025-05-05T14:23:36+00:00","og_image":[{"width":1020,"height":560,"url":"https:\/\/9staedte.de\/wp-content\/uploads\/2023\/02\/Goettingen_Altes-Rathaus-Abendstimmung-c-Lars-Gerhadts.jpg","type":"image\/jpeg"}],"twitter_card":"summary_large_image","twitter_misc":{"Estimeret l\u00e6setid":"3 minutter"},"schema":{"@context":"https:\/\/schema.org","@graph":[{"@type":"WebPage","@id":"https:\/\/9staedte.de\/da\/goettingen-en-by-der-skaber-viden\/konferencer-og-kongresser-i-goettingen\/","url":"https:\/\/9staedte.de\/da\/goettingen-en-by-der-skaber-viden\/konferencer-og-kongresser-i-goettingen\/","name":"Konferencer og kongresser i G\u00f6ttingen - 9 St\u00e4dte in Niedersachsen","isPartOf":{"@id":"https:\/\/9staedte.de\/da\/#website"},"primaryImageOfPage":{"@id":"https:\/\/9staedte.de\/da\/goettingen-en-by-der-skaber-viden\/konferencer-og-kongresser-i-goettingen\/#primaryimage"},"image":{"@id":"https:\/\/9staedte.de\/da\/goettingen-en-by-der-skaber-viden\/konferencer-og-kongresser-i-goettingen\/#primaryimage"},"thumbnailUrl":"https:\/\/9staedte.de\/wp-content\/uploads\/2023\/02\/Goettingen_Altes-Rathaus-Abendstimmung-c-Lars-Gerhadts.jpg","datePublished":"2023-10-25T10:26:37+00:00","dateModified":"2025-05-05T14:23:36+00:00","breadcrumb":{"@id":"https:\/\/9staedte.de\/da\/goettingen-en-by-der-skaber-viden\/konferencer-og-kongresser-i-goettingen\/#breadcrumb"},"inLanguage":"da-DK","potentialAction":[{"@type":"ReadAction","target":["https:\/\/9staedte.de\/da\/goettingen-en-by-der-skaber-viden\/konferencer-og-kongresser-i-goettingen\/"]}]},{"@type":"ImageObject","inLanguage":"da-DK","@id":"https:\/\/9staedte.de\/da\/goettingen-en-by-der-skaber-viden\/konferencer-og-kongresser-i-goettingen\/#primaryimage","url":"https:\/\/9staedte.de\/wp-content\/uploads\/2023\/02\/Goettingen_Altes-Rathaus-Abendstimmung-c-Lars-Gerhadts.jpg","contentUrl":"https:\/\/9staedte.de\/wp-content\/uploads\/2023\/02\/Goettingen_Altes-Rathaus-Abendstimmung-c-Lars-Gerhadts.jpg","width":1020,"height":560,"caption":"G\u00f6ttingen_Altes Rathaus - Abendstimmung c) Lars Gerhadts"},{"@type":"BreadcrumbList","@id":"https:\/\/9staedte.de\/da\/goettingen-en-by-der-skaber-viden\/konferencer-og-kongresser-i-goettingen\/#breadcrumb","itemListElement":[{"@type":"ListItem","position":1,"name":"Startseite","item":"https:\/\/9staedte.de\/da\/hjem-9-byer-2-i-niedersachsen\/"},{"@type":"ListItem","position":2,"name":"G\u00f6ttingen &#8211; en by, der skaber viden","item":"https:\/\/9staedte.de\/da\/goettingen-en-by-der-skaber-viden\/"},{"@type":"ListItem","position":3,"name":"Konferencer og kongresser i G\u00f6ttingen"}]},{"@type":"WebSite","@id":"https:\/\/9staedte.de\/da\/#website","url":"https:\/\/9staedte.de\/da\/","name":"9 St\u00e4dte in Niedersachsen","description":"","publisher":{"@id":"https:\/\/9staedte.de\/da\/#organization"},"potentialAction":[{"@type":"SearchAction","target":{"@type":"EntryPoint","urlTemplate":"https:\/\/9staedte.de\/da\/?s={search_term_string}"},"query-input":{"@type":"PropertyValueSpecification","valueRequired":true,"valueName":"search_term_string"}}],"inLanguage":"da-DK"},{"@type":"Organization","@id":"https:\/\/9staedte.de\/da\/#organization","name":"9 St\u00e4dte in Niedersachsen","url":"https:\/\/9staedte.de\/da\/","logo":{"@type":"ImageObject","inLanguage":"da-DK","@id":"https:\/\/9staedte.de\/da\/#\/schema\/logo\/image\/","url":"https:\/\/9staedte.de\/wp-content\/uploads\/2025\/01\/9-neg-deutsch-2-1.png","contentUrl":"https:\/\/9staedte.de\/wp-content\/uploads\/2025\/01\/9-neg-deutsch-2-1.png","width":190,"height":114,"caption":"9 St\u00e4dte in Niedersachsen"},"image":{"@id":"https:\/\/9staedte.de\/da\/#\/schema\/logo\/image\/"}}]}},"_links":{"self":[{"href":"https:\/\/9staedte.de\/da\/wp-json\/wp\/v2\/pages\/12341","targetHints":{"allow":["GET"]}}],"collection":[{"href":"https:\/\/9staedte.de\/da\/wp-json\/wp\/v2\/pages"}],"about":[{"href":"https:\/\/9staedte.de\/da\/wp-json\/wp\/v2\/types\/page"}],"author":[{"embeddable":true,"href":"https:\/\/9staedte.de\/da\/wp-json\/wp\/v2\/users\/1"}],"replies":[{"embeddable":true,"href":"https:\/\/9staedte.de\/da\/wp-json\/wp\/v2\/comments?post=12341"}],"version-history":[{"count":4,"href":"https:\/\/9staedte.de\/da\/wp-json\/wp\/v2\/pages\/12341\/revisions"}],"predecessor-version":[{"id":25358,"href":"https:\/\/9staedte.de\/da\/wp-json\/wp\/v2\/pages\/12341\/revisions\/25358"}],"up":[{"embeddable":true,"href":"https:\/\/9staedte.de\/da\/wp-json\/wp\/v2\/pages\/12680"}],"wp:featuredmedia":[{"embeddable":true,"href":"https:\/\/9staedte.de\/da\/wp-json\/wp\/v2\/media\/12343"}],"wp:attachment":[{"href":"https:\/\/9staedte.de\/da\/wp-json\/wp\/v2\/media?parent=12341"}],"wp:term":[{"taxonomy":"category","embeddable":true,"href":"https:\/\/9staedte.de\/da\/wp-json\/wp\/v2\/categories?post=12341"},{"taxonomy":"post_tag","embeddable":true,"href":"https:\/\/9staedte.de\/da\/wp-json\/wp\/v2\/tags?post=12341"},{"taxonomy":"ncap_cities_tax","embeddable":true,"href":"https:\/\/9staedte.de\/da\/wp-json\/wp\/v2\/ncap_cities_tax?post=12341"}],"curies":[{"name":"wp","href":"https:\/\/api.w.org\/{rel}","templated":true}]}}