{"id":12335,"date":"2023-10-25T12:25:51","date_gmt":"2023-10-25T10:25:51","guid":{"rendered":"https:\/\/9staedte.de\/dagsprogrammer-i-goslar\/"},"modified":"2023-10-25T15:35:51","modified_gmt":"2023-10-25T13:35:51","slug":"dagsprogrammer-i-goslar","status":"publish","type":"page","link":"https:\/\/9staedte.de\/da\/goslar-verdensarvsomraade-i-harzen\/dagsprogrammer-i-goslar\/","title":{"rendered":"Dagsprogrammer i Goslar"},"content":{"rendered":"\r\n\r\n    <div class=\"filter-posts\">\r\n            <div  id=\"filterContent\">\r\n                                                        \n<div class=\"contentKachel filtr-item\" data-category=\"goslar-da\">\n    <a href=\"https:\/\/9staedte.de\/da\/nydelsestur-traditionel-og-gammel-bryggekunst\/\">\n        <div class=\"contentKachel-inner\">\n                            <div class=\"contentKachel-thumbnail\">\n                    <img loading=\"lazy\" decoding=\"async\" width=\"300\" height=\"167\" src=\"https:\/\/9staedte.de\/wp-content\/smush-webp\/2022\/07\/Quelle-GOSLAR-marketing-gmbh-Fotograf-Stefan-Schiefer-300x167.jpg.webp\" class=\"objectfitcover withfilters wp-post-image\" alt=\"Billedet viser to \u00f8lglas. To personer sk\u00e5ler med \u00f8l. P\u00e5 glassene st\u00e5r der: Gose. Det er en s\u00e6rlig \u00f8l fra Goslar. I baggrunden ser man et bryganl\u00e6g. \u00d8llet har meget skum. Stemningen er venlig.\" srcset=\"https:\/\/9staedte.de\/wp-content\/smush-webp\/2022\/07\/Quelle-GOSLAR-marketing-gmbh-Fotograf-Stefan-Schiefer-300x167.jpg.webp 300w, https:\/\/9staedte.de\/wp-content\/smush-webp\/2022\/07\/Quelle-GOSLAR-marketing-gmbh-Fotograf-Stefan-Schiefer-768x428.jpg.webp 768w, https:\/\/9staedte.de\/wp-content\/smush-webp\/2022\/07\/Quelle-GOSLAR-marketing-gmbh-Fotograf-Stefan-Schiefer.jpg.webp 1020w\" sizes=\"auto, (max-width: 300px) 100vw, 300px\" \/>                    <img loading=\"lazy\" decoding=\"async\" width=\"300\" height=\"167\" src=\"https:\/\/9staedte.de\/wp-content\/smush-webp\/2022\/07\/Quelle-GOSLAR-marketing-gmbh-Fotograf-Stefan-Schiefer-300x167.jpg.webp\" class=\"objectfitcontain wp-post-image\" alt=\"Billedet viser to \u00f8lglas. To personer sk\u00e5ler med \u00f8l. P\u00e5 glassene st\u00e5r der: Gose. Det er en s\u00e6rlig \u00f8l fra Goslar. I baggrunden ser man et bryganl\u00e6g. \u00d8llet har meget skum. Stemningen er venlig.\" srcset=\"https:\/\/9staedte.de\/wp-content\/smush-webp\/2022\/07\/Quelle-GOSLAR-marketing-gmbh-Fotograf-Stefan-Schiefer-300x167.jpg.webp 300w, https:\/\/9staedte.de\/wp-content\/smush-webp\/2022\/07\/Quelle-GOSLAR-marketing-gmbh-Fotograf-Stefan-Schiefer-768x428.jpg.webp 768w, https:\/\/9staedte.de\/wp-content\/smush-webp\/2022\/07\/Quelle-GOSLAR-marketing-gmbh-Fotograf-Stefan-Schiefer.jpg.webp 1020w\" sizes=\"auto, (max-width: 300px) 100vw, 300px\" \/>                        <div class=\"thumbnail-label\">\n    <span>Braukunst in Goslar Quelle GOSLAR marketing gmbh Fotograf Stefan Schiefer<\/span>\n    <\/div>\n                <\/div>\n                        <div class=\"contentKachel-content\">\n                                    <div class=\"city-tag bg-goslar\">\n                        Goslar                    <\/div>\n                \n                <div class=\"title\">\n\n                    Nydelsestur: &#8220;Traditionel og gammel bryggekunst&#8221;                    \n                <\/div>\n\n                            <\/div>\n\n        <\/div>\n    <\/a>\n<\/div>                                            <\/div>\r\n    <\/div>\r\n","protected":false},"excerpt":{"rendered":"","protected":false},"author":1,"featured_media":11957,"parent":12640,"menu_order":0,"comment_status":"closed","ping_status":"closed","template":"pagetemplates\/template-stadtthema.php","meta":{"_acf_changed":false,"footnotes":""},"categories":[],"tags":[],"ncap_cities_tax":[441,973],"class_list":["post-12335","page","type-page","status-publish","has-post-thumbnail","hentry","ncap_cities_tax-goslar-da","ncap_cities_tax-tagesprogramme-goslar-da"],"acf":[],"yoast_head":"<!-- This site is optimized with the Yoast SEO plugin v27.4 - https:\/\/yoast.com\/product\/yoast-seo-wordpress\/ -->\n<title>Dagsprogrammer i Goslar - 9 St\u00e4dte in Niedersachsen<\/title>\n<meta name=\"robots\" content=\"index, follow, max-snippet:-1, max-image-preview:large, max-video-preview:-1\" \/>\n<link rel=\"canonical\" href=\"https:\/\/9staedte.de\/da\/goslar-verdensarvsomraade-i-harzen\/dagsprogrammer-i-goslar\/\" \/>\n<meta property=\"og:locale\" content=\"da_DK\" \/>\n<meta property=\"og:type\" content=\"article\" \/>\n<meta property=\"og:title\" content=\"Dagsprogrammer i Goslar - 9 St\u00e4dte in Niedersachsen\" \/>\n<meta property=\"og:url\" content=\"https:\/\/9staedte.de\/da\/goslar-verdensarvsomraade-i-harzen\/dagsprogrammer-i-goslar\/\" \/>\n<meta property=\"og:site_name\" content=\"9 St\u00e4dte in Niedersachsen\" \/>\n<meta property=\"article:modified_time\" content=\"2023-10-25T13:35:51+00:00\" \/>\n<meta property=\"og:image\" content=\"https:\/\/9staedte.de\/wp-content\/uploads\/2022\/06\/Kaiserringhaus-Adler-Fotograf-Stefan-Schiefer-Quelle-GOSLAR-marketing-gmbh.jpg\" \/>\n\t<meta property=\"og:image:width\" content=\"1020\" \/>\n\t<meta property=\"og:image:height\" content=\"558\" \/>\n\t<meta property=\"og:image:type\" content=\"image\/jpeg\" \/>\n<meta name=\"twitter:card\" content=\"summary_large_image\" \/>\n<script type=\"application\/ld+json\" class=\"yoast-schema-graph\">{\"@context\":\"https:\\\/\\\/schema.org\",\"@graph\":[{\"@type\":\"WebPage\",\"@id\":\"https:\\\/\\\/9staedte.de\\\/da\\\/goslar-verdensarvsomraade-i-harzen\\\/dagsprogrammer-i-goslar\\\/\",\"url\":\"https:\\\/\\\/9staedte.de\\\/da\\\/goslar-verdensarvsomraade-i-harzen\\\/dagsprogrammer-i-goslar\\\/\",\"name\":\"Dagsprogrammer i Goslar - 9 St\u00e4dte in Niedersachsen\",\"isPartOf\":{\"@id\":\"https:\\\/\\\/9staedte.de\\\/da\\\/#website\"},\"primaryImageOfPage\":{\"@id\":\"https:\\\/\\\/9staedte.de\\\/da\\\/goslar-verdensarvsomraade-i-harzen\\\/dagsprogrammer-i-goslar\\\/#primaryimage\"},\"image\":{\"@id\":\"https:\\\/\\\/9staedte.de\\\/da\\\/goslar-verdensarvsomraade-i-harzen\\\/dagsprogrammer-i-goslar\\\/#primaryimage\"},\"thumbnailUrl\":\"https:\\\/\\\/9staedte.de\\\/wp-content\\\/uploads\\\/2022\\\/06\\\/Kaiserringhaus-Adler-Fotograf-Stefan-Schiefer-Quelle-GOSLAR-marketing-gmbh.jpg\",\"datePublished\":\"2023-10-25T10:25:51+00:00\",\"dateModified\":\"2023-10-25T13:35:51+00:00\",\"breadcrumb\":{\"@id\":\"https:\\\/\\\/9staedte.de\\\/da\\\/goslar-verdensarvsomraade-i-harzen\\\/dagsprogrammer-i-goslar\\\/#breadcrumb\"},\"inLanguage\":\"da-DK\",\"potentialAction\":[{\"@type\":\"ReadAction\",\"target\":[\"https:\\\/\\\/9staedte.de\\\/da\\\/goslar-verdensarvsomraade-i-harzen\\\/dagsprogrammer-i-goslar\\\/\"]}]},{\"@type\":\"ImageObject\",\"inLanguage\":\"da-DK\",\"@id\":\"https:\\\/\\\/9staedte.de\\\/da\\\/goslar-verdensarvsomraade-i-harzen\\\/dagsprogrammer-i-goslar\\\/#primaryimage\",\"url\":\"https:\\\/\\\/9staedte.de\\\/wp-content\\\/uploads\\\/2022\\\/06\\\/Kaiserringhaus-Adler-Fotograf-Stefan-Schiefer-Quelle-GOSLAR-marketing-gmbh.jpg\",\"contentUrl\":\"https:\\\/\\\/9staedte.de\\\/wp-content\\\/uploads\\\/2022\\\/06\\\/Kaiserringhaus-Adler-Fotograf-Stefan-Schiefer-Quelle-GOSLAR-marketing-gmbh.jpg\",\"width\":1020,\"height\":558,\"caption\":\"Kaiserringhaus & Adler Fotograf Stefan Schiefer Quelle GOSLAR marketing gmbh\"},{\"@type\":\"BreadcrumbList\",\"@id\":\"https:\\\/\\\/9staedte.de\\\/da\\\/goslar-verdensarvsomraade-i-harzen\\\/dagsprogrammer-i-goslar\\\/#breadcrumb\",\"itemListElement\":[{\"@type\":\"ListItem\",\"position\":1,\"name\":\"Startseite\",\"item\":\"https:\\\/\\\/9staedte.de\\\/da\\\/hjem-9-byer-2-i-niedersachsen\\\/\"},{\"@type\":\"ListItem\",\"position\":2,\"name\":\"Goslar &#8211; verdensarvsomr\u00e5de i Harzen\",\"item\":\"https:\\\/\\\/9staedte.de\\\/da\\\/goslar-verdensarvsomraade-i-harzen\\\/\"},{\"@type\":\"ListItem\",\"position\":3,\"name\":\"Dagsprogrammer i Goslar\"}]},{\"@type\":\"WebSite\",\"@id\":\"https:\\\/\\\/9staedte.de\\\/da\\\/#website\",\"url\":\"https:\\\/\\\/9staedte.de\\\/da\\\/\",\"name\":\"9 St\u00e4dte in Niedersachsen\",\"description\":\"\",\"publisher\":{\"@id\":\"https:\\\/\\\/9staedte.de\\\/da\\\/#organization\"},\"potentialAction\":[{\"@type\":\"SearchAction\",\"target\":{\"@type\":\"EntryPoint\",\"urlTemplate\":\"https:\\\/\\\/9staedte.de\\\/da\\\/?s={search_term_string}\"},\"query-input\":{\"@type\":\"PropertyValueSpecification\",\"valueRequired\":true,\"valueName\":\"search_term_string\"}}],\"inLanguage\":\"da-DK\"},{\"@type\":\"Organization\",\"@id\":\"https:\\\/\\\/9staedte.de\\\/da\\\/#organization\",\"name\":\"9 St\u00e4dte in Niedersachsen\",\"url\":\"https:\\\/\\\/9staedte.de\\\/da\\\/\",\"logo\":{\"@type\":\"ImageObject\",\"inLanguage\":\"da-DK\",\"@id\":\"https:\\\/\\\/9staedte.de\\\/da\\\/#\\\/schema\\\/logo\\\/image\\\/\",\"url\":\"https:\\\/\\\/9staedte.de\\\/wp-content\\\/uploads\\\/2025\\\/01\\\/9-neg-deutsch-2-1.png\",\"contentUrl\":\"https:\\\/\\\/9staedte.de\\\/wp-content\\\/uploads\\\/2025\\\/01\\\/9-neg-deutsch-2-1.png\",\"width\":190,\"height\":114,\"caption\":\"9 St\u00e4dte in Niedersachsen\"},\"image\":{\"@id\":\"https:\\\/\\\/9staedte.de\\\/da\\\/#\\\/schema\\\/logo\\\/image\\\/\"}}]}<\/script>\n<!-- \/ Yoast SEO plugin. -->","yoast_head_json":{"title":"Dagsprogrammer i Goslar - 9 St\u00e4dte in Niedersachsen","robots":{"index":"index","follow":"follow","max-snippet":"max-snippet:-1","max-image-preview":"max-image-preview:large","max-video-preview":"max-video-preview:-1"},"canonical":"https:\/\/9staedte.de\/da\/goslar-verdensarvsomraade-i-harzen\/dagsprogrammer-i-goslar\/","og_locale":"da_DK","og_type":"article","og_title":"Dagsprogrammer i Goslar - 9 St\u00e4dte in Niedersachsen","og_url":"https:\/\/9staedte.de\/da\/goslar-verdensarvsomraade-i-harzen\/dagsprogrammer-i-goslar\/","og_site_name":"9 St\u00e4dte in Niedersachsen","article_modified_time":"2023-10-25T13:35:51+00:00","og_image":[{"width":1020,"height":558,"url":"https:\/\/9staedte.de\/wp-content\/uploads\/2022\/06\/Kaiserringhaus-Adler-Fotograf-Stefan-Schiefer-Quelle-GOSLAR-marketing-gmbh.jpg","type":"image\/jpeg"}],"twitter_card":"summary_large_image","schema":{"@context":"https:\/\/schema.org","@graph":[{"@type":"WebPage","@id":"https:\/\/9staedte.de\/da\/goslar-verdensarvsomraade-i-harzen\/dagsprogrammer-i-goslar\/","url":"https:\/\/9staedte.de\/da\/goslar-verdensarvsomraade-i-harzen\/dagsprogrammer-i-goslar\/","name":"Dagsprogrammer i Goslar - 9 St\u00e4dte in Niedersachsen","isPartOf":{"@id":"https:\/\/9staedte.de\/da\/#website"},"primaryImageOfPage":{"@id":"https:\/\/9staedte.de\/da\/goslar-verdensarvsomraade-i-harzen\/dagsprogrammer-i-goslar\/#primaryimage"},"image":{"@id":"https:\/\/9staedte.de\/da\/goslar-verdensarvsomraade-i-harzen\/dagsprogrammer-i-goslar\/#primaryimage"},"thumbnailUrl":"https:\/\/9staedte.de\/wp-content\/uploads\/2022\/06\/Kaiserringhaus-Adler-Fotograf-Stefan-Schiefer-Quelle-GOSLAR-marketing-gmbh.jpg","datePublished":"2023-10-25T10:25:51+00:00","dateModified":"2023-10-25T13:35:51+00:00","breadcrumb":{"@id":"https:\/\/9staedte.de\/da\/goslar-verdensarvsomraade-i-harzen\/dagsprogrammer-i-goslar\/#breadcrumb"},"inLanguage":"da-DK","potentialAction":[{"@type":"ReadAction","target":["https:\/\/9staedte.de\/da\/goslar-verdensarvsomraade-i-harzen\/dagsprogrammer-i-goslar\/"]}]},{"@type":"ImageObject","inLanguage":"da-DK","@id":"https:\/\/9staedte.de\/da\/goslar-verdensarvsomraade-i-harzen\/dagsprogrammer-i-goslar\/#primaryimage","url":"https:\/\/9staedte.de\/wp-content\/uploads\/2022\/06\/Kaiserringhaus-Adler-Fotograf-Stefan-Schiefer-Quelle-GOSLAR-marketing-gmbh.jpg","contentUrl":"https:\/\/9staedte.de\/wp-content\/uploads\/2022\/06\/Kaiserringhaus-Adler-Fotograf-Stefan-Schiefer-Quelle-GOSLAR-marketing-gmbh.jpg","width":1020,"height":558,"caption":"Kaiserringhaus & Adler Fotograf Stefan Schiefer Quelle GOSLAR marketing gmbh"},{"@type":"BreadcrumbList","@id":"https:\/\/9staedte.de\/da\/goslar-verdensarvsomraade-i-harzen\/dagsprogrammer-i-goslar\/#breadcrumb","itemListElement":[{"@type":"ListItem","position":1,"name":"Startseite","item":"https:\/\/9staedte.de\/da\/hjem-9-byer-2-i-niedersachsen\/"},{"@type":"ListItem","position":2,"name":"Goslar &#8211; verdensarvsomr\u00e5de i Harzen","item":"https:\/\/9staedte.de\/da\/goslar-verdensarvsomraade-i-harzen\/"},{"@type":"ListItem","position":3,"name":"Dagsprogrammer i Goslar"}]},{"@type":"WebSite","@id":"https:\/\/9staedte.de\/da\/#website","url":"https:\/\/9staedte.de\/da\/","name":"9 St\u00e4dte in Niedersachsen","description":"","publisher":{"@id":"https:\/\/9staedte.de\/da\/#organization"},"potentialAction":[{"@type":"SearchAction","target":{"@type":"EntryPoint","urlTemplate":"https:\/\/9staedte.de\/da\/?s={search_term_string}"},"query-input":{"@type":"PropertyValueSpecification","valueRequired":true,"valueName":"search_term_string"}}],"inLanguage":"da-DK"},{"@type":"Organization","@id":"https:\/\/9staedte.de\/da\/#organization","name":"9 St\u00e4dte in Niedersachsen","url":"https:\/\/9staedte.de\/da\/","logo":{"@type":"ImageObject","inLanguage":"da-DK","@id":"https:\/\/9staedte.de\/da\/#\/schema\/logo\/image\/","url":"https:\/\/9staedte.de\/wp-content\/uploads\/2025\/01\/9-neg-deutsch-2-1.png","contentUrl":"https:\/\/9staedte.de\/wp-content\/uploads\/2025\/01\/9-neg-deutsch-2-1.png","width":190,"height":114,"caption":"9 St\u00e4dte in Niedersachsen"},"image":{"@id":"https:\/\/9staedte.de\/da\/#\/schema\/logo\/image\/"}}]}},"_links":{"self":[{"href":"https:\/\/9staedte.de\/da\/wp-json\/wp\/v2\/pages\/12335","targetHints":{"allow":["GET"]}}],"collection":[{"href":"https:\/\/9staedte.de\/da\/wp-json\/wp\/v2\/pages"}],"about":[{"href":"https:\/\/9staedte.de\/da\/wp-json\/wp\/v2\/types\/page"}],"author":[{"embeddable":true,"href":"https:\/\/9staedte.de\/da\/wp-json\/wp\/v2\/users\/1"}],"replies":[{"embeddable":true,"href":"https:\/\/9staedte.de\/da\/wp-json\/wp\/v2\/comments?post=12335"}],"version-history":[{"count":1,"href":"https:\/\/9staedte.de\/da\/wp-json\/wp\/v2\/pages\/12335\/revisions"}],"predecessor-version":[{"id":12336,"href":"https:\/\/9staedte.de\/da\/wp-json\/wp\/v2\/pages\/12335\/revisions\/12336"}],"up":[{"embeddable":true,"href":"https:\/\/9staedte.de\/da\/wp-json\/wp\/v2\/pages\/12640"}],"wp:featuredmedia":[{"embeddable":true,"href":"https:\/\/9staedte.de\/da\/wp-json\/wp\/v2\/media\/11957"}],"wp:attachment":[{"href":"https:\/\/9staedte.de\/da\/wp-json\/wp\/v2\/media?parent=12335"}],"wp:term":[{"taxonomy":"category","embeddable":true,"href":"https:\/\/9staedte.de\/da\/wp-json\/wp\/v2\/categories?post=12335"},{"taxonomy":"post_tag","embeddable":true,"href":"https:\/\/9staedte.de\/da\/wp-json\/wp\/v2\/tags?post=12335"},{"taxonomy":"ncap_cities_tax","embeddable":true,"href":"https:\/\/9staedte.de\/da\/wp-json\/wp\/v2\/ncap_cities_tax?post=12335"}],"curies":[{"name":"wp","href":"https:\/\/api.w.org\/{rel}","templated":true}]}}