{"id":12324,"date":"2023-10-25T12:27:17","date_gmt":"2023-10-25T10:27:17","guid":{"rendered":"https:\/\/9staedte.de\/julemarkeder-i-hannover\/"},"modified":"2026-03-23T17:12:25","modified_gmt":"2026-03-23T16:12:25","slug":"julemarkeder-i-hannover","status":"publish","type":"page","link":"https:\/\/9staedte.de\/da\/hannover-hovedstad-i-niedersachsen\/julemarkeder-i-hannover\/","title":{"rendered":"Julemarkeder i Hannover"},"content":{"rendered":"\n<h2 class=\"wp-block-heading\">Julemarked i den gamle bydel<\/h2>\n\n<p>Lad dig fortrylle af de romantiske omgivelser p\u00e5 julemarkedet i den gamle bydel.<br\/>Juletr\u00e6spynt, kunsth\u00e5ndv\u00e6rk og julespecialiteter tilbydes i mere end 190 boder foran de smukt oplyste historiske bygninger.  I den historiske juleby giver h\u00e5ndv\u00e6rkere et indblik i deres f\u00e6rdigheder. Jongl\u00f8rer og kunstnere byder p\u00e5 sp\u00e6ndende shows. En finsk julelandsby frister med flamberet laks og gl\u00f6gi p\u00e5 Ballhofplatz. Midt i &#8220;\u00f8nskebr\u00f8ndsskoven&#8221; finder du en gylden ring ved Oskar Winter-font\u00e6nen.   \u00d8nsker g\u00e5r i opfyldelse, n\u00e5r denne ring drejes&#8230;.<\/p>\n\n<h2 class=\"wp-block-heading\">Roncalli Christmas Village ved hovedbaneg\u00e5rden<\/h2>\n\n<p>P\u00e5 baggrund af Hannovers hovedbaneg\u00e5rd inviterer Roncalli Christmas Village dig til at nyde en festlig oplevelse indtil 30. december. Inspireret af Niedersachsens bindingsv\u00e6rksarkitektur skaber k\u00e6rligt dekorerede hytter en eventyrlig atmosf\u00e6re. H\u00f8jdepunkterne omfatter det historiske pariserhjul og lysprojektioner tre gange om dagen, som oplyser stationen i et festligt sk\u00e6r.    <\/p>\n\n<h2 class=\"wp-block-heading\">Julehaven i Hanover Adventure Zoo  <\/h2>\n\n<p>Christmas Garden Hanover bringer en magisk atmosf\u00e6re til eventyrzooen med str\u00e5lende lysinstallationer. En nyoplyst, cirka to kilometer lang rundstr\u00e6kning lover magiske timer i den julepyntede eventyrzoo. <br\/><a href=\"https:\/\/www.hannover.de\/Veranstaltungskalender\/Weihnachten\/Weihnachtsmarkt-Hannover\">Yderligere oplysninger<\/a><\/p>\n\n<h2 class=\"wp-block-heading\"><\/h2>\n\n\n<div class=\"banner-wrapper\">\n  <div class=\"banner-inner \">\n      <div class=\"img-container\">\n      <div class=\"img-wrapper\">\n        <img decoding=\"async\" src=\"https:\/\/9staedte.de\/wp-content\/smush-webp\/2025\/02\/Hannover-Christmas-Market-Old-Town-c-HMTG-Christian-Wyrwa.jpg.webp\" alt=\"Mange mennesker bes\u00f8ger den historiske juleby i Hannover ved floden Leine. Det er aften, lysene skinner, og et stort tr\u00e6 er oplyst i lilla.\" \/>\n                  <div class=\"thumbnail-label\">\n            <span>Hannover Christmas Market Old Town medieval village c) HMTG Christian Wyrwa<\/span>\n          <\/div>\n              <\/div>\n    <\/div>\n        <div class=\"text-container\">\n      <div class=\"content\">\n        <h2>9 tips til at bes\u00f8ge julemarkedet i Hannover<\/h2>\n<p>Nyd f\u00f8rjulstiden i julebyen Hannover.<\/p>\n<ul>\n<li>Julemarked p\u00e5 Lister Meile<\/li>\n<li>Vintervariationer i Orangeriet i Herrenhausens Have<\/li>\n<li>B\u00f8rnemusical p\u00e5 GOP Variet\u00e9<\/li>\n<li>Enlightening Hanover&#8221; byrundtur<\/li>\n<li>Juleshopping i en af de st\u00f8rste g\u00e5gader i Tyskland<\/li>\n<li>Juleby p\u00e5 Lindener Berg i alle adventsweekender<\/li>\n<li>Programmet for de mere end 50 scener i Hannover: <a href=\"http:\/\/www.hannover.de\/buehnen\" target=\"_blank\" rel=\"noopener noreferrer\">www.hannover.de\/buehnen<\/a><\/li>\n<li>Hannovers museumslandskab<\/li>\n<li>Julecirkus p\u00e5 Sch\u00fctzenplatz<\/li>\n<\/ul>\n      <\/div>\n    <\/div>\n    <\/div>\n<\/div>\n\n\n<div class=\"wp-block-columns is-layout-flex wp-container-core-columns-is-layout-9d6595d7 wp-block-columns-is-layout-flex\">\n<div class=\"wp-block-column is-layout-flow wp-block-column-is-layout-flow\" style=\"flex-basis:66.66%\">\n <div class=\"brlbs-cmpnt-container brlbs-cmpnt-content-blocker brlbs-cmpnt-with-individual-styles\" data-borlabs-cookie-content-blocker-id=\"google-maps\" data-borlabs-cookie-content=\"PGlmcmFtZSBzcmM9Imh0dHBzOi8vd3d3Lmdvb2dsZS5jb20vbWFwcy9kL2VtYmVkP21pZD0xVDQtMGI5RHFNcTlDdGE2bC04anVGUm9EZnNMaXRIWSZlaGJjPTJFMzEyRiIgd2lkdGg9IjY0MCIgaGVpZ2h0PSI0ODAiPjwvaWZyYW1lPg==\"><div class=\"brlbs-cmpnt-cb-preset-b brlbs-cmpnt-cb-google-maps\"> <div class=\"brlbs-cmpnt-cb-thumbnail\" style=\"background-image: url('https:\/\/9staedte.de\/wp-content\/uploads\/borlabs-cookie\/1\/brlbs-cb-google-maps-main.png')\"><\/div> <div class=\"brlbs-cmpnt-cb-main\"> <div class=\"brlbs-cmpnt-cb-content\"> <p class=\"brlbs-cmpnt-cb-description\">You are currently viewing a placeholder content from <strong>Google Maps<\/strong>. To access the actual content, click the button below. Please note that doing so will share data with third-party providers.<\/p> <a class=\"brlbs-cmpnt-cb-provider-toggle\" href=\"#\" data-borlabs-cookie-show-provider-information role=\"button\">More Information<\/a> <\/div> <div class=\"brlbs-cmpnt-cb-buttons\"> <a class=\"brlbs-cmpnt-cb-btn\" href=\"#\" data-borlabs-cookie-unblock role=\"button\">Unblock content<\/a> <a class=\"brlbs-cmpnt-cb-btn\" href=\"#\" data-borlabs-cookie-accept-service role=\"button\" style=\"display: inherit\">Accept required service and unblock content<\/a> <\/div> <\/div> <\/div><\/div>\n<\/div>\n\n\n\n<div class=\"wp-block-column is-layout-flow wp-block-column-is-layout-flow\" style=\"flex-basis:33.33%\">\n<h4 class=\"wp-block-heading\"><strong>Julemarkeder i Hannover<\/strong><\/h4>\n\n\n\n<ul class=\"wp-block-list map-legend main-legend\">\n<li>Julemarked foran hovedbaneg\u00e5rden<\/li>\n\n\n\n<li>Julepyramide p\u00e5 Kr\u00f6pcke<\/li>\n\n\n\n<li>Julemarked i den gamle bydel<\/li>\n\n\n\n<li>&#8220;\u00d8nskebr\u00f8ndsskoven&#8221;<\/li>\n\n\n\n<li>Historisk landsby ved Leines bredder<\/li>\n\n\n\n<li>Finsk julelandsby<\/li>\n\n\n\n<li>Julemarked p\u00e5 Lister Meile<\/li>\n\n\n\n<li>Julehaven i Hannover Adventure Zoo<\/li>\n\n\n\n<li>Vintervariation i Herrenhausens orangeri<\/li>\n<\/ul>\n<\/div>\n<\/div>\n\n<p><\/p>\n","protected":false},"excerpt":{"rendered":"<p>Julemarked i den gamle bydel Lad dig fortrylle af de romantiske omgivelser p\u00e5 julemarkedet i den gamle bydel.Juletr\u00e6spynt, kunsth\u00e5ndv\u00e6rk og julespecialiteter tilbydes i mere end 190 boder foran de smukt oplyste historiske bygninger. I den historiske juleby giver h\u00e5ndv\u00e6rkere et indblik i deres f\u00e6rdigheder. Jongl\u00f8rer og kunstnere byder p\u00e5 sp\u00e6ndende shows. En finsk julelandsby frister [&hellip;]<\/p>\n","protected":false},"author":1,"featured_media":27233,"parent":12681,"menu_order":0,"comment_status":"closed","ping_status":"closed","template":"pagetemplates\/template-stadtthema.php","meta":{"_acf_changed":false,"footnotes":""},"categories":[],"tags":[],"ncap_cities_tax":[455,525],"class_list":["post-12324","page","type-page","status-publish","has-post-thumbnail","hentry","ncap_cities_tax-hannover-da","ncap_cities_tax-weihnachtsmarkte-hannover-da"],"acf":[],"yoast_head":"<!-- This site is optimized with the Yoast SEO plugin v26.8 - https:\/\/yoast.com\/product\/yoast-seo-wordpress\/ -->\n<title>Julemarkeder i Hannover - 9 St\u00e4dte in Niedersachsen<\/title>\n<meta name=\"description\" content=\"Tre julemarkeder s\u00e6tter hele byen i feststemning. Julemarkedet i den historiske gamle bydel er traditionsrigt.\" \/>\n<meta name=\"robots\" content=\"index, follow, max-snippet:-1, max-image-preview:large, max-video-preview:-1\" \/>\n<link rel=\"canonical\" href=\"https:\/\/9staedte.de\/da\/hannover-hovedstad-i-niedersachsen\/julemarkeder-i-hannover\/\" \/>\n<meta property=\"og:locale\" content=\"da_DK\" \/>\n<meta property=\"og:type\" content=\"article\" \/>\n<meta property=\"og:title\" content=\"Julemarkeder i Hannover - 9 St\u00e4dte in Niedersachsen\" \/>\n<meta property=\"og:description\" content=\"Tre julemarkeder s\u00e6tter hele byen i feststemning. Julemarkedet i den historiske gamle bydel er traditionsrigt.\" \/>\n<meta property=\"og:url\" content=\"https:\/\/9staedte.de\/da\/hannover-hovedstad-i-niedersachsen\/julemarkeder-i-hannover\/\" \/>\n<meta property=\"og:site_name\" content=\"9 St\u00e4dte in Niedersachsen\" \/>\n<meta property=\"article:modified_time\" content=\"2026-03-23T16:12:25+00:00\" \/>\n<meta property=\"og:image\" content=\"https:\/\/9staedte.de\/wp-content\/uploads\/2025\/10\/Hannover-Roncalli-Christmas-Market-Main-Station-c-HMTG-Christian-Wyrwa-.jpg\" \/>\n\t<meta property=\"og:image:width\" content=\"1020\" \/>\n\t<meta property=\"og:image:height\" content=\"560\" \/>\n\t<meta property=\"og:image:type\" content=\"image\/jpeg\" \/>\n<meta name=\"twitter:card\" content=\"summary_large_image\" \/>\n<meta name=\"twitter:label1\" content=\"Estimeret l\u00e6setid\" \/>\n\t<meta name=\"twitter:data1\" content=\"2 minutter\" \/>\n<script type=\"application\/ld+json\" class=\"yoast-schema-graph\">{\"@context\":\"https:\/\/schema.org\",\"@graph\":[{\"@type\":\"WebPage\",\"@id\":\"https:\/\/9staedte.de\/da\/hannover-hovedstad-i-niedersachsen\/julemarkeder-i-hannover\/\",\"url\":\"https:\/\/9staedte.de\/da\/hannover-hovedstad-i-niedersachsen\/julemarkeder-i-hannover\/\",\"name\":\"Julemarkeder i Hannover - 9 St\u00e4dte in Niedersachsen\",\"isPartOf\":{\"@id\":\"https:\/\/9staedte.de\/da\/#website\"},\"primaryImageOfPage\":{\"@id\":\"https:\/\/9staedte.de\/da\/hannover-hovedstad-i-niedersachsen\/julemarkeder-i-hannover\/#primaryimage\"},\"image\":{\"@id\":\"https:\/\/9staedte.de\/da\/hannover-hovedstad-i-niedersachsen\/julemarkeder-i-hannover\/#primaryimage\"},\"thumbnailUrl\":\"https:\/\/9staedte.de\/wp-content\/uploads\/2025\/10\/Hannover-Roncalli-Christmas-Market-Main-Station-c-HMTG-Christian-Wyrwa-.jpg\",\"datePublished\":\"2023-10-25T10:27:17+00:00\",\"dateModified\":\"2026-03-23T16:12:25+00:00\",\"description\":\"Tre julemarkeder s\u00e6tter hele byen i feststemning. Julemarkedet i den historiske gamle bydel er traditionsrigt.\",\"breadcrumb\":{\"@id\":\"https:\/\/9staedte.de\/da\/hannover-hovedstad-i-niedersachsen\/julemarkeder-i-hannover\/#breadcrumb\"},\"inLanguage\":\"da-DK\",\"potentialAction\":[{\"@type\":\"ReadAction\",\"target\":[\"https:\/\/9staedte.de\/da\/hannover-hovedstad-i-niedersachsen\/julemarkeder-i-hannover\/\"]}]},{\"@type\":\"ImageObject\",\"inLanguage\":\"da-DK\",\"@id\":\"https:\/\/9staedte.de\/da\/hannover-hovedstad-i-niedersachsen\/julemarkeder-i-hannover\/#primaryimage\",\"url\":\"https:\/\/9staedte.de\/wp-content\/uploads\/2025\/10\/Hannover-Roncalli-Christmas-Market-Main-Station-c-HMTG-Christian-Wyrwa-.jpg\",\"contentUrl\":\"https:\/\/9staedte.de\/wp-content\/uploads\/2025\/10\/Hannover-Roncalli-Christmas-Market-Main-Station-c-HMTG-Christian-Wyrwa-.jpg\",\"width\":1020,\"height\":560,\"caption\":\"Hannover Roncalli Weihnachtsdorf vor dem Hauptbahnhof c) HMTG Christian Wyrwa\"},{\"@type\":\"BreadcrumbList\",\"@id\":\"https:\/\/9staedte.de\/da\/hannover-hovedstad-i-niedersachsen\/julemarkeder-i-hannover\/#breadcrumb\",\"itemListElement\":[{\"@type\":\"ListItem\",\"position\":1,\"name\":\"Startseite\",\"item\":\"https:\/\/9staedte.de\/da\/hjem-9-byer-2-i-niedersachsen\/\"},{\"@type\":\"ListItem\",\"position\":2,\"name\":\"Hannover &#8211; hovedstad i Niedersachsen\",\"item\":\"https:\/\/9staedte.de\/da\/hannover-hovedstad-i-niedersachsen\/\"},{\"@type\":\"ListItem\",\"position\":3,\"name\":\"Julemarkeder i Hannover\"}]},{\"@type\":\"WebSite\",\"@id\":\"https:\/\/9staedte.de\/da\/#website\",\"url\":\"https:\/\/9staedte.de\/da\/\",\"name\":\"9 St\u00e4dte in Niedersachsen\",\"description\":\"\",\"publisher\":{\"@id\":\"https:\/\/9staedte.de\/da\/#organization\"},\"potentialAction\":[{\"@type\":\"SearchAction\",\"target\":{\"@type\":\"EntryPoint\",\"urlTemplate\":\"https:\/\/9staedte.de\/da\/?s={search_term_string}\"},\"query-input\":{\"@type\":\"PropertyValueSpecification\",\"valueRequired\":true,\"valueName\":\"search_term_string\"}}],\"inLanguage\":\"da-DK\"},{\"@type\":\"Organization\",\"@id\":\"https:\/\/9staedte.de\/da\/#organization\",\"name\":\"9 St\u00e4dte in Niedersachsen\",\"url\":\"https:\/\/9staedte.de\/da\/\",\"logo\":{\"@type\":\"ImageObject\",\"inLanguage\":\"da-DK\",\"@id\":\"https:\/\/9staedte.de\/da\/#\/schema\/logo\/image\/\",\"url\":\"https:\/\/9staedte.de\/wp-content\/uploads\/2025\/01\/9-neg-deutsch-2-1.png\",\"contentUrl\":\"https:\/\/9staedte.de\/wp-content\/uploads\/2025\/01\/9-neg-deutsch-2-1.png\",\"width\":190,\"height\":114,\"caption\":\"9 St\u00e4dte in Niedersachsen\"},\"image\":{\"@id\":\"https:\/\/9staedte.de\/da\/#\/schema\/logo\/image\/\"}}]}<\/script>\n<!-- \/ Yoast SEO plugin. -->","yoast_head_json":{"title":"Julemarkeder i Hannover - 9 St\u00e4dte in Niedersachsen","description":"Tre julemarkeder s\u00e6tter hele byen i feststemning. Julemarkedet i den historiske gamle bydel er traditionsrigt.","robots":{"index":"index","follow":"follow","max-snippet":"max-snippet:-1","max-image-preview":"max-image-preview:large","max-video-preview":"max-video-preview:-1"},"canonical":"https:\/\/9staedte.de\/da\/hannover-hovedstad-i-niedersachsen\/julemarkeder-i-hannover\/","og_locale":"da_DK","og_type":"article","og_title":"Julemarkeder i Hannover - 9 St\u00e4dte in Niedersachsen","og_description":"Tre julemarkeder s\u00e6tter hele byen i feststemning. Julemarkedet i den historiske gamle bydel er traditionsrigt.","og_url":"https:\/\/9staedte.de\/da\/hannover-hovedstad-i-niedersachsen\/julemarkeder-i-hannover\/","og_site_name":"9 St\u00e4dte in Niedersachsen","article_modified_time":"2026-03-23T16:12:25+00:00","og_image":[{"width":1020,"height":560,"url":"https:\/\/9staedte.de\/wp-content\/uploads\/2025\/10\/Hannover-Roncalli-Christmas-Market-Main-Station-c-HMTG-Christian-Wyrwa-.jpg","type":"image\/jpeg"}],"twitter_card":"summary_large_image","twitter_misc":{"Estimeret l\u00e6setid":"2 minutter"},"schema":{"@context":"https:\/\/schema.org","@graph":[{"@type":"WebPage","@id":"https:\/\/9staedte.de\/da\/hannover-hovedstad-i-niedersachsen\/julemarkeder-i-hannover\/","url":"https:\/\/9staedte.de\/da\/hannover-hovedstad-i-niedersachsen\/julemarkeder-i-hannover\/","name":"Julemarkeder i Hannover - 9 St\u00e4dte in Niedersachsen","isPartOf":{"@id":"https:\/\/9staedte.de\/da\/#website"},"primaryImageOfPage":{"@id":"https:\/\/9staedte.de\/da\/hannover-hovedstad-i-niedersachsen\/julemarkeder-i-hannover\/#primaryimage"},"image":{"@id":"https:\/\/9staedte.de\/da\/hannover-hovedstad-i-niedersachsen\/julemarkeder-i-hannover\/#primaryimage"},"thumbnailUrl":"https:\/\/9staedte.de\/wp-content\/uploads\/2025\/10\/Hannover-Roncalli-Christmas-Market-Main-Station-c-HMTG-Christian-Wyrwa-.jpg","datePublished":"2023-10-25T10:27:17+00:00","dateModified":"2026-03-23T16:12:25+00:00","description":"Tre julemarkeder s\u00e6tter hele byen i feststemning. Julemarkedet i den historiske gamle bydel er traditionsrigt.","breadcrumb":{"@id":"https:\/\/9staedte.de\/da\/hannover-hovedstad-i-niedersachsen\/julemarkeder-i-hannover\/#breadcrumb"},"inLanguage":"da-DK","potentialAction":[{"@type":"ReadAction","target":["https:\/\/9staedte.de\/da\/hannover-hovedstad-i-niedersachsen\/julemarkeder-i-hannover\/"]}]},{"@type":"ImageObject","inLanguage":"da-DK","@id":"https:\/\/9staedte.de\/da\/hannover-hovedstad-i-niedersachsen\/julemarkeder-i-hannover\/#primaryimage","url":"https:\/\/9staedte.de\/wp-content\/uploads\/2025\/10\/Hannover-Roncalli-Christmas-Market-Main-Station-c-HMTG-Christian-Wyrwa-.jpg","contentUrl":"https:\/\/9staedte.de\/wp-content\/uploads\/2025\/10\/Hannover-Roncalli-Christmas-Market-Main-Station-c-HMTG-Christian-Wyrwa-.jpg","width":1020,"height":560,"caption":"Hannover Roncalli Weihnachtsdorf vor dem Hauptbahnhof c) HMTG Christian Wyrwa"},{"@type":"BreadcrumbList","@id":"https:\/\/9staedte.de\/da\/hannover-hovedstad-i-niedersachsen\/julemarkeder-i-hannover\/#breadcrumb","itemListElement":[{"@type":"ListItem","position":1,"name":"Startseite","item":"https:\/\/9staedte.de\/da\/hjem-9-byer-2-i-niedersachsen\/"},{"@type":"ListItem","position":2,"name":"Hannover &#8211; hovedstad i Niedersachsen","item":"https:\/\/9staedte.de\/da\/hannover-hovedstad-i-niedersachsen\/"},{"@type":"ListItem","position":3,"name":"Julemarkeder i Hannover"}]},{"@type":"WebSite","@id":"https:\/\/9staedte.de\/da\/#website","url":"https:\/\/9staedte.de\/da\/","name":"9 St\u00e4dte in Niedersachsen","description":"","publisher":{"@id":"https:\/\/9staedte.de\/da\/#organization"},"potentialAction":[{"@type":"SearchAction","target":{"@type":"EntryPoint","urlTemplate":"https:\/\/9staedte.de\/da\/?s={search_term_string}"},"query-input":{"@type":"PropertyValueSpecification","valueRequired":true,"valueName":"search_term_string"}}],"inLanguage":"da-DK"},{"@type":"Organization","@id":"https:\/\/9staedte.de\/da\/#organization","name":"9 St\u00e4dte in Niedersachsen","url":"https:\/\/9staedte.de\/da\/","logo":{"@type":"ImageObject","inLanguage":"da-DK","@id":"https:\/\/9staedte.de\/da\/#\/schema\/logo\/image\/","url":"https:\/\/9staedte.de\/wp-content\/uploads\/2025\/01\/9-neg-deutsch-2-1.png","contentUrl":"https:\/\/9staedte.de\/wp-content\/uploads\/2025\/01\/9-neg-deutsch-2-1.png","width":190,"height":114,"caption":"9 St\u00e4dte in Niedersachsen"},"image":{"@id":"https:\/\/9staedte.de\/da\/#\/schema\/logo\/image\/"}}]}},"_links":{"self":[{"href":"https:\/\/9staedte.de\/da\/wp-json\/wp\/v2\/pages\/12324","targetHints":{"allow":["GET"]}}],"collection":[{"href":"https:\/\/9staedte.de\/da\/wp-json\/wp\/v2\/pages"}],"about":[{"href":"https:\/\/9staedte.de\/da\/wp-json\/wp\/v2\/types\/page"}],"author":[{"embeddable":true,"href":"https:\/\/9staedte.de\/da\/wp-json\/wp\/v2\/users\/1"}],"replies":[{"embeddable":true,"href":"https:\/\/9staedte.de\/da\/wp-json\/wp\/v2\/comments?post=12324"}],"version-history":[{"count":20,"href":"https:\/\/9staedte.de\/da\/wp-json\/wp\/v2\/pages\/12324\/revisions"}],"predecessor-version":[{"id":27937,"href":"https:\/\/9staedte.de\/da\/wp-json\/wp\/v2\/pages\/12324\/revisions\/27937"}],"up":[{"embeddable":true,"href":"https:\/\/9staedte.de\/da\/wp-json\/wp\/v2\/pages\/12681"}],"wp:featuredmedia":[{"embeddable":true,"href":"https:\/\/9staedte.de\/da\/wp-json\/wp\/v2\/media\/27233"}],"wp:attachment":[{"href":"https:\/\/9staedte.de\/da\/wp-json\/wp\/v2\/media?parent=12324"}],"wp:term":[{"taxonomy":"category","embeddable":true,"href":"https:\/\/9staedte.de\/da\/wp-json\/wp\/v2\/categories?post=12324"},{"taxonomy":"post_tag","embeddable":true,"href":"https:\/\/9staedte.de\/da\/wp-json\/wp\/v2\/tags?post=12324"},{"taxonomy":"ncap_cities_tax","embeddable":true,"href":"https:\/\/9staedte.de\/da\/wp-json\/wp\/v2\/ncap_cities_tax?post=12324"}],"curies":[{"name":"wp","href":"https:\/\/api.w.org\/{rel}","templated":true}]}}