{"id":12303,"date":"2023-10-25T12:26:47","date_gmt":"2023-10-25T10:26:47","guid":{"rendered":"https:\/\/9staedte.de\/konferencer-og-kongresser-i-hameln\/"},"modified":"2023-10-25T15:38:40","modified_gmt":"2023-10-25T13:38:40","slug":"konferencer-og-kongresser-i-hameln","status":"publish","type":"page","link":"https:\/\/9staedte.de\/da\/hameln-den-legendariske-rottefaengerby\/konferencer-og-kongresser-i-hameln\/","title":{"rendered":"Konferencer og kongresser i Hameln"},"content":{"rendered":"\n<h2 class=\"wp-block-heading\">Dit arrangement i Rottef\u00e6ngerbyen<\/h2>\n\n\n\n<p>Hamelns betydning som konferencested er steget markant i de senere \u00e5r. En faktor i dette var f\u00e6rdigg\u00f8relsen af det moderne og centralt beliggende Weserbergland-Zentrum (WB-Z) eventcenter i 1996. Husets tekniske udstyr opfylder de mest moderne krav og muligg\u00f8r konferencefaciliteter for grupper fra 17 til 700 personer p\u00e5 ca. 1.500 m\u00b2 gennem en fleksibel ruminddeling. P\u00e5 grund af den direkte forbindelse fra Weserbergland Centre til Hamelin Theatre kan der bruges yderligere 700 pladser (faste r\u00e6kker) og en komplet teaterscene. S\u00e5 har du et stort auditorium p\u00e5 samme tid og kan bruge lokalerne i konferencecentret til workshops eller udstillinger. Et andet konferencested i Hameln er den multifunktionelle hal Rattenf\u00e4nger-Halle. Det giver plads til forskellige store \u00f8konomiske, kulturelle og sportslige begivenheder med op til 2200 pladser og messer.<\/p>\n\n\n\r\n\r\n    <div class=\"filter-posts\">\r\n            <div  id=\"filterContent\">\r\n                                                        \n<div class=\"contentKachel filtr-item\" data-category=\"hameln-da\">\n    <a href=\"https:\/\/9staedte.de\/da\/9-grunde-til-at-holde-dit-arrangement-i-hameln\/\">\n        <div class=\"contentKachel-inner\">\n                            <div class=\"contentKachel-thumbnail\">\n                    <img loading=\"lazy\" decoding=\"async\" width=\"300\" height=\"200\" src=\"https:\/\/9staedte.de\/wp-content\/smush-webp\/2023\/02\/Hameln-herbstempfang-c-HMT-300x200.jpg.webp\" class=\"objectfitcover withfilters wp-post-image\" alt=\"P\u00e5 billedet er der en stor sal. Der st\u00e5r mange stole i r\u00e6kker. Foran er der en stor sk\u00e6rm og en talerpult. Scenen er lyst op i bl\u00e5t lys. Salen er tom. Her holdes et arrangement. Billedet viser efter\u00e5rsmodtagelsen i Hameln.\" srcset=\"https:\/\/9staedte.de\/wp-content\/smush-webp\/2023\/02\/Hameln-herbstempfang-c-HMT-300x200.jpg.webp 300w, https:\/\/9staedte.de\/wp-content\/smush-webp\/2023\/02\/Hameln-herbstempfang-c-HMT-768x511.jpg.webp 768w, https:\/\/9staedte.de\/wp-content\/smush-webp\/2023\/02\/Hameln-herbstempfang-c-HMT.jpg.webp 850w\" sizes=\"auto, (max-width: 300px) 100vw, 300px\" \/>                    <img loading=\"lazy\" decoding=\"async\" width=\"300\" height=\"200\" src=\"https:\/\/9staedte.de\/wp-content\/smush-webp\/2023\/02\/Hameln-herbstempfang-c-HMT-300x200.jpg.webp\" class=\"objectfitcontain wp-post-image\" alt=\"P\u00e5 billedet er der en stor sal. Der st\u00e5r mange stole i r\u00e6kker. Foran er der en stor sk\u00e6rm og en talerpult. Scenen er lyst op i bl\u00e5t lys. Salen er tom. Her holdes et arrangement. Billedet viser efter\u00e5rsmodtagelsen i Hameln.\" srcset=\"https:\/\/9staedte.de\/wp-content\/smush-webp\/2023\/02\/Hameln-herbstempfang-c-HMT-300x200.jpg.webp 300w, https:\/\/9staedte.de\/wp-content\/smush-webp\/2023\/02\/Hameln-herbstempfang-c-HMT-768x511.jpg.webp 768w, https:\/\/9staedte.de\/wp-content\/smush-webp\/2023\/02\/Hameln-herbstempfang-c-HMT.jpg.webp 850w\" sizes=\"auto, (max-width: 300px) 100vw, 300px\" \/>                        <div class=\"thumbnail-label\">\n    <span>Hameln herbstempfang c) HMT<\/span>\n    <\/div>\n                <\/div>\n                        <div class=\"contentKachel-content\">\n                                    <div class=\"city-tag bg-hameln\">\n                        Hameln                    <\/div>\n                \n                <div class=\"title\">\n\n                    9 grunde til at holde dit arrangement i Hameln                    \n                <\/div>\n\n                            <\/div>\n\n        <\/div>\n    <\/a>\n<\/div>                                                        \n<div class=\"contentKachel filtr-item\" data-category=\"hameln-da\">\n    <a href=\"https:\/\/9staedte.de\/da\/hameln-marketing-und-tourismus-gmbh-vores-service\/\">\n        <div class=\"contentKachel-inner\">\n                            <div class=\"contentKachel-thumbnail\">\n                    <img loading=\"lazy\" decoding=\"async\" width=\"300\" height=\"165\" src=\"https:\/\/9staedte.de\/wp-content\/smush-webp\/2023\/02\/Hameln-Theater-und-Weserberglandzentrum-bei-Nacht-c-HMT-300x165.jpg.webp\" class=\"objectfitcover withfilters wp-post-image\" alt=\"Billedet viser en stor bygning om natten. Bygningen er oplyst med lys. Til venstre er teatret. Til h\u00f8jre er Weserbergland-centret. Der er mange vinduer. Nogle mennesker st\u00e5r ved indgangen. Det er m\u00f8rkt, men lyset g\u00f8r det klart.\" srcset=\"https:\/\/9staedte.de\/wp-content\/smush-webp\/2023\/02\/Hameln-Theater-und-Weserberglandzentrum-bei-Nacht-c-HMT-300x165.jpg.webp 300w, https:\/\/9staedte.de\/wp-content\/smush-webp\/2023\/02\/Hameln-Theater-und-Weserberglandzentrum-bei-Nacht-c-HMT-768x422.jpg.webp 768w, https:\/\/9staedte.de\/wp-content\/smush-webp\/2023\/02\/Hameln-Theater-und-Weserberglandzentrum-bei-Nacht-c-HMT.jpg.webp 1020w\" sizes=\"auto, (max-width: 300px) 100vw, 300px\" \/>                    <img loading=\"lazy\" decoding=\"async\" width=\"300\" height=\"165\" src=\"https:\/\/9staedte.de\/wp-content\/smush-webp\/2023\/02\/Hameln-Theater-und-Weserberglandzentrum-bei-Nacht-c-HMT-300x165.jpg.webp\" class=\"objectfitcontain wp-post-image\" alt=\"Billedet viser en stor bygning om natten. Bygningen er oplyst med lys. Til venstre er teatret. Til h\u00f8jre er Weserbergland-centret. Der er mange vinduer. Nogle mennesker st\u00e5r ved indgangen. Det er m\u00f8rkt, men lyset g\u00f8r det klart.\" srcset=\"https:\/\/9staedte.de\/wp-content\/smush-webp\/2023\/02\/Hameln-Theater-und-Weserberglandzentrum-bei-Nacht-c-HMT-300x165.jpg.webp 300w, https:\/\/9staedte.de\/wp-content\/smush-webp\/2023\/02\/Hameln-Theater-und-Weserberglandzentrum-bei-Nacht-c-HMT-768x422.jpg.webp 768w, https:\/\/9staedte.de\/wp-content\/smush-webp\/2023\/02\/Hameln-Theater-und-Weserberglandzentrum-bei-Nacht-c-HMT.jpg.webp 1020w\" sizes=\"auto, (max-width: 300px) 100vw, 300px\" \/>                        <div class=\"thumbnail-label\">\n    <span>Hameln Theater und Weserberglandzentrum bei Nacht c) HMT<\/span>\n    <\/div>\n                <\/div>\n                        <div class=\"contentKachel-content\">\n                                    <div class=\"city-tag bg-hameln\">\n                        Hameln                    <\/div>\n                \n                <div class=\"title\">\n\n                    Hameln Marketing und Tourismus GmbH: Vores service:                    \n                <\/div>\n\n                            <\/div>\n\n        <\/div>\n    <\/a>\n<\/div>                                            <\/div>\r\n    <\/div>\r\n","protected":false},"excerpt":{"rendered":"<p>Dit arrangement i Rottef\u00e6ngerbyen Hamelns betydning som konferencested er steget markant i de senere \u00e5r. En faktor i dette var f\u00e6rdigg\u00f8relsen af det moderne og centralt beliggende Weserbergland-Zentrum (WB-Z) eventcenter i 1996. Husets tekniske udstyr opfylder de mest moderne krav og muligg\u00f8r konferencefaciliteter for grupper fra 17 til 700 personer p\u00e5 ca. 1.500 m\u00b2 gennem [&hellip;]<\/p>\n","protected":false},"author":1,"featured_media":12311,"parent":12667,"menu_order":0,"comment_status":"closed","ping_status":"closed","template":"pagetemplates\/template-stadtthema.php","meta":{"_acf_changed":false,"footnotes":""},"categories":[],"tags":[],"ncap_cities_tax":[448,1155],"class_list":["post-12303","page","type-page","status-publish","has-post-thumbnail","hentry","ncap_cities_tax-hameln-da","ncap_cities_tax-tagungen-und-kongresse-hameln-da"],"acf":[],"yoast_head":"<!-- This site is optimized with the Yoast SEO plugin v27.4 - https:\/\/yoast.com\/product\/yoast-seo-wordpress\/ -->\n<title>Konferencer og kongresser i Hameln - 9 St\u00e4dte in Niedersachsen<\/title>\n<meta name=\"robots\" content=\"index, follow, max-snippet:-1, max-image-preview:large, max-video-preview:-1\" \/>\n<link rel=\"canonical\" href=\"https:\/\/9staedte.de\/da\/hameln-den-legendariske-rottefaengerby\/konferencer-og-kongresser-i-hameln\/\" \/>\n<meta property=\"og:locale\" content=\"da_DK\" \/>\n<meta property=\"og:type\" content=\"article\" \/>\n<meta property=\"og:title\" content=\"Konferencer og kongresser i Hameln - 9 St\u00e4dte in Niedersachsen\" \/>\n<meta property=\"og:description\" content=\"Dit arrangement i Rottef\u00e6ngerbyen Hamelns betydning som konferencested er steget markant i de senere \u00e5r. En faktor i dette var f\u00e6rdigg\u00f8relsen af det moderne og centralt beliggende Weserbergland-Zentrum (WB-Z) eventcenter i 1996. Husets tekniske udstyr opfylder de mest moderne krav og muligg\u00f8r konferencefaciliteter for grupper fra 17 til 700 personer p\u00e5 ca. 1.500 m\u00b2 gennem [&hellip;]\" \/>\n<meta property=\"og:url\" content=\"https:\/\/9staedte.de\/da\/hameln-den-legendariske-rottefaengerby\/konferencer-og-kongresser-i-hameln\/\" \/>\n<meta property=\"og:site_name\" content=\"9 St\u00e4dte in Niedersachsen\" \/>\n<meta property=\"article:modified_time\" content=\"2023-10-25T13:38:40+00:00\" \/>\n<meta property=\"og:image\" content=\"https:\/\/9staedte.de\/wp-content\/uploads\/2023\/07\/Weserbergland-Zentrum_-_Herzlich_Willkommen-1.jpg\" \/>\n\t<meta property=\"og:image:width\" content=\"1020\" \/>\n\t<meta property=\"og:image:height\" content=\"560\" \/>\n\t<meta property=\"og:image:type\" content=\"image\/jpeg\" \/>\n<meta name=\"twitter:card\" content=\"summary_large_image\" \/>\n<meta name=\"twitter:label1\" content=\"Estimeret l\u00e6setid\" \/>\n\t<meta name=\"twitter:data1\" content=\"1 minut\" \/>\n<script type=\"application\/ld+json\" class=\"yoast-schema-graph\">{\"@context\":\"https:\\\/\\\/schema.org\",\"@graph\":[{\"@type\":\"WebPage\",\"@id\":\"https:\\\/\\\/9staedte.de\\\/da\\\/hameln-den-legendariske-rottefaengerby\\\/konferencer-og-kongresser-i-hameln\\\/\",\"url\":\"https:\\\/\\\/9staedte.de\\\/da\\\/hameln-den-legendariske-rottefaengerby\\\/konferencer-og-kongresser-i-hameln\\\/\",\"name\":\"Konferencer og kongresser i Hameln - 9 St\u00e4dte in Niedersachsen\",\"isPartOf\":{\"@id\":\"https:\\\/\\\/9staedte.de\\\/da\\\/#website\"},\"primaryImageOfPage\":{\"@id\":\"https:\\\/\\\/9staedte.de\\\/da\\\/hameln-den-legendariske-rottefaengerby\\\/konferencer-og-kongresser-i-hameln\\\/#primaryimage\"},\"image\":{\"@id\":\"https:\\\/\\\/9staedte.de\\\/da\\\/hameln-den-legendariske-rottefaengerby\\\/konferencer-og-kongresser-i-hameln\\\/#primaryimage\"},\"thumbnailUrl\":\"https:\\\/\\\/9staedte.de\\\/wp-content\\\/uploads\\\/2023\\\/07\\\/Weserbergland-Zentrum_-_Herzlich_Willkommen-1.jpg\",\"datePublished\":\"2023-10-25T10:26:47+00:00\",\"dateModified\":\"2023-10-25T13:38:40+00:00\",\"breadcrumb\":{\"@id\":\"https:\\\/\\\/9staedte.de\\\/da\\\/hameln-den-legendariske-rottefaengerby\\\/konferencer-og-kongresser-i-hameln\\\/#breadcrumb\"},\"inLanguage\":\"da-DK\",\"potentialAction\":[{\"@type\":\"ReadAction\",\"target\":[\"https:\\\/\\\/9staedte.de\\\/da\\\/hameln-den-legendariske-rottefaengerby\\\/konferencer-og-kongresser-i-hameln\\\/\"]}]},{\"@type\":\"ImageObject\",\"inLanguage\":\"da-DK\",\"@id\":\"https:\\\/\\\/9staedte.de\\\/da\\\/hameln-den-legendariske-rottefaengerby\\\/konferencer-og-kongresser-i-hameln\\\/#primaryimage\",\"url\":\"https:\\\/\\\/9staedte.de\\\/wp-content\\\/uploads\\\/2023\\\/07\\\/Weserbergland-Zentrum_-_Herzlich_Willkommen-1.jpg\",\"contentUrl\":\"https:\\\/\\\/9staedte.de\\\/wp-content\\\/uploads\\\/2023\\\/07\\\/Weserbergland-Zentrum_-_Herzlich_Willkommen-1.jpg\",\"width\":1020,\"height\":560,\"caption\":\"Tagen in Hameln - Weserbergland-Zentrum Herzlich Willkommen\"},{\"@type\":\"BreadcrumbList\",\"@id\":\"https:\\\/\\\/9staedte.de\\\/da\\\/hameln-den-legendariske-rottefaengerby\\\/konferencer-og-kongresser-i-hameln\\\/#breadcrumb\",\"itemListElement\":[{\"@type\":\"ListItem\",\"position\":1,\"name\":\"Startseite\",\"item\":\"https:\\\/\\\/9staedte.de\\\/da\\\/hjem-9-byer-2-i-niedersachsen\\\/\"},{\"@type\":\"ListItem\",\"position\":2,\"name\":\"Hameln &#8211; den legendariske rottef\u00e6ngerby\",\"item\":\"https:\\\/\\\/9staedte.de\\\/da\\\/hameln-den-legendariske-rottefaengerby\\\/\"},{\"@type\":\"ListItem\",\"position\":3,\"name\":\"Konferencer og kongresser i Hameln\"}]},{\"@type\":\"WebSite\",\"@id\":\"https:\\\/\\\/9staedte.de\\\/da\\\/#website\",\"url\":\"https:\\\/\\\/9staedte.de\\\/da\\\/\",\"name\":\"9 St\u00e4dte in Niedersachsen\",\"description\":\"\",\"publisher\":{\"@id\":\"https:\\\/\\\/9staedte.de\\\/da\\\/#organization\"},\"potentialAction\":[{\"@type\":\"SearchAction\",\"target\":{\"@type\":\"EntryPoint\",\"urlTemplate\":\"https:\\\/\\\/9staedte.de\\\/da\\\/?s={search_term_string}\"},\"query-input\":{\"@type\":\"PropertyValueSpecification\",\"valueRequired\":true,\"valueName\":\"search_term_string\"}}],\"inLanguage\":\"da-DK\"},{\"@type\":\"Organization\",\"@id\":\"https:\\\/\\\/9staedte.de\\\/da\\\/#organization\",\"name\":\"9 St\u00e4dte in Niedersachsen\",\"url\":\"https:\\\/\\\/9staedte.de\\\/da\\\/\",\"logo\":{\"@type\":\"ImageObject\",\"inLanguage\":\"da-DK\",\"@id\":\"https:\\\/\\\/9staedte.de\\\/da\\\/#\\\/schema\\\/logo\\\/image\\\/\",\"url\":\"https:\\\/\\\/9staedte.de\\\/wp-content\\\/uploads\\\/2025\\\/01\\\/9-neg-deutsch-2-1.png\",\"contentUrl\":\"https:\\\/\\\/9staedte.de\\\/wp-content\\\/uploads\\\/2025\\\/01\\\/9-neg-deutsch-2-1.png\",\"width\":190,\"height\":114,\"caption\":\"9 St\u00e4dte in Niedersachsen\"},\"image\":{\"@id\":\"https:\\\/\\\/9staedte.de\\\/da\\\/#\\\/schema\\\/logo\\\/image\\\/\"}}]}<\/script>\n<!-- \/ Yoast SEO plugin. -->","yoast_head_json":{"title":"Konferencer og kongresser i Hameln - 9 St\u00e4dte in Niedersachsen","robots":{"index":"index","follow":"follow","max-snippet":"max-snippet:-1","max-image-preview":"max-image-preview:large","max-video-preview":"max-video-preview:-1"},"canonical":"https:\/\/9staedte.de\/da\/hameln-den-legendariske-rottefaengerby\/konferencer-og-kongresser-i-hameln\/","og_locale":"da_DK","og_type":"article","og_title":"Konferencer og kongresser i Hameln - 9 St\u00e4dte in Niedersachsen","og_description":"Dit arrangement i Rottef\u00e6ngerbyen Hamelns betydning som konferencested er steget markant i de senere \u00e5r. En faktor i dette var f\u00e6rdigg\u00f8relsen af det moderne og centralt beliggende Weserbergland-Zentrum (WB-Z) eventcenter i 1996. Husets tekniske udstyr opfylder de mest moderne krav og muligg\u00f8r konferencefaciliteter for grupper fra 17 til 700 personer p\u00e5 ca. 1.500 m\u00b2 gennem [&hellip;]","og_url":"https:\/\/9staedte.de\/da\/hameln-den-legendariske-rottefaengerby\/konferencer-og-kongresser-i-hameln\/","og_site_name":"9 St\u00e4dte in Niedersachsen","article_modified_time":"2023-10-25T13:38:40+00:00","og_image":[{"width":1020,"height":560,"url":"https:\/\/9staedte.de\/wp-content\/uploads\/2023\/07\/Weserbergland-Zentrum_-_Herzlich_Willkommen-1.jpg","type":"image\/jpeg"}],"twitter_card":"summary_large_image","twitter_misc":{"Estimeret l\u00e6setid":"1 minut"},"schema":{"@context":"https:\/\/schema.org","@graph":[{"@type":"WebPage","@id":"https:\/\/9staedte.de\/da\/hameln-den-legendariske-rottefaengerby\/konferencer-og-kongresser-i-hameln\/","url":"https:\/\/9staedte.de\/da\/hameln-den-legendariske-rottefaengerby\/konferencer-og-kongresser-i-hameln\/","name":"Konferencer og kongresser i Hameln - 9 St\u00e4dte in Niedersachsen","isPartOf":{"@id":"https:\/\/9staedte.de\/da\/#website"},"primaryImageOfPage":{"@id":"https:\/\/9staedte.de\/da\/hameln-den-legendariske-rottefaengerby\/konferencer-og-kongresser-i-hameln\/#primaryimage"},"image":{"@id":"https:\/\/9staedte.de\/da\/hameln-den-legendariske-rottefaengerby\/konferencer-og-kongresser-i-hameln\/#primaryimage"},"thumbnailUrl":"https:\/\/9staedte.de\/wp-content\/uploads\/2023\/07\/Weserbergland-Zentrum_-_Herzlich_Willkommen-1.jpg","datePublished":"2023-10-25T10:26:47+00:00","dateModified":"2023-10-25T13:38:40+00:00","breadcrumb":{"@id":"https:\/\/9staedte.de\/da\/hameln-den-legendariske-rottefaengerby\/konferencer-og-kongresser-i-hameln\/#breadcrumb"},"inLanguage":"da-DK","potentialAction":[{"@type":"ReadAction","target":["https:\/\/9staedte.de\/da\/hameln-den-legendariske-rottefaengerby\/konferencer-og-kongresser-i-hameln\/"]}]},{"@type":"ImageObject","inLanguage":"da-DK","@id":"https:\/\/9staedte.de\/da\/hameln-den-legendariske-rottefaengerby\/konferencer-og-kongresser-i-hameln\/#primaryimage","url":"https:\/\/9staedte.de\/wp-content\/uploads\/2023\/07\/Weserbergland-Zentrum_-_Herzlich_Willkommen-1.jpg","contentUrl":"https:\/\/9staedte.de\/wp-content\/uploads\/2023\/07\/Weserbergland-Zentrum_-_Herzlich_Willkommen-1.jpg","width":1020,"height":560,"caption":"Tagen in Hameln - Weserbergland-Zentrum Herzlich Willkommen"},{"@type":"BreadcrumbList","@id":"https:\/\/9staedte.de\/da\/hameln-den-legendariske-rottefaengerby\/konferencer-og-kongresser-i-hameln\/#breadcrumb","itemListElement":[{"@type":"ListItem","position":1,"name":"Startseite","item":"https:\/\/9staedte.de\/da\/hjem-9-byer-2-i-niedersachsen\/"},{"@type":"ListItem","position":2,"name":"Hameln &#8211; den legendariske rottef\u00e6ngerby","item":"https:\/\/9staedte.de\/da\/hameln-den-legendariske-rottefaengerby\/"},{"@type":"ListItem","position":3,"name":"Konferencer og kongresser i Hameln"}]},{"@type":"WebSite","@id":"https:\/\/9staedte.de\/da\/#website","url":"https:\/\/9staedte.de\/da\/","name":"9 St\u00e4dte in Niedersachsen","description":"","publisher":{"@id":"https:\/\/9staedte.de\/da\/#organization"},"potentialAction":[{"@type":"SearchAction","target":{"@type":"EntryPoint","urlTemplate":"https:\/\/9staedte.de\/da\/?s={search_term_string}"},"query-input":{"@type":"PropertyValueSpecification","valueRequired":true,"valueName":"search_term_string"}}],"inLanguage":"da-DK"},{"@type":"Organization","@id":"https:\/\/9staedte.de\/da\/#organization","name":"9 St\u00e4dte in Niedersachsen","url":"https:\/\/9staedte.de\/da\/","logo":{"@type":"ImageObject","inLanguage":"da-DK","@id":"https:\/\/9staedte.de\/da\/#\/schema\/logo\/image\/","url":"https:\/\/9staedte.de\/wp-content\/uploads\/2025\/01\/9-neg-deutsch-2-1.png","contentUrl":"https:\/\/9staedte.de\/wp-content\/uploads\/2025\/01\/9-neg-deutsch-2-1.png","width":190,"height":114,"caption":"9 St\u00e4dte in Niedersachsen"},"image":{"@id":"https:\/\/9staedte.de\/da\/#\/schema\/logo\/image\/"}}]}},"_links":{"self":[{"href":"https:\/\/9staedte.de\/da\/wp-json\/wp\/v2\/pages\/12303","targetHints":{"allow":["GET"]}}],"collection":[{"href":"https:\/\/9staedte.de\/da\/wp-json\/wp\/v2\/pages"}],"about":[{"href":"https:\/\/9staedte.de\/da\/wp-json\/wp\/v2\/types\/page"}],"author":[{"embeddable":true,"href":"https:\/\/9staedte.de\/da\/wp-json\/wp\/v2\/users\/1"}],"replies":[{"embeddable":true,"href":"https:\/\/9staedte.de\/da\/wp-json\/wp\/v2\/comments?post=12303"}],"version-history":[{"count":1,"href":"https:\/\/9staedte.de\/da\/wp-json\/wp\/v2\/pages\/12303\/revisions"}],"predecessor-version":[{"id":12318,"href":"https:\/\/9staedte.de\/da\/wp-json\/wp\/v2\/pages\/12303\/revisions\/12318"}],"up":[{"embeddable":true,"href":"https:\/\/9staedte.de\/da\/wp-json\/wp\/v2\/pages\/12667"}],"wp:featuredmedia":[{"embeddable":true,"href":"https:\/\/9staedte.de\/da\/wp-json\/wp\/v2\/media\/12311"}],"wp:attachment":[{"href":"https:\/\/9staedte.de\/da\/wp-json\/wp\/v2\/media?parent=12303"}],"wp:term":[{"taxonomy":"category","embeddable":true,"href":"https:\/\/9staedte.de\/da\/wp-json\/wp\/v2\/categories?post=12303"},{"taxonomy":"post_tag","embeddable":true,"href":"https:\/\/9staedte.de\/da\/wp-json\/wp\/v2\/tags?post=12303"},{"taxonomy":"ncap_cities_tax","embeddable":true,"href":"https:\/\/9staedte.de\/da\/wp-json\/wp\/v2\/ncap_cities_tax?post=12303"}],"curies":[{"name":"wp","href":"https:\/\/api.w.org\/{rel}","templated":true}]}}