{"id":12300,"date":"2023-10-25T12:27:21","date_gmt":"2023-10-25T10:27:21","guid":{"rendered":"https:\/\/9staedte.de\/shopping-og-gaa-ud-i-hannover\/"},"modified":"2025-05-14T09:47:13","modified_gmt":"2025-05-14T07:47:13","slug":"shopping-og-gaa-ud-i-hannover","status":"publish","type":"page","link":"https:\/\/9staedte.de\/da\/hannover-hovedstad-i-niedersachsen\/shopping-og-gaa-ud-i-hannover\/","title":{"rendered":"Shopping og g\u00e5 ud i Hannover"},"content":{"rendered":"\n<p>I en af de st\u00f8rste g\u00e5gader i Tyskland er der noget for enhver smag &#8211; og enhver pengepung! Her finder du ikke kun de store stormagasiner med deres omfattende udvalg af varer, eksklusive shoppinggader og arkader, men ogs\u00e5 butikkerne og boutiquerne i den gamle bydel med sin rolige atmosf\u00e6re. At g\u00e5 ud i Hannover er ogs\u00e5 en oplevelse. Hyggelige barer og restauranter, idylliske \u00f8lhaver, trendy klubber, diskoteker, variet\u00e9er, jazz, teater, kabaret, opera&#8230;: Gl\u00e6d dig til al den variation, en storby har at byde p\u00e5.<\/p>\n\n\n<div class=\"banner-wrapper\">\n  <div class=\"banner-inner \">\n      <div class=\"img-container\">\n      <div class=\"img-wrapper\">\n        <img decoding=\"async\" src=\"https:\/\/9staedte.de\/wp-content\/smush-webp\/2023\/02\/Hannover-Altstadt-Ballhof-c-HMTG-Patrick-Graf.jpg.webp\" alt=\"Billedet viser Ballhof i Hannover om aftenen. Bindingsv\u00e6rkshusene har lys p\u00e5. Mange mennesker sidder udenfor ved en restaurant. Der er store parasoller over bordene. Der er tr\u00e6er og planter omkring.\" \/>\n                  <div class=\"thumbnail-label\">\n            <span>Hannover Altstadt Ballhofplatz c) HMTG Patrick Graf<\/span>\n          <\/div>\n              <\/div>\n    <\/div>\n        <div class=\"text-container\">\n      <div class=\"content\">\n        <p><strong>9 tips til at shoppe og g\u00e5 i byen i Hannover:<\/strong><\/p>\n<ul>\n<li>Ernst-August-Galerie med mere end 150 butikker direkte ved hovedbaneg\u00e5rden samt eksklusive arkader og gallerier omkring Kr\u00f6pcke og operahuset<\/li>\n<li>Markedshallen, &#8220;Hannovers mave&#8221;, med internationale kulinariske l\u00e6kkerier.<\/li>\n<li>Hovedbaneg\u00e5rden: et shopping- og gourmetparadis, selv om s\u00f8ndagen<\/li>\n<li>Loppemarked p\u00e5 Hohe Ufer, hver l\u00f8rdag<\/li>\n<li>Den gamle bydel med sine sm\u00e5 butikker, pubber, gadecaf\u00e9er og restauranter p\u00e5 bredden af floden Leine.<\/li>\n<li>Mangfoldig scene med trendy butikker, barer og restauranter i bydelene Linden, Nordstadt og List<\/li>\n<li>Hanover Jazz Club<\/li>\n<li>International prisbel\u00f8nnet: Opera og teater<\/li>\n<li>Om sommeren: Middelhavsflair i \u00f8lhaverne og restauranterne omkring Maschsee-s\u00f8en<\/li>\n<\/ul>\n      <\/div>\n    <\/div>\n    <\/div>\n<\/div>\n\n","protected":false},"excerpt":{"rendered":"<p>I en af de st\u00f8rste g\u00e5gader i Tyskland er der noget for enhver smag &#8211; og enhver pengepung! Her finder du ikke kun de store stormagasiner med deres omfattende udvalg af varer, eksklusive shoppinggader og arkader, men ogs\u00e5 butikkerne og boutiquerne i den gamle bydel med sin rolige atmosf\u00e6re. At g\u00e5 ud i Hannover er [&hellip;]<\/p>\n","protected":false},"author":1,"featured_media":12307,"parent":12681,"menu_order":0,"comment_status":"closed","ping_status":"closed","template":"pagetemplates\/template-stadtthema.php","meta":{"_acf_changed":false,"footnotes":""},"categories":[],"tags":[],"ncap_cities_tax":[455,791],"class_list":["post-12300","page","type-page","status-publish","has-post-thumbnail","hentry","ncap_cities_tax-hannover-da","ncap_cities_tax-shopping-und-ausgehen-hannover-da"],"acf":[],"yoast_head":"<!-- This site is optimized with the Yoast SEO plugin v26.8 - https:\/\/yoast.com\/product\/yoast-seo-wordpress\/ -->\n<title>Shopping og g\u00e5 ud i Hannover - 9 St\u00e4dte in Niedersachsen<\/title>\n<meta name=\"robots\" content=\"index, follow, max-snippet:-1, max-image-preview:large, max-video-preview:-1\" \/>\n<link rel=\"canonical\" href=\"https:\/\/9staedte.de\/da\/hannover-hovedstad-i-niedersachsen\/shopping-og-gaa-ud-i-hannover\/\" \/>\n<meta property=\"og:locale\" content=\"da_DK\" \/>\n<meta property=\"og:type\" content=\"article\" \/>\n<meta property=\"og:title\" content=\"Shopping og g\u00e5 ud i Hannover - 9 St\u00e4dte in Niedersachsen\" \/>\n<meta property=\"og:description\" content=\"I en af de st\u00f8rste g\u00e5gader i Tyskland er der noget for enhver smag &#8211; og enhver pengepung! Her finder du ikke kun de store stormagasiner med deres omfattende udvalg af varer, eksklusive shoppinggader og arkader, men ogs\u00e5 butikkerne og boutiquerne i den gamle bydel med sin rolige atmosf\u00e6re. At g\u00e5 ud i Hannover er [&hellip;]\" \/>\n<meta property=\"og:url\" content=\"https:\/\/9staedte.de\/da\/hannover-hovedstad-i-niedersachsen\/shopping-og-gaa-ud-i-hannover\/\" \/>\n<meta property=\"og:site_name\" content=\"9 St\u00e4dte in Niedersachsen\" \/>\n<meta property=\"article:modified_time\" content=\"2025-05-14T07:47:13+00:00\" \/>\n<meta property=\"og:image\" content=\"https:\/\/9staedte.de\/wp-content\/uploads\/2023\/02\/Hannover-Hauptbahnhof-c-HMTG-Christian-Wyrwa.jpg\" \/>\n\t<meta property=\"og:image:width\" content=\"1020\" \/>\n\t<meta property=\"og:image:height\" content=\"560\" \/>\n\t<meta property=\"og:image:type\" content=\"image\/jpeg\" \/>\n<meta name=\"twitter:card\" content=\"summary_large_image\" \/>\n<meta name=\"twitter:label1\" content=\"Estimeret l\u00e6setid\" \/>\n\t<meta name=\"twitter:data1\" content=\"1 minut\" \/>\n<script type=\"application\/ld+json\" class=\"yoast-schema-graph\">{\"@context\":\"https:\/\/schema.org\",\"@graph\":[{\"@type\":\"WebPage\",\"@id\":\"https:\/\/9staedte.de\/da\/hannover-hovedstad-i-niedersachsen\/shopping-og-gaa-ud-i-hannover\/\",\"url\":\"https:\/\/9staedte.de\/da\/hannover-hovedstad-i-niedersachsen\/shopping-og-gaa-ud-i-hannover\/\",\"name\":\"Shopping og g\u00e5 ud i Hannover - 9 St\u00e4dte in Niedersachsen\",\"isPartOf\":{\"@id\":\"https:\/\/9staedte.de\/da\/#website\"},\"primaryImageOfPage\":{\"@id\":\"https:\/\/9staedte.de\/da\/hannover-hovedstad-i-niedersachsen\/shopping-og-gaa-ud-i-hannover\/#primaryimage\"},\"image\":{\"@id\":\"https:\/\/9staedte.de\/da\/hannover-hovedstad-i-niedersachsen\/shopping-og-gaa-ud-i-hannover\/#primaryimage\"},\"thumbnailUrl\":\"https:\/\/9staedte.de\/wp-content\/uploads\/2023\/02\/Hannover-Hauptbahnhof-c-HMTG-Christian-Wyrwa.jpg\",\"datePublished\":\"2023-10-25T10:27:21+00:00\",\"dateModified\":\"2025-05-14T07:47:13+00:00\",\"breadcrumb\":{\"@id\":\"https:\/\/9staedte.de\/da\/hannover-hovedstad-i-niedersachsen\/shopping-og-gaa-ud-i-hannover\/#breadcrumb\"},\"inLanguage\":\"da-DK\",\"potentialAction\":[{\"@type\":\"ReadAction\",\"target\":[\"https:\/\/9staedte.de\/da\/hannover-hovedstad-i-niedersachsen\/shopping-og-gaa-ud-i-hannover\/\"]}]},{\"@type\":\"ImageObject\",\"inLanguage\":\"da-DK\",\"@id\":\"https:\/\/9staedte.de\/da\/hannover-hovedstad-i-niedersachsen\/shopping-og-gaa-ud-i-hannover\/#primaryimage\",\"url\":\"https:\/\/9staedte.de\/wp-content\/uploads\/2023\/02\/Hannover-Hauptbahnhof-c-HMTG-Christian-Wyrwa.jpg\",\"contentUrl\":\"https:\/\/9staedte.de\/wp-content\/uploads\/2023\/02\/Hannover-Hauptbahnhof-c-HMTG-Christian-Wyrwa.jpg\",\"width\":1020,\"height\":560,\"caption\":\"Hannover Hauptbahnhof c) HMTG Chrisitan Wyrwa\"},{\"@type\":\"BreadcrumbList\",\"@id\":\"https:\/\/9staedte.de\/da\/hannover-hovedstad-i-niedersachsen\/shopping-og-gaa-ud-i-hannover\/#breadcrumb\",\"itemListElement\":[{\"@type\":\"ListItem\",\"position\":1,\"name\":\"Startseite\",\"item\":\"https:\/\/9staedte.de\/da\/hjem-9-byer-2-i-niedersachsen\/\"},{\"@type\":\"ListItem\",\"position\":2,\"name\":\"Hannover &#8211; hovedstad i Niedersachsen\",\"item\":\"https:\/\/9staedte.de\/da\/hannover-hovedstad-i-niedersachsen\/\"},{\"@type\":\"ListItem\",\"position\":3,\"name\":\"Shopping og g\u00e5 ud i Hannover\"}]},{\"@type\":\"WebSite\",\"@id\":\"https:\/\/9staedte.de\/da\/#website\",\"url\":\"https:\/\/9staedte.de\/da\/\",\"name\":\"9 St\u00e4dte in Niedersachsen\",\"description\":\"\",\"publisher\":{\"@id\":\"https:\/\/9staedte.de\/da\/#organization\"},\"potentialAction\":[{\"@type\":\"SearchAction\",\"target\":{\"@type\":\"EntryPoint\",\"urlTemplate\":\"https:\/\/9staedte.de\/da\/?s={search_term_string}\"},\"query-input\":{\"@type\":\"PropertyValueSpecification\",\"valueRequired\":true,\"valueName\":\"search_term_string\"}}],\"inLanguage\":\"da-DK\"},{\"@type\":\"Organization\",\"@id\":\"https:\/\/9staedte.de\/da\/#organization\",\"name\":\"9 St\u00e4dte in Niedersachsen\",\"url\":\"https:\/\/9staedte.de\/da\/\",\"logo\":{\"@type\":\"ImageObject\",\"inLanguage\":\"da-DK\",\"@id\":\"https:\/\/9staedte.de\/da\/#\/schema\/logo\/image\/\",\"url\":\"https:\/\/9staedte.de\/wp-content\/uploads\/2025\/01\/9-neg-deutsch-2-1.png\",\"contentUrl\":\"https:\/\/9staedte.de\/wp-content\/uploads\/2025\/01\/9-neg-deutsch-2-1.png\",\"width\":190,\"height\":114,\"caption\":\"9 St\u00e4dte in Niedersachsen\"},\"image\":{\"@id\":\"https:\/\/9staedte.de\/da\/#\/schema\/logo\/image\/\"}}]}<\/script>\n<!-- \/ Yoast SEO plugin. -->","yoast_head_json":{"title":"Shopping og g\u00e5 ud i Hannover - 9 St\u00e4dte in Niedersachsen","robots":{"index":"index","follow":"follow","max-snippet":"max-snippet:-1","max-image-preview":"max-image-preview:large","max-video-preview":"max-video-preview:-1"},"canonical":"https:\/\/9staedte.de\/da\/hannover-hovedstad-i-niedersachsen\/shopping-og-gaa-ud-i-hannover\/","og_locale":"da_DK","og_type":"article","og_title":"Shopping og g\u00e5 ud i Hannover - 9 St\u00e4dte in Niedersachsen","og_description":"I en af de st\u00f8rste g\u00e5gader i Tyskland er der noget for enhver smag &#8211; og enhver pengepung! Her finder du ikke kun de store stormagasiner med deres omfattende udvalg af varer, eksklusive shoppinggader og arkader, men ogs\u00e5 butikkerne og boutiquerne i den gamle bydel med sin rolige atmosf\u00e6re. At g\u00e5 ud i Hannover er [&hellip;]","og_url":"https:\/\/9staedte.de\/da\/hannover-hovedstad-i-niedersachsen\/shopping-og-gaa-ud-i-hannover\/","og_site_name":"9 St\u00e4dte in Niedersachsen","article_modified_time":"2025-05-14T07:47:13+00:00","og_image":[{"width":1020,"height":560,"url":"https:\/\/9staedte.de\/wp-content\/uploads\/2023\/02\/Hannover-Hauptbahnhof-c-HMTG-Christian-Wyrwa.jpg","type":"image\/jpeg"}],"twitter_card":"summary_large_image","twitter_misc":{"Estimeret l\u00e6setid":"1 minut"},"schema":{"@context":"https:\/\/schema.org","@graph":[{"@type":"WebPage","@id":"https:\/\/9staedte.de\/da\/hannover-hovedstad-i-niedersachsen\/shopping-og-gaa-ud-i-hannover\/","url":"https:\/\/9staedte.de\/da\/hannover-hovedstad-i-niedersachsen\/shopping-og-gaa-ud-i-hannover\/","name":"Shopping og g\u00e5 ud i Hannover - 9 St\u00e4dte in Niedersachsen","isPartOf":{"@id":"https:\/\/9staedte.de\/da\/#website"},"primaryImageOfPage":{"@id":"https:\/\/9staedte.de\/da\/hannover-hovedstad-i-niedersachsen\/shopping-og-gaa-ud-i-hannover\/#primaryimage"},"image":{"@id":"https:\/\/9staedte.de\/da\/hannover-hovedstad-i-niedersachsen\/shopping-og-gaa-ud-i-hannover\/#primaryimage"},"thumbnailUrl":"https:\/\/9staedte.de\/wp-content\/uploads\/2023\/02\/Hannover-Hauptbahnhof-c-HMTG-Christian-Wyrwa.jpg","datePublished":"2023-10-25T10:27:21+00:00","dateModified":"2025-05-14T07:47:13+00:00","breadcrumb":{"@id":"https:\/\/9staedte.de\/da\/hannover-hovedstad-i-niedersachsen\/shopping-og-gaa-ud-i-hannover\/#breadcrumb"},"inLanguage":"da-DK","potentialAction":[{"@type":"ReadAction","target":["https:\/\/9staedte.de\/da\/hannover-hovedstad-i-niedersachsen\/shopping-og-gaa-ud-i-hannover\/"]}]},{"@type":"ImageObject","inLanguage":"da-DK","@id":"https:\/\/9staedte.de\/da\/hannover-hovedstad-i-niedersachsen\/shopping-og-gaa-ud-i-hannover\/#primaryimage","url":"https:\/\/9staedte.de\/wp-content\/uploads\/2023\/02\/Hannover-Hauptbahnhof-c-HMTG-Christian-Wyrwa.jpg","contentUrl":"https:\/\/9staedte.de\/wp-content\/uploads\/2023\/02\/Hannover-Hauptbahnhof-c-HMTG-Christian-Wyrwa.jpg","width":1020,"height":560,"caption":"Hannover Hauptbahnhof c) HMTG Chrisitan Wyrwa"},{"@type":"BreadcrumbList","@id":"https:\/\/9staedte.de\/da\/hannover-hovedstad-i-niedersachsen\/shopping-og-gaa-ud-i-hannover\/#breadcrumb","itemListElement":[{"@type":"ListItem","position":1,"name":"Startseite","item":"https:\/\/9staedte.de\/da\/hjem-9-byer-2-i-niedersachsen\/"},{"@type":"ListItem","position":2,"name":"Hannover &#8211; hovedstad i Niedersachsen","item":"https:\/\/9staedte.de\/da\/hannover-hovedstad-i-niedersachsen\/"},{"@type":"ListItem","position":3,"name":"Shopping og g\u00e5 ud i Hannover"}]},{"@type":"WebSite","@id":"https:\/\/9staedte.de\/da\/#website","url":"https:\/\/9staedte.de\/da\/","name":"9 St\u00e4dte in Niedersachsen","description":"","publisher":{"@id":"https:\/\/9staedte.de\/da\/#organization"},"potentialAction":[{"@type":"SearchAction","target":{"@type":"EntryPoint","urlTemplate":"https:\/\/9staedte.de\/da\/?s={search_term_string}"},"query-input":{"@type":"PropertyValueSpecification","valueRequired":true,"valueName":"search_term_string"}}],"inLanguage":"da-DK"},{"@type":"Organization","@id":"https:\/\/9staedte.de\/da\/#organization","name":"9 St\u00e4dte in Niedersachsen","url":"https:\/\/9staedte.de\/da\/","logo":{"@type":"ImageObject","inLanguage":"da-DK","@id":"https:\/\/9staedte.de\/da\/#\/schema\/logo\/image\/","url":"https:\/\/9staedte.de\/wp-content\/uploads\/2025\/01\/9-neg-deutsch-2-1.png","contentUrl":"https:\/\/9staedte.de\/wp-content\/uploads\/2025\/01\/9-neg-deutsch-2-1.png","width":190,"height":114,"caption":"9 St\u00e4dte in Niedersachsen"},"image":{"@id":"https:\/\/9staedte.de\/da\/#\/schema\/logo\/image\/"}}]}},"_links":{"self":[{"href":"https:\/\/9staedte.de\/da\/wp-json\/wp\/v2\/pages\/12300","targetHints":{"allow":["GET"]}}],"collection":[{"href":"https:\/\/9staedte.de\/da\/wp-json\/wp\/v2\/pages"}],"about":[{"href":"https:\/\/9staedte.de\/da\/wp-json\/wp\/v2\/types\/page"}],"author":[{"embeddable":true,"href":"https:\/\/9staedte.de\/da\/wp-json\/wp\/v2\/users\/1"}],"replies":[{"embeddable":true,"href":"https:\/\/9staedte.de\/da\/wp-json\/wp\/v2\/comments?post=12300"}],"version-history":[{"count":2,"href":"https:\/\/9staedte.de\/da\/wp-json\/wp\/v2\/pages\/12300\/revisions"}],"predecessor-version":[{"id":25749,"href":"https:\/\/9staedte.de\/da\/wp-json\/wp\/v2\/pages\/12300\/revisions\/25749"}],"up":[{"embeddable":true,"href":"https:\/\/9staedte.de\/da\/wp-json\/wp\/v2\/pages\/12681"}],"wp:featuredmedia":[{"embeddable":true,"href":"https:\/\/9staedte.de\/da\/wp-json\/wp\/v2\/media\/12307"}],"wp:attachment":[{"href":"https:\/\/9staedte.de\/da\/wp-json\/wp\/v2\/media?parent=12300"}],"wp:term":[{"taxonomy":"category","embeddable":true,"href":"https:\/\/9staedte.de\/da\/wp-json\/wp\/v2\/categories?post=12300"},{"taxonomy":"post_tag","embeddable":true,"href":"https:\/\/9staedte.de\/da\/wp-json\/wp\/v2\/tags?post=12300"},{"taxonomy":"ncap_cities_tax","embeddable":true,"href":"https:\/\/9staedte.de\/da\/wp-json\/wp\/v2\/ncap_cities_tax?post=12300"}],"curies":[{"name":"wp","href":"https:\/\/api.w.org\/{rel}","templated":true}]}}