{"id":12282,"date":"2023-10-25T12:26:43","date_gmt":"2023-10-25T10:26:43","guid":{"rendered":"https:\/\/9staedte.de\/dagsprogrammer-i-hameln\/"},"modified":"2023-10-25T15:38:12","modified_gmt":"2023-10-25T13:38:12","slug":"dagsprogrammer-i-hameln","status":"publish","type":"page","link":"https:\/\/9staedte.de\/da\/hameln-den-legendariske-rottefaengerby\/dagsprogrammer-i-hameln\/","title":{"rendered":"Dagsprogrammer i Hameln"},"content":{"rendered":"\r\n\r\n    <div class=\"filter-posts\">\r\n            <div  id=\"filterContent\">\r\n                                                        \n<div class=\"contentKachel filtr-item\" data-category=\"hameln-da\">\n    <a href=\"https:\/\/9staedte.de\/da\/dagens-program-hameln-oplev-rottefaengerbyen\/\">\n        <div class=\"contentKachel-inner\">\n                            <div class=\"contentKachel-thumbnail\">\n                    <img loading=\"lazy\" decoding=\"async\" width=\"300\" height=\"165\" src=\"https:\/\/9staedte.de\/wp-content\/smush-webp\/2022\/07\/Bummel-durch-Hameln-c-HMT-300x165.jpg.webp\" class=\"objectfitcover withfilters wp-post-image\" alt=\"En mand og en kvinde g\u00e5r i byen. De holder hinanden i h\u00e5nden. Manden har sort T-shirt og jeans p\u00e5. Kvinden har sorte bukser og en lys jakke. Til venstre og h\u00f8jre sidder folk ved caf\u00e9borde. Billedet er fra Hameln.\" srcset=\"https:\/\/9staedte.de\/wp-content\/smush-webp\/2022\/07\/Bummel-durch-Hameln-c-HMT-300x165.jpg.webp 300w, https:\/\/9staedte.de\/wp-content\/smush-webp\/2022\/07\/Bummel-durch-Hameln-c-HMT-768x422.jpg.webp 768w, https:\/\/9staedte.de\/wp-content\/smush-webp\/2022\/07\/Bummel-durch-Hameln-c-HMT.jpg.webp 1020w\" sizes=\"auto, (max-width: 300px) 100vw, 300px\" \/>                    <img loading=\"lazy\" decoding=\"async\" width=\"300\" height=\"165\" src=\"https:\/\/9staedte.de\/wp-content\/smush-webp\/2022\/07\/Bummel-durch-Hameln-c-HMT-300x165.jpg.webp\" class=\"objectfitcontain wp-post-image\" alt=\"En mand og en kvinde g\u00e5r i byen. De holder hinanden i h\u00e5nden. Manden har sort T-shirt og jeans p\u00e5. Kvinden har sorte bukser og en lys jakke. Til venstre og h\u00f8jre sidder folk ved caf\u00e9borde. Billedet er fra Hameln.\" srcset=\"https:\/\/9staedte.de\/wp-content\/smush-webp\/2022\/07\/Bummel-durch-Hameln-c-HMT-300x165.jpg.webp 300w, https:\/\/9staedte.de\/wp-content\/smush-webp\/2022\/07\/Bummel-durch-Hameln-c-HMT-768x422.jpg.webp 768w, https:\/\/9staedte.de\/wp-content\/smush-webp\/2022\/07\/Bummel-durch-Hameln-c-HMT.jpg.webp 1020w\" sizes=\"auto, (max-width: 300px) 100vw, 300px\" \/>                        <div class=\"thumbnail-label\">\n    <span>Bummel durch Hameln c) HMT<\/span>\n    <\/div>\n                <\/div>\n                        <div class=\"contentKachel-content\">\n                                    <div class=\"city-tag bg-hameln\">\n                        Hameln                    <\/div>\n                \n                <div class=\"title\">\n\n                    Dagens program: Hameln &#8211; Oplev Rottef\u00e6ngerbyen                    \n                <\/div>\n\n                            <\/div>\n\n        <\/div>\n    <\/a>\n<\/div>                                                        \n<div class=\"contentKachel filtr-item\" data-category=\"hameln-da\">\n    <a href=\"https:\/\/9staedte.de\/da\/dagsprogram-paa-sporet-af-rottefaengeren-i-hameln\/\">\n        <div class=\"contentKachel-inner\">\n                            <div class=\"contentKachel-thumbnail\">\n                    <img loading=\"lazy\" decoding=\"async\" width=\"300\" height=\"165\" src=\"https:\/\/9staedte.de\/wp-content\/smush-webp\/2023\/01\/Guided-tour-with-the-pied-piper-c-Hameln-Marketing-und-Tourismus-GmbH-300x165.jpg.webp\" class=\"objectfitcover withfilters wp-post-image\" alt=\"En mand har et farverigt kostume p\u00e5. Han har en r\u00f8d hat med en lang fjer. Han holder en lille fl\u00f8jte i h\u00e5nden. Manden laver en sp\u00e6ndende bev\u00e6gelse med h\u00e5nden. Han taler med nogle mennesker foran sig. Han er rottef\u00e6ngeren fra Hameln.\" srcset=\"https:\/\/9staedte.de\/wp-content\/smush-webp\/2023\/01\/Guided-tour-with-the-pied-piper-c-Hameln-Marketing-und-Tourismus-GmbH-300x165.jpg.webp 300w, https:\/\/9staedte.de\/wp-content\/smush-webp\/2023\/01\/Guided-tour-with-the-pied-piper-c-Hameln-Marketing-und-Tourismus-GmbH-768x422.jpg.webp 768w, https:\/\/9staedte.de\/wp-content\/smush-webp\/2023\/01\/Guided-tour-with-the-pied-piper-c-Hameln-Marketing-und-Tourismus-GmbH.jpg.webp 1020w\" sizes=\"auto, (max-width: 300px) 100vw, 300px\" \/>                    <img loading=\"lazy\" decoding=\"async\" width=\"300\" height=\"165\" src=\"https:\/\/9staedte.de\/wp-content\/smush-webp\/2023\/01\/Guided-tour-with-the-pied-piper-c-Hameln-Marketing-und-Tourismus-GmbH-300x165.jpg.webp\" class=\"objectfitcontain wp-post-image\" alt=\"En mand har et farverigt kostume p\u00e5. Han har en r\u00f8d hat med en lang fjer. Han holder en lille fl\u00f8jte i h\u00e5nden. Manden laver en sp\u00e6ndende bev\u00e6gelse med h\u00e5nden. Han taler med nogle mennesker foran sig. Han er rottef\u00e6ngeren fra Hameln.\" srcset=\"https:\/\/9staedte.de\/wp-content\/smush-webp\/2023\/01\/Guided-tour-with-the-pied-piper-c-Hameln-Marketing-und-Tourismus-GmbH-300x165.jpg.webp 300w, https:\/\/9staedte.de\/wp-content\/smush-webp\/2023\/01\/Guided-tour-with-the-pied-piper-c-Hameln-Marketing-und-Tourismus-GmbH-768x422.jpg.webp 768w, https:\/\/9staedte.de\/wp-content\/smush-webp\/2023\/01\/Guided-tour-with-the-pied-piper-c-Hameln-Marketing-und-Tourismus-GmbH.jpg.webp 1020w\" sizes=\"auto, (max-width: 300px) 100vw, 300px\" \/>                        <div class=\"thumbnail-label\">\n    <span>Stadtf\u00fchrung mit dem Rattenf\u00e4nger c) HMT<\/span>\n    <\/div>\n                <\/div>\n                        <div class=\"contentKachel-content\">\n                                    <div class=\"city-tag bg-hameln\">\n                        Hameln                    <\/div>\n                \n                <div class=\"title\">\n\n                    Dagsprogram: P\u00e5 sporet af Rottef\u00e6ngeren i Hameln                    \n                <\/div>\n\n                            <\/div>\n\n        <\/div>\n    <\/a>\n<\/div>                                                        \n<div class=\"contentKachel filtr-item\" data-category=\"hameln-da\">\n    <a href=\"https:\/\/9staedte.de\/da\/dagsprogram-op-til-jul-vidunderlig-juletid\/\">\n        <div class=\"contentKachel-inner\">\n                            <div class=\"contentKachel-thumbnail\">\n                    <img loading=\"lazy\" decoding=\"async\" width=\"300\" height=\"165\" src=\"https:\/\/9staedte.de\/wp-content\/smush-webp\/2022\/07\/Weihnachtsmarkt-Hameln-copyright-HMT-300x165.jpg.webp\" class=\"objectfitcover withfilters wp-post-image\" alt=\"Billedet viser julemarkedet i Hameln. Mange mennesker g\u00e5r rundt mellem sm\u00e5, oplyste boder. I baggrunden er der gamle bindingsv\u00e6rkshuse og en stentrappebygning. Til h\u00f8jre ses et juletr\u00e6 med pynt og lys. Det er aften, og lysene skinner varmt. Stemningen er glad og festlig.\" srcset=\"https:\/\/9staedte.de\/wp-content\/smush-webp\/2022\/07\/Weihnachtsmarkt-Hameln-copyright-HMT-300x165.jpg.webp 300w, https:\/\/9staedte.de\/wp-content\/smush-webp\/2022\/07\/Weihnachtsmarkt-Hameln-copyright-HMT-768x422.jpg.webp 768w, https:\/\/9staedte.de\/wp-content\/smush-webp\/2022\/07\/Weihnachtsmarkt-Hameln-copyright-HMT.jpg.webp 1019w\" sizes=\"auto, (max-width: 300px) 100vw, 300px\" \/>                    <img loading=\"lazy\" decoding=\"async\" width=\"300\" height=\"165\" src=\"https:\/\/9staedte.de\/wp-content\/smush-webp\/2022\/07\/Weihnachtsmarkt-Hameln-copyright-HMT-300x165.jpg.webp\" class=\"objectfitcontain wp-post-image\" alt=\"Billedet viser julemarkedet i Hameln. Mange mennesker g\u00e5r rundt mellem sm\u00e5, oplyste boder. I baggrunden er der gamle bindingsv\u00e6rkshuse og en stentrappebygning. Til h\u00f8jre ses et juletr\u00e6 med pynt og lys. Det er aften, og lysene skinner varmt. Stemningen er glad og festlig.\" srcset=\"https:\/\/9staedte.de\/wp-content\/smush-webp\/2022\/07\/Weihnachtsmarkt-Hameln-copyright-HMT-300x165.jpg.webp 300w, https:\/\/9staedte.de\/wp-content\/smush-webp\/2022\/07\/Weihnachtsmarkt-Hameln-copyright-HMT-768x422.jpg.webp 768w, https:\/\/9staedte.de\/wp-content\/smush-webp\/2022\/07\/Weihnachtsmarkt-Hameln-copyright-HMT.jpg.webp 1019w\" sizes=\"auto, (max-width: 300px) 100vw, 300px\" \/>                        <div class=\"thumbnail-label\">\n    <span>Weihnachtsmarkt Hameln copyright HMT<\/span>\n    <\/div>\n                <\/div>\n                        <div class=\"contentKachel-content\">\n                                    <div class=\"city-tag bg-hameln\">\n                        Hameln                    <\/div>\n                \n                <div class=\"title\">\n\n                    Dagsprogram op til jul: Vidunderlig juletid                    \n                <\/div>\n\n                            <\/div>\n\n        <\/div>\n    <\/a>\n<\/div>                                            <\/div>\r\n    <\/div>\r\n","protected":false},"excerpt":{"rendered":"","protected":false},"author":1,"featured_media":12287,"parent":12667,"menu_order":0,"comment_status":"closed","ping_status":"closed","template":"pagetemplates\/template-stadtthema.php","meta":{"_acf_changed":false,"footnotes":""},"categories":[],"tags":[],"ncap_cities_tax":[448,1001],"class_list":["post-12282","page","type-page","status-publish","has-post-thumbnail","hentry","ncap_cities_tax-hameln-da","ncap_cities_tax-tagesprogramme-hameln-da"],"acf":[],"yoast_head":"<!-- This site is optimized with the Yoast SEO plugin v26.8 - https:\/\/yoast.com\/product\/yoast-seo-wordpress\/ -->\n<title>Dagsprogrammer i Hameln - 9 St\u00e4dte in Niedersachsen<\/title>\n<meta name=\"robots\" content=\"index, follow, max-snippet:-1, max-image-preview:large, max-video-preview:-1\" \/>\n<link rel=\"canonical\" href=\"https:\/\/9staedte.de\/da\/hameln-den-legendariske-rottefaengerby\/dagsprogrammer-i-hameln\/\" \/>\n<meta property=\"og:locale\" content=\"da_DK\" \/>\n<meta property=\"og:type\" content=\"article\" \/>\n<meta property=\"og:title\" content=\"Dagsprogrammer i Hameln - 9 St\u00e4dte in Niedersachsen\" \/>\n<meta property=\"og:url\" content=\"https:\/\/9staedte.de\/da\/hameln-den-legendariske-rottefaengerby\/dagsprogrammer-i-hameln\/\" \/>\n<meta property=\"og:site_name\" content=\"9 St\u00e4dte in Niedersachsen\" \/>\n<meta property=\"article:modified_time\" content=\"2023-10-25T13:38:12+00:00\" \/>\n<meta property=\"og:image\" content=\"https:\/\/9staedte.de\/wp-content\/uploads\/2023\/02\/Hameln-Weserschiff-c-Hameln-Marketing-und-Tourismus-GmbH.jpg\" \/>\n\t<meta property=\"og:image:width\" content=\"1020\" \/>\n\t<meta property=\"og:image:height\" content=\"558\" \/>\n\t<meta property=\"og:image:type\" content=\"image\/jpeg\" \/>\n<meta name=\"twitter:card\" content=\"summary_large_image\" \/>\n<script type=\"application\/ld+json\" class=\"yoast-schema-graph\">{\"@context\":\"https:\/\/schema.org\",\"@graph\":[{\"@type\":\"WebPage\",\"@id\":\"https:\/\/9staedte.de\/da\/hameln-den-legendariske-rottefaengerby\/dagsprogrammer-i-hameln\/\",\"url\":\"https:\/\/9staedte.de\/da\/hameln-den-legendariske-rottefaengerby\/dagsprogrammer-i-hameln\/\",\"name\":\"Dagsprogrammer i Hameln - 9 St\u00e4dte in Niedersachsen\",\"isPartOf\":{\"@id\":\"https:\/\/9staedte.de\/da\/#website\"},\"primaryImageOfPage\":{\"@id\":\"https:\/\/9staedte.de\/da\/hameln-den-legendariske-rottefaengerby\/dagsprogrammer-i-hameln\/#primaryimage\"},\"image\":{\"@id\":\"https:\/\/9staedte.de\/da\/hameln-den-legendariske-rottefaengerby\/dagsprogrammer-i-hameln\/#primaryimage\"},\"thumbnailUrl\":\"https:\/\/9staedte.de\/wp-content\/uploads\/2023\/02\/Hameln-Weserschiff-c-Hameln-Marketing-und-Tourismus-GmbH.jpg\",\"datePublished\":\"2023-10-25T10:26:43+00:00\",\"dateModified\":\"2023-10-25T13:38:12+00:00\",\"breadcrumb\":{\"@id\":\"https:\/\/9staedte.de\/da\/hameln-den-legendariske-rottefaengerby\/dagsprogrammer-i-hameln\/#breadcrumb\"},\"inLanguage\":\"da-DK\",\"potentialAction\":[{\"@type\":\"ReadAction\",\"target\":[\"https:\/\/9staedte.de\/da\/hameln-den-legendariske-rottefaengerby\/dagsprogrammer-i-hameln\/\"]}]},{\"@type\":\"ImageObject\",\"inLanguage\":\"da-DK\",\"@id\":\"https:\/\/9staedte.de\/da\/hameln-den-legendariske-rottefaengerby\/dagsprogrammer-i-hameln\/#primaryimage\",\"url\":\"https:\/\/9staedte.de\/wp-content\/uploads\/2023\/02\/Hameln-Weserschiff-c-Hameln-Marketing-und-Tourismus-GmbH.jpg\",\"contentUrl\":\"https:\/\/9staedte.de\/wp-content\/uploads\/2023\/02\/Hameln-Weserschiff-c-Hameln-Marketing-und-Tourismus-GmbH.jpg\",\"width\":1020,\"height\":558,\"caption\":\"Hameln Weserschiff c) Hameln Marketing und Tourismus GmbH\"},{\"@type\":\"BreadcrumbList\",\"@id\":\"https:\/\/9staedte.de\/da\/hameln-den-legendariske-rottefaengerby\/dagsprogrammer-i-hameln\/#breadcrumb\",\"itemListElement\":[{\"@type\":\"ListItem\",\"position\":1,\"name\":\"Startseite\",\"item\":\"https:\/\/9staedte.de\/da\/hjem-9-byer-2-i-niedersachsen\/\"},{\"@type\":\"ListItem\",\"position\":2,\"name\":\"Hameln &#8211; den legendariske rottef\u00e6ngerby\",\"item\":\"https:\/\/9staedte.de\/da\/hameln-den-legendariske-rottefaengerby\/\"},{\"@type\":\"ListItem\",\"position\":3,\"name\":\"Dagsprogrammer i Hameln\"}]},{\"@type\":\"WebSite\",\"@id\":\"https:\/\/9staedte.de\/da\/#website\",\"url\":\"https:\/\/9staedte.de\/da\/\",\"name\":\"9 St\u00e4dte in Niedersachsen\",\"description\":\"\",\"publisher\":{\"@id\":\"https:\/\/9staedte.de\/da\/#organization\"},\"potentialAction\":[{\"@type\":\"SearchAction\",\"target\":{\"@type\":\"EntryPoint\",\"urlTemplate\":\"https:\/\/9staedte.de\/da\/?s={search_term_string}\"},\"query-input\":{\"@type\":\"PropertyValueSpecification\",\"valueRequired\":true,\"valueName\":\"search_term_string\"}}],\"inLanguage\":\"da-DK\"},{\"@type\":\"Organization\",\"@id\":\"https:\/\/9staedte.de\/da\/#organization\",\"name\":\"9 St\u00e4dte in Niedersachsen\",\"url\":\"https:\/\/9staedte.de\/da\/\",\"logo\":{\"@type\":\"ImageObject\",\"inLanguage\":\"da-DK\",\"@id\":\"https:\/\/9staedte.de\/da\/#\/schema\/logo\/image\/\",\"url\":\"https:\/\/9staedte.de\/wp-content\/uploads\/2025\/01\/9-neg-deutsch-2-1.png\",\"contentUrl\":\"https:\/\/9staedte.de\/wp-content\/uploads\/2025\/01\/9-neg-deutsch-2-1.png\",\"width\":190,\"height\":114,\"caption\":\"9 St\u00e4dte in Niedersachsen\"},\"image\":{\"@id\":\"https:\/\/9staedte.de\/da\/#\/schema\/logo\/image\/\"}}]}<\/script>\n<!-- \/ Yoast SEO plugin. -->","yoast_head_json":{"title":"Dagsprogrammer i Hameln - 9 St\u00e4dte in Niedersachsen","robots":{"index":"index","follow":"follow","max-snippet":"max-snippet:-1","max-image-preview":"max-image-preview:large","max-video-preview":"max-video-preview:-1"},"canonical":"https:\/\/9staedte.de\/da\/hameln-den-legendariske-rottefaengerby\/dagsprogrammer-i-hameln\/","og_locale":"da_DK","og_type":"article","og_title":"Dagsprogrammer i Hameln - 9 St\u00e4dte in Niedersachsen","og_url":"https:\/\/9staedte.de\/da\/hameln-den-legendariske-rottefaengerby\/dagsprogrammer-i-hameln\/","og_site_name":"9 St\u00e4dte in Niedersachsen","article_modified_time":"2023-10-25T13:38:12+00:00","og_image":[{"width":1020,"height":558,"url":"https:\/\/9staedte.de\/wp-content\/uploads\/2023\/02\/Hameln-Weserschiff-c-Hameln-Marketing-und-Tourismus-GmbH.jpg","type":"image\/jpeg"}],"twitter_card":"summary_large_image","schema":{"@context":"https:\/\/schema.org","@graph":[{"@type":"WebPage","@id":"https:\/\/9staedte.de\/da\/hameln-den-legendariske-rottefaengerby\/dagsprogrammer-i-hameln\/","url":"https:\/\/9staedte.de\/da\/hameln-den-legendariske-rottefaengerby\/dagsprogrammer-i-hameln\/","name":"Dagsprogrammer i Hameln - 9 St\u00e4dte in Niedersachsen","isPartOf":{"@id":"https:\/\/9staedte.de\/da\/#website"},"primaryImageOfPage":{"@id":"https:\/\/9staedte.de\/da\/hameln-den-legendariske-rottefaengerby\/dagsprogrammer-i-hameln\/#primaryimage"},"image":{"@id":"https:\/\/9staedte.de\/da\/hameln-den-legendariske-rottefaengerby\/dagsprogrammer-i-hameln\/#primaryimage"},"thumbnailUrl":"https:\/\/9staedte.de\/wp-content\/uploads\/2023\/02\/Hameln-Weserschiff-c-Hameln-Marketing-und-Tourismus-GmbH.jpg","datePublished":"2023-10-25T10:26:43+00:00","dateModified":"2023-10-25T13:38:12+00:00","breadcrumb":{"@id":"https:\/\/9staedte.de\/da\/hameln-den-legendariske-rottefaengerby\/dagsprogrammer-i-hameln\/#breadcrumb"},"inLanguage":"da-DK","potentialAction":[{"@type":"ReadAction","target":["https:\/\/9staedte.de\/da\/hameln-den-legendariske-rottefaengerby\/dagsprogrammer-i-hameln\/"]}]},{"@type":"ImageObject","inLanguage":"da-DK","@id":"https:\/\/9staedte.de\/da\/hameln-den-legendariske-rottefaengerby\/dagsprogrammer-i-hameln\/#primaryimage","url":"https:\/\/9staedte.de\/wp-content\/uploads\/2023\/02\/Hameln-Weserschiff-c-Hameln-Marketing-und-Tourismus-GmbH.jpg","contentUrl":"https:\/\/9staedte.de\/wp-content\/uploads\/2023\/02\/Hameln-Weserschiff-c-Hameln-Marketing-und-Tourismus-GmbH.jpg","width":1020,"height":558,"caption":"Hameln Weserschiff c) Hameln Marketing und Tourismus GmbH"},{"@type":"BreadcrumbList","@id":"https:\/\/9staedte.de\/da\/hameln-den-legendariske-rottefaengerby\/dagsprogrammer-i-hameln\/#breadcrumb","itemListElement":[{"@type":"ListItem","position":1,"name":"Startseite","item":"https:\/\/9staedte.de\/da\/hjem-9-byer-2-i-niedersachsen\/"},{"@type":"ListItem","position":2,"name":"Hameln &#8211; den legendariske rottef\u00e6ngerby","item":"https:\/\/9staedte.de\/da\/hameln-den-legendariske-rottefaengerby\/"},{"@type":"ListItem","position":3,"name":"Dagsprogrammer i Hameln"}]},{"@type":"WebSite","@id":"https:\/\/9staedte.de\/da\/#website","url":"https:\/\/9staedte.de\/da\/","name":"9 St\u00e4dte in Niedersachsen","description":"","publisher":{"@id":"https:\/\/9staedte.de\/da\/#organization"},"potentialAction":[{"@type":"SearchAction","target":{"@type":"EntryPoint","urlTemplate":"https:\/\/9staedte.de\/da\/?s={search_term_string}"},"query-input":{"@type":"PropertyValueSpecification","valueRequired":true,"valueName":"search_term_string"}}],"inLanguage":"da-DK"},{"@type":"Organization","@id":"https:\/\/9staedte.de\/da\/#organization","name":"9 St\u00e4dte in Niedersachsen","url":"https:\/\/9staedte.de\/da\/","logo":{"@type":"ImageObject","inLanguage":"da-DK","@id":"https:\/\/9staedte.de\/da\/#\/schema\/logo\/image\/","url":"https:\/\/9staedte.de\/wp-content\/uploads\/2025\/01\/9-neg-deutsch-2-1.png","contentUrl":"https:\/\/9staedte.de\/wp-content\/uploads\/2025\/01\/9-neg-deutsch-2-1.png","width":190,"height":114,"caption":"9 St\u00e4dte in Niedersachsen"},"image":{"@id":"https:\/\/9staedte.de\/da\/#\/schema\/logo\/image\/"}}]}},"_links":{"self":[{"href":"https:\/\/9staedte.de\/da\/wp-json\/wp\/v2\/pages\/12282","targetHints":{"allow":["GET"]}}],"collection":[{"href":"https:\/\/9staedte.de\/da\/wp-json\/wp\/v2\/pages"}],"about":[{"href":"https:\/\/9staedte.de\/da\/wp-json\/wp\/v2\/types\/page"}],"author":[{"embeddable":true,"href":"https:\/\/9staedte.de\/da\/wp-json\/wp\/v2\/users\/1"}],"replies":[{"embeddable":true,"href":"https:\/\/9staedte.de\/da\/wp-json\/wp\/v2\/comments?post=12282"}],"version-history":[{"count":1,"href":"https:\/\/9staedte.de\/da\/wp-json\/wp\/v2\/pages\/12282\/revisions"}],"predecessor-version":[{"id":12290,"href":"https:\/\/9staedte.de\/da\/wp-json\/wp\/v2\/pages\/12282\/revisions\/12290"}],"up":[{"embeddable":true,"href":"https:\/\/9staedte.de\/da\/wp-json\/wp\/v2\/pages\/12667"}],"wp:featuredmedia":[{"embeddable":true,"href":"https:\/\/9staedte.de\/da\/wp-json\/wp\/v2\/media\/12287"}],"wp:attachment":[{"href":"https:\/\/9staedte.de\/da\/wp-json\/wp\/v2\/media?parent=12282"}],"wp:term":[{"taxonomy":"category","embeddable":true,"href":"https:\/\/9staedte.de\/da\/wp-json\/wp\/v2\/categories?post=12282"},{"taxonomy":"post_tag","embeddable":true,"href":"https:\/\/9staedte.de\/da\/wp-json\/wp\/v2\/tags?post=12282"},{"taxonomy":"ncap_cities_tax","embeddable":true,"href":"https:\/\/9staedte.de\/da\/wp-json\/wp\/v2\/ncap_cities_tax?post=12282"}],"curies":[{"name":"wp","href":"https:\/\/api.w.org\/{rel}","templated":true}]}}