{"id":12280,"date":"2023-10-25T12:25:56","date_gmt":"2023-10-25T10:25:56","guid":{"rendered":"https:\/\/9staedte.de\/konferencer-og-kongresser-i-goslar\/"},"modified":"2024-05-08T15:25:37","modified_gmt":"2024-05-08T13:25:37","slug":"konferencer-og-kongresser-i-goslar","status":"publish","type":"page","link":"https:\/\/9staedte.de\/da\/goslar-verdensarvsomraade-i-harzen\/konferencer-og-kongresser-i-goslar\/","title":{"rendered":"Konferencer og kongresser i Goslar"},"content":{"rendered":"\n<h2 class=\"wp-block-heading\">Konferencer og kongresser i Goslar, der er p\u00e5 UNESCO&#8217;s verdensarvsliste<\/h2>\n\n\n\n<p><strong>Konferencer og kongresser i Goslar, der er p\u00e5 UNESCO&#8217;s verdensarvsliste:<\/strong><\/p>\n\n\n\n<p>Tag p\u00e5 konference og ophold i Goslar, som er p\u00e5 UNESCO&#8217;s verdensarvsliste, og bliv inspireret af de fremragende muligheder for at afholde vellykkede arrangementer i ekstraordin\u00e6re omgivelser. Alle sev\u00e6rdigheder, eventsteder og konferencesteder ligger inden for g\u00e5afstand.<br>At udvide perspektiver, opbygge teams, tr\u00e6ne individuelle f\u00e6rdigheder, forst\u00e5 problemer og finde l\u00f8sninger &#8211; v\u00e6k fra de store byomr\u00e5der finder du en dr\u00f8mmekombination af historie i gamle bymure og den rene natur i Harzen. Den scene, hvor verdenshistorien engang blev skrevet, er \u00e5ben for dig.<\/p>\n\n\n\n\n<div class=\"banner-wrapper\">\n  <div class=\"banner-inner \">\n      <div class=\"img-container\">\n      <div class=\"img-wrapper\">\n        <img decoding=\"async\" src=\"https:\/\/9staedte.de\/wp-content\/smush-webp\/2023\/02\/Tagung-in-Goslar-Grosses-Heiliges-Kreuz.jpg.webp\" alt=\"Billedet viser en stor sal med gamle tr\u00e6bj\u00e6lker. Mange mennesker sidder ved lange borde. Der er mad og drikke p\u00e5 bordene. En mand holder en tale ved en talerstol. V\u00e6ggene er gamle og af sten. Rummet hedder: Det Store Hellige Kors i Goslar. Det er en begivenhed eller konference.\" \/>\n                  <div class=\"thumbnail-label\">\n            <span>Tagung in Goslar Gro\u00dfes Heiliges Kreuz<\/span>\n          <\/div>\n              <\/div>\n    <\/div>\n        <div class=\"text-container\">\n      <div class=\"content\">\n        <h3>9 Tipps f\u00fcr Ihre Veranstaltung in Goslar<\/h3>\n<p>&#8211; Hotel Der ACHTERMANN \u2013 Das historische Haus mit besonderem Ambiente, welches Tradition und Moderne geschmackvoll vereint, liegt zentral an der Fu\u00dfg\u00e4ngerzone und in Bahnhofsn\u00e4he.<br \/>\n\u2013 Hotel Nieders\u00e4chsischer Hof \u2013 Das stilvolle, traditionsreiche Haus wurde in Zusammenarbeit mit dem bekannten M\u00f6nchehaus Museum f\u00fcr Moderne Kunst mit vielen Kunstwerken ausgestattet und liegt zentral, dem Bahnhofsplatz gegen\u00fcber.<br \/>\n\u2013 Hotel &amp; Restaurant Schiefer \u2013 Das Hotel &amp; Restaurant Schiefer bietet Ihnen ein atemberaubendes Wohnerlebnis am historischen Marktplatz und die besten Voraussetzungen f\u00fcr Tagungen und Seminare.<br \/>\n\u2013 Klosterhotel W\u00f6ltingerode \u2013 Schon aus Tradition ist das Kloster ein Ort der Begegnung und bietet viel Platz zum Tagen und Arbeiten. Das stimmungsvolle Ambiente der Tagungsr\u00e4ume l\u00e4dt Sie ein.<\/p>\n<p>Au\u00dfergew\u00f6hnliche Tagungslocations:<br \/>\n\u2013 UNESCO Weltkulturerbe Rammelsberg \u2013 Erleben Sie das besondere Highlight: Tagen untertage! (max.  650 Personen)<br \/>\n&#8211; Kaiserpfalz \u2013 Tagen, wo einst die Kaiser Weltgeschichte schrieben. (Max. 515 Personen)<br \/>\nTipp: Als Alternative f\u00fcr kleinere Veranstaltungen steht der 120 qm gro\u00dfe \u201eWintersaal\u201c zur Verf\u00fcgung. (max. 515 Personen)<br \/>\n&#8211;  Gro\u00dfes Heiliges Kreuz \u2013 Die \u201eD\u00e4le\u201c des Gro\u00dfen Heiligen Kreuzes bietet eine unvergleichliche Atmosph\u00e4re f\u00fcr Ihre Veranstaltung. (max. 99 Personen)<br \/>\n&#8211; Siemenshaus \u2013  Tagen Sie im 1693 erbauten Stammsitz der Industriellenfamilie und eines der gr\u00f6\u00dften B\u00fcrgerh\u00e4user der Stadt. (max. 50 Personen)<\/p>\n      <\/div>\n    <\/div>\n    <\/div>\n<\/div>\n\n","protected":false},"excerpt":{"rendered":"<p>Konferencer og kongresser i Goslar, der er p\u00e5 UNESCO&#8217;s verdensarvsliste Konferencer og kongresser i Goslar, der er p\u00e5 UNESCO&#8217;s verdensarvsliste: Tag p\u00e5 konference og ophold i Goslar, som er p\u00e5 UNESCO&#8217;s verdensarvsliste, og bliv inspireret af de fremragende muligheder for at afholde vellykkede arrangementer i ekstraordin\u00e6re omgivelser. Alle sev\u00e6rdigheder, eventsteder og konferencesteder ligger inden for [&hellip;]<\/p>\n","protected":false},"author":1,"featured_media":12286,"parent":12640,"menu_order":0,"comment_status":"closed","ping_status":"closed","template":"pagetemplates\/template-stadtthema.php","meta":{"_acf_changed":false,"footnotes":""},"categories":[],"tags":[],"ncap_cities_tax":[441,1148],"class_list":["post-12280","page","type-page","status-publish","has-post-thumbnail","hentry","ncap_cities_tax-goslar-da","ncap_cities_tax-tagungen-und-kongresse-goslar-da"],"acf":[],"yoast_head":"<!-- This site is optimized with the Yoast SEO plugin v26.8 - https:\/\/yoast.com\/product\/yoast-seo-wordpress\/ -->\n<title>Konferencer og kongresser i Goslar - 9 St\u00e4dte in Niedersachsen<\/title>\n<meta name=\"robots\" content=\"index, follow, max-snippet:-1, max-image-preview:large, max-video-preview:-1\" \/>\n<link rel=\"canonical\" href=\"https:\/\/9staedte.de\/da\/goslar-verdensarvsomraade-i-harzen\/konferencer-og-kongresser-i-goslar\/\" \/>\n<meta property=\"og:locale\" content=\"da_DK\" \/>\n<meta property=\"og:type\" content=\"article\" \/>\n<meta property=\"og:title\" content=\"Konferencer og kongresser i Goslar - 9 St\u00e4dte in Niedersachsen\" \/>\n<meta property=\"og:description\" content=\"Konferencer og kongresser i Goslar, der er p\u00e5 UNESCO&#8217;s verdensarvsliste Konferencer og kongresser i Goslar, der er p\u00e5 UNESCO&#8217;s verdensarvsliste: Tag p\u00e5 konference og ophold i Goslar, som er p\u00e5 UNESCO&#8217;s verdensarvsliste, og bliv inspireret af de fremragende muligheder for at afholde vellykkede arrangementer i ekstraordin\u00e6re omgivelser. Alle sev\u00e6rdigheder, eventsteder og konferencesteder ligger inden for [&hellip;]\" \/>\n<meta property=\"og:url\" content=\"https:\/\/9staedte.de\/da\/goslar-verdensarvsomraade-i-harzen\/konferencer-og-kongresser-i-goslar\/\" \/>\n<meta property=\"og:site_name\" content=\"9 St\u00e4dte in Niedersachsen\" \/>\n<meta property=\"article:modified_time\" content=\"2024-05-08T13:25:37+00:00\" \/>\n<meta property=\"og:image\" content=\"https:\/\/9staedte.de\/wp-content\/uploads\/2023\/02\/Goslar-Kaiserpfalz-c-GOSLAR-marketing-gmbh-Fotograf-Stefan-Schiefer.jpg\" \/>\n\t<meta property=\"og:image:width\" content=\"1020\" \/>\n\t<meta property=\"og:image:height\" content=\"559\" \/>\n\t<meta property=\"og:image:type\" content=\"image\/jpeg\" \/>\n<meta name=\"twitter:card\" content=\"summary_large_image\" \/>\n<meta name=\"twitter:label1\" content=\"Estimeret l\u00e6setid\" \/>\n\t<meta name=\"twitter:data1\" content=\"1 minut\" \/>\n<script type=\"application\/ld+json\" class=\"yoast-schema-graph\">{\"@context\":\"https:\/\/schema.org\",\"@graph\":[{\"@type\":\"WebPage\",\"@id\":\"https:\/\/9staedte.de\/da\/goslar-verdensarvsomraade-i-harzen\/konferencer-og-kongresser-i-goslar\/\",\"url\":\"https:\/\/9staedte.de\/da\/goslar-verdensarvsomraade-i-harzen\/konferencer-og-kongresser-i-goslar\/\",\"name\":\"Konferencer og kongresser i Goslar - 9 St\u00e4dte in Niedersachsen\",\"isPartOf\":{\"@id\":\"https:\/\/9staedte.de\/da\/#website\"},\"primaryImageOfPage\":{\"@id\":\"https:\/\/9staedte.de\/da\/goslar-verdensarvsomraade-i-harzen\/konferencer-og-kongresser-i-goslar\/#primaryimage\"},\"image\":{\"@id\":\"https:\/\/9staedte.de\/da\/goslar-verdensarvsomraade-i-harzen\/konferencer-og-kongresser-i-goslar\/#primaryimage\"},\"thumbnailUrl\":\"https:\/\/9staedte.de\/wp-content\/uploads\/2023\/02\/Goslar-Kaiserpfalz-c-GOSLAR-marketing-gmbh-Fotograf-Stefan-Schiefer.jpg\",\"datePublished\":\"2023-10-25T10:25:56+00:00\",\"dateModified\":\"2024-05-08T13:25:37+00:00\",\"breadcrumb\":{\"@id\":\"https:\/\/9staedte.de\/da\/goslar-verdensarvsomraade-i-harzen\/konferencer-og-kongresser-i-goslar\/#breadcrumb\"},\"inLanguage\":\"da-DK\",\"potentialAction\":[{\"@type\":\"ReadAction\",\"target\":[\"https:\/\/9staedte.de\/da\/goslar-verdensarvsomraade-i-harzen\/konferencer-og-kongresser-i-goslar\/\"]}]},{\"@type\":\"ImageObject\",\"inLanguage\":\"da-DK\",\"@id\":\"https:\/\/9staedte.de\/da\/goslar-verdensarvsomraade-i-harzen\/konferencer-og-kongresser-i-goslar\/#primaryimage\",\"url\":\"https:\/\/9staedte.de\/wp-content\/uploads\/2023\/02\/Goslar-Kaiserpfalz-c-GOSLAR-marketing-gmbh-Fotograf-Stefan-Schiefer.jpg\",\"contentUrl\":\"https:\/\/9staedte.de\/wp-content\/uploads\/2023\/02\/Goslar-Kaiserpfalz-c-GOSLAR-marketing-gmbh-Fotograf-Stefan-Schiefer.jpg\",\"width\":1020,\"height\":559,\"caption\":\"Goslar Kaiserpfalz c) GOSLAR marketing gmbh Fotograf Stefan Schiefer\"},{\"@type\":\"BreadcrumbList\",\"@id\":\"https:\/\/9staedte.de\/da\/goslar-verdensarvsomraade-i-harzen\/konferencer-og-kongresser-i-goslar\/#breadcrumb\",\"itemListElement\":[{\"@type\":\"ListItem\",\"position\":1,\"name\":\"Startseite\",\"item\":\"https:\/\/9staedte.de\/da\/hjem-9-byer-2-i-niedersachsen\/\"},{\"@type\":\"ListItem\",\"position\":2,\"name\":\"Goslar &#8211; verdensarvsomr\u00e5de i Harzen\",\"item\":\"https:\/\/9staedte.de\/da\/goslar-verdensarvsomraade-i-harzen\/\"},{\"@type\":\"ListItem\",\"position\":3,\"name\":\"Konferencer og kongresser i Goslar\"}]},{\"@type\":\"WebSite\",\"@id\":\"https:\/\/9staedte.de\/da\/#website\",\"url\":\"https:\/\/9staedte.de\/da\/\",\"name\":\"9 St\u00e4dte in Niedersachsen\",\"description\":\"\",\"publisher\":{\"@id\":\"https:\/\/9staedte.de\/da\/#organization\"},\"potentialAction\":[{\"@type\":\"SearchAction\",\"target\":{\"@type\":\"EntryPoint\",\"urlTemplate\":\"https:\/\/9staedte.de\/da\/?s={search_term_string}\"},\"query-input\":{\"@type\":\"PropertyValueSpecification\",\"valueRequired\":true,\"valueName\":\"search_term_string\"}}],\"inLanguage\":\"da-DK\"},{\"@type\":\"Organization\",\"@id\":\"https:\/\/9staedte.de\/da\/#organization\",\"name\":\"9 St\u00e4dte in Niedersachsen\",\"url\":\"https:\/\/9staedte.de\/da\/\",\"logo\":{\"@type\":\"ImageObject\",\"inLanguage\":\"da-DK\",\"@id\":\"https:\/\/9staedte.de\/da\/#\/schema\/logo\/image\/\",\"url\":\"https:\/\/9staedte.de\/wp-content\/uploads\/2025\/01\/9-neg-deutsch-2-1.png\",\"contentUrl\":\"https:\/\/9staedte.de\/wp-content\/uploads\/2025\/01\/9-neg-deutsch-2-1.png\",\"width\":190,\"height\":114,\"caption\":\"9 St\u00e4dte in Niedersachsen\"},\"image\":{\"@id\":\"https:\/\/9staedte.de\/da\/#\/schema\/logo\/image\/\"}}]}<\/script>\n<!-- \/ Yoast SEO plugin. -->","yoast_head_json":{"title":"Konferencer og kongresser i Goslar - 9 St\u00e4dte in Niedersachsen","robots":{"index":"index","follow":"follow","max-snippet":"max-snippet:-1","max-image-preview":"max-image-preview:large","max-video-preview":"max-video-preview:-1"},"canonical":"https:\/\/9staedte.de\/da\/goslar-verdensarvsomraade-i-harzen\/konferencer-og-kongresser-i-goslar\/","og_locale":"da_DK","og_type":"article","og_title":"Konferencer og kongresser i Goslar - 9 St\u00e4dte in Niedersachsen","og_description":"Konferencer og kongresser i Goslar, der er p\u00e5 UNESCO&#8217;s verdensarvsliste Konferencer og kongresser i Goslar, der er p\u00e5 UNESCO&#8217;s verdensarvsliste: Tag p\u00e5 konference og ophold i Goslar, som er p\u00e5 UNESCO&#8217;s verdensarvsliste, og bliv inspireret af de fremragende muligheder for at afholde vellykkede arrangementer i ekstraordin\u00e6re omgivelser. Alle sev\u00e6rdigheder, eventsteder og konferencesteder ligger inden for [&hellip;]","og_url":"https:\/\/9staedte.de\/da\/goslar-verdensarvsomraade-i-harzen\/konferencer-og-kongresser-i-goslar\/","og_site_name":"9 St\u00e4dte in Niedersachsen","article_modified_time":"2024-05-08T13:25:37+00:00","og_image":[{"width":1020,"height":559,"url":"https:\/\/9staedte.de\/wp-content\/uploads\/2023\/02\/Goslar-Kaiserpfalz-c-GOSLAR-marketing-gmbh-Fotograf-Stefan-Schiefer.jpg","type":"image\/jpeg"}],"twitter_card":"summary_large_image","twitter_misc":{"Estimeret l\u00e6setid":"1 minut"},"schema":{"@context":"https:\/\/schema.org","@graph":[{"@type":"WebPage","@id":"https:\/\/9staedte.de\/da\/goslar-verdensarvsomraade-i-harzen\/konferencer-og-kongresser-i-goslar\/","url":"https:\/\/9staedte.de\/da\/goslar-verdensarvsomraade-i-harzen\/konferencer-og-kongresser-i-goslar\/","name":"Konferencer og kongresser i Goslar - 9 St\u00e4dte in Niedersachsen","isPartOf":{"@id":"https:\/\/9staedte.de\/da\/#website"},"primaryImageOfPage":{"@id":"https:\/\/9staedte.de\/da\/goslar-verdensarvsomraade-i-harzen\/konferencer-og-kongresser-i-goslar\/#primaryimage"},"image":{"@id":"https:\/\/9staedte.de\/da\/goslar-verdensarvsomraade-i-harzen\/konferencer-og-kongresser-i-goslar\/#primaryimage"},"thumbnailUrl":"https:\/\/9staedte.de\/wp-content\/uploads\/2023\/02\/Goslar-Kaiserpfalz-c-GOSLAR-marketing-gmbh-Fotograf-Stefan-Schiefer.jpg","datePublished":"2023-10-25T10:25:56+00:00","dateModified":"2024-05-08T13:25:37+00:00","breadcrumb":{"@id":"https:\/\/9staedte.de\/da\/goslar-verdensarvsomraade-i-harzen\/konferencer-og-kongresser-i-goslar\/#breadcrumb"},"inLanguage":"da-DK","potentialAction":[{"@type":"ReadAction","target":["https:\/\/9staedte.de\/da\/goslar-verdensarvsomraade-i-harzen\/konferencer-og-kongresser-i-goslar\/"]}]},{"@type":"ImageObject","inLanguage":"da-DK","@id":"https:\/\/9staedte.de\/da\/goslar-verdensarvsomraade-i-harzen\/konferencer-og-kongresser-i-goslar\/#primaryimage","url":"https:\/\/9staedte.de\/wp-content\/uploads\/2023\/02\/Goslar-Kaiserpfalz-c-GOSLAR-marketing-gmbh-Fotograf-Stefan-Schiefer.jpg","contentUrl":"https:\/\/9staedte.de\/wp-content\/uploads\/2023\/02\/Goslar-Kaiserpfalz-c-GOSLAR-marketing-gmbh-Fotograf-Stefan-Schiefer.jpg","width":1020,"height":559,"caption":"Goslar Kaiserpfalz c) GOSLAR marketing gmbh Fotograf Stefan Schiefer"},{"@type":"BreadcrumbList","@id":"https:\/\/9staedte.de\/da\/goslar-verdensarvsomraade-i-harzen\/konferencer-og-kongresser-i-goslar\/#breadcrumb","itemListElement":[{"@type":"ListItem","position":1,"name":"Startseite","item":"https:\/\/9staedte.de\/da\/hjem-9-byer-2-i-niedersachsen\/"},{"@type":"ListItem","position":2,"name":"Goslar &#8211; verdensarvsomr\u00e5de i Harzen","item":"https:\/\/9staedte.de\/da\/goslar-verdensarvsomraade-i-harzen\/"},{"@type":"ListItem","position":3,"name":"Konferencer og kongresser i Goslar"}]},{"@type":"WebSite","@id":"https:\/\/9staedte.de\/da\/#website","url":"https:\/\/9staedte.de\/da\/","name":"9 St\u00e4dte in Niedersachsen","description":"","publisher":{"@id":"https:\/\/9staedte.de\/da\/#organization"},"potentialAction":[{"@type":"SearchAction","target":{"@type":"EntryPoint","urlTemplate":"https:\/\/9staedte.de\/da\/?s={search_term_string}"},"query-input":{"@type":"PropertyValueSpecification","valueRequired":true,"valueName":"search_term_string"}}],"inLanguage":"da-DK"},{"@type":"Organization","@id":"https:\/\/9staedte.de\/da\/#organization","name":"9 St\u00e4dte in Niedersachsen","url":"https:\/\/9staedte.de\/da\/","logo":{"@type":"ImageObject","inLanguage":"da-DK","@id":"https:\/\/9staedte.de\/da\/#\/schema\/logo\/image\/","url":"https:\/\/9staedte.de\/wp-content\/uploads\/2025\/01\/9-neg-deutsch-2-1.png","contentUrl":"https:\/\/9staedte.de\/wp-content\/uploads\/2025\/01\/9-neg-deutsch-2-1.png","width":190,"height":114,"caption":"9 St\u00e4dte in Niedersachsen"},"image":{"@id":"https:\/\/9staedte.de\/da\/#\/schema\/logo\/image\/"}}]}},"_links":{"self":[{"href":"https:\/\/9staedte.de\/da\/wp-json\/wp\/v2\/pages\/12280","targetHints":{"allow":["GET"]}}],"collection":[{"href":"https:\/\/9staedte.de\/da\/wp-json\/wp\/v2\/pages"}],"about":[{"href":"https:\/\/9staedte.de\/da\/wp-json\/wp\/v2\/types\/page"}],"author":[{"embeddable":true,"href":"https:\/\/9staedte.de\/da\/wp-json\/wp\/v2\/users\/1"}],"replies":[{"embeddable":true,"href":"https:\/\/9staedte.de\/da\/wp-json\/wp\/v2\/comments?post=12280"}],"version-history":[{"count":3,"href":"https:\/\/9staedte.de\/da\/wp-json\/wp\/v2\/pages\/12280\/revisions"}],"predecessor-version":[{"id":22283,"href":"https:\/\/9staedte.de\/da\/wp-json\/wp\/v2\/pages\/12280\/revisions\/22283"}],"up":[{"embeddable":true,"href":"https:\/\/9staedte.de\/da\/wp-json\/wp\/v2\/pages\/12640"}],"wp:featuredmedia":[{"embeddable":true,"href":"https:\/\/9staedte.de\/da\/wp-json\/wp\/v2\/media\/12286"}],"wp:attachment":[{"href":"https:\/\/9staedte.de\/da\/wp-json\/wp\/v2\/media?parent=12280"}],"wp:term":[{"taxonomy":"category","embeddable":true,"href":"https:\/\/9staedte.de\/da\/wp-json\/wp\/v2\/categories?post=12280"},{"taxonomy":"post_tag","embeddable":true,"href":"https:\/\/9staedte.de\/da\/wp-json\/wp\/v2\/tags?post=12280"},{"taxonomy":"ncap_cities_tax","embeddable":true,"href":"https:\/\/9staedte.de\/da\/wp-json\/wp\/v2\/ncap_cities_tax?post=12280"}],"curies":[{"name":"wp","href":"https:\/\/api.w.org\/{rel}","templated":true}]}}