{"id":12278,"date":"2023-10-25T12:26:45","date_gmt":"2023-10-25T10:26:45","guid":{"rendered":"https:\/\/9staedte.de\/information-om-rejseleder-og-udflugter-i-hameln\/"},"modified":"2023-10-25T15:38:44","modified_gmt":"2023-10-25T13:38:44","slug":"information-om-rejseleder-og-udflugter-i-hameln","status":"publish","type":"page","link":"https:\/\/9staedte.de\/da\/hameln-den-legendariske-rottefaengerby\/information-om-rejseleder-og-udflugter-i-hameln\/","title":{"rendered":"Information om rejseleder og udflugter i Hameln"},"content":{"rendered":"\n<h2 class=\"wp-block-heading\">Book din tur til Weserbergland  <\/h2>\n\n\n\n<p>Hameln Marketing und Tourismus GmbH arrangerer gerne rejseledere til busture og cykelture<br>eller vandreture i Weserbergland. Emnerne omfatter legender og eventyr, Weser-ren\u00e6ssancen og kirker.<\/p>\n\n\n\n<p><\/p>\n\n\n\n<h3 class=\"wp-block-heading\">Weserbergland betragtes som et land for opdagelsesrejsende&#8230;<\/h3>\n\n\n\n<p>&#8230;her finder du ikke kun uanede steder, hvor du kan slappe af, men ogs\u00e5 attraktive fritidsmuligheder. Smukt dekorerede bindingsv\u00e6rksbyer i et idyllisk lavbjergslandskab formet af Weser \u00e5bner op for en bred vifte af tilbud til ferieg\u00e6sten.<\/p>\n\n\n\n<p>Et netv\u00e6rk af velafm\u00e6rkede vandre- og cykelstier omgiver Hameln og forbinder Pied Piper-byen med attraktive lokale rekreative omr\u00e5der langs Weser. Popul\u00e6re destinationer for vandrere er S\u00fcntel Tower og Hohenstein n\u00e6r Hessisch Oldendorf.<\/p>\n\n\n\n<p>Langdistancecykelruten Weser er meget attraktiv og tilsvarende popul\u00e6r. Den passerer gennem Hameln p\u00e5 sin 450 km lange rute fra Hannoversch M\u00fcnden til Bremerhaven og bruges af omkring 150.000 cykelturister om \u00e5ret. If\u00f8lge Allgemeiner Deutscher Fahrradclub (ADFC) har Weser-cykelruten i \u00e5revis v\u00e6ret den mest popul\u00e6re langdistance-cykelrute i Tyskland.<\/p>\n\n\n\n<p>Et h\u00f8jdepunkt i Weserbergland er slottet H\u00e4melschenburg n\u00e6r Hameln. Det blev bygget i 1588 som et vandslot i Weser-ren\u00e6ssancestil og anses for at v\u00e6re et af de smukkeste slotte i Nordtyskland.<\/p>\n\n\n\n<p>Fischbeck Abbey i Hessich Oldendorf med sit ber\u00f8mte v\u00e6gt\u00e6ppe fra 1583 er ogs\u00e5 v\u00e6rd at se. Klosteret kan bes\u00f8ges dagligt fra april til oktober, undtagen om mandagen.<\/p>\n\n\n\n<p>Andre sev\u00e6rdige udflugtsm\u00e5l i Weserbergland er kurbyen Bad Pyrmont med sin store spahave og palmehave (den st\u00f8rste udend\u00f8rs palmehave nord for Alperne), M\u00fcnchhausen-byen Bodenwerder, Rinteln, B\u00fcckeburg og Holzminden.<\/p>\n\n\n\n<p>Ca. 60 km syd for Hameln ligger F\u00fcrstenberg, som er hjemsted for en af Europas \u00e6ldste porcel\u00e6nsfabrikker i et smukt Weser-ren\u00e6ssanceslot. Museets udstilling om over 250 \u00e5rs produktionshistorie er v\u00e6rd at se. Ikke langt derfra, p\u00e5 den anden side af Weser, ligger Corvey Castle, som er et bes\u00f8g v\u00e6rd.<\/p>\n\n\n\n<p>Weserbergland krydses af den tyske bindingsv\u00e6rksvej, Wesers ren\u00e6ssancevej og den tyske eventyrvej.<\/p>\n\n\n\n<p>Weserbergland betragtes som et land med eventyr og legender. Ud over Rottef\u00e6ngerens friluftsspil og musicalen &#8220;Rotterne&#8221; i Hameln opf\u00f8res der ogs\u00e5 andre friluftsspil: M\u00fcnchhausen-spillet i Bodenwerder, Askepot-spillet i Polle, Hans og Grete i H\u00f6xter og Doktor Jernsk\u00e6g-spillet i Hann. M\u00fcnden.<\/p>\n\n\n\n<p>Omkring 25 km \u00f8st for Hameln kan store og sm\u00e5 f\u00e5 noget for pengene i forlystelsesparken Rastiland. Et bes\u00f8g p\u00e5 k\u00e6lkebakken i Bodenwerder (23 km mod syd) lover ogs\u00e5 masser af sjov.<\/p>\n\n\n\n<p>Yderligere oplysninger om Hamelns attraktive omgivelser kan f\u00e5s hos <a href=\"https:\/\/www.weserbergland-tourismus.de\/de\/\" target=\"_blank\" rel=\"noreferrer noopener\">Weserbergland Tourismus e.V.<\/a> klar til dig.<\/p>\n\n\n\n<h4 class=\"wp-block-heading\">Bookinger med:<\/h4>\n\n\n\n<p>Hameln Marketing og Turisme GmbH<br>Turistinformation<br>Deisterallee 1<br>31785 Hameln<br>Tlf.: +49 (0) 5151\/957823<br>Fax:&nbsp; +49 (0) 5151\/957840<br>E-mail:&nbsp;<a href=\"mailto:touristinfo@hameln.de\" target=\"_blank\" rel=\"noreferrer noopener\">touristinfo@hameln.de<\/a><br>Internet:&nbsp;<a href=\"http:\/\/www.hameln.de\/\" target=\"_blank\" rel=\"noreferrer noopener\">www.hameln.de<\/a><\/p>\n","protected":false},"excerpt":{"rendered":"<p>Book din tur til Weserbergland Hameln Marketing und Tourismus GmbH arrangerer gerne rejseledere til busture og cykeltureeller vandreture i Weserbergland. Emnerne omfatter legender og eventyr, Weser-ren\u00e6ssancen og kirker. Weserbergland betragtes som et land for opdagelsesrejsende&#8230; &#8230;her finder du ikke kun uanede steder, hvor du kan slappe af, men ogs\u00e5 attraktive fritidsmuligheder. Smukt dekorerede bindingsv\u00e6rksbyer i [&hellip;]<\/p>\n","protected":false},"author":1,"featured_media":12281,"parent":12667,"menu_order":0,"comment_status":"closed","ping_status":"closed","template":"pagetemplates\/template-stadtthema.php","meta":{"_acf_changed":false,"footnotes":""},"categories":[],"tags":[],"ncap_cities_tax":[448,1288],"class_list":["post-12278","page","type-page","status-publish","has-post-thumbnail","hentry","ncap_cities_tax-hameln-da","ncap_cities_tax-reiseleitung-und-ausflugen-hameln-da"],"acf":[],"yoast_head":"<!-- This site is optimized with the Yoast SEO plugin v27.4 - https:\/\/yoast.com\/product\/yoast-seo-wordpress\/ -->\n<title>Information om rejseleder og udflugter i Hameln - 9 St\u00e4dte in Niedersachsen<\/title>\n<meta name=\"robots\" content=\"index, follow, max-snippet:-1, max-image-preview:large, max-video-preview:-1\" \/>\n<link rel=\"canonical\" href=\"https:\/\/9staedte.de\/da\/hameln-den-legendariske-rottefaengerby\/information-om-rejseleder-og-udflugter-i-hameln\/\" \/>\n<meta property=\"og:locale\" content=\"da_DK\" \/>\n<meta property=\"og:type\" content=\"article\" \/>\n<meta property=\"og:title\" content=\"Information om rejseleder og udflugter i Hameln - 9 St\u00e4dte in Niedersachsen\" \/>\n<meta property=\"og:description\" content=\"Book din tur til Weserbergland Hameln Marketing und Tourismus GmbH arrangerer gerne rejseledere til busture og cykeltureeller vandreture i Weserbergland. Emnerne omfatter legender og eventyr, Weser-ren\u00e6ssancen og kirker. Weserbergland betragtes som et land for opdagelsesrejsende&#8230; &#8230;her finder du ikke kun uanede steder, hvor du kan slappe af, men ogs\u00e5 attraktive fritidsmuligheder. Smukt dekorerede bindingsv\u00e6rksbyer i [&hellip;]\" \/>\n<meta property=\"og:url\" content=\"https:\/\/9staedte.de\/da\/hameln-den-legendariske-rottefaengerby\/information-om-rejseleder-og-udflugter-i-hameln\/\" \/>\n<meta property=\"og:site_name\" content=\"9 St\u00e4dte in Niedersachsen\" \/>\n<meta property=\"article:modified_time\" content=\"2023-10-25T13:38:44+00:00\" \/>\n<meta property=\"og:image\" content=\"https:\/\/9staedte.de\/wp-content\/uploads\/2023\/02\/Indian-Summer-iim-Weserbergland-cHMT.jpg\" \/>\n\t<meta property=\"og:image:width\" content=\"1020\" \/>\n\t<meta property=\"og:image:height\" content=\"560\" \/>\n\t<meta property=\"og:image:type\" content=\"image\/jpeg\" \/>\n<meta name=\"twitter:card\" content=\"summary_large_image\" \/>\n<meta name=\"twitter:label1\" content=\"Estimeret l\u00e6setid\" \/>\n\t<meta name=\"twitter:data1\" content=\"3 minutter\" \/>\n<script type=\"application\/ld+json\" class=\"yoast-schema-graph\">{\"@context\":\"https:\\\/\\\/schema.org\",\"@graph\":[{\"@type\":\"WebPage\",\"@id\":\"https:\\\/\\\/9staedte.de\\\/da\\\/hameln-den-legendariske-rottefaengerby\\\/information-om-rejseleder-og-udflugter-i-hameln\\\/\",\"url\":\"https:\\\/\\\/9staedte.de\\\/da\\\/hameln-den-legendariske-rottefaengerby\\\/information-om-rejseleder-og-udflugter-i-hameln\\\/\",\"name\":\"Information om rejseleder og udflugter i Hameln - 9 St\u00e4dte in Niedersachsen\",\"isPartOf\":{\"@id\":\"https:\\\/\\\/9staedte.de\\\/da\\\/#website\"},\"primaryImageOfPage\":{\"@id\":\"https:\\\/\\\/9staedte.de\\\/da\\\/hameln-den-legendariske-rottefaengerby\\\/information-om-rejseleder-og-udflugter-i-hameln\\\/#primaryimage\"},\"image\":{\"@id\":\"https:\\\/\\\/9staedte.de\\\/da\\\/hameln-den-legendariske-rottefaengerby\\\/information-om-rejseleder-og-udflugter-i-hameln\\\/#primaryimage\"},\"thumbnailUrl\":\"https:\\\/\\\/9staedte.de\\\/wp-content\\\/uploads\\\/2023\\\/02\\\/Indian-Summer-iim-Weserbergland-cHMT.jpg\",\"datePublished\":\"2023-10-25T10:26:45+00:00\",\"dateModified\":\"2023-10-25T13:38:44+00:00\",\"breadcrumb\":{\"@id\":\"https:\\\/\\\/9staedte.de\\\/da\\\/hameln-den-legendariske-rottefaengerby\\\/information-om-rejseleder-og-udflugter-i-hameln\\\/#breadcrumb\"},\"inLanguage\":\"da-DK\",\"potentialAction\":[{\"@type\":\"ReadAction\",\"target\":[\"https:\\\/\\\/9staedte.de\\\/da\\\/hameln-den-legendariske-rottefaengerby\\\/information-om-rejseleder-og-udflugter-i-hameln\\\/\"]}]},{\"@type\":\"ImageObject\",\"inLanguage\":\"da-DK\",\"@id\":\"https:\\\/\\\/9staedte.de\\\/da\\\/hameln-den-legendariske-rottefaengerby\\\/information-om-rejseleder-og-udflugter-i-hameln\\\/#primaryimage\",\"url\":\"https:\\\/\\\/9staedte.de\\\/wp-content\\\/uploads\\\/2023\\\/02\\\/Indian-Summer-iim-Weserbergland-cHMT.jpg\",\"contentUrl\":\"https:\\\/\\\/9staedte.de\\\/wp-content\\\/uploads\\\/2023\\\/02\\\/Indian-Summer-iim-Weserbergland-cHMT.jpg\",\"width\":1020,\"height\":560,\"caption\":\"Indian Summer im Weserbergland c)HMT\"},{\"@type\":\"BreadcrumbList\",\"@id\":\"https:\\\/\\\/9staedte.de\\\/da\\\/hameln-den-legendariske-rottefaengerby\\\/information-om-rejseleder-og-udflugter-i-hameln\\\/#breadcrumb\",\"itemListElement\":[{\"@type\":\"ListItem\",\"position\":1,\"name\":\"Startseite\",\"item\":\"https:\\\/\\\/9staedte.de\\\/da\\\/hjem-9-byer-2-i-niedersachsen\\\/\"},{\"@type\":\"ListItem\",\"position\":2,\"name\":\"Hameln &#8211; den legendariske rottef\u00e6ngerby\",\"item\":\"https:\\\/\\\/9staedte.de\\\/da\\\/hameln-den-legendariske-rottefaengerby\\\/\"},{\"@type\":\"ListItem\",\"position\":3,\"name\":\"Information om rejseleder og udflugter i Hameln\"}]},{\"@type\":\"WebSite\",\"@id\":\"https:\\\/\\\/9staedte.de\\\/da\\\/#website\",\"url\":\"https:\\\/\\\/9staedte.de\\\/da\\\/\",\"name\":\"9 St\u00e4dte in Niedersachsen\",\"description\":\"\",\"publisher\":{\"@id\":\"https:\\\/\\\/9staedte.de\\\/da\\\/#organization\"},\"potentialAction\":[{\"@type\":\"SearchAction\",\"target\":{\"@type\":\"EntryPoint\",\"urlTemplate\":\"https:\\\/\\\/9staedte.de\\\/da\\\/?s={search_term_string}\"},\"query-input\":{\"@type\":\"PropertyValueSpecification\",\"valueRequired\":true,\"valueName\":\"search_term_string\"}}],\"inLanguage\":\"da-DK\"},{\"@type\":\"Organization\",\"@id\":\"https:\\\/\\\/9staedte.de\\\/da\\\/#organization\",\"name\":\"9 St\u00e4dte in Niedersachsen\",\"url\":\"https:\\\/\\\/9staedte.de\\\/da\\\/\",\"logo\":{\"@type\":\"ImageObject\",\"inLanguage\":\"da-DK\",\"@id\":\"https:\\\/\\\/9staedte.de\\\/da\\\/#\\\/schema\\\/logo\\\/image\\\/\",\"url\":\"https:\\\/\\\/9staedte.de\\\/wp-content\\\/uploads\\\/2025\\\/01\\\/9-neg-deutsch-2-1.png\",\"contentUrl\":\"https:\\\/\\\/9staedte.de\\\/wp-content\\\/uploads\\\/2025\\\/01\\\/9-neg-deutsch-2-1.png\",\"width\":190,\"height\":114,\"caption\":\"9 St\u00e4dte in Niedersachsen\"},\"image\":{\"@id\":\"https:\\\/\\\/9staedte.de\\\/da\\\/#\\\/schema\\\/logo\\\/image\\\/\"}}]}<\/script>\n<!-- \/ Yoast SEO plugin. -->","yoast_head_json":{"title":"Information om rejseleder og udflugter i Hameln - 9 St\u00e4dte in Niedersachsen","robots":{"index":"index","follow":"follow","max-snippet":"max-snippet:-1","max-image-preview":"max-image-preview:large","max-video-preview":"max-video-preview:-1"},"canonical":"https:\/\/9staedte.de\/da\/hameln-den-legendariske-rottefaengerby\/information-om-rejseleder-og-udflugter-i-hameln\/","og_locale":"da_DK","og_type":"article","og_title":"Information om rejseleder og udflugter i Hameln - 9 St\u00e4dte in Niedersachsen","og_description":"Book din tur til Weserbergland Hameln Marketing und Tourismus GmbH arrangerer gerne rejseledere til busture og cykeltureeller vandreture i Weserbergland. Emnerne omfatter legender og eventyr, Weser-ren\u00e6ssancen og kirker. Weserbergland betragtes som et land for opdagelsesrejsende&#8230; &#8230;her finder du ikke kun uanede steder, hvor du kan slappe af, men ogs\u00e5 attraktive fritidsmuligheder. Smukt dekorerede bindingsv\u00e6rksbyer i [&hellip;]","og_url":"https:\/\/9staedte.de\/da\/hameln-den-legendariske-rottefaengerby\/information-om-rejseleder-og-udflugter-i-hameln\/","og_site_name":"9 St\u00e4dte in Niedersachsen","article_modified_time":"2023-10-25T13:38:44+00:00","og_image":[{"width":1020,"height":560,"url":"https:\/\/9staedte.de\/wp-content\/uploads\/2023\/02\/Indian-Summer-iim-Weserbergland-cHMT.jpg","type":"image\/jpeg"}],"twitter_card":"summary_large_image","twitter_misc":{"Estimeret l\u00e6setid":"3 minutter"},"schema":{"@context":"https:\/\/schema.org","@graph":[{"@type":"WebPage","@id":"https:\/\/9staedte.de\/da\/hameln-den-legendariske-rottefaengerby\/information-om-rejseleder-og-udflugter-i-hameln\/","url":"https:\/\/9staedte.de\/da\/hameln-den-legendariske-rottefaengerby\/information-om-rejseleder-og-udflugter-i-hameln\/","name":"Information om rejseleder og udflugter i Hameln - 9 St\u00e4dte in Niedersachsen","isPartOf":{"@id":"https:\/\/9staedte.de\/da\/#website"},"primaryImageOfPage":{"@id":"https:\/\/9staedte.de\/da\/hameln-den-legendariske-rottefaengerby\/information-om-rejseleder-og-udflugter-i-hameln\/#primaryimage"},"image":{"@id":"https:\/\/9staedte.de\/da\/hameln-den-legendariske-rottefaengerby\/information-om-rejseleder-og-udflugter-i-hameln\/#primaryimage"},"thumbnailUrl":"https:\/\/9staedte.de\/wp-content\/uploads\/2023\/02\/Indian-Summer-iim-Weserbergland-cHMT.jpg","datePublished":"2023-10-25T10:26:45+00:00","dateModified":"2023-10-25T13:38:44+00:00","breadcrumb":{"@id":"https:\/\/9staedte.de\/da\/hameln-den-legendariske-rottefaengerby\/information-om-rejseleder-og-udflugter-i-hameln\/#breadcrumb"},"inLanguage":"da-DK","potentialAction":[{"@type":"ReadAction","target":["https:\/\/9staedte.de\/da\/hameln-den-legendariske-rottefaengerby\/information-om-rejseleder-og-udflugter-i-hameln\/"]}]},{"@type":"ImageObject","inLanguage":"da-DK","@id":"https:\/\/9staedte.de\/da\/hameln-den-legendariske-rottefaengerby\/information-om-rejseleder-og-udflugter-i-hameln\/#primaryimage","url":"https:\/\/9staedte.de\/wp-content\/uploads\/2023\/02\/Indian-Summer-iim-Weserbergland-cHMT.jpg","contentUrl":"https:\/\/9staedte.de\/wp-content\/uploads\/2023\/02\/Indian-Summer-iim-Weserbergland-cHMT.jpg","width":1020,"height":560,"caption":"Indian Summer im Weserbergland c)HMT"},{"@type":"BreadcrumbList","@id":"https:\/\/9staedte.de\/da\/hameln-den-legendariske-rottefaengerby\/information-om-rejseleder-og-udflugter-i-hameln\/#breadcrumb","itemListElement":[{"@type":"ListItem","position":1,"name":"Startseite","item":"https:\/\/9staedte.de\/da\/hjem-9-byer-2-i-niedersachsen\/"},{"@type":"ListItem","position":2,"name":"Hameln &#8211; den legendariske rottef\u00e6ngerby","item":"https:\/\/9staedte.de\/da\/hameln-den-legendariske-rottefaengerby\/"},{"@type":"ListItem","position":3,"name":"Information om rejseleder og udflugter i Hameln"}]},{"@type":"WebSite","@id":"https:\/\/9staedte.de\/da\/#website","url":"https:\/\/9staedte.de\/da\/","name":"9 St\u00e4dte in Niedersachsen","description":"","publisher":{"@id":"https:\/\/9staedte.de\/da\/#organization"},"potentialAction":[{"@type":"SearchAction","target":{"@type":"EntryPoint","urlTemplate":"https:\/\/9staedte.de\/da\/?s={search_term_string}"},"query-input":{"@type":"PropertyValueSpecification","valueRequired":true,"valueName":"search_term_string"}}],"inLanguage":"da-DK"},{"@type":"Organization","@id":"https:\/\/9staedte.de\/da\/#organization","name":"9 St\u00e4dte in Niedersachsen","url":"https:\/\/9staedte.de\/da\/","logo":{"@type":"ImageObject","inLanguage":"da-DK","@id":"https:\/\/9staedte.de\/da\/#\/schema\/logo\/image\/","url":"https:\/\/9staedte.de\/wp-content\/uploads\/2025\/01\/9-neg-deutsch-2-1.png","contentUrl":"https:\/\/9staedte.de\/wp-content\/uploads\/2025\/01\/9-neg-deutsch-2-1.png","width":190,"height":114,"caption":"9 St\u00e4dte in Niedersachsen"},"image":{"@id":"https:\/\/9staedte.de\/da\/#\/schema\/logo\/image\/"}}]}},"_links":{"self":[{"href":"https:\/\/9staedte.de\/da\/wp-json\/wp\/v2\/pages\/12278","targetHints":{"allow":["GET"]}}],"collection":[{"href":"https:\/\/9staedte.de\/da\/wp-json\/wp\/v2\/pages"}],"about":[{"href":"https:\/\/9staedte.de\/da\/wp-json\/wp\/v2\/types\/page"}],"author":[{"embeddable":true,"href":"https:\/\/9staedte.de\/da\/wp-json\/wp\/v2\/users\/1"}],"replies":[{"embeddable":true,"href":"https:\/\/9staedte.de\/da\/wp-json\/wp\/v2\/comments?post=12278"}],"version-history":[{"count":1,"href":"https:\/\/9staedte.de\/da\/wp-json\/wp\/v2\/pages\/12278\/revisions"}],"predecessor-version":[{"id":12283,"href":"https:\/\/9staedte.de\/da\/wp-json\/wp\/v2\/pages\/12278\/revisions\/12283"}],"up":[{"embeddable":true,"href":"https:\/\/9staedte.de\/da\/wp-json\/wp\/v2\/pages\/12667"}],"wp:featuredmedia":[{"embeddable":true,"href":"https:\/\/9staedte.de\/da\/wp-json\/wp\/v2\/media\/12281"}],"wp:attachment":[{"href":"https:\/\/9staedte.de\/da\/wp-json\/wp\/v2\/media?parent=12278"}],"wp:term":[{"taxonomy":"category","embeddable":true,"href":"https:\/\/9staedte.de\/da\/wp-json\/wp\/v2\/categories?post=12278"},{"taxonomy":"post_tag","embeddable":true,"href":"https:\/\/9staedte.de\/da\/wp-json\/wp\/v2\/tags?post=12278"},{"taxonomy":"ncap_cities_tax","embeddable":true,"href":"https:\/\/9staedte.de\/da\/wp-json\/wp\/v2\/ncap_cities_tax?post=12278"}],"curies":[{"name":"wp","href":"https:\/\/api.w.org\/{rel}","templated":true}]}}