{"id":12269,"date":"2023-10-25T12:27:14","date_gmt":"2023-10-25T10:27:14","guid":{"rendered":"https:\/\/9staedte.de\/hannover-oplev-baeredygtigt\/"},"modified":"2024-03-21T14:39:53","modified_gmt":"2024-03-21T13:39:53","slug":"hannover-oplev-baeredygtigt","status":"publish","type":"page","link":"https:\/\/9staedte.de\/da\/hannover-hovedstad-i-niedersachsen\/hannover-oplev-baeredygtigt\/","title":{"rendered":"Hannover &#8211; oplev b\u00e6redygtigt"},"content":{"rendered":"\n<h2 class=\"wp-block-heading\">Hannover: Gr\u00f8n og beboelig<\/h2>\n\n\n\n<p>I 2018 blev Hannover udn\u00e6vnt til Tysklands mest b\u00e6redygtige storby og modtog den tyske b\u00e6redygtighedspris. Livskvaliteten i byen er tilsvarende h\u00f8j. Gr\u00f8nt uden ende kan findes i Eilenriede, den st\u00f8rste byskov i Europa, Herrenhausen-haverne og omkring floderne Leine og Ihme, Mittelland-kanalen eller Maschsee. Talrige cykelstier og et veludviklet lokalt transportnet sikrer, at det er nemt at komme rundt p\u00e5 en b\u00e6redygtig m\u00e5de i Hannover. Hannover byder p\u00e5 gode muligheder for cykelture i byen og selvf\u00f8lgelig i regionen. Kanoture giver dig mulighed for at opdage byen fra vandet. Is\u00e6r i bydelene er der mange sm\u00e5 butikker og restauranter med regionale, b\u00e6redygtige og fair tilbud.<\/p>\n\n\n\n<p>Hannover er et vigtigt transportknudepunkt i Europa. Med hurtige ICE-forbindelser i alle retninger er det at rejse med tog en af de mest bekvemme og selvf\u00f8lgelig b\u00e6redygtige muligheder.<\/p>\n\n\n\n\n<div class=\"banner-wrapper\">\n  <div class=\"banner-inner \">\n      <div class=\"img-container\">\n      <div class=\"img-wrapper\">\n        <img decoding=\"async\" src=\"https:\/\/9staedte.de\/wp-content\/smush-webp\/2022\/06\/Hannover-Neues-Leineufer-c-HMTG-Christian-Wyrwa1.jpg.webp\" alt=\"Billedet viser Leine-floden i Hannover. Til venstre er der en stor restaurant med udend\u00f8rs borde. Folk sidder og nyder mad og drikke. Til h\u00f8jre ses floden Leine. To kanoer med unge mennesker padler i vandet. Solen skinner, og det er varmt. Det er en dejlig sommerdag. Stemningen er afslappet og glad.\" \/>\n                  <div class=\"thumbnail-label\">\n            <span>Hannover, DEU, 21.08.2019 Hohes Ufer\r\n\r\n\r\n. [ Fotos: Christian Wyrwa, Diplom-Foto-Designer (FH),  Burgwedeler Str. 91D , 30916 Isernhagen (bei Hannover), Germany, E-Mail: info@wyrwa-foto.de,  Tel: +49-511-3945254, Fax:+49-511-1233545, Mobil: +49-171-8340094, Dieses Lichtbildwerk ist gesetzlich geschuetzt. CC0 Nachdruck, honorarfrei gegen Autorennennung.: &#8220;Foto: Christian Wyrwa&#8221; , kein Modelrelease vorhanden, no modelrelease]<\/span>\n          <\/div>\n              <\/div>\n    <\/div>\n        <div class=\"text-container\">\n      <div class=\"content\">\n        <h2>Oplev Hannover p\u00e5 en b\u00e6redygtig m\u00e5de: 9 tips<\/h2>\n<p>&#8211; Der er omkring 1.000 kilometer cykelstier i Hannover og omegn.<\/p>\n<p>&#8211; HannoverCard: Oplev mange sev\u00e6rdigheder i Hannover og regionen p\u00e5 en b\u00e6redygtig m\u00e5de med offentlig transport.<\/p>\n<p>&#8211; Ugentlige markeder med regionale, s\u00e6sonbestemte og \u00f8kologiske produkter i mange kvarterer<\/p>\n<p>&#8211; Hannoccino: Hannovers genanvendelige kop til drikkevarer p\u00e5 farten.<\/p>\n<p>&#8211; Caf\u00e9er, restauranter og butikker med b\u00e6redygtige og \u00f8kologiske tilbud i det trendy Linden-kvarter.<\/p>\n<p>&#8211; Upcycling-b\u00f8rsen ved Glocksee<\/p>\n<p>&#8211; Mobil p\u00e5 vandet: roning, padling eller pedalsejlads p\u00e5 Maschsee, kanoture p\u00e5 Ihme og Leine.<\/p>\n<p>&#8211; Book nemt samk\u00f8rselstjenesten fra VW-datterselskabet Moja via app.<\/p>\n<p>&#8211; Brochuren <a href=\"https:\/\/www.visit-hannover.com\/Media\/01-DATA-Neu\/Downloads\/HMTG\/Imagebrosch%C3%BCren\/Hannover-Living-nachhaltig-unterwegs\">&#8220;Hannover inside &#8211; rejs b\u00e6redygtigt&#8221;<\/a> med mange flere tips.<\/p>\n      <\/div>\n    <\/div>\n    <\/div>\n<\/div>\n\n","protected":false},"excerpt":{"rendered":"<p>Hannover: Gr\u00f8n og beboelig I 2018 blev Hannover udn\u00e6vnt til Tysklands mest b\u00e6redygtige storby og modtog den tyske b\u00e6redygtighedspris. Livskvaliteten i byen er tilsvarende h\u00f8j. Gr\u00f8nt uden ende kan findes i Eilenriede, den st\u00f8rste byskov i Europa, Herrenhausen-haverne og omkring floderne Leine og Ihme, Mittelland-kanalen eller Maschsee. Talrige cykelstier og et veludviklet lokalt transportnet sikrer, [&hellip;]<\/p>\n","protected":false},"author":1,"featured_media":12271,"parent":12681,"menu_order":0,"comment_status":"closed","ping_status":"closed","template":"pagetemplates\/template-stadtthema.php","meta":{"_acf_changed":false,"footnotes":""},"categories":[],"tags":[],"ncap_cities_tax":[455,1036],"class_list":["post-12269","page","type-page","status-publish","has-post-thumbnail","hentry","ncap_cities_tax-hannover-da","ncap_cities_tax-naturerlebnisse-und-nachhaltigkeit-hannover-da"],"acf":[],"yoast_head":"<!-- This site is optimized with the Yoast SEO plugin v26.8 - https:\/\/yoast.com\/product\/yoast-seo-wordpress\/ -->\n<title>Hannover - oplev b\u00e6redygtigt - 9 St\u00e4dte in Niedersachsen<\/title>\n<meta name=\"robots\" content=\"index, follow, max-snippet:-1, max-image-preview:large, max-video-preview:-1\" \/>\n<link rel=\"canonical\" href=\"https:\/\/9staedte.de\/da\/hannover-hovedstad-i-niedersachsen\/hannover-oplev-baeredygtigt\/\" \/>\n<meta property=\"og:locale\" content=\"da_DK\" \/>\n<meta property=\"og:type\" content=\"article\" \/>\n<meta property=\"og:title\" content=\"Hannover - oplev b\u00e6redygtigt - 9 St\u00e4dte in Niedersachsen\" \/>\n<meta property=\"og:description\" content=\"Hannover: Gr\u00f8n og beboelig I 2018 blev Hannover udn\u00e6vnt til Tysklands mest b\u00e6redygtige storby og modtog den tyske b\u00e6redygtighedspris. Livskvaliteten i byen er tilsvarende h\u00f8j. Gr\u00f8nt uden ende kan findes i Eilenriede, den st\u00f8rste byskov i Europa, Herrenhausen-haverne og omkring floderne Leine og Ihme, Mittelland-kanalen eller Maschsee. Talrige cykelstier og et veludviklet lokalt transportnet sikrer, [&hellip;]\" \/>\n<meta property=\"og:url\" content=\"https:\/\/9staedte.de\/da\/hannover-hovedstad-i-niedersachsen\/hannover-oplev-baeredygtigt\/\" \/>\n<meta property=\"og:site_name\" content=\"9 St\u00e4dte in Niedersachsen\" \/>\n<meta property=\"article:modified_time\" content=\"2024-03-21T13:39:53+00:00\" \/>\n<meta property=\"og:image\" content=\"https:\/\/9staedte.de\/wp-content\/uploads\/2023\/03\/Green-Hannover-c-HMTG-Sebastian-Grote.jpg\" \/>\n\t<meta property=\"og:image:width\" content=\"1020\" \/>\n\t<meta property=\"og:image:height\" content=\"560\" \/>\n\t<meta property=\"og:image:type\" content=\"image\/jpeg\" \/>\n<meta name=\"twitter:card\" content=\"summary_large_image\" \/>\n<meta name=\"twitter:label1\" content=\"Estimeret l\u00e6setid\" \/>\n\t<meta name=\"twitter:data1\" content=\"1 minut\" \/>\n<script type=\"application\/ld+json\" class=\"yoast-schema-graph\">{\"@context\":\"https:\/\/schema.org\",\"@graph\":[{\"@type\":\"WebPage\",\"@id\":\"https:\/\/9staedte.de\/da\/hannover-hovedstad-i-niedersachsen\/hannover-oplev-baeredygtigt\/\",\"url\":\"https:\/\/9staedte.de\/da\/hannover-hovedstad-i-niedersachsen\/hannover-oplev-baeredygtigt\/\",\"name\":\"Hannover - oplev b\u00e6redygtigt - 9 St\u00e4dte in Niedersachsen\",\"isPartOf\":{\"@id\":\"https:\/\/9staedte.de\/da\/#website\"},\"primaryImageOfPage\":{\"@id\":\"https:\/\/9staedte.de\/da\/hannover-hovedstad-i-niedersachsen\/hannover-oplev-baeredygtigt\/#primaryimage\"},\"image\":{\"@id\":\"https:\/\/9staedte.de\/da\/hannover-hovedstad-i-niedersachsen\/hannover-oplev-baeredygtigt\/#primaryimage\"},\"thumbnailUrl\":\"https:\/\/9staedte.de\/wp-content\/uploads\/2023\/03\/Green-Hannover-c-HMTG-Sebastian-Grote.jpg\",\"datePublished\":\"2023-10-25T10:27:14+00:00\",\"dateModified\":\"2024-03-21T13:39:53+00:00\",\"breadcrumb\":{\"@id\":\"https:\/\/9staedte.de\/da\/hannover-hovedstad-i-niedersachsen\/hannover-oplev-baeredygtigt\/#breadcrumb\"},\"inLanguage\":\"da-DK\",\"potentialAction\":[{\"@type\":\"ReadAction\",\"target\":[\"https:\/\/9staedte.de\/da\/hannover-hovedstad-i-niedersachsen\/hannover-oplev-baeredygtigt\/\"]}]},{\"@type\":\"ImageObject\",\"inLanguage\":\"da-DK\",\"@id\":\"https:\/\/9staedte.de\/da\/hannover-hovedstad-i-niedersachsen\/hannover-oplev-baeredygtigt\/#primaryimage\",\"url\":\"https:\/\/9staedte.de\/wp-content\/uploads\/2023\/03\/Green-Hannover-c-HMTG-Sebastian-Grote.jpg\",\"contentUrl\":\"https:\/\/9staedte.de\/wp-content\/uploads\/2023\/03\/Green-Hannover-c-HMTG-Sebastian-Grote.jpg\",\"width\":1020,\"height\":560,\"caption\":\"Green Hannover c) HMTG Sebastian Grote\"},{\"@type\":\"BreadcrumbList\",\"@id\":\"https:\/\/9staedte.de\/da\/hannover-hovedstad-i-niedersachsen\/hannover-oplev-baeredygtigt\/#breadcrumb\",\"itemListElement\":[{\"@type\":\"ListItem\",\"position\":1,\"name\":\"Startseite\",\"item\":\"https:\/\/9staedte.de\/da\/hjem-9-byer-2-i-niedersachsen\/\"},{\"@type\":\"ListItem\",\"position\":2,\"name\":\"Hannover &#8211; hovedstad i Niedersachsen\",\"item\":\"https:\/\/9staedte.de\/da\/hannover-hovedstad-i-niedersachsen\/\"},{\"@type\":\"ListItem\",\"position\":3,\"name\":\"Hannover &#8211; oplev b\u00e6redygtigt\"}]},{\"@type\":\"WebSite\",\"@id\":\"https:\/\/9staedte.de\/da\/#website\",\"url\":\"https:\/\/9staedte.de\/da\/\",\"name\":\"9 St\u00e4dte in Niedersachsen\",\"description\":\"\",\"publisher\":{\"@id\":\"https:\/\/9staedte.de\/da\/#organization\"},\"potentialAction\":[{\"@type\":\"SearchAction\",\"target\":{\"@type\":\"EntryPoint\",\"urlTemplate\":\"https:\/\/9staedte.de\/da\/?s={search_term_string}\"},\"query-input\":{\"@type\":\"PropertyValueSpecification\",\"valueRequired\":true,\"valueName\":\"search_term_string\"}}],\"inLanguage\":\"da-DK\"},{\"@type\":\"Organization\",\"@id\":\"https:\/\/9staedte.de\/da\/#organization\",\"name\":\"9 St\u00e4dte in Niedersachsen\",\"url\":\"https:\/\/9staedte.de\/da\/\",\"logo\":{\"@type\":\"ImageObject\",\"inLanguage\":\"da-DK\",\"@id\":\"https:\/\/9staedte.de\/da\/#\/schema\/logo\/image\/\",\"url\":\"https:\/\/9staedte.de\/wp-content\/uploads\/2025\/01\/9-neg-deutsch-2-1.png\",\"contentUrl\":\"https:\/\/9staedte.de\/wp-content\/uploads\/2025\/01\/9-neg-deutsch-2-1.png\",\"width\":190,\"height\":114,\"caption\":\"9 St\u00e4dte in Niedersachsen\"},\"image\":{\"@id\":\"https:\/\/9staedte.de\/da\/#\/schema\/logo\/image\/\"}}]}<\/script>\n<!-- \/ Yoast SEO plugin. -->","yoast_head_json":{"title":"Hannover - oplev b\u00e6redygtigt - 9 St\u00e4dte in Niedersachsen","robots":{"index":"index","follow":"follow","max-snippet":"max-snippet:-1","max-image-preview":"max-image-preview:large","max-video-preview":"max-video-preview:-1"},"canonical":"https:\/\/9staedte.de\/da\/hannover-hovedstad-i-niedersachsen\/hannover-oplev-baeredygtigt\/","og_locale":"da_DK","og_type":"article","og_title":"Hannover - oplev b\u00e6redygtigt - 9 St\u00e4dte in Niedersachsen","og_description":"Hannover: Gr\u00f8n og beboelig I 2018 blev Hannover udn\u00e6vnt til Tysklands mest b\u00e6redygtige storby og modtog den tyske b\u00e6redygtighedspris. Livskvaliteten i byen er tilsvarende h\u00f8j. Gr\u00f8nt uden ende kan findes i Eilenriede, den st\u00f8rste byskov i Europa, Herrenhausen-haverne og omkring floderne Leine og Ihme, Mittelland-kanalen eller Maschsee. Talrige cykelstier og et veludviklet lokalt transportnet sikrer, [&hellip;]","og_url":"https:\/\/9staedte.de\/da\/hannover-hovedstad-i-niedersachsen\/hannover-oplev-baeredygtigt\/","og_site_name":"9 St\u00e4dte in Niedersachsen","article_modified_time":"2024-03-21T13:39:53+00:00","og_image":[{"width":1020,"height":560,"url":"https:\/\/9staedte.de\/wp-content\/uploads\/2023\/03\/Green-Hannover-c-HMTG-Sebastian-Grote.jpg","type":"image\/jpeg"}],"twitter_card":"summary_large_image","twitter_misc":{"Estimeret l\u00e6setid":"1 minut"},"schema":{"@context":"https:\/\/schema.org","@graph":[{"@type":"WebPage","@id":"https:\/\/9staedte.de\/da\/hannover-hovedstad-i-niedersachsen\/hannover-oplev-baeredygtigt\/","url":"https:\/\/9staedte.de\/da\/hannover-hovedstad-i-niedersachsen\/hannover-oplev-baeredygtigt\/","name":"Hannover - oplev b\u00e6redygtigt - 9 St\u00e4dte in Niedersachsen","isPartOf":{"@id":"https:\/\/9staedte.de\/da\/#website"},"primaryImageOfPage":{"@id":"https:\/\/9staedte.de\/da\/hannover-hovedstad-i-niedersachsen\/hannover-oplev-baeredygtigt\/#primaryimage"},"image":{"@id":"https:\/\/9staedte.de\/da\/hannover-hovedstad-i-niedersachsen\/hannover-oplev-baeredygtigt\/#primaryimage"},"thumbnailUrl":"https:\/\/9staedte.de\/wp-content\/uploads\/2023\/03\/Green-Hannover-c-HMTG-Sebastian-Grote.jpg","datePublished":"2023-10-25T10:27:14+00:00","dateModified":"2024-03-21T13:39:53+00:00","breadcrumb":{"@id":"https:\/\/9staedte.de\/da\/hannover-hovedstad-i-niedersachsen\/hannover-oplev-baeredygtigt\/#breadcrumb"},"inLanguage":"da-DK","potentialAction":[{"@type":"ReadAction","target":["https:\/\/9staedte.de\/da\/hannover-hovedstad-i-niedersachsen\/hannover-oplev-baeredygtigt\/"]}]},{"@type":"ImageObject","inLanguage":"da-DK","@id":"https:\/\/9staedte.de\/da\/hannover-hovedstad-i-niedersachsen\/hannover-oplev-baeredygtigt\/#primaryimage","url":"https:\/\/9staedte.de\/wp-content\/uploads\/2023\/03\/Green-Hannover-c-HMTG-Sebastian-Grote.jpg","contentUrl":"https:\/\/9staedte.de\/wp-content\/uploads\/2023\/03\/Green-Hannover-c-HMTG-Sebastian-Grote.jpg","width":1020,"height":560,"caption":"Green Hannover c) HMTG Sebastian Grote"},{"@type":"BreadcrumbList","@id":"https:\/\/9staedte.de\/da\/hannover-hovedstad-i-niedersachsen\/hannover-oplev-baeredygtigt\/#breadcrumb","itemListElement":[{"@type":"ListItem","position":1,"name":"Startseite","item":"https:\/\/9staedte.de\/da\/hjem-9-byer-2-i-niedersachsen\/"},{"@type":"ListItem","position":2,"name":"Hannover &#8211; hovedstad i Niedersachsen","item":"https:\/\/9staedte.de\/da\/hannover-hovedstad-i-niedersachsen\/"},{"@type":"ListItem","position":3,"name":"Hannover &#8211; oplev b\u00e6redygtigt"}]},{"@type":"WebSite","@id":"https:\/\/9staedte.de\/da\/#website","url":"https:\/\/9staedte.de\/da\/","name":"9 St\u00e4dte in Niedersachsen","description":"","publisher":{"@id":"https:\/\/9staedte.de\/da\/#organization"},"potentialAction":[{"@type":"SearchAction","target":{"@type":"EntryPoint","urlTemplate":"https:\/\/9staedte.de\/da\/?s={search_term_string}"},"query-input":{"@type":"PropertyValueSpecification","valueRequired":true,"valueName":"search_term_string"}}],"inLanguage":"da-DK"},{"@type":"Organization","@id":"https:\/\/9staedte.de\/da\/#organization","name":"9 St\u00e4dte in Niedersachsen","url":"https:\/\/9staedte.de\/da\/","logo":{"@type":"ImageObject","inLanguage":"da-DK","@id":"https:\/\/9staedte.de\/da\/#\/schema\/logo\/image\/","url":"https:\/\/9staedte.de\/wp-content\/uploads\/2025\/01\/9-neg-deutsch-2-1.png","contentUrl":"https:\/\/9staedte.de\/wp-content\/uploads\/2025\/01\/9-neg-deutsch-2-1.png","width":190,"height":114,"caption":"9 St\u00e4dte in Niedersachsen"},"image":{"@id":"https:\/\/9staedte.de\/da\/#\/schema\/logo\/image\/"}}]}},"_links":{"self":[{"href":"https:\/\/9staedte.de\/da\/wp-json\/wp\/v2\/pages\/12269","targetHints":{"allow":["GET"]}}],"collection":[{"href":"https:\/\/9staedte.de\/da\/wp-json\/wp\/v2\/pages"}],"about":[{"href":"https:\/\/9staedte.de\/da\/wp-json\/wp\/v2\/types\/page"}],"author":[{"embeddable":true,"href":"https:\/\/9staedte.de\/da\/wp-json\/wp\/v2\/users\/1"}],"replies":[{"embeddable":true,"href":"https:\/\/9staedte.de\/da\/wp-json\/wp\/v2\/comments?post=12269"}],"version-history":[{"count":5,"href":"https:\/\/9staedte.de\/da\/wp-json\/wp\/v2\/pages\/12269\/revisions"}],"predecessor-version":[{"id":21476,"href":"https:\/\/9staedte.de\/da\/wp-json\/wp\/v2\/pages\/12269\/revisions\/21476"}],"up":[{"embeddable":true,"href":"https:\/\/9staedte.de\/da\/wp-json\/wp\/v2\/pages\/12681"}],"wp:featuredmedia":[{"embeddable":true,"href":"https:\/\/9staedte.de\/da\/wp-json\/wp\/v2\/media\/12271"}],"wp:attachment":[{"href":"https:\/\/9staedte.de\/da\/wp-json\/wp\/v2\/media?parent=12269"}],"wp:term":[{"taxonomy":"category","embeddable":true,"href":"https:\/\/9staedte.de\/da\/wp-json\/wp\/v2\/categories?post=12269"},{"taxonomy":"post_tag","embeddable":true,"href":"https:\/\/9staedte.de\/da\/wp-json\/wp\/v2\/tags?post=12269"},{"taxonomy":"ncap_cities_tax","embeddable":true,"href":"https:\/\/9staedte.de\/da\/wp-json\/wp\/v2\/ncap_cities_tax?post=12269"}],"curies":[{"name":"wp","href":"https:\/\/api.w.org\/{rel}","templated":true}]}}