{"id":12268,"date":"2023-10-25T12:26:44","date_gmt":"2023-10-25T10:26:44","guid":{"rendered":"https:\/\/9staedte.de\/hameln-oplev-baeredygtigt\/"},"modified":"2024-03-21T11:44:59","modified_gmt":"2024-03-21T10:44:59","slug":"hameln-oplev-baeredygtigt","status":"publish","type":"page","link":"https:\/\/9staedte.de\/da\/hameln-den-legendariske-rottefaengerby\/hameln-oplev-baeredygtigt\/","title":{"rendered":"Hameln &#8211; oplev b\u00e6redygtigt"},"content":{"rendered":"\n<p>Udforsk Pied Piper City p\u00e5 en trendy og b\u00e6redygtig m\u00e5de med en e-scooter eller Segway, slentre gennem det ugentlige marked eller den smukke gamle bydel med sine sm\u00e5 butikker, eller l\u00e6r omgivelserne at kende fra et andet perspektiv p\u00e5 to hjul. Brug Deutsche Bahns tjenester til din rejse. Rejsetiden med S5 \/ S 51 fra Hannover Hbf til Hameln er mellem 38 og 45 minutter, fra Hannover Lufthavn 64 minutter. Fra vest eller \u00f8st tager Nordwestbahn dig til Hameln. Tip: Jernbanens &#8220;Niedersachsen-Ticket&#8221; g\u00e6lder ogs\u00e5 til busrejser i det lokale transportsystem Hameln-Pyrmont.<\/p>\n\n\n\n<p><\/p>\n\n\n\n\n<div class=\"banner-wrapper\">\n  <div class=\"banner-inner \">\n      <div class=\"img-container\">\n      <div class=\"img-wrapper\">\n        <img decoding=\"async\" src=\"https:\/\/9staedte.de\/wp-content\/smush-webp\/2023\/02\/EBike-HMT.jpg.webp\" alt=\"P\u00e5 billedet ser man mange elcykler. De st\u00e5r p\u00e5 r\u00e6kke. Cyklerne er gulgr\u00f8nne og sorte. De st\u00e5r foran en bygning med store vinduer. Cyklerne h\u00f8rer til turistinformationen i Hameln. Man kan leje dem der.\" \/>\n                  <div class=\"thumbnail-label\">\n            <span>EBike Tourist Info Hameln c) HMT<\/span>\n          <\/div>\n              <\/div>\n    <\/div>\n        <div class=\"text-container\">\n      <div class=\"content\">\n        <section class=\"opacity-on\">\n<article class=\"bg-cities\">\n<div class=\"content\">\n<h2>Oplev Hameln p\u00e5 en b\u00e6redygtig m\u00e5de: 9 tips<\/h2>\n<p>&#8211; Lej elcykler: Udforsk de smukkeste hj\u00f8rner af Weserbergland med en af vores elcykler<\/p>\n<p>&#8211; Glid gennem vores historiske gamle bydel p\u00e5 en Segway-tur, og oplev ren mobilitet p\u00e5 din tur ud i naturen.<\/p>\n<p>&#8211; Vandreture rundt om Hameln &#8211; op ad bakke, ned ad bakke: altid en god udsigt. Hameln og dens idylliske bydele ligger i nogle af de t\u00e6ttest skovkl\u00e6dte bakker i den natursk\u00f8nne Weserbergland-region. N\u00e6sten en tredjedel af byen er d\u00e6kket af skov. Det g\u00f8r Hameln til en af de t\u00e6ttest skovkl\u00e6dte byer i Nordtyskland.<\/p>\n<p>&#8211; En kanotur langs Wesers idylliske landskab er den perfekte oplevelse til at f\u00e5 de tr\u00e6tte knogler i gang igen.<\/p>\n<p>&#8211; Oplev den \u00e5rhundredgamle tradition for Weser-rafting p\u00e5 en t\u00f8mmerfl\u00e5detur, mens du lader blikket vandre over det forbipasserende landskab i Weserbergland.<\/p>\n<p>&#8211; Se det farverige udvalg af s\u00e6sonbetonede produkter fra regional dyrkning p\u00e5 en spadseretur gennem Hamelns ugentlige marked. Hamelns ugentlige marked p\u00e5 r\u00e5dhuspladsen tiltr\u00e6kker bes\u00f8gende fra n\u00e6r og fjern hver onsdag og l\u00f8rdag fra kl. 7.00-13.00.<\/p>\n<p>&#8211; G\u00e5 p\u00e5 opdagelse i turistinformationens souvenirbutik, og find typiske Hamelin-souvenirs som br\u00f8drotter eller rottedr\u00e6bere samt produkter fra regionen.<\/p>\n<p>&#8211; Turistinformationsbygningen er en energioptimeret solcellebygning. De ca. 150 kvadratmeter solcellemoduler leverer elektricitet og fungerer ogs\u00e5 som statisk solafsk\u00e6rmning. Vakuumr\u00f8rkollektorer underst\u00f8tter varmesystemet, som fungerer uden radiatorer og opvarmes via et ventilationssystem. Frisk luft konditioneres via jordkanaler. Bygningen kan opleves som et lavenergihus, fordi udnyttelsen af fotovoltaisk og termisk solenergi er synligt og &#8220;h\u00e5ndgribeligt&#8221; integreret i bygningskonceptet.<\/p>\n<\/div>\n<\/article>\n<\/section>\n      <\/div>\n    <\/div>\n    <\/div>\n<\/div>\n\n","protected":false},"excerpt":{"rendered":"<p>Udforsk Pied Piper City p\u00e5 en trendy og b\u00e6redygtig m\u00e5de med en e-scooter eller Segway, slentre gennem det ugentlige marked eller den smukke gamle bydel med sine sm\u00e5 butikker, eller l\u00e6r omgivelserne at kende fra et andet perspektiv p\u00e5 to hjul. Brug Deutsche Bahns tjenester til din rejse. Rejsetiden med S5 \/ S 51 fra [&hellip;]<\/p>\n","protected":false},"author":1,"featured_media":12275,"parent":12667,"menu_order":0,"comment_status":"closed","ping_status":"closed","template":"pagetemplates\/template-stadtthema.php","meta":{"_acf_changed":false,"footnotes":""},"categories":[],"tags":[],"ncap_cities_tax":[448,1008],"class_list":["post-12268","page","type-page","status-publish","has-post-thumbnail","hentry","ncap_cities_tax-hameln-da","ncap_cities_tax-naturerlebnisse-und-nachhaltigkeit-hameln-da"],"acf":[],"yoast_head":"<!-- This site is optimized with the Yoast SEO plugin v27.4 - https:\/\/yoast.com\/product\/yoast-seo-wordpress\/ -->\n<title>Hameln - oplev b\u00e6redygtigt - 9 St\u00e4dte in Niedersachsen<\/title>\n<meta name=\"robots\" content=\"index, follow, max-snippet:-1, max-image-preview:large, max-video-preview:-1\" \/>\n<link rel=\"canonical\" href=\"https:\/\/9staedte.de\/da\/hameln-den-legendariske-rottefaengerby\/hameln-oplev-baeredygtigt\/\" \/>\n<meta property=\"og:locale\" content=\"da_DK\" \/>\n<meta property=\"og:type\" content=\"article\" \/>\n<meta property=\"og:title\" content=\"Hameln - oplev b\u00e6redygtigt - 9 St\u00e4dte in Niedersachsen\" \/>\n<meta property=\"og:description\" content=\"Udforsk Pied Piper City p\u00e5 en trendy og b\u00e6redygtig m\u00e5de med en e-scooter eller Segway, slentre gennem det ugentlige marked eller den smukke gamle bydel med sine sm\u00e5 butikker, eller l\u00e6r omgivelserne at kende fra et andet perspektiv p\u00e5 to hjul. Brug Deutsche Bahns tjenester til din rejse. Rejsetiden med S5 \/ S 51 fra [&hellip;]\" \/>\n<meta property=\"og:url\" content=\"https:\/\/9staedte.de\/da\/hameln-den-legendariske-rottefaengerby\/hameln-oplev-baeredygtigt\/\" \/>\n<meta property=\"og:site_name\" content=\"9 St\u00e4dte in Niedersachsen\" \/>\n<meta property=\"article:modified_time\" content=\"2024-03-21T10:44:59+00:00\" \/>\n<meta property=\"og:image\" content=\"https:\/\/9staedte.de\/wp-content\/uploads\/2023\/02\/Kanu_auf_der_Weser-c-HMT.jpg\" \/>\n\t<meta property=\"og:image:width\" content=\"1020\" \/>\n\t<meta property=\"og:image:height\" content=\"560\" \/>\n\t<meta property=\"og:image:type\" content=\"image\/jpeg\" \/>\n<meta name=\"twitter:card\" content=\"summary_large_image\" \/>\n<meta name=\"twitter:label1\" content=\"Estimeret l\u00e6setid\" \/>\n\t<meta name=\"twitter:data1\" content=\"1 minut\" \/>\n<script type=\"application\/ld+json\" class=\"yoast-schema-graph\">{\"@context\":\"https:\\\/\\\/schema.org\",\"@graph\":[{\"@type\":\"WebPage\",\"@id\":\"https:\\\/\\\/9staedte.de\\\/da\\\/hameln-den-legendariske-rottefaengerby\\\/hameln-oplev-baeredygtigt\\\/\",\"url\":\"https:\\\/\\\/9staedte.de\\\/da\\\/hameln-den-legendariske-rottefaengerby\\\/hameln-oplev-baeredygtigt\\\/\",\"name\":\"Hameln - oplev b\u00e6redygtigt - 9 St\u00e4dte in Niedersachsen\",\"isPartOf\":{\"@id\":\"https:\\\/\\\/9staedte.de\\\/da\\\/#website\"},\"primaryImageOfPage\":{\"@id\":\"https:\\\/\\\/9staedte.de\\\/da\\\/hameln-den-legendariske-rottefaengerby\\\/hameln-oplev-baeredygtigt\\\/#primaryimage\"},\"image\":{\"@id\":\"https:\\\/\\\/9staedte.de\\\/da\\\/hameln-den-legendariske-rottefaengerby\\\/hameln-oplev-baeredygtigt\\\/#primaryimage\"},\"thumbnailUrl\":\"https:\\\/\\\/9staedte.de\\\/wp-content\\\/uploads\\\/2023\\\/02\\\/Kanu_auf_der_Weser-c-HMT.jpg\",\"datePublished\":\"2023-10-25T10:26:44+00:00\",\"dateModified\":\"2024-03-21T10:44:59+00:00\",\"breadcrumb\":{\"@id\":\"https:\\\/\\\/9staedte.de\\\/da\\\/hameln-den-legendariske-rottefaengerby\\\/hameln-oplev-baeredygtigt\\\/#breadcrumb\"},\"inLanguage\":\"da-DK\",\"potentialAction\":[{\"@type\":\"ReadAction\",\"target\":[\"https:\\\/\\\/9staedte.de\\\/da\\\/hameln-den-legendariske-rottefaengerby\\\/hameln-oplev-baeredygtigt\\\/\"]}]},{\"@type\":\"ImageObject\",\"inLanguage\":\"da-DK\",\"@id\":\"https:\\\/\\\/9staedte.de\\\/da\\\/hameln-den-legendariske-rottefaengerby\\\/hameln-oplev-baeredygtigt\\\/#primaryimage\",\"url\":\"https:\\\/\\\/9staedte.de\\\/wp-content\\\/uploads\\\/2023\\\/02\\\/Kanu_auf_der_Weser-c-HMT.jpg\",\"contentUrl\":\"https:\\\/\\\/9staedte.de\\\/wp-content\\\/uploads\\\/2023\\\/02\\\/Kanu_auf_der_Weser-c-HMT.jpg\",\"width\":1020,\"height\":560,\"caption\":\"Kanu_auf_der_Weser c) HMT\"},{\"@type\":\"BreadcrumbList\",\"@id\":\"https:\\\/\\\/9staedte.de\\\/da\\\/hameln-den-legendariske-rottefaengerby\\\/hameln-oplev-baeredygtigt\\\/#breadcrumb\",\"itemListElement\":[{\"@type\":\"ListItem\",\"position\":1,\"name\":\"Startseite\",\"item\":\"https:\\\/\\\/9staedte.de\\\/da\\\/hjem-9-byer-2-i-niedersachsen\\\/\"},{\"@type\":\"ListItem\",\"position\":2,\"name\":\"Hameln &#8211; den legendariske rottef\u00e6ngerby\",\"item\":\"https:\\\/\\\/9staedte.de\\\/da\\\/hameln-den-legendariske-rottefaengerby\\\/\"},{\"@type\":\"ListItem\",\"position\":3,\"name\":\"Hameln &#8211; oplev b\u00e6redygtigt\"}]},{\"@type\":\"WebSite\",\"@id\":\"https:\\\/\\\/9staedte.de\\\/da\\\/#website\",\"url\":\"https:\\\/\\\/9staedte.de\\\/da\\\/\",\"name\":\"9 St\u00e4dte in Niedersachsen\",\"description\":\"\",\"publisher\":{\"@id\":\"https:\\\/\\\/9staedte.de\\\/da\\\/#organization\"},\"potentialAction\":[{\"@type\":\"SearchAction\",\"target\":{\"@type\":\"EntryPoint\",\"urlTemplate\":\"https:\\\/\\\/9staedte.de\\\/da\\\/?s={search_term_string}\"},\"query-input\":{\"@type\":\"PropertyValueSpecification\",\"valueRequired\":true,\"valueName\":\"search_term_string\"}}],\"inLanguage\":\"da-DK\"},{\"@type\":\"Organization\",\"@id\":\"https:\\\/\\\/9staedte.de\\\/da\\\/#organization\",\"name\":\"9 St\u00e4dte in Niedersachsen\",\"url\":\"https:\\\/\\\/9staedte.de\\\/da\\\/\",\"logo\":{\"@type\":\"ImageObject\",\"inLanguage\":\"da-DK\",\"@id\":\"https:\\\/\\\/9staedte.de\\\/da\\\/#\\\/schema\\\/logo\\\/image\\\/\",\"url\":\"https:\\\/\\\/9staedte.de\\\/wp-content\\\/uploads\\\/2025\\\/01\\\/9-neg-deutsch-2-1.png\",\"contentUrl\":\"https:\\\/\\\/9staedte.de\\\/wp-content\\\/uploads\\\/2025\\\/01\\\/9-neg-deutsch-2-1.png\",\"width\":190,\"height\":114,\"caption\":\"9 St\u00e4dte in Niedersachsen\"},\"image\":{\"@id\":\"https:\\\/\\\/9staedte.de\\\/da\\\/#\\\/schema\\\/logo\\\/image\\\/\"}}]}<\/script>\n<!-- \/ Yoast SEO plugin. -->","yoast_head_json":{"title":"Hameln - oplev b\u00e6redygtigt - 9 St\u00e4dte in Niedersachsen","robots":{"index":"index","follow":"follow","max-snippet":"max-snippet:-1","max-image-preview":"max-image-preview:large","max-video-preview":"max-video-preview:-1"},"canonical":"https:\/\/9staedte.de\/da\/hameln-den-legendariske-rottefaengerby\/hameln-oplev-baeredygtigt\/","og_locale":"da_DK","og_type":"article","og_title":"Hameln - oplev b\u00e6redygtigt - 9 St\u00e4dte in Niedersachsen","og_description":"Udforsk Pied Piper City p\u00e5 en trendy og b\u00e6redygtig m\u00e5de med en e-scooter eller Segway, slentre gennem det ugentlige marked eller den smukke gamle bydel med sine sm\u00e5 butikker, eller l\u00e6r omgivelserne at kende fra et andet perspektiv p\u00e5 to hjul. Brug Deutsche Bahns tjenester til din rejse. Rejsetiden med S5 \/ S 51 fra [&hellip;]","og_url":"https:\/\/9staedte.de\/da\/hameln-den-legendariske-rottefaengerby\/hameln-oplev-baeredygtigt\/","og_site_name":"9 St\u00e4dte in Niedersachsen","article_modified_time":"2024-03-21T10:44:59+00:00","og_image":[{"width":1020,"height":560,"url":"https:\/\/9staedte.de\/wp-content\/uploads\/2023\/02\/Kanu_auf_der_Weser-c-HMT.jpg","type":"image\/jpeg"}],"twitter_card":"summary_large_image","twitter_misc":{"Estimeret l\u00e6setid":"1 minut"},"schema":{"@context":"https:\/\/schema.org","@graph":[{"@type":"WebPage","@id":"https:\/\/9staedte.de\/da\/hameln-den-legendariske-rottefaengerby\/hameln-oplev-baeredygtigt\/","url":"https:\/\/9staedte.de\/da\/hameln-den-legendariske-rottefaengerby\/hameln-oplev-baeredygtigt\/","name":"Hameln - oplev b\u00e6redygtigt - 9 St\u00e4dte in Niedersachsen","isPartOf":{"@id":"https:\/\/9staedte.de\/da\/#website"},"primaryImageOfPage":{"@id":"https:\/\/9staedte.de\/da\/hameln-den-legendariske-rottefaengerby\/hameln-oplev-baeredygtigt\/#primaryimage"},"image":{"@id":"https:\/\/9staedte.de\/da\/hameln-den-legendariske-rottefaengerby\/hameln-oplev-baeredygtigt\/#primaryimage"},"thumbnailUrl":"https:\/\/9staedte.de\/wp-content\/uploads\/2023\/02\/Kanu_auf_der_Weser-c-HMT.jpg","datePublished":"2023-10-25T10:26:44+00:00","dateModified":"2024-03-21T10:44:59+00:00","breadcrumb":{"@id":"https:\/\/9staedte.de\/da\/hameln-den-legendariske-rottefaengerby\/hameln-oplev-baeredygtigt\/#breadcrumb"},"inLanguage":"da-DK","potentialAction":[{"@type":"ReadAction","target":["https:\/\/9staedte.de\/da\/hameln-den-legendariske-rottefaengerby\/hameln-oplev-baeredygtigt\/"]}]},{"@type":"ImageObject","inLanguage":"da-DK","@id":"https:\/\/9staedte.de\/da\/hameln-den-legendariske-rottefaengerby\/hameln-oplev-baeredygtigt\/#primaryimage","url":"https:\/\/9staedte.de\/wp-content\/uploads\/2023\/02\/Kanu_auf_der_Weser-c-HMT.jpg","contentUrl":"https:\/\/9staedte.de\/wp-content\/uploads\/2023\/02\/Kanu_auf_der_Weser-c-HMT.jpg","width":1020,"height":560,"caption":"Kanu_auf_der_Weser c) HMT"},{"@type":"BreadcrumbList","@id":"https:\/\/9staedte.de\/da\/hameln-den-legendariske-rottefaengerby\/hameln-oplev-baeredygtigt\/#breadcrumb","itemListElement":[{"@type":"ListItem","position":1,"name":"Startseite","item":"https:\/\/9staedte.de\/da\/hjem-9-byer-2-i-niedersachsen\/"},{"@type":"ListItem","position":2,"name":"Hameln &#8211; den legendariske rottef\u00e6ngerby","item":"https:\/\/9staedte.de\/da\/hameln-den-legendariske-rottefaengerby\/"},{"@type":"ListItem","position":3,"name":"Hameln &#8211; oplev b\u00e6redygtigt"}]},{"@type":"WebSite","@id":"https:\/\/9staedte.de\/da\/#website","url":"https:\/\/9staedte.de\/da\/","name":"9 St\u00e4dte in Niedersachsen","description":"","publisher":{"@id":"https:\/\/9staedte.de\/da\/#organization"},"potentialAction":[{"@type":"SearchAction","target":{"@type":"EntryPoint","urlTemplate":"https:\/\/9staedte.de\/da\/?s={search_term_string}"},"query-input":{"@type":"PropertyValueSpecification","valueRequired":true,"valueName":"search_term_string"}}],"inLanguage":"da-DK"},{"@type":"Organization","@id":"https:\/\/9staedte.de\/da\/#organization","name":"9 St\u00e4dte in Niedersachsen","url":"https:\/\/9staedte.de\/da\/","logo":{"@type":"ImageObject","inLanguage":"da-DK","@id":"https:\/\/9staedte.de\/da\/#\/schema\/logo\/image\/","url":"https:\/\/9staedte.de\/wp-content\/uploads\/2025\/01\/9-neg-deutsch-2-1.png","contentUrl":"https:\/\/9staedte.de\/wp-content\/uploads\/2025\/01\/9-neg-deutsch-2-1.png","width":190,"height":114,"caption":"9 St\u00e4dte in Niedersachsen"},"image":{"@id":"https:\/\/9staedte.de\/da\/#\/schema\/logo\/image\/"}}]}},"_links":{"self":[{"href":"https:\/\/9staedte.de\/da\/wp-json\/wp\/v2\/pages\/12268","targetHints":{"allow":["GET"]}}],"collection":[{"href":"https:\/\/9staedte.de\/da\/wp-json\/wp\/v2\/pages"}],"about":[{"href":"https:\/\/9staedte.de\/da\/wp-json\/wp\/v2\/types\/page"}],"author":[{"embeddable":true,"href":"https:\/\/9staedte.de\/da\/wp-json\/wp\/v2\/users\/1"}],"replies":[{"embeddable":true,"href":"https:\/\/9staedte.de\/da\/wp-json\/wp\/v2\/comments?post=12268"}],"version-history":[{"count":3,"href":"https:\/\/9staedte.de\/da\/wp-json\/wp\/v2\/pages\/12268\/revisions"}],"predecessor-version":[{"id":21464,"href":"https:\/\/9staedte.de\/da\/wp-json\/wp\/v2\/pages\/12268\/revisions\/21464"}],"up":[{"embeddable":true,"href":"https:\/\/9staedte.de\/da\/wp-json\/wp\/v2\/pages\/12667"}],"wp:featuredmedia":[{"embeddable":true,"href":"https:\/\/9staedte.de\/da\/wp-json\/wp\/v2\/media\/12275"}],"wp:attachment":[{"href":"https:\/\/9staedte.de\/da\/wp-json\/wp\/v2\/media?parent=12268"}],"wp:term":[{"taxonomy":"category","embeddable":true,"href":"https:\/\/9staedte.de\/da\/wp-json\/wp\/v2\/categories?post=12268"},{"taxonomy":"post_tag","embeddable":true,"href":"https:\/\/9staedte.de\/da\/wp-json\/wp\/v2\/tags?post=12268"},{"taxonomy":"ncap_cities_tax","embeddable":true,"href":"https:\/\/9staedte.de\/da\/wp-json\/wp\/v2\/ncap_cities_tax?post=12268"}],"curies":[{"name":"wp","href":"https:\/\/api.w.org\/{rel}","templated":true}]}}