{"id":12257,"date":"2023-10-25T12:27:50","date_gmt":"2023-10-25T10:27:50","guid":{"rendered":"https:\/\/9staedte.de\/julemarked-i-hildesheim\/"},"modified":"2026-03-23T16:56:59","modified_gmt":"2026-03-23T15:56:59","slug":"julemarked-i-hildesheim","status":"publish","type":"page","link":"https:\/\/9staedte.de\/da\/hildesheim-by-paa-unescos-verdensarvsliste\/julemarked-i-hildesheim\/","title":{"rendered":"Julemarked i Hildesheim"},"content":{"rendered":"\n<h2 class=\"wp-block-heading\">Julemarkedets hjerte banker p\u00e5 den historiske markedsplads<\/h2>\n\n<p>Her skaber de smukke bindingsv\u00e6rksfacader og duften af friske honningkager og gl\u00f8gg en helt s\u00e6rlig f\u00f8rjulsstemning. Festligt udsmykkede boder p\u00e5 An der Lilie-pladsen indbyder ogs\u00e5 til at slentre rundt.<br\/>P\u00e5 posthuset &#8220;Zum Rentier&#8221; p\u00e5 An der Lilie-pladsen kan b\u00f8rn indtil 12. december sende deres \u00f8nskesedler, som sendes direkte til det \u00e6ldste julepostkontor i Himmelsth\u00fcr. <br\/>De mere end 30 kirker i Hildesheim pr\u00e6ger bybilledet og fort\u00e6ller om byens rige historie. I tiden op til jul er kirkerne et sted for indre ro ledsaget af kontemplativ advents- og julemusik. <\/p>\n\n<p><a href=\"https:\/\/www.hildesheim-tourismus.de\/weihnachtsmarkt\" target=\"_blank\" rel=\"noreferrer noopener\">Yderligere oplysninger<\/a><\/p>\n\n\n<div class=\"banner-wrapper\">\n  <div class=\"banner-inner \">\n      <div class=\"img-container\">\n      <div class=\"img-wrapper\">\n        <img decoding=\"async\" src=\"https:\/\/9staedte.de\/wp-content\/smush-webp\/2023\/02\/Weihnachtsmarkt-Hildesheim-\u00a9-Dirk-Bastert.jpg.webp\" alt=\"Billedet viser julemarkedet i Hildesheim. Det er aften, og himlen er m\u00f8rk. I midten st\u00e5r en stor julepyramide med lys. Mange mennesker g\u00e5r rundt mellem boderne. Til h\u00f8jre ses et pyntet juletr\u00e6. I baggrunden er der smukke gamle huse. Stemningen er festlig og hyggelig.\" \/>\n                  <div class=\"thumbnail-label\">\n            <span>Weihnachtsmarkt Hildesheim \u00a9 Dirk Bastert<\/span>\n          <\/div>\n              <\/div>\n    <\/div>\n        <div class=\"text-container\">\n      <div class=\"content\">\n        <h2 class=\"h3\">9 tips til at bes\u00f8ge julemarkedet i Hildesheim<\/h2>\n<ul>\n<li>Guidede byture gennem det julede Hildesheim<\/li>\n<li>Varmt, hyggeligt, socialt &#8211; hytter fulde af julemagi<\/li>\n<li>Fotospots: Rensdyr, isbj\u00f8rn, legendernes skov, gavetr\u00e6 (#weihnachtsmarkthildesheim)<\/li>\n<li>Juleudstilling med kunsth\u00e5ndv\u00e6rk i r\u00e5dhuset<\/li>\n<li><a href=\"https:\/\/www.hildesheim-tourismus.de\/veranstaltungen\">Advents- og julemusik i de romanske kirker<\/a><\/li>\n<li>Postkontor &#8220;Zum Reindeer&#8221; til breve og \u00f8nskelister til julemanden<\/li>\n<li>Festligt oplyst verdensarvsb\u00e5nd til UNESCO-kirkerne St Michael&#8217;s og katedralen<\/li>\n<li>Smag p\u00e5 Hildesheims pumpernickel og himmelske tr\u00f8fler<\/li>\n<li>Julesouvenirs, gaver og gavekort p\u00e5 turistinformationen<\/li>\n<\/ul>\n      <\/div>\n    <\/div>\n    <\/div>\n<\/div>\n\n\n<p class=\"h3\"><strong>Julemarked i Hildesheim<\/strong><\/p>\n\n <div class=\"brlbs-cmpnt-container brlbs-cmpnt-content-blocker brlbs-cmpnt-with-individual-styles\" data-borlabs-cookie-content-blocker-id=\"google-maps\" data-borlabs-cookie-content=\"PGlmcmFtZSBzcmM9Imh0dHBzOi8vd3d3Lmdvb2dsZS5jb20vbWFwcy9lbWJlZD9wYj0hMW0xOCExbTEyITFtMyExZDI0NDcuOTg1ODQ4NjY0MjQ3NCEyZDkuOTQ4OTY3ODc3MzEyNjQ3ITNkNTIuMTUyNzY3MDcxOTY3MjA1ITJtMyExZjAhMmYwITNmMCEzbTIhMWkxMDI0ITJpNzY4ITRmMTMuMSEzbTMhMW0yITFzMHg0N2JhYWZhOWJkY2U4ZjI1JTNBMHg0YzY5M2M3MzYyMmRiZmJjITJzTWFya3RwbGF0eiUyMEhpbGRlc2hlaW0hNWUwITNtMiExc2RlITJzZGUhNHYxNjkyMTg0NTQ1OTk5ITVtMiExc2RlITJzZGUiIHdpZHRoPSI2MDAiIGhlaWdodD0iNDUwIiBzdHlsZT0iYm9yZGVyOjA7IiBhbGxvd2Z1bGxzY3JlZW49IiIgbG9hZGluZz0ibGF6eSIgcmVmZXJyZXJwb2xpY3k9Im5vLXJlZmVycmVyLXdoZW4tZG93bmdyYWRlIj48L2lmcmFtZT4=\"><div class=\"brlbs-cmpnt-cb-preset-b brlbs-cmpnt-cb-google-maps\"> <div class=\"brlbs-cmpnt-cb-thumbnail\" style=\"background-image: url('https:\/\/9staedte.de\/wp-content\/uploads\/borlabs-cookie\/1\/brlbs-cb-google-maps-main.png')\"><\/div> <div class=\"brlbs-cmpnt-cb-main\"> <div class=\"brlbs-cmpnt-cb-content\"> <p class=\"brlbs-cmpnt-cb-description\">You are currently viewing a placeholder content from <strong>Google Maps<\/strong>. To access the actual content, click the button below. Please note that doing so will share data with third-party providers.<\/p> <a class=\"brlbs-cmpnt-cb-provider-toggle\" href=\"#\" data-borlabs-cookie-show-provider-information role=\"button\">More Information<\/a> <\/div> <div class=\"brlbs-cmpnt-cb-buttons\"> <a class=\"brlbs-cmpnt-cb-btn\" href=\"#\" data-borlabs-cookie-unblock role=\"button\">Unblock content<\/a> <a class=\"brlbs-cmpnt-cb-btn\" href=\"#\" data-borlabs-cookie-accept-service role=\"button\" style=\"display: inherit\">Accept required service and unblock content<\/a> <\/div> <\/div> <\/div><\/div>\n\n<div style=\"height:41px\" aria-hidden=\"true\" class=\"wp-block-spacer\"><\/div>\n\n<h2 class=\"wp-block-heading h3\">Julemagi i Hildesheim<\/h2>\n\n<p>&#8211; en overnatning inkl. Morgenmad<br\/>&#8211; En gl\u00fchwein p\u00e5 julemarkedet<br\/>&#8211; En julesouvenir<br\/>&#8211; Infomappe om jules\u00e6sonen i Hildesheim pr. v\u00e6relse <br\/><br\/><strong><a href=\"https:\/\/www.hildesheim-tourismus.de\/package\/weihnachtszauber-in-hildesheim-fuer-kleingruppen\" target=\"_blank\" rel=\"noreferrer noopener\">Bookinger<\/a><\/strong><br\/><br\/>De generelle vilk\u00e5r og betingelser for Hildesheim Marketing GmbH g\u00e6lder.<\/p>\n\n<p><\/p>\n","protected":false},"excerpt":{"rendered":"<p>Julemarkedets hjerte banker p\u00e5 den historiske markedsplads Her skaber de smukke bindingsv\u00e6rksfacader og duften af friske honningkager og gl\u00f8gg en helt s\u00e6rlig f\u00f8rjulsstemning. Festligt udsmykkede boder p\u00e5 An der Lilie-pladsen indbyder ogs\u00e5 til at slentre rundt.P\u00e5 posthuset &#8220;Zum Rentier&#8221; p\u00e5 An der Lilie-pladsen kan b\u00f8rn indtil 12. december sende deres \u00f8nskesedler, som sendes direkte til [&hellip;]<\/p>\n","protected":false},"author":1,"featured_media":23632,"parent":12668,"menu_order":0,"comment_status":"closed","ping_status":"closed","template":"pagetemplates\/template-stadtthema.php","meta":{"_acf_changed":false,"footnotes":""},"categories":[],"tags":[],"ncap_cities_tax":[462,532],"class_list":["post-12257","page","type-page","status-publish","has-post-thumbnail","hentry","ncap_cities_tax-hildesheim-da","ncap_cities_tax-weihnachtsmarkte-hildesheim-da"],"acf":[],"yoast_head":"<!-- This site is optimized with the Yoast SEO plugin v26.8 - https:\/\/yoast.com\/product\/yoast-seo-wordpress\/ -->\n<title>Julemarked i Hildesheim - 9 St\u00e4dte in Niedersachsen<\/title>\n<meta name=\"description\" content=\"Das Herz des Hildesheimer Weihnachtsmarktes schl\u00e4gt auf dem historischen Marktplatz mit seinen wundersch\u00f6nen Fachwerkh\u00e4usern.\" \/>\n<meta name=\"robots\" content=\"index, follow, max-snippet:-1, max-image-preview:large, max-video-preview:-1\" \/>\n<link rel=\"canonical\" href=\"https:\/\/9staedte.de\/da\/hildesheim-by-paa-unescos-verdensarvsliste\/julemarked-i-hildesheim\/\" \/>\n<meta property=\"og:locale\" content=\"da_DK\" \/>\n<meta property=\"og:type\" content=\"article\" \/>\n<meta property=\"og:title\" content=\"Julemarked i Hildesheim - 9 St\u00e4dte in Niedersachsen\" \/>\n<meta property=\"og:description\" content=\"Das Herz des Hildesheimer Weihnachtsmarktes schl\u00e4gt auf dem historischen Marktplatz mit seinen wundersch\u00f6nen Fachwerkh\u00e4usern.\" \/>\n<meta property=\"og:url\" content=\"https:\/\/9staedte.de\/da\/hildesheim-by-paa-unescos-verdensarvsliste\/julemarked-i-hildesheim\/\" \/>\n<meta property=\"og:site_name\" content=\"9 St\u00e4dte in Niedersachsen\" \/>\n<meta property=\"article:modified_time\" content=\"2026-03-23T15:56:59+00:00\" \/>\n<meta property=\"og:image\" content=\"https:\/\/9staedte.de\/wp-content\/uploads\/2024\/09\/Weihnachtsmarkt-Hildesheim-c-Hildesheim-Marketing-Foto-Lars-Griebner-CC-BY.jpg\" \/>\n\t<meta property=\"og:image:width\" content=\"1020\" \/>\n\t<meta property=\"og:image:height\" content=\"560\" \/>\n\t<meta property=\"og:image:type\" content=\"image\/jpeg\" \/>\n<meta name=\"twitter:card\" content=\"summary_large_image\" \/>\n<meta name=\"twitter:label1\" content=\"Estimeret l\u00e6setid\" \/>\n\t<meta name=\"twitter:data1\" content=\"1 minut\" \/>\n<script type=\"application\/ld+json\" class=\"yoast-schema-graph\">{\"@context\":\"https:\/\/schema.org\",\"@graph\":[{\"@type\":\"WebPage\",\"@id\":\"https:\/\/9staedte.de\/da\/hildesheim-by-paa-unescos-verdensarvsliste\/julemarked-i-hildesheim\/\",\"url\":\"https:\/\/9staedte.de\/da\/hildesheim-by-paa-unescos-verdensarvsliste\/julemarked-i-hildesheim\/\",\"name\":\"Julemarked i Hildesheim - 9 St\u00e4dte in Niedersachsen\",\"isPartOf\":{\"@id\":\"https:\/\/9staedte.de\/da\/#website\"},\"primaryImageOfPage\":{\"@id\":\"https:\/\/9staedte.de\/da\/hildesheim-by-paa-unescos-verdensarvsliste\/julemarked-i-hildesheim\/#primaryimage\"},\"image\":{\"@id\":\"https:\/\/9staedte.de\/da\/hildesheim-by-paa-unescos-verdensarvsliste\/julemarked-i-hildesheim\/#primaryimage\"},\"thumbnailUrl\":\"https:\/\/9staedte.de\/wp-content\/uploads\/2024\/09\/Weihnachtsmarkt-Hildesheim-c-Hildesheim-Marketing-Foto-Lars-Griebner-CC-BY.jpg\",\"datePublished\":\"2023-10-25T10:27:50+00:00\",\"dateModified\":\"2026-03-23T15:56:59+00:00\",\"description\":\"Das Herz des Hildesheimer Weihnachtsmarktes schl\u00e4gt auf dem historischen Marktplatz mit seinen wundersch\u00f6nen Fachwerkh\u00e4usern.\",\"breadcrumb\":{\"@id\":\"https:\/\/9staedte.de\/da\/hildesheim-by-paa-unescos-verdensarvsliste\/julemarked-i-hildesheim\/#breadcrumb\"},\"inLanguage\":\"da-DK\",\"potentialAction\":[{\"@type\":\"ReadAction\",\"target\":[\"https:\/\/9staedte.de\/da\/hildesheim-by-paa-unescos-verdensarvsliste\/julemarked-i-hildesheim\/\"]}]},{\"@type\":\"ImageObject\",\"inLanguage\":\"da-DK\",\"@id\":\"https:\/\/9staedte.de\/da\/hildesheim-by-paa-unescos-verdensarvsliste\/julemarked-i-hildesheim\/#primaryimage\",\"url\":\"https:\/\/9staedte.de\/wp-content\/uploads\/2024\/09\/Weihnachtsmarkt-Hildesheim-c-Hildesheim-Marketing-Foto-Lars-Griebner-CC-BY.jpg\",\"contentUrl\":\"https:\/\/9staedte.de\/wp-content\/uploads\/2024\/09\/Weihnachtsmarkt-Hildesheim-c-Hildesheim-Marketing-Foto-Lars-Griebner-CC-BY.jpg\",\"width\":1020,\"height\":560,\"caption\":\"Weihnachtsmarkt Hildesheim c) Hildesheim Marketing Foto Lars Griebner (CC-BY)\"},{\"@type\":\"BreadcrumbList\",\"@id\":\"https:\/\/9staedte.de\/da\/hildesheim-by-paa-unescos-verdensarvsliste\/julemarked-i-hildesheim\/#breadcrumb\",\"itemListElement\":[{\"@type\":\"ListItem\",\"position\":1,\"name\":\"Startseite\",\"item\":\"https:\/\/9staedte.de\/da\/hjem-9-byer-2-i-niedersachsen\/\"},{\"@type\":\"ListItem\",\"position\":2,\"name\":\"Hildesheim &#8211; by p\u00e5 UNESCO&#8217;s verdensarvsliste\",\"item\":\"https:\/\/9staedte.de\/da\/hildesheim-by-paa-unescos-verdensarvsliste\/\"},{\"@type\":\"ListItem\",\"position\":3,\"name\":\"Julemarked i Hildesheim\"}]},{\"@type\":\"WebSite\",\"@id\":\"https:\/\/9staedte.de\/da\/#website\",\"url\":\"https:\/\/9staedte.de\/da\/\",\"name\":\"9 St\u00e4dte in Niedersachsen\",\"description\":\"\",\"publisher\":{\"@id\":\"https:\/\/9staedte.de\/da\/#organization\"},\"potentialAction\":[{\"@type\":\"SearchAction\",\"target\":{\"@type\":\"EntryPoint\",\"urlTemplate\":\"https:\/\/9staedte.de\/da\/?s={search_term_string}\"},\"query-input\":{\"@type\":\"PropertyValueSpecification\",\"valueRequired\":true,\"valueName\":\"search_term_string\"}}],\"inLanguage\":\"da-DK\"},{\"@type\":\"Organization\",\"@id\":\"https:\/\/9staedte.de\/da\/#organization\",\"name\":\"9 St\u00e4dte in Niedersachsen\",\"url\":\"https:\/\/9staedte.de\/da\/\",\"logo\":{\"@type\":\"ImageObject\",\"inLanguage\":\"da-DK\",\"@id\":\"https:\/\/9staedte.de\/da\/#\/schema\/logo\/image\/\",\"url\":\"https:\/\/9staedte.de\/wp-content\/uploads\/2025\/01\/9-neg-deutsch-2-1.png\",\"contentUrl\":\"https:\/\/9staedte.de\/wp-content\/uploads\/2025\/01\/9-neg-deutsch-2-1.png\",\"width\":190,\"height\":114,\"caption\":\"9 St\u00e4dte in Niedersachsen\"},\"image\":{\"@id\":\"https:\/\/9staedte.de\/da\/#\/schema\/logo\/image\/\"}}]}<\/script>\n<!-- \/ Yoast SEO plugin. -->","yoast_head_json":{"title":"Julemarked i Hildesheim - 9 St\u00e4dte in Niedersachsen","description":"Das Herz des Hildesheimer Weihnachtsmarktes schl\u00e4gt auf dem historischen Marktplatz mit seinen wundersch\u00f6nen Fachwerkh\u00e4usern.","robots":{"index":"index","follow":"follow","max-snippet":"max-snippet:-1","max-image-preview":"max-image-preview:large","max-video-preview":"max-video-preview:-1"},"canonical":"https:\/\/9staedte.de\/da\/hildesheim-by-paa-unescos-verdensarvsliste\/julemarked-i-hildesheim\/","og_locale":"da_DK","og_type":"article","og_title":"Julemarked i Hildesheim - 9 St\u00e4dte in Niedersachsen","og_description":"Das Herz des Hildesheimer Weihnachtsmarktes schl\u00e4gt auf dem historischen Marktplatz mit seinen wundersch\u00f6nen Fachwerkh\u00e4usern.","og_url":"https:\/\/9staedte.de\/da\/hildesheim-by-paa-unescos-verdensarvsliste\/julemarked-i-hildesheim\/","og_site_name":"9 St\u00e4dte in Niedersachsen","article_modified_time":"2026-03-23T15:56:59+00:00","og_image":[{"width":1020,"height":560,"url":"https:\/\/9staedte.de\/wp-content\/uploads\/2024\/09\/Weihnachtsmarkt-Hildesheim-c-Hildesheim-Marketing-Foto-Lars-Griebner-CC-BY.jpg","type":"image\/jpeg"}],"twitter_card":"summary_large_image","twitter_misc":{"Estimeret l\u00e6setid":"1 minut"},"schema":{"@context":"https:\/\/schema.org","@graph":[{"@type":"WebPage","@id":"https:\/\/9staedte.de\/da\/hildesheim-by-paa-unescos-verdensarvsliste\/julemarked-i-hildesheim\/","url":"https:\/\/9staedte.de\/da\/hildesheim-by-paa-unescos-verdensarvsliste\/julemarked-i-hildesheim\/","name":"Julemarked i Hildesheim - 9 St\u00e4dte in Niedersachsen","isPartOf":{"@id":"https:\/\/9staedte.de\/da\/#website"},"primaryImageOfPage":{"@id":"https:\/\/9staedte.de\/da\/hildesheim-by-paa-unescos-verdensarvsliste\/julemarked-i-hildesheim\/#primaryimage"},"image":{"@id":"https:\/\/9staedte.de\/da\/hildesheim-by-paa-unescos-verdensarvsliste\/julemarked-i-hildesheim\/#primaryimage"},"thumbnailUrl":"https:\/\/9staedte.de\/wp-content\/uploads\/2024\/09\/Weihnachtsmarkt-Hildesheim-c-Hildesheim-Marketing-Foto-Lars-Griebner-CC-BY.jpg","datePublished":"2023-10-25T10:27:50+00:00","dateModified":"2026-03-23T15:56:59+00:00","description":"Das Herz des Hildesheimer Weihnachtsmarktes schl\u00e4gt auf dem historischen Marktplatz mit seinen wundersch\u00f6nen Fachwerkh\u00e4usern.","breadcrumb":{"@id":"https:\/\/9staedte.de\/da\/hildesheim-by-paa-unescos-verdensarvsliste\/julemarked-i-hildesheim\/#breadcrumb"},"inLanguage":"da-DK","potentialAction":[{"@type":"ReadAction","target":["https:\/\/9staedte.de\/da\/hildesheim-by-paa-unescos-verdensarvsliste\/julemarked-i-hildesheim\/"]}]},{"@type":"ImageObject","inLanguage":"da-DK","@id":"https:\/\/9staedte.de\/da\/hildesheim-by-paa-unescos-verdensarvsliste\/julemarked-i-hildesheim\/#primaryimage","url":"https:\/\/9staedte.de\/wp-content\/uploads\/2024\/09\/Weihnachtsmarkt-Hildesheim-c-Hildesheim-Marketing-Foto-Lars-Griebner-CC-BY.jpg","contentUrl":"https:\/\/9staedte.de\/wp-content\/uploads\/2024\/09\/Weihnachtsmarkt-Hildesheim-c-Hildesheim-Marketing-Foto-Lars-Griebner-CC-BY.jpg","width":1020,"height":560,"caption":"Weihnachtsmarkt Hildesheim c) Hildesheim Marketing Foto Lars Griebner (CC-BY)"},{"@type":"BreadcrumbList","@id":"https:\/\/9staedte.de\/da\/hildesheim-by-paa-unescos-verdensarvsliste\/julemarked-i-hildesheim\/#breadcrumb","itemListElement":[{"@type":"ListItem","position":1,"name":"Startseite","item":"https:\/\/9staedte.de\/da\/hjem-9-byer-2-i-niedersachsen\/"},{"@type":"ListItem","position":2,"name":"Hildesheim &#8211; by p\u00e5 UNESCO&#8217;s verdensarvsliste","item":"https:\/\/9staedte.de\/da\/hildesheim-by-paa-unescos-verdensarvsliste\/"},{"@type":"ListItem","position":3,"name":"Julemarked i Hildesheim"}]},{"@type":"WebSite","@id":"https:\/\/9staedte.de\/da\/#website","url":"https:\/\/9staedte.de\/da\/","name":"9 St\u00e4dte in Niedersachsen","description":"","publisher":{"@id":"https:\/\/9staedte.de\/da\/#organization"},"potentialAction":[{"@type":"SearchAction","target":{"@type":"EntryPoint","urlTemplate":"https:\/\/9staedte.de\/da\/?s={search_term_string}"},"query-input":{"@type":"PropertyValueSpecification","valueRequired":true,"valueName":"search_term_string"}}],"inLanguage":"da-DK"},{"@type":"Organization","@id":"https:\/\/9staedte.de\/da\/#organization","name":"9 St\u00e4dte in Niedersachsen","url":"https:\/\/9staedte.de\/da\/","logo":{"@type":"ImageObject","inLanguage":"da-DK","@id":"https:\/\/9staedte.de\/da\/#\/schema\/logo\/image\/","url":"https:\/\/9staedte.de\/wp-content\/uploads\/2025\/01\/9-neg-deutsch-2-1.png","contentUrl":"https:\/\/9staedte.de\/wp-content\/uploads\/2025\/01\/9-neg-deutsch-2-1.png","width":190,"height":114,"caption":"9 St\u00e4dte in Niedersachsen"},"image":{"@id":"https:\/\/9staedte.de\/da\/#\/schema\/logo\/image\/"}}]}},"_links":{"self":[{"href":"https:\/\/9staedte.de\/da\/wp-json\/wp\/v2\/pages\/12257","targetHints":{"allow":["GET"]}}],"collection":[{"href":"https:\/\/9staedte.de\/da\/wp-json\/wp\/v2\/pages"}],"about":[{"href":"https:\/\/9staedte.de\/da\/wp-json\/wp\/v2\/types\/page"}],"author":[{"embeddable":true,"href":"https:\/\/9staedte.de\/da\/wp-json\/wp\/v2\/users\/1"}],"replies":[{"embeddable":true,"href":"https:\/\/9staedte.de\/da\/wp-json\/wp\/v2\/comments?post=12257"}],"version-history":[{"count":9,"href":"https:\/\/9staedte.de\/da\/wp-json\/wp\/v2\/pages\/12257\/revisions"}],"predecessor-version":[{"id":27930,"href":"https:\/\/9staedte.de\/da\/wp-json\/wp\/v2\/pages\/12257\/revisions\/27930"}],"up":[{"embeddable":true,"href":"https:\/\/9staedte.de\/da\/wp-json\/wp\/v2\/pages\/12668"}],"wp:featuredmedia":[{"embeddable":true,"href":"https:\/\/9staedte.de\/da\/wp-json\/wp\/v2\/media\/23632"}],"wp:attachment":[{"href":"https:\/\/9staedte.de\/da\/wp-json\/wp\/v2\/media?parent=12257"}],"wp:term":[{"taxonomy":"category","embeddable":true,"href":"https:\/\/9staedte.de\/da\/wp-json\/wp\/v2\/categories?post=12257"},{"taxonomy":"post_tag","embeddable":true,"href":"https:\/\/9staedte.de\/da\/wp-json\/wp\/v2\/tags?post=12257"},{"taxonomy":"ncap_cities_tax","embeddable":true,"href":"https:\/\/9staedte.de\/da\/wp-json\/wp\/v2\/ncap_cities_tax?post=12257"}],"curies":[{"name":"wp","href":"https:\/\/api.w.org\/{rel}","templated":true}]}}