{"id":12236,"date":"2023-10-25T12:27:18","date_gmt":"2023-10-25T10:27:18","guid":{"rendered":"https:\/\/9staedte.de\/konferencer-og-kongresser-i-hannover\/"},"modified":"2025-03-07T12:55:56","modified_gmt":"2025-03-07T11:55:56","slug":"konferencer-og-kongresser-i-hannover","status":"publish","type":"page","link":"https:\/\/9staedte.de\/da\/hannover-hovedstad-i-niedersachsen\/konferencer-og-kongresser-i-hannover\/","title":{"rendered":"Konferencer og kongresser i Hannover"},"content":{"rendered":"\n\n<div class=\"banner-wrapper\">\n  <div class=\"banner-inner \">\n      <div class=\"img-container\">\n      <div class=\"img-wrapper\">\n        <img decoding=\"async\" src=\"https:\/\/9staedte.de\/wp-content\/smush-webp\/2023\/02\/HMTG_Europakarte_200x200.jpg.webp\" alt=\"\" \/>\n                  <div class=\"thumbnail-label\">\n            <span>Hannover HMTG_Europakarte_200x200<\/span>\n          <\/div>\n              <\/div>\n    <\/div>\n        <div class=\"text-container\">\n      <div class=\"content\">\n        <h3><strong>Hannover &#8211; Zentraler Wirtschafts- und Kongressstandort<\/strong><\/h3>\n<p><strong>Die Messe- und Kongressmetropole im Herzen Europas<br \/>\n<\/strong>Als weltweit bedeutende Messestadt blickt Hannover auf eine \u00fcber 75-j\u00e4hrige Tradition zur\u00fcck. Das hannoversche Messegel\u00e4nde ist Schauplatz f\u00fcr internationale Leitmessen wie die HANNOVER MESSE, IAA Transportation, DOMOTEX, LIGNA, EMO oder AGRITECHNICA. Auch als Konferenz- und Kongressort spielt Hannover eine wichtige Rolle und beeindruckt mit einer gro\u00dfen Auswahl von au\u00dfergew\u00f6hnlichen Locations.<\/p>\n<p><strong>Made in Hannover<\/strong><br \/>\nNamhafte Marken und Weltkonzerne verleihen der Wirtschaftsregion internationale Strahlkraft: Bahlsen, KIND H\u00f6rger\u00e4te, Komatsu-Hanomag, Rossmann, Sennheiser electronic und die TUI sind hier ans\u00e4ssig. Besondere Bedeutung haben die Automobilindustrie (Volkswagen Nutzfahrzeuge und Continental) sowie die Versicherungs- und Finanzdienstleistungsbranche. Und auch eine florierende Startup-Szene Wirtschaftsplatz Hannover.<\/p>\n<p>&nbsp;<\/p>\n<p>&nbsp;<\/p>\n      <\/div>\n    <\/div>\n    <\/div>\n<\/div>\n\n\n\n\r\n\r\n    <div class=\"filter-posts\">\r\n            <div  id=\"filterContent\">\r\n                                                        \n<div class=\"contentKachel filtr-item\" data-category=\"hannover-da\">\n    <a href=\"https:\/\/9staedte.de\/da\/hannover-convention-and-events-bureau-lokationsportal\/\">\n        <div class=\"contentKachel-inner\">\n                            <div class=\"contentKachel-thumbnail\">\n                    <img loading=\"lazy\" decoding=\"async\" width=\"300\" height=\"165\" src=\"https:\/\/9staedte.de\/wp-content\/smush-webp\/2022\/06\/Kuppelsaal-2-\u00a9-R.-Droese-300x165.jpg.webp\" class=\"objectfitcover withfilters wp-post-image\" alt=\"Billedet viser en stor koncertsal. Salen er rund. Der er mange s\u00e6der i lilla farve. Loftet er stort og rundt. Store lamper h\u00e6nger fra loftet. Salen hedder Kuppelsaal i Hannover Congress Centrum.\" srcset=\"https:\/\/9staedte.de\/wp-content\/smush-webp\/2022\/06\/Kuppelsaal-2-\u00a9-R.-Droese-300x165.jpg.webp 300w, https:\/\/9staedte.de\/wp-content\/smush-webp\/2022\/06\/Kuppelsaal-2-\u00a9-R.-Droese-768x422.jpg.webp 768w, https:\/\/9staedte.de\/wp-content\/smush-webp\/2022\/06\/Kuppelsaal-2-\u00a9-R.-Droese.jpg.webp 1020w\" sizes=\"auto, (max-width: 300px) 100vw, 300px\" \/>                    <img loading=\"lazy\" decoding=\"async\" width=\"300\" height=\"165\" src=\"https:\/\/9staedte.de\/wp-content\/smush-webp\/2022\/06\/Kuppelsaal-2-\u00a9-R.-Droese-300x165.jpg.webp\" class=\"objectfitcontain wp-post-image\" alt=\"Billedet viser en stor koncertsal. Salen er rund. Der er mange s\u00e6der i lilla farve. Loftet er stort og rundt. Store lamper h\u00e6nger fra loftet. Salen hedder Kuppelsaal i Hannover Congress Centrum.\" srcset=\"https:\/\/9staedte.de\/wp-content\/smush-webp\/2022\/06\/Kuppelsaal-2-\u00a9-R.-Droese-300x165.jpg.webp 300w, https:\/\/9staedte.de\/wp-content\/smush-webp\/2022\/06\/Kuppelsaal-2-\u00a9-R.-Droese-768x422.jpg.webp 768w, https:\/\/9staedte.de\/wp-content\/smush-webp\/2022\/06\/Kuppelsaal-2-\u00a9-R.-Droese.jpg.webp 1020w\" sizes=\"auto, (max-width: 300px) 100vw, 300px\" \/>                        <div class=\"thumbnail-label\">\n    <span>HCC Kuppelsaal c) R. Dr\u00f6se<\/span>\n    <\/div>\n                <\/div>\n                        <div class=\"contentKachel-content\">\n                                    <div class=\"city-tag bg-hannover\">\n                        Hannover                    <\/div>\n                \n                <div class=\"title\">\n\n                    Hannover Convention Bureau &#8211; Lokationsportal                    \n                <\/div>\n\n                            <\/div>\n\n        <\/div>\n    <\/a>\n<\/div>                                                        \n<div class=\"contentKachel filtr-item\" data-category=\"hannover-da\">\n    <a href=\"https:\/\/9staedte.de\/da\/hannovers-lokationer-til-konferencer-messer-og-kongresser-i-360\/\">\n        <div class=\"contentKachel-inner\">\n                            <div class=\"contentKachel-thumbnail\">\n                    <img loading=\"lazy\" decoding=\"async\" width=\"300\" height=\"150\" src=\"https:\/\/9staedte.de\/wp-content\/smush-webp\/2023\/02\/Little-Planet-Messe-21-300x150.jpg.webp\" class=\"objectfitcover withfilters wp-post-image\" alt=\"Billedet viser messeomr\u00e5det i Hannover. Det er taget med et specielt kamera. Omr\u00e5det ligner en lille rund verden. Man kan se en stor glasbygning. Himlen er bl\u00e5 med f\u00e5 skyer. Midten af billedet er brolagt. Billedet ligner en lille planet fra oven.\" srcset=\"https:\/\/9staedte.de\/wp-content\/smush-webp\/2023\/02\/Little-Planet-Messe-21-300x150.jpg.webp 300w, https:\/\/9staedte.de\/wp-content\/smush-webp\/2023\/02\/Little-Planet-Messe-21-768x384.jpg.webp 768w, https:\/\/9staedte.de\/wp-content\/smush-webp\/2023\/02\/Little-Planet-Messe-21.jpg.webp 1020w\" sizes=\"auto, (max-width: 300px) 100vw, 300px\" \/>                    <img loading=\"lazy\" decoding=\"async\" width=\"300\" height=\"150\" src=\"https:\/\/9staedte.de\/wp-content\/smush-webp\/2023\/02\/Little-Planet-Messe-21-300x150.jpg.webp\" class=\"objectfitcontain wp-post-image\" alt=\"Billedet viser messeomr\u00e5det i Hannover. Det er taget med et specielt kamera. Omr\u00e5det ligner en lille rund verden. Man kan se en stor glasbygning. Himlen er bl\u00e5 med f\u00e5 skyer. Midten af billedet er brolagt. Billedet ligner en lille planet fra oven.\" srcset=\"https:\/\/9staedte.de\/wp-content\/smush-webp\/2023\/02\/Little-Planet-Messe-21-300x150.jpg.webp 300w, https:\/\/9staedte.de\/wp-content\/smush-webp\/2023\/02\/Little-Planet-Messe-21-768x384.jpg.webp 768w, https:\/\/9staedte.de\/wp-content\/smush-webp\/2023\/02\/Little-Planet-Messe-21.jpg.webp 1020w\" sizes=\"auto, (max-width: 300px) 100vw, 300px\" \/>                        <div class=\"thumbnail-label\">\n    <span>360\u00b0 Hannover Messegel\u00e4nde c) HMTG<\/span>\n    <\/div>\n                <\/div>\n                        <div class=\"contentKachel-content\">\n                                    <div class=\"city-tag bg-hannover\">\n                        Hannover                    <\/div>\n                \n                <div class=\"title\">\n\n                    Hannovers lokationer til konferencer, messer og kongresser i 360\u00b0.                    \n                <\/div>\n\n                            <\/div>\n\n        <\/div>\n    <\/a>\n<\/div>                                                        \n<div class=\"contentKachel filtr-item\" data-category=\"hannover-da\">\n    <a href=\"https:\/\/9staedte.de\/da\/hannover-congress-and-event-bureau-perfekt-service-fra-en-enkelt-kilde\/\">\n        <div class=\"contentKachel-inner\">\n                            <div class=\"contentKachel-thumbnail\">\n                    <img loading=\"lazy\" decoding=\"async\" width=\"300\" height=\"164\" src=\"https:\/\/9staedte.de\/wp-content\/smush-webp\/2023\/02\/Deutsche-Messe-Halle-19-c-Marc-Winkel-Fotografie-300x164.jpg.webp\" class=\"objectfitcover withfilters wp-post-image\" alt=\"Billedet viser en stor messebygning. Bygningen har mange vinduer og er lyst op indvendigt. Det er aften, og himlen er bl\u00e5 og lyser\u00f8d. Foran bygningen st\u00e5r sm\u00e5 tr\u00e6er. Bygningen hedder Hal 19 ved Deutsche Messe i Hannover.\" srcset=\"https:\/\/9staedte.de\/wp-content\/smush-webp\/2023\/02\/Deutsche-Messe-Halle-19-c-Marc-Winkel-Fotografie-300x164.jpg.webp 300w, https:\/\/9staedte.de\/wp-content\/smush-webp\/2023\/02\/Deutsche-Messe-Halle-19-c-Marc-Winkel-Fotografie-768x421.jpg.webp 768w, https:\/\/9staedte.de\/wp-content\/smush-webp\/2023\/02\/Deutsche-Messe-Halle-19-c-Marc-Winkel-Fotografie.jpg.webp 1020w\" sizes=\"auto, (max-width: 300px) 100vw, 300px\" \/>                    <img loading=\"lazy\" decoding=\"async\" width=\"300\" height=\"164\" src=\"https:\/\/9staedte.de\/wp-content\/smush-webp\/2023\/02\/Deutsche-Messe-Halle-19-c-Marc-Winkel-Fotografie-300x164.jpg.webp\" class=\"objectfitcontain wp-post-image\" alt=\"Billedet viser en stor messebygning. Bygningen har mange vinduer og er lyst op indvendigt. Det er aften, og himlen er bl\u00e5 og lyser\u00f8d. Foran bygningen st\u00e5r sm\u00e5 tr\u00e6er. Bygningen hedder Hal 19 ved Deutsche Messe i Hannover.\" srcset=\"https:\/\/9staedte.de\/wp-content\/smush-webp\/2023\/02\/Deutsche-Messe-Halle-19-c-Marc-Winkel-Fotografie-300x164.jpg.webp 300w, https:\/\/9staedte.de\/wp-content\/smush-webp\/2023\/02\/Deutsche-Messe-Halle-19-c-Marc-Winkel-Fotografie-768x421.jpg.webp 768w, https:\/\/9staedte.de\/wp-content\/smush-webp\/2023\/02\/Deutsche-Messe-Halle-19-c-Marc-Winkel-Fotografie.jpg.webp 1020w\" sizes=\"auto, (max-width: 300px) 100vw, 300px\" \/>                        <div class=\"thumbnail-label\">\n    <span>Deutsche Messe Halle 19 c) Marc Winkel Fotografie<\/span>\n    <\/div>\n                <\/div>\n                        <div class=\"contentKachel-content\">\n                                    <div class=\"city-tag bg-hannover\">\n                        Hannover                    <\/div>\n                \n                <div class=\"title\">\n\n                    Hannover Convention Bureau \u2013 Perfekt service fra en enkelt kilde                    \n                <\/div>\n\n                            <\/div>\n\n        <\/div>\n    <\/a>\n<\/div>                                            <\/div>\r\n    <\/div>\r\n","protected":false},"excerpt":{"rendered":"","protected":false},"author":1,"featured_media":12240,"parent":12681,"menu_order":0,"comment_status":"closed","ping_status":"closed","template":"pagetemplates\/template-stadtthema.php","meta":{"_acf_changed":false,"footnotes":""},"categories":[],"tags":[],"ncap_cities_tax":[455,1162],"class_list":["post-12236","page","type-page","status-publish","has-post-thumbnail","hentry","ncap_cities_tax-hannover-da","ncap_cities_tax-tagungen-und-kongresse-hannover-da"],"acf":[],"yoast_head":"<!-- This site is optimized with the Yoast SEO plugin v26.8 - https:\/\/yoast.com\/product\/yoast-seo-wordpress\/ -->\n<title>Konferencer og kongresser i Hannover - 9 St\u00e4dte in Niedersachsen<\/title>\n<meta name=\"robots\" content=\"index, follow, max-snippet:-1, max-image-preview:large, max-video-preview:-1\" \/>\n<link rel=\"canonical\" href=\"https:\/\/9staedte.de\/da\/hannover-hovedstad-i-niedersachsen\/konferencer-og-kongresser-i-hannover\/\" \/>\n<meta property=\"og:locale\" content=\"da_DK\" \/>\n<meta property=\"og:type\" content=\"article\" \/>\n<meta property=\"og:title\" content=\"Konferencer og kongresser i Hannover - 9 St\u00e4dte in Niedersachsen\" \/>\n<meta property=\"og:url\" content=\"https:\/\/9staedte.de\/da\/hannover-hovedstad-i-niedersachsen\/konferencer-og-kongresser-i-hannover\/\" \/>\n<meta property=\"og:site_name\" content=\"9 St\u00e4dte in Niedersachsen\" \/>\n<meta property=\"article:modified_time\" content=\"2025-03-07T11:55:56+00:00\" \/>\n<meta property=\"og:image\" content=\"https:\/\/9staedte.de\/wp-content\/uploads\/2023\/02\/Veranstaltung-im-Schloss-Herrenhausen-c-Bjoern-Kuessner.jpg\" \/>\n\t<meta property=\"og:image:width\" content=\"1020\" \/>\n\t<meta property=\"og:image:height\" content=\"559\" \/>\n\t<meta property=\"og:image:type\" content=\"image\/jpeg\" \/>\n<meta name=\"twitter:card\" content=\"summary_large_image\" \/>\n<meta name=\"twitter:label1\" content=\"Estimeret l\u00e6setid\" \/>\n\t<meta name=\"twitter:data1\" content=\"1 minut\" \/>\n<script type=\"application\/ld+json\" class=\"yoast-schema-graph\">{\"@context\":\"https:\/\/schema.org\",\"@graph\":[{\"@type\":\"WebPage\",\"@id\":\"https:\/\/9staedte.de\/da\/hannover-hovedstad-i-niedersachsen\/konferencer-og-kongresser-i-hannover\/\",\"url\":\"https:\/\/9staedte.de\/da\/hannover-hovedstad-i-niedersachsen\/konferencer-og-kongresser-i-hannover\/\",\"name\":\"Konferencer og kongresser i Hannover - 9 St\u00e4dte in Niedersachsen\",\"isPartOf\":{\"@id\":\"https:\/\/9staedte.de\/da\/#website\"},\"primaryImageOfPage\":{\"@id\":\"https:\/\/9staedte.de\/da\/hannover-hovedstad-i-niedersachsen\/konferencer-og-kongresser-i-hannover\/#primaryimage\"},\"image\":{\"@id\":\"https:\/\/9staedte.de\/da\/hannover-hovedstad-i-niedersachsen\/konferencer-og-kongresser-i-hannover\/#primaryimage\"},\"thumbnailUrl\":\"https:\/\/9staedte.de\/wp-content\/uploads\/2023\/02\/Veranstaltung-im-Schloss-Herrenhausen-c-Bjoern-Kuessner.jpg\",\"datePublished\":\"2023-10-25T10:27:18+00:00\",\"dateModified\":\"2025-03-07T11:55:56+00:00\",\"breadcrumb\":{\"@id\":\"https:\/\/9staedte.de\/da\/hannover-hovedstad-i-niedersachsen\/konferencer-og-kongresser-i-hannover\/#breadcrumb\"},\"inLanguage\":\"da-DK\",\"potentialAction\":[{\"@type\":\"ReadAction\",\"target\":[\"https:\/\/9staedte.de\/da\/hannover-hovedstad-i-niedersachsen\/konferencer-og-kongresser-i-hannover\/\"]}]},{\"@type\":\"ImageObject\",\"inLanguage\":\"da-DK\",\"@id\":\"https:\/\/9staedte.de\/da\/hannover-hovedstad-i-niedersachsen\/konferencer-og-kongresser-i-hannover\/#primaryimage\",\"url\":\"https:\/\/9staedte.de\/wp-content\/uploads\/2023\/02\/Veranstaltung-im-Schloss-Herrenhausen-c-Bjoern-Kuessner.jpg\",\"contentUrl\":\"https:\/\/9staedte.de\/wp-content\/uploads\/2023\/02\/Veranstaltung-im-Schloss-Herrenhausen-c-Bjoern-Kuessner.jpg\",\"width\":1020,\"height\":559,\"caption\":\"Veranstaltung im Schloss Herrenhausen c) Bj\u00f6rn K\u00fcssner\"},{\"@type\":\"BreadcrumbList\",\"@id\":\"https:\/\/9staedte.de\/da\/hannover-hovedstad-i-niedersachsen\/konferencer-og-kongresser-i-hannover\/#breadcrumb\",\"itemListElement\":[{\"@type\":\"ListItem\",\"position\":1,\"name\":\"Startseite\",\"item\":\"https:\/\/9staedte.de\/da\/hjem-9-byer-2-i-niedersachsen\/\"},{\"@type\":\"ListItem\",\"position\":2,\"name\":\"Hannover &#8211; hovedstad i Niedersachsen\",\"item\":\"https:\/\/9staedte.de\/da\/hannover-hovedstad-i-niedersachsen\/\"},{\"@type\":\"ListItem\",\"position\":3,\"name\":\"Konferencer og kongresser i Hannover\"}]},{\"@type\":\"WebSite\",\"@id\":\"https:\/\/9staedte.de\/da\/#website\",\"url\":\"https:\/\/9staedte.de\/da\/\",\"name\":\"9 St\u00e4dte in Niedersachsen\",\"description\":\"\",\"publisher\":{\"@id\":\"https:\/\/9staedte.de\/da\/#organization\"},\"potentialAction\":[{\"@type\":\"SearchAction\",\"target\":{\"@type\":\"EntryPoint\",\"urlTemplate\":\"https:\/\/9staedte.de\/da\/?s={search_term_string}\"},\"query-input\":{\"@type\":\"PropertyValueSpecification\",\"valueRequired\":true,\"valueName\":\"search_term_string\"}}],\"inLanguage\":\"da-DK\"},{\"@type\":\"Organization\",\"@id\":\"https:\/\/9staedte.de\/da\/#organization\",\"name\":\"9 St\u00e4dte in Niedersachsen\",\"url\":\"https:\/\/9staedte.de\/da\/\",\"logo\":{\"@type\":\"ImageObject\",\"inLanguage\":\"da-DK\",\"@id\":\"https:\/\/9staedte.de\/da\/#\/schema\/logo\/image\/\",\"url\":\"https:\/\/9staedte.de\/wp-content\/uploads\/2025\/01\/9-neg-deutsch-2-1.png\",\"contentUrl\":\"https:\/\/9staedte.de\/wp-content\/uploads\/2025\/01\/9-neg-deutsch-2-1.png\",\"width\":190,\"height\":114,\"caption\":\"9 St\u00e4dte in Niedersachsen\"},\"image\":{\"@id\":\"https:\/\/9staedte.de\/da\/#\/schema\/logo\/image\/\"}}]}<\/script>\n<!-- \/ Yoast SEO plugin. -->","yoast_head_json":{"title":"Konferencer og kongresser i Hannover - 9 St\u00e4dte in Niedersachsen","robots":{"index":"index","follow":"follow","max-snippet":"max-snippet:-1","max-image-preview":"max-image-preview:large","max-video-preview":"max-video-preview:-1"},"canonical":"https:\/\/9staedte.de\/da\/hannover-hovedstad-i-niedersachsen\/konferencer-og-kongresser-i-hannover\/","og_locale":"da_DK","og_type":"article","og_title":"Konferencer og kongresser i Hannover - 9 St\u00e4dte in Niedersachsen","og_url":"https:\/\/9staedte.de\/da\/hannover-hovedstad-i-niedersachsen\/konferencer-og-kongresser-i-hannover\/","og_site_name":"9 St\u00e4dte in Niedersachsen","article_modified_time":"2025-03-07T11:55:56+00:00","og_image":[{"width":1020,"height":559,"url":"https:\/\/9staedte.de\/wp-content\/uploads\/2023\/02\/Veranstaltung-im-Schloss-Herrenhausen-c-Bjoern-Kuessner.jpg","type":"image\/jpeg"}],"twitter_card":"summary_large_image","twitter_misc":{"Estimeret l\u00e6setid":"1 minut"},"schema":{"@context":"https:\/\/schema.org","@graph":[{"@type":"WebPage","@id":"https:\/\/9staedte.de\/da\/hannover-hovedstad-i-niedersachsen\/konferencer-og-kongresser-i-hannover\/","url":"https:\/\/9staedte.de\/da\/hannover-hovedstad-i-niedersachsen\/konferencer-og-kongresser-i-hannover\/","name":"Konferencer og kongresser i Hannover - 9 St\u00e4dte in Niedersachsen","isPartOf":{"@id":"https:\/\/9staedte.de\/da\/#website"},"primaryImageOfPage":{"@id":"https:\/\/9staedte.de\/da\/hannover-hovedstad-i-niedersachsen\/konferencer-og-kongresser-i-hannover\/#primaryimage"},"image":{"@id":"https:\/\/9staedte.de\/da\/hannover-hovedstad-i-niedersachsen\/konferencer-og-kongresser-i-hannover\/#primaryimage"},"thumbnailUrl":"https:\/\/9staedte.de\/wp-content\/uploads\/2023\/02\/Veranstaltung-im-Schloss-Herrenhausen-c-Bjoern-Kuessner.jpg","datePublished":"2023-10-25T10:27:18+00:00","dateModified":"2025-03-07T11:55:56+00:00","breadcrumb":{"@id":"https:\/\/9staedte.de\/da\/hannover-hovedstad-i-niedersachsen\/konferencer-og-kongresser-i-hannover\/#breadcrumb"},"inLanguage":"da-DK","potentialAction":[{"@type":"ReadAction","target":["https:\/\/9staedte.de\/da\/hannover-hovedstad-i-niedersachsen\/konferencer-og-kongresser-i-hannover\/"]}]},{"@type":"ImageObject","inLanguage":"da-DK","@id":"https:\/\/9staedte.de\/da\/hannover-hovedstad-i-niedersachsen\/konferencer-og-kongresser-i-hannover\/#primaryimage","url":"https:\/\/9staedte.de\/wp-content\/uploads\/2023\/02\/Veranstaltung-im-Schloss-Herrenhausen-c-Bjoern-Kuessner.jpg","contentUrl":"https:\/\/9staedte.de\/wp-content\/uploads\/2023\/02\/Veranstaltung-im-Schloss-Herrenhausen-c-Bjoern-Kuessner.jpg","width":1020,"height":559,"caption":"Veranstaltung im Schloss Herrenhausen c) Bj\u00f6rn K\u00fcssner"},{"@type":"BreadcrumbList","@id":"https:\/\/9staedte.de\/da\/hannover-hovedstad-i-niedersachsen\/konferencer-og-kongresser-i-hannover\/#breadcrumb","itemListElement":[{"@type":"ListItem","position":1,"name":"Startseite","item":"https:\/\/9staedte.de\/da\/hjem-9-byer-2-i-niedersachsen\/"},{"@type":"ListItem","position":2,"name":"Hannover &#8211; hovedstad i Niedersachsen","item":"https:\/\/9staedte.de\/da\/hannover-hovedstad-i-niedersachsen\/"},{"@type":"ListItem","position":3,"name":"Konferencer og kongresser i Hannover"}]},{"@type":"WebSite","@id":"https:\/\/9staedte.de\/da\/#website","url":"https:\/\/9staedte.de\/da\/","name":"9 St\u00e4dte in Niedersachsen","description":"","publisher":{"@id":"https:\/\/9staedte.de\/da\/#organization"},"potentialAction":[{"@type":"SearchAction","target":{"@type":"EntryPoint","urlTemplate":"https:\/\/9staedte.de\/da\/?s={search_term_string}"},"query-input":{"@type":"PropertyValueSpecification","valueRequired":true,"valueName":"search_term_string"}}],"inLanguage":"da-DK"},{"@type":"Organization","@id":"https:\/\/9staedte.de\/da\/#organization","name":"9 St\u00e4dte in Niedersachsen","url":"https:\/\/9staedte.de\/da\/","logo":{"@type":"ImageObject","inLanguage":"da-DK","@id":"https:\/\/9staedte.de\/da\/#\/schema\/logo\/image\/","url":"https:\/\/9staedte.de\/wp-content\/uploads\/2025\/01\/9-neg-deutsch-2-1.png","contentUrl":"https:\/\/9staedte.de\/wp-content\/uploads\/2025\/01\/9-neg-deutsch-2-1.png","width":190,"height":114,"caption":"9 St\u00e4dte in Niedersachsen"},"image":{"@id":"https:\/\/9staedte.de\/da\/#\/schema\/logo\/image\/"}}]}},"_links":{"self":[{"href":"https:\/\/9staedte.de\/da\/wp-json\/wp\/v2\/pages\/12236","targetHints":{"allow":["GET"]}}],"collection":[{"href":"https:\/\/9staedte.de\/da\/wp-json\/wp\/v2\/pages"}],"about":[{"href":"https:\/\/9staedte.de\/da\/wp-json\/wp\/v2\/types\/page"}],"author":[{"embeddable":true,"href":"https:\/\/9staedte.de\/da\/wp-json\/wp\/v2\/users\/1"}],"replies":[{"embeddable":true,"href":"https:\/\/9staedte.de\/da\/wp-json\/wp\/v2\/comments?post=12236"}],"version-history":[{"count":2,"href":"https:\/\/9staedte.de\/da\/wp-json\/wp\/v2\/pages\/12236\/revisions"}],"predecessor-version":[{"id":24879,"href":"https:\/\/9staedte.de\/da\/wp-json\/wp\/v2\/pages\/12236\/revisions\/24879"}],"up":[{"embeddable":true,"href":"https:\/\/9staedte.de\/da\/wp-json\/wp\/v2\/pages\/12681"}],"wp:featuredmedia":[{"embeddable":true,"href":"https:\/\/9staedte.de\/da\/wp-json\/wp\/v2\/media\/12240"}],"wp:attachment":[{"href":"https:\/\/9staedte.de\/da\/wp-json\/wp\/v2\/media?parent=12236"}],"wp:term":[{"taxonomy":"category","embeddable":true,"href":"https:\/\/9staedte.de\/da\/wp-json\/wp\/v2\/categories?post=12236"},{"taxonomy":"post_tag","embeddable":true,"href":"https:\/\/9staedte.de\/da\/wp-json\/wp\/v2\/tags?post=12236"},{"taxonomy":"ncap_cities_tax","embeddable":true,"href":"https:\/\/9staedte.de\/da\/wp-json\/wp\/v2\/ncap_cities_tax?post=12236"}],"curies":[{"name":"wp","href":"https:\/\/api.w.org\/{rel}","templated":true}]}}