{"id":12226,"date":"2023-10-25T12:27:49","date_gmt":"2023-10-25T10:27:49","guid":{"rendered":"https:\/\/9staedte.de\/information-om-rejseleder-og-udflugter-i-hildesheim\/"},"modified":"2024-10-21T10:33:21","modified_gmt":"2024-10-21T08:33:21","slug":"information-om-rejseleder-og-udflugter-i-hildesheim","status":"publish","type":"page","link":"https:\/\/9staedte.de\/da\/hildesheim-by-paa-unescos-verdensarvsliste\/information-om-rejseleder-og-udflugter-i-hildesheim\/","title":{"rendered":"Information om rejseleder og udflugter i Hildesheim"},"content":{"rendered":"\n<h3 class=\"wp-block-heading\">Rundrejser i regionen<\/h3>\n\n\n\n<p>Uanset om det er Harzen-turen, klosterruten, langs floden Leine eller interessante fakta om kartofler og kridt &#8211; lad ekspertguider vise dig sl\u00e5ende og enest\u00e5ende vidnesbyrd om historien i Hildesheims varierede omgivelser. Sammen vil I opdage tidligere fyrste- og aristokratiske residenser, beundre kunstskatte og vigtige klosterkomplekser eller nyde kaffe og kage p\u00e5 en sukkerfabrik som en del af halvdags- og heldagsbusture i regionen.<\/p>\n\n\n\n<p>Priser og betingelser p\u00e5 foresp\u00f8rgsel<br><\/p>\n\n\n\n<h4 class=\"wp-block-heading\">Verdensarv i Hildesheim-regionen<\/h4>\n\n\n\n<p>L\u00e6r den unikke UNESCO-verdensarv i Hildesheim-regionen at kende:<br>I Hildesheim bes\u00f8ger vi Sankt Michaels Kirke og biskop Bernwards bronzev\u00e6rker. Derefter g\u00e5r turen videre til Alfeld til Fagus-fabrikken, den f\u00f8rste industribygning i den moderne tidsalder.<\/p>\n\n\n\n<p>Priser og betingelser p\u00e5 foresp\u00f8rgsel<\/p>\n\n\n\n<h4 class=\"wp-block-heading\">Yderligere oplysninger:<\/h4>\n\n\n\n<p>Turistinformation<br>Rathausstra\u00dfe 20 (Tempelhuset)<br>31134 Hildesheim<br>Tlf.: + 49 (0) 5121 1798 &#8211; 0<br>Fax: + 49 (0) 5121 1798 &#8211; 88<br>E-mail: <a href=\"mailto:tourist-info@hildesheim-marketing.de\" target=\"_blank\" rel=\"noreferrer noopener\">tourist-info@hildesheim-marketing.de<\/a><br>Internet: <a href=\"https:\/\/www.hildesheim-tourismus.de\/\" target=\"_blank\" rel=\"noreferrer noopener\">www.hildesheim-tourismus.de<\/a><\/p>\n","protected":false},"excerpt":{"rendered":"<p>Rundrejser i regionen Uanset om det er Harzen-turen, klosterruten, langs floden Leine eller interessante fakta om kartofler og kridt &#8211; lad ekspertguider vise dig sl\u00e5ende og enest\u00e5ende vidnesbyrd om historien i Hildesheims varierede omgivelser. Sammen vil I opdage tidligere fyrste- og aristokratiske residenser, beundre kunstskatte og vigtige klosterkomplekser eller nyde kaffe og kage p\u00e5 en [&hellip;]<\/p>\n","protected":false},"author":1,"featured_media":12231,"parent":12668,"menu_order":0,"comment_status":"closed","ping_status":"closed","template":"pagetemplates\/template-stadtthema.php","meta":{"_acf_changed":false,"footnotes":""},"categories":[],"tags":[],"ncap_cities_tax":[462,1302],"class_list":["post-12226","page","type-page","status-publish","has-post-thumbnail","hentry","ncap_cities_tax-hildesheim-da","ncap_cities_tax-reiseleitung-und-ausflugen-hildesheim-da"],"acf":[],"yoast_head":"<!-- This site is optimized with the Yoast SEO plugin v26.8 - https:\/\/yoast.com\/product\/yoast-seo-wordpress\/ -->\n<title>Information om rejseleder og udflugter i Hildesheim - 9 St\u00e4dte in Niedersachsen<\/title>\n<meta name=\"robots\" content=\"index, follow, max-snippet:-1, max-image-preview:large, max-video-preview:-1\" \/>\n<link rel=\"canonical\" href=\"https:\/\/9staedte.de\/da\/hildesheim-by-paa-unescos-verdensarvsliste\/information-om-rejseleder-og-udflugter-i-hildesheim\/\" \/>\n<meta property=\"og:locale\" content=\"da_DK\" \/>\n<meta property=\"og:type\" content=\"article\" \/>\n<meta property=\"og:title\" content=\"Information om rejseleder og udflugter i Hildesheim - 9 St\u00e4dte in Niedersachsen\" \/>\n<meta property=\"og:description\" content=\"Rundrejser i regionen Uanset om det er Harzen-turen, klosterruten, langs floden Leine eller interessante fakta om kartofler og kridt &#8211; lad ekspertguider vise dig sl\u00e5ende og enest\u00e5ende vidnesbyrd om historien i Hildesheims varierede omgivelser. Sammen vil I opdage tidligere fyrste- og aristokratiske residenser, beundre kunstskatte og vigtige klosterkomplekser eller nyde kaffe og kage p\u00e5 en [&hellip;]\" \/>\n<meta property=\"og:url\" content=\"https:\/\/9staedte.de\/da\/hildesheim-by-paa-unescos-verdensarvsliste\/information-om-rejseleder-og-udflugter-i-hildesheim\/\" \/>\n<meta property=\"og:site_name\" content=\"9 St\u00e4dte in Niedersachsen\" \/>\n<meta property=\"article:modified_time\" content=\"2024-10-21T08:33:21+00:00\" \/>\n<meta property=\"og:image\" content=\"https:\/\/9staedte.de\/wp-content\/uploads\/2023\/03\/FagusWerk-in-Alfeld-c-Fagus-Werk.jpg\" \/>\n\t<meta property=\"og:image:width\" content=\"945\" \/>\n\t<meta property=\"og:image:height\" content=\"531\" \/>\n\t<meta property=\"og:image:type\" content=\"image\/jpeg\" \/>\n<meta name=\"twitter:card\" content=\"summary_large_image\" \/>\n<meta name=\"twitter:label1\" content=\"Estimeret l\u00e6setid\" \/>\n\t<meta name=\"twitter:data1\" content=\"1 minut\" \/>\n<script type=\"application\/ld+json\" class=\"yoast-schema-graph\">{\"@context\":\"https:\/\/schema.org\",\"@graph\":[{\"@type\":\"WebPage\",\"@id\":\"https:\/\/9staedte.de\/da\/hildesheim-by-paa-unescos-verdensarvsliste\/information-om-rejseleder-og-udflugter-i-hildesheim\/\",\"url\":\"https:\/\/9staedte.de\/da\/hildesheim-by-paa-unescos-verdensarvsliste\/information-om-rejseleder-og-udflugter-i-hildesheim\/\",\"name\":\"Information om rejseleder og udflugter i Hildesheim - 9 St\u00e4dte in Niedersachsen\",\"isPartOf\":{\"@id\":\"https:\/\/9staedte.de\/da\/#website\"},\"primaryImageOfPage\":{\"@id\":\"https:\/\/9staedte.de\/da\/hildesheim-by-paa-unescos-verdensarvsliste\/information-om-rejseleder-og-udflugter-i-hildesheim\/#primaryimage\"},\"image\":{\"@id\":\"https:\/\/9staedte.de\/da\/hildesheim-by-paa-unescos-verdensarvsliste\/information-om-rejseleder-og-udflugter-i-hildesheim\/#primaryimage\"},\"thumbnailUrl\":\"https:\/\/9staedte.de\/wp-content\/uploads\/2023\/03\/FagusWerk-in-Alfeld-c-Fagus-Werk.jpg\",\"datePublished\":\"2023-10-25T10:27:49+00:00\",\"dateModified\":\"2024-10-21T08:33:21+00:00\",\"breadcrumb\":{\"@id\":\"https:\/\/9staedte.de\/da\/hildesheim-by-paa-unescos-verdensarvsliste\/information-om-rejseleder-og-udflugter-i-hildesheim\/#breadcrumb\"},\"inLanguage\":\"da-DK\",\"potentialAction\":[{\"@type\":\"ReadAction\",\"target\":[\"https:\/\/9staedte.de\/da\/hildesheim-by-paa-unescos-verdensarvsliste\/information-om-rejseleder-og-udflugter-i-hildesheim\/\"]}]},{\"@type\":\"ImageObject\",\"inLanguage\":\"da-DK\",\"@id\":\"https:\/\/9staedte.de\/da\/hildesheim-by-paa-unescos-verdensarvsliste\/information-om-rejseleder-og-udflugter-i-hildesheim\/#primaryimage\",\"url\":\"https:\/\/9staedte.de\/wp-content\/uploads\/2023\/03\/FagusWerk-in-Alfeld-c-Fagus-Werk.jpg\",\"contentUrl\":\"https:\/\/9staedte.de\/wp-content\/uploads\/2023\/03\/FagusWerk-in-Alfeld-c-Fagus-Werk.jpg\",\"width\":945,\"height\":531,\"caption\":\"FagusWerk in Alfeld c) Fagus Werk\"},{\"@type\":\"BreadcrumbList\",\"@id\":\"https:\/\/9staedte.de\/da\/hildesheim-by-paa-unescos-verdensarvsliste\/information-om-rejseleder-og-udflugter-i-hildesheim\/#breadcrumb\",\"itemListElement\":[{\"@type\":\"ListItem\",\"position\":1,\"name\":\"Startseite\",\"item\":\"https:\/\/9staedte.de\/da\/hjem-9-byer-2-i-niedersachsen\/\"},{\"@type\":\"ListItem\",\"position\":2,\"name\":\"Hildesheim &#8211; by p\u00e5 UNESCO&#8217;s verdensarvsliste\",\"item\":\"https:\/\/9staedte.de\/da\/hildesheim-by-paa-unescos-verdensarvsliste\/\"},{\"@type\":\"ListItem\",\"position\":3,\"name\":\"Information om rejseleder og udflugter i Hildesheim\"}]},{\"@type\":\"WebSite\",\"@id\":\"https:\/\/9staedte.de\/da\/#website\",\"url\":\"https:\/\/9staedte.de\/da\/\",\"name\":\"9 St\u00e4dte in Niedersachsen\",\"description\":\"\",\"publisher\":{\"@id\":\"https:\/\/9staedte.de\/da\/#organization\"},\"potentialAction\":[{\"@type\":\"SearchAction\",\"target\":{\"@type\":\"EntryPoint\",\"urlTemplate\":\"https:\/\/9staedte.de\/da\/?s={search_term_string}\"},\"query-input\":{\"@type\":\"PropertyValueSpecification\",\"valueRequired\":true,\"valueName\":\"search_term_string\"}}],\"inLanguage\":\"da-DK\"},{\"@type\":\"Organization\",\"@id\":\"https:\/\/9staedte.de\/da\/#organization\",\"name\":\"9 St\u00e4dte in Niedersachsen\",\"url\":\"https:\/\/9staedte.de\/da\/\",\"logo\":{\"@type\":\"ImageObject\",\"inLanguage\":\"da-DK\",\"@id\":\"https:\/\/9staedte.de\/da\/#\/schema\/logo\/image\/\",\"url\":\"https:\/\/9staedte.de\/wp-content\/uploads\/2025\/01\/9-neg-deutsch-2-1.png\",\"contentUrl\":\"https:\/\/9staedte.de\/wp-content\/uploads\/2025\/01\/9-neg-deutsch-2-1.png\",\"width\":190,\"height\":114,\"caption\":\"9 St\u00e4dte in Niedersachsen\"},\"image\":{\"@id\":\"https:\/\/9staedte.de\/da\/#\/schema\/logo\/image\/\"}}]}<\/script>\n<!-- \/ Yoast SEO plugin. -->","yoast_head_json":{"title":"Information om rejseleder og udflugter i Hildesheim - 9 St\u00e4dte in Niedersachsen","robots":{"index":"index","follow":"follow","max-snippet":"max-snippet:-1","max-image-preview":"max-image-preview:large","max-video-preview":"max-video-preview:-1"},"canonical":"https:\/\/9staedte.de\/da\/hildesheim-by-paa-unescos-verdensarvsliste\/information-om-rejseleder-og-udflugter-i-hildesheim\/","og_locale":"da_DK","og_type":"article","og_title":"Information om rejseleder og udflugter i Hildesheim - 9 St\u00e4dte in Niedersachsen","og_description":"Rundrejser i regionen Uanset om det er Harzen-turen, klosterruten, langs floden Leine eller interessante fakta om kartofler og kridt &#8211; lad ekspertguider vise dig sl\u00e5ende og enest\u00e5ende vidnesbyrd om historien i Hildesheims varierede omgivelser. Sammen vil I opdage tidligere fyrste- og aristokratiske residenser, beundre kunstskatte og vigtige klosterkomplekser eller nyde kaffe og kage p\u00e5 en [&hellip;]","og_url":"https:\/\/9staedte.de\/da\/hildesheim-by-paa-unescos-verdensarvsliste\/information-om-rejseleder-og-udflugter-i-hildesheim\/","og_site_name":"9 St\u00e4dte in Niedersachsen","article_modified_time":"2024-10-21T08:33:21+00:00","og_image":[{"width":945,"height":531,"url":"https:\/\/9staedte.de\/wp-content\/uploads\/2023\/03\/FagusWerk-in-Alfeld-c-Fagus-Werk.jpg","type":"image\/jpeg"}],"twitter_card":"summary_large_image","twitter_misc":{"Estimeret l\u00e6setid":"1 minut"},"schema":{"@context":"https:\/\/schema.org","@graph":[{"@type":"WebPage","@id":"https:\/\/9staedte.de\/da\/hildesheim-by-paa-unescos-verdensarvsliste\/information-om-rejseleder-og-udflugter-i-hildesheim\/","url":"https:\/\/9staedte.de\/da\/hildesheim-by-paa-unescos-verdensarvsliste\/information-om-rejseleder-og-udflugter-i-hildesheim\/","name":"Information om rejseleder og udflugter i Hildesheim - 9 St\u00e4dte in Niedersachsen","isPartOf":{"@id":"https:\/\/9staedte.de\/da\/#website"},"primaryImageOfPage":{"@id":"https:\/\/9staedte.de\/da\/hildesheim-by-paa-unescos-verdensarvsliste\/information-om-rejseleder-og-udflugter-i-hildesheim\/#primaryimage"},"image":{"@id":"https:\/\/9staedte.de\/da\/hildesheim-by-paa-unescos-verdensarvsliste\/information-om-rejseleder-og-udflugter-i-hildesheim\/#primaryimage"},"thumbnailUrl":"https:\/\/9staedte.de\/wp-content\/uploads\/2023\/03\/FagusWerk-in-Alfeld-c-Fagus-Werk.jpg","datePublished":"2023-10-25T10:27:49+00:00","dateModified":"2024-10-21T08:33:21+00:00","breadcrumb":{"@id":"https:\/\/9staedte.de\/da\/hildesheim-by-paa-unescos-verdensarvsliste\/information-om-rejseleder-og-udflugter-i-hildesheim\/#breadcrumb"},"inLanguage":"da-DK","potentialAction":[{"@type":"ReadAction","target":["https:\/\/9staedte.de\/da\/hildesheim-by-paa-unescos-verdensarvsliste\/information-om-rejseleder-og-udflugter-i-hildesheim\/"]}]},{"@type":"ImageObject","inLanguage":"da-DK","@id":"https:\/\/9staedte.de\/da\/hildesheim-by-paa-unescos-verdensarvsliste\/information-om-rejseleder-og-udflugter-i-hildesheim\/#primaryimage","url":"https:\/\/9staedte.de\/wp-content\/uploads\/2023\/03\/FagusWerk-in-Alfeld-c-Fagus-Werk.jpg","contentUrl":"https:\/\/9staedte.de\/wp-content\/uploads\/2023\/03\/FagusWerk-in-Alfeld-c-Fagus-Werk.jpg","width":945,"height":531,"caption":"FagusWerk in Alfeld c) Fagus Werk"},{"@type":"BreadcrumbList","@id":"https:\/\/9staedte.de\/da\/hildesheim-by-paa-unescos-verdensarvsliste\/information-om-rejseleder-og-udflugter-i-hildesheim\/#breadcrumb","itemListElement":[{"@type":"ListItem","position":1,"name":"Startseite","item":"https:\/\/9staedte.de\/da\/hjem-9-byer-2-i-niedersachsen\/"},{"@type":"ListItem","position":2,"name":"Hildesheim &#8211; by p\u00e5 UNESCO&#8217;s verdensarvsliste","item":"https:\/\/9staedte.de\/da\/hildesheim-by-paa-unescos-verdensarvsliste\/"},{"@type":"ListItem","position":3,"name":"Information om rejseleder og udflugter i Hildesheim"}]},{"@type":"WebSite","@id":"https:\/\/9staedte.de\/da\/#website","url":"https:\/\/9staedte.de\/da\/","name":"9 St\u00e4dte in Niedersachsen","description":"","publisher":{"@id":"https:\/\/9staedte.de\/da\/#organization"},"potentialAction":[{"@type":"SearchAction","target":{"@type":"EntryPoint","urlTemplate":"https:\/\/9staedte.de\/da\/?s={search_term_string}"},"query-input":{"@type":"PropertyValueSpecification","valueRequired":true,"valueName":"search_term_string"}}],"inLanguage":"da-DK"},{"@type":"Organization","@id":"https:\/\/9staedte.de\/da\/#organization","name":"9 St\u00e4dte in Niedersachsen","url":"https:\/\/9staedte.de\/da\/","logo":{"@type":"ImageObject","inLanguage":"da-DK","@id":"https:\/\/9staedte.de\/da\/#\/schema\/logo\/image\/","url":"https:\/\/9staedte.de\/wp-content\/uploads\/2025\/01\/9-neg-deutsch-2-1.png","contentUrl":"https:\/\/9staedte.de\/wp-content\/uploads\/2025\/01\/9-neg-deutsch-2-1.png","width":190,"height":114,"caption":"9 St\u00e4dte in Niedersachsen"},"image":{"@id":"https:\/\/9staedte.de\/da\/#\/schema\/logo\/image\/"}}]}},"_links":{"self":[{"href":"https:\/\/9staedte.de\/da\/wp-json\/wp\/v2\/pages\/12226","targetHints":{"allow":["GET"]}}],"collection":[{"href":"https:\/\/9staedte.de\/da\/wp-json\/wp\/v2\/pages"}],"about":[{"href":"https:\/\/9staedte.de\/da\/wp-json\/wp\/v2\/types\/page"}],"author":[{"embeddable":true,"href":"https:\/\/9staedte.de\/da\/wp-json\/wp\/v2\/users\/1"}],"replies":[{"embeddable":true,"href":"https:\/\/9staedte.de\/da\/wp-json\/wp\/v2\/comments?post=12226"}],"version-history":[{"count":3,"href":"https:\/\/9staedte.de\/da\/wp-json\/wp\/v2\/pages\/12226\/revisions"}],"predecessor-version":[{"id":24016,"href":"https:\/\/9staedte.de\/da\/wp-json\/wp\/v2\/pages\/12226\/revisions\/24016"}],"up":[{"embeddable":true,"href":"https:\/\/9staedte.de\/da\/wp-json\/wp\/v2\/pages\/12668"}],"wp:featuredmedia":[{"embeddable":true,"href":"https:\/\/9staedte.de\/da\/wp-json\/wp\/v2\/media\/12231"}],"wp:attachment":[{"href":"https:\/\/9staedte.de\/da\/wp-json\/wp\/v2\/media?parent=12226"}],"wp:term":[{"taxonomy":"category","embeddable":true,"href":"https:\/\/9staedte.de\/da\/wp-json\/wp\/v2\/categories?post=12226"},{"taxonomy":"post_tag","embeddable":true,"href":"https:\/\/9staedte.de\/da\/wp-json\/wp\/v2\/tags?post=12226"},{"taxonomy":"ncap_cities_tax","embeddable":true,"href":"https:\/\/9staedte.de\/da\/wp-json\/wp\/v2\/ncap_cities_tax?post=12226"}],"curies":[{"name":"wp","href":"https:\/\/api.w.org\/{rel}","templated":true}]}}