{"id":12225,"date":"2023-10-25T12:29:29","date_gmt":"2023-10-25T10:29:29","guid":{"rendered":"https:\/\/9staedte.de\/wolfenbuettel-oplev-baeredygtigt\/"},"modified":"2024-03-21T15:58:53","modified_gmt":"2024-03-21T14:58:53","slug":"wolfenbuettel-oplev-baeredygtigt","status":"publish","type":"page","link":"https:\/\/9staedte.de\/da\/wolfenbuettel-lessings-by\/wolfenbuettel-oplev-baeredygtigt\/","title":{"rendered":"Wolfenb\u00fcttel &#8211; oplev b\u00e6redygtigt"},"content":{"rendered":"\n<h2 class=\"wp-block-heading\">Ferie fra begyndelsen<\/h2>\n\n\n\n<p>En ferie i Wolfenb\u00fcttel begynder med g\u00e5turen fra togstationen til dit valgte overnatningssted. Du kan n\u00e5 den gamle bydel p\u00e5 blot et par minutter langs smukke huse i wilhelminsk stil eller gennem Seeligerpark eller Wallanlage med sine gamle tr\u00e6er. Den gamle bydel imponerer med mere end 1.000 bindingsv\u00e6rkshuse, smukke pladser og selvf\u00f8lgelig Guelph-slottet, det verdensber\u00f8mte Hertug August-bibliotek, Lessing-huset, det nye mindesm\u00e6rke for nazisternes retf\u00e6rdighed og kirkerne. Et bes\u00f8g i Lessingstadt er s\u00e6rligt b\u00e6redygtigt, fordi alt er s\u00e5 t\u00e6t p\u00e5. I byens centrum kan al sightseeing nemt klares til fods, og dem, der gerne vil ud og opleve meget, kan bare leje en eBike p\u00e5 det barrierefri turistinformationscenter. Wolfenb\u00fcttel er ogs\u00e5 ideelt som udgangspunkt for cykelture i regionen.<\/p>\n\n\n\n<p>Wolfenb\u00fcttel er let tilg\u00e6ngelig med offentlig transport. Fra ICE-togstationen i nabobyen Braunschweig tager det knap ti minutter med regionaltog eller 20 minutter med bus til Wolfenb\u00fcttel. Desuden kan du for eksempel n\u00e5 Berlin derfra p\u00e5 cirka 1,5 time.<\/p>\n\n\n\n\n<div class=\"banner-wrapper\">\n  <div class=\"banner-inner \">\n      <div class=\"img-container\">\n      <div class=\"img-wrapper\">\n        <img decoding=\"async\" src=\"https:\/\/9staedte.de\/wp-content\/smush-webp\/2023\/04\/Raddahren-in-Wolfenbuettel-c-Christian-Bierwagen.jpg.webp\" alt=\"Das Bild zeigt zwei Menschen mit Fahrr\u00e4dern.Sie tragen Helme.Sie stehen auf einem Platz in der Stadt.Im Hintergrund ist ein Brunnen mit einer Statue.Die Menschen lachen.Es sieht nach einem sch\u00f6nen Tag aus.\" \/>\n                  <div class=\"thumbnail-label\">\n            <span>Radfahren in Wolfenb\u00fcttel c) Christian Bierwagen<\/span>\n          <\/div>\n              <\/div>\n    <\/div>\n        <div class=\"text-container\">\n      <div class=\"content\">\n        <h2>Oplev Wolfenb\u00fcttel p\u00e5 en b\u00e6redygtig m\u00e5de: 9 tips<\/h2>\n<p>&#8211; Certificeret Fairtrade-by<\/p>\n<p>&#8211; Ejerledede gourmetbutikker som slagtere, vinbutikker, helsekostbutikker osv.<\/p>\n<p>&#8211; Ugentligt marked p\u00e5 onsdage og l\u00f8rdage med bl.a. \u00f8kologiske producenter fra regionen.<\/p>\n<p>&#8211; Udm\u00e6rket som cykelvenlig kommune: udlejning af elcykler i turistinformationen, for individuelle g\u00e6ster og ogs\u00e5 for grupper efter forudg\u00e5ende aftale; turtips, f.eks: Cykel i Lessings fodspor fra Wolfenb\u00fcttel til Braunschweig og tilbage igen.<\/p>\n<p>&#8211; Lokal rekreation i byen med skove og parker eller for familier: L\u00d6WEPfad skovoplevelsessti i Lechlumer Holz direkte i den nordlige udkant af byen (tilg\u00e6ngelig med bus hvert 15. minut)<\/p>\n<p>&#8211; Kanoudlejning og mange kanobroer langs Oker til l\u00e6ngere ture i landskabet<\/p>\n<p>&#8211; Geocaching i Lessings fodspor<\/p>\n<p>&#8211; RECUP pantb\u00e6ger-system<\/p>\n      <\/div>\n    <\/div>\n    <\/div>\n<\/div>\n\n","protected":false},"excerpt":{"rendered":"<p>Ferie fra begyndelsen En ferie i Wolfenb\u00fcttel begynder med g\u00e5turen fra togstationen til dit valgte overnatningssted. Du kan n\u00e5 den gamle bydel p\u00e5 blot et par minutter langs smukke huse i wilhelminsk stil eller gennem Seeligerpark eller Wallanlage med sine gamle tr\u00e6er. Den gamle bydel imponerer med mere end 1.000 bindingsv\u00e6rkshuse, smukke pladser og selvf\u00f8lgelig [&hellip;]<\/p>\n","protected":false},"author":1,"featured_media":12229,"parent":12700,"menu_order":0,"comment_status":"closed","ping_status":"closed","template":"pagetemplates\/template-stadtthema.php","meta":{"_acf_changed":false,"footnotes":""},"categories":[],"tags":[],"ncap_cities_tax":[1092,469],"class_list":["post-12225","page","type-page","status-publish","has-post-thumbnail","hentry","ncap_cities_tax-naturerlebnisse-und-nachhaltigkeit-wolfenbuettel-da","ncap_cities_tax-wolfenbuettel-da"],"acf":[],"yoast_head":"<!-- This site is optimized with the Yoast SEO plugin v26.8 - https:\/\/yoast.com\/product\/yoast-seo-wordpress\/ -->\n<title>Wolfenb\u00fcttel - oplev b\u00e6redygtigt - 9 St\u00e4dte in Niedersachsen<\/title>\n<meta name=\"robots\" content=\"index, follow, max-snippet:-1, max-image-preview:large, max-video-preview:-1\" \/>\n<link rel=\"canonical\" href=\"https:\/\/9staedte.de\/da\/wolfenbuettel-lessings-by\/wolfenbuettel-oplev-baeredygtigt\/\" \/>\n<meta property=\"og:locale\" content=\"da_DK\" \/>\n<meta property=\"og:type\" content=\"article\" \/>\n<meta property=\"og:title\" content=\"Wolfenb\u00fcttel - oplev b\u00e6redygtigt - 9 St\u00e4dte in Niedersachsen\" \/>\n<meta property=\"og:description\" content=\"Ferie fra begyndelsen En ferie i Wolfenb\u00fcttel begynder med g\u00e5turen fra togstationen til dit valgte overnatningssted. Du kan n\u00e5 den gamle bydel p\u00e5 blot et par minutter langs smukke huse i wilhelminsk stil eller gennem Seeligerpark eller Wallanlage med sine gamle tr\u00e6er. Den gamle bydel imponerer med mere end 1.000 bindingsv\u00e6rkshuse, smukke pladser og selvf\u00f8lgelig [&hellip;]\" \/>\n<meta property=\"og:url\" content=\"https:\/\/9staedte.de\/da\/wolfenbuettel-lessings-by\/wolfenbuettel-oplev-baeredygtigt\/\" \/>\n<meta property=\"og:site_name\" content=\"9 St\u00e4dte in Niedersachsen\" \/>\n<meta property=\"article:modified_time\" content=\"2024-03-21T14:58:53+00:00\" \/>\n<meta property=\"og:image\" content=\"https:\/\/9staedte.de\/wp-content\/uploads\/2023\/04\/Wallanlagen-Wolfenbuettel-c-Achim-Meurer.jpg\" \/>\n\t<meta property=\"og:image:width\" content=\"1020\" \/>\n\t<meta property=\"og:image:height\" content=\"560\" \/>\n\t<meta property=\"og:image:type\" content=\"image\/jpeg\" \/>\n<meta name=\"twitter:card\" content=\"summary_large_image\" \/>\n<meta name=\"twitter:label1\" content=\"Estimeret l\u00e6setid\" \/>\n\t<meta name=\"twitter:data1\" content=\"2 minutter\" \/>\n<script type=\"application\/ld+json\" class=\"yoast-schema-graph\">{\"@context\":\"https:\/\/schema.org\",\"@graph\":[{\"@type\":\"WebPage\",\"@id\":\"https:\/\/9staedte.de\/da\/wolfenbuettel-lessings-by\/wolfenbuettel-oplev-baeredygtigt\/\",\"url\":\"https:\/\/9staedte.de\/da\/wolfenbuettel-lessings-by\/wolfenbuettel-oplev-baeredygtigt\/\",\"name\":\"Wolfenb\u00fcttel - oplev b\u00e6redygtigt - 9 St\u00e4dte in Niedersachsen\",\"isPartOf\":{\"@id\":\"https:\/\/9staedte.de\/da\/#website\"},\"primaryImageOfPage\":{\"@id\":\"https:\/\/9staedte.de\/da\/wolfenbuettel-lessings-by\/wolfenbuettel-oplev-baeredygtigt\/#primaryimage\"},\"image\":{\"@id\":\"https:\/\/9staedte.de\/da\/wolfenbuettel-lessings-by\/wolfenbuettel-oplev-baeredygtigt\/#primaryimage\"},\"thumbnailUrl\":\"https:\/\/9staedte.de\/wp-content\/uploads\/2023\/04\/Wallanlagen-Wolfenbuettel-c-Achim-Meurer.jpg\",\"datePublished\":\"2023-10-25T10:29:29+00:00\",\"dateModified\":\"2024-03-21T14:58:53+00:00\",\"breadcrumb\":{\"@id\":\"https:\/\/9staedte.de\/da\/wolfenbuettel-lessings-by\/wolfenbuettel-oplev-baeredygtigt\/#breadcrumb\"},\"inLanguage\":\"da-DK\",\"potentialAction\":[{\"@type\":\"ReadAction\",\"target\":[\"https:\/\/9staedte.de\/da\/wolfenbuettel-lessings-by\/wolfenbuettel-oplev-baeredygtigt\/\"]}]},{\"@type\":\"ImageObject\",\"inLanguage\":\"da-DK\",\"@id\":\"https:\/\/9staedte.de\/da\/wolfenbuettel-lessings-by\/wolfenbuettel-oplev-baeredygtigt\/#primaryimage\",\"url\":\"https:\/\/9staedte.de\/wp-content\/uploads\/2023\/04\/Wallanlagen-Wolfenbuettel-c-Achim-Meurer.jpg\",\"contentUrl\":\"https:\/\/9staedte.de\/wp-content\/uploads\/2023\/04\/Wallanlagen-Wolfenbuettel-c-Achim-Meurer.jpg\",\"width\":1020,\"height\":560,\"caption\":\"Gr\u00fcnes Wolfenb\u00fcttel - Wallanlagen c) Achim Meurer\"},{\"@type\":\"BreadcrumbList\",\"@id\":\"https:\/\/9staedte.de\/da\/wolfenbuettel-lessings-by\/wolfenbuettel-oplev-baeredygtigt\/#breadcrumb\",\"itemListElement\":[{\"@type\":\"ListItem\",\"position\":1,\"name\":\"Startseite\",\"item\":\"https:\/\/9staedte.de\/da\/hjem-9-byer-2-i-niedersachsen\/\"},{\"@type\":\"ListItem\",\"position\":2,\"name\":\"Wolfenb\u00fcttel &#8211; Lessings by\",\"item\":\"https:\/\/9staedte.de\/da\/wolfenbuettel-lessings-by\/\"},{\"@type\":\"ListItem\",\"position\":3,\"name\":\"Wolfenb\u00fcttel &#8211; oplev b\u00e6redygtigt\"}]},{\"@type\":\"WebSite\",\"@id\":\"https:\/\/9staedte.de\/da\/#website\",\"url\":\"https:\/\/9staedte.de\/da\/\",\"name\":\"9 St\u00e4dte in Niedersachsen\",\"description\":\"\",\"publisher\":{\"@id\":\"https:\/\/9staedte.de\/da\/#organization\"},\"potentialAction\":[{\"@type\":\"SearchAction\",\"target\":{\"@type\":\"EntryPoint\",\"urlTemplate\":\"https:\/\/9staedte.de\/da\/?s={search_term_string}\"},\"query-input\":{\"@type\":\"PropertyValueSpecification\",\"valueRequired\":true,\"valueName\":\"search_term_string\"}}],\"inLanguage\":\"da-DK\"},{\"@type\":\"Organization\",\"@id\":\"https:\/\/9staedte.de\/da\/#organization\",\"name\":\"9 St\u00e4dte in Niedersachsen\",\"url\":\"https:\/\/9staedte.de\/da\/\",\"logo\":{\"@type\":\"ImageObject\",\"inLanguage\":\"da-DK\",\"@id\":\"https:\/\/9staedte.de\/da\/#\/schema\/logo\/image\/\",\"url\":\"https:\/\/9staedte.de\/wp-content\/uploads\/2025\/01\/9-neg-deutsch-2-1.png\",\"contentUrl\":\"https:\/\/9staedte.de\/wp-content\/uploads\/2025\/01\/9-neg-deutsch-2-1.png\",\"width\":190,\"height\":114,\"caption\":\"9 St\u00e4dte in Niedersachsen\"},\"image\":{\"@id\":\"https:\/\/9staedte.de\/da\/#\/schema\/logo\/image\/\"}}]}<\/script>\n<!-- \/ Yoast SEO plugin. -->","yoast_head_json":{"title":"Wolfenb\u00fcttel - oplev b\u00e6redygtigt - 9 St\u00e4dte in Niedersachsen","robots":{"index":"index","follow":"follow","max-snippet":"max-snippet:-1","max-image-preview":"max-image-preview:large","max-video-preview":"max-video-preview:-1"},"canonical":"https:\/\/9staedte.de\/da\/wolfenbuettel-lessings-by\/wolfenbuettel-oplev-baeredygtigt\/","og_locale":"da_DK","og_type":"article","og_title":"Wolfenb\u00fcttel - oplev b\u00e6redygtigt - 9 St\u00e4dte in Niedersachsen","og_description":"Ferie fra begyndelsen En ferie i Wolfenb\u00fcttel begynder med g\u00e5turen fra togstationen til dit valgte overnatningssted. Du kan n\u00e5 den gamle bydel p\u00e5 blot et par minutter langs smukke huse i wilhelminsk stil eller gennem Seeligerpark eller Wallanlage med sine gamle tr\u00e6er. Den gamle bydel imponerer med mere end 1.000 bindingsv\u00e6rkshuse, smukke pladser og selvf\u00f8lgelig [&hellip;]","og_url":"https:\/\/9staedte.de\/da\/wolfenbuettel-lessings-by\/wolfenbuettel-oplev-baeredygtigt\/","og_site_name":"9 St\u00e4dte in Niedersachsen","article_modified_time":"2024-03-21T14:58:53+00:00","og_image":[{"width":1020,"height":560,"url":"https:\/\/9staedte.de\/wp-content\/uploads\/2023\/04\/Wallanlagen-Wolfenbuettel-c-Achim-Meurer.jpg","type":"image\/jpeg"}],"twitter_card":"summary_large_image","twitter_misc":{"Estimeret l\u00e6setid":"2 minutter"},"schema":{"@context":"https:\/\/schema.org","@graph":[{"@type":"WebPage","@id":"https:\/\/9staedte.de\/da\/wolfenbuettel-lessings-by\/wolfenbuettel-oplev-baeredygtigt\/","url":"https:\/\/9staedte.de\/da\/wolfenbuettel-lessings-by\/wolfenbuettel-oplev-baeredygtigt\/","name":"Wolfenb\u00fcttel - oplev b\u00e6redygtigt - 9 St\u00e4dte in Niedersachsen","isPartOf":{"@id":"https:\/\/9staedte.de\/da\/#website"},"primaryImageOfPage":{"@id":"https:\/\/9staedte.de\/da\/wolfenbuettel-lessings-by\/wolfenbuettel-oplev-baeredygtigt\/#primaryimage"},"image":{"@id":"https:\/\/9staedte.de\/da\/wolfenbuettel-lessings-by\/wolfenbuettel-oplev-baeredygtigt\/#primaryimage"},"thumbnailUrl":"https:\/\/9staedte.de\/wp-content\/uploads\/2023\/04\/Wallanlagen-Wolfenbuettel-c-Achim-Meurer.jpg","datePublished":"2023-10-25T10:29:29+00:00","dateModified":"2024-03-21T14:58:53+00:00","breadcrumb":{"@id":"https:\/\/9staedte.de\/da\/wolfenbuettel-lessings-by\/wolfenbuettel-oplev-baeredygtigt\/#breadcrumb"},"inLanguage":"da-DK","potentialAction":[{"@type":"ReadAction","target":["https:\/\/9staedte.de\/da\/wolfenbuettel-lessings-by\/wolfenbuettel-oplev-baeredygtigt\/"]}]},{"@type":"ImageObject","inLanguage":"da-DK","@id":"https:\/\/9staedte.de\/da\/wolfenbuettel-lessings-by\/wolfenbuettel-oplev-baeredygtigt\/#primaryimage","url":"https:\/\/9staedte.de\/wp-content\/uploads\/2023\/04\/Wallanlagen-Wolfenbuettel-c-Achim-Meurer.jpg","contentUrl":"https:\/\/9staedte.de\/wp-content\/uploads\/2023\/04\/Wallanlagen-Wolfenbuettel-c-Achim-Meurer.jpg","width":1020,"height":560,"caption":"Gr\u00fcnes Wolfenb\u00fcttel - Wallanlagen c) Achim Meurer"},{"@type":"BreadcrumbList","@id":"https:\/\/9staedte.de\/da\/wolfenbuettel-lessings-by\/wolfenbuettel-oplev-baeredygtigt\/#breadcrumb","itemListElement":[{"@type":"ListItem","position":1,"name":"Startseite","item":"https:\/\/9staedte.de\/da\/hjem-9-byer-2-i-niedersachsen\/"},{"@type":"ListItem","position":2,"name":"Wolfenb\u00fcttel &#8211; Lessings by","item":"https:\/\/9staedte.de\/da\/wolfenbuettel-lessings-by\/"},{"@type":"ListItem","position":3,"name":"Wolfenb\u00fcttel &#8211; oplev b\u00e6redygtigt"}]},{"@type":"WebSite","@id":"https:\/\/9staedte.de\/da\/#website","url":"https:\/\/9staedte.de\/da\/","name":"9 St\u00e4dte in Niedersachsen","description":"","publisher":{"@id":"https:\/\/9staedte.de\/da\/#organization"},"potentialAction":[{"@type":"SearchAction","target":{"@type":"EntryPoint","urlTemplate":"https:\/\/9staedte.de\/da\/?s={search_term_string}"},"query-input":{"@type":"PropertyValueSpecification","valueRequired":true,"valueName":"search_term_string"}}],"inLanguage":"da-DK"},{"@type":"Organization","@id":"https:\/\/9staedte.de\/da\/#organization","name":"9 St\u00e4dte in Niedersachsen","url":"https:\/\/9staedte.de\/da\/","logo":{"@type":"ImageObject","inLanguage":"da-DK","@id":"https:\/\/9staedte.de\/da\/#\/schema\/logo\/image\/","url":"https:\/\/9staedte.de\/wp-content\/uploads\/2025\/01\/9-neg-deutsch-2-1.png","contentUrl":"https:\/\/9staedte.de\/wp-content\/uploads\/2025\/01\/9-neg-deutsch-2-1.png","width":190,"height":114,"caption":"9 St\u00e4dte in Niedersachsen"},"image":{"@id":"https:\/\/9staedte.de\/da\/#\/schema\/logo\/image\/"}}]}},"_links":{"self":[{"href":"https:\/\/9staedte.de\/da\/wp-json\/wp\/v2\/pages\/12225","targetHints":{"allow":["GET"]}}],"collection":[{"href":"https:\/\/9staedte.de\/da\/wp-json\/wp\/v2\/pages"}],"about":[{"href":"https:\/\/9staedte.de\/da\/wp-json\/wp\/v2\/types\/page"}],"author":[{"embeddable":true,"href":"https:\/\/9staedte.de\/da\/wp-json\/wp\/v2\/users\/1"}],"replies":[{"embeddable":true,"href":"https:\/\/9staedte.de\/da\/wp-json\/wp\/v2\/comments?post=12225"}],"version-history":[{"count":3,"href":"https:\/\/9staedte.de\/da\/wp-json\/wp\/v2\/pages\/12225\/revisions"}],"predecessor-version":[{"id":21518,"href":"https:\/\/9staedte.de\/da\/wp-json\/wp\/v2\/pages\/12225\/revisions\/21518"}],"up":[{"embeddable":true,"href":"https:\/\/9staedte.de\/da\/wp-json\/wp\/v2\/pages\/12700"}],"wp:featuredmedia":[{"embeddable":true,"href":"https:\/\/9staedte.de\/da\/wp-json\/wp\/v2\/media\/12229"}],"wp:attachment":[{"href":"https:\/\/9staedte.de\/da\/wp-json\/wp\/v2\/media?parent=12225"}],"wp:term":[{"taxonomy":"category","embeddable":true,"href":"https:\/\/9staedte.de\/da\/wp-json\/wp\/v2\/categories?post=12225"},{"taxonomy":"post_tag","embeddable":true,"href":"https:\/\/9staedte.de\/da\/wp-json\/wp\/v2\/tags?post=12225"},{"taxonomy":"ncap_cities_tax","embeddable":true,"href":"https:\/\/9staedte.de\/da\/wp-json\/wp\/v2\/ncap_cities_tax?post=12225"}],"curies":[{"name":"wp","href":"https:\/\/api.w.org\/{rel}","templated":true}]}}