{"id":12222,"date":"2023-10-25T12:27:12","date_gmt":"2023-10-25T10:27:12","guid":{"rendered":"https:\/\/9staedte.de\/byrundture-i-hannover\/"},"modified":"2023-10-25T15:41:04","modified_gmt":"2023-10-25T13:41:04","slug":"byrundture-i-hannover","status":"publish","type":"page","link":"https:\/\/9staedte.de\/da\/hannover-hovedstad-i-niedersachsen\/byrundture-i-hannover\/","title":{"rendered":"Byrundture i Hannover"},"content":{"rendered":"\r\n\r\n    <div class=\"filter-posts\">\r\n            <div  id=\"filterContent\">\r\n                                                        \n<div class=\"contentKachel filtr-item\" data-category=\"hannover-da\">\n    <a href=\"https:\/\/9staedte.de\/da\/hannovernascht-kulinarisk-byrundtur\/\">\n        <div class=\"contentKachel-inner\">\n                            <div class=\"contentKachel-thumbnail\">\n                    <img loading=\"lazy\" decoding=\"async\" width=\"300\" height=\"165\" src=\"https:\/\/9staedte.de\/wp-content\/smush-webp\/2022\/06\/Kulinarikrundfahrt-Lars-Gerhardts-14-300x165.jpg.webp\" class=\"objectfitcover withfilters wp-post-image\" alt=\"\" srcset=\"https:\/\/9staedte.de\/wp-content\/smush-webp\/2022\/06\/Kulinarikrundfahrt-Lars-Gerhardts-14-300x165.jpg.webp 300w, https:\/\/9staedte.de\/wp-content\/smush-webp\/2022\/06\/Kulinarikrundfahrt-Lars-Gerhardts-14-768x422.jpg.webp 768w, https:\/\/9staedte.de\/wp-content\/smush-webp\/2022\/06\/Kulinarikrundfahrt-Lars-Gerhardts-14.jpg.webp 1020w\" sizes=\"auto, (max-width: 300px) 100vw, 300px\" \/>                    <img loading=\"lazy\" decoding=\"async\" width=\"300\" height=\"165\" src=\"https:\/\/9staedte.de\/wp-content\/smush-webp\/2022\/06\/Kulinarikrundfahrt-Lars-Gerhardts-14-300x165.jpg.webp\" class=\"objectfitcontain wp-post-image\" alt=\"\" srcset=\"https:\/\/9staedte.de\/wp-content\/smush-webp\/2022\/06\/Kulinarikrundfahrt-Lars-Gerhardts-14-300x165.jpg.webp 300w, https:\/\/9staedte.de\/wp-content\/smush-webp\/2022\/06\/Kulinarikrundfahrt-Lars-Gerhardts-14-768x422.jpg.webp 768w, https:\/\/9staedte.de\/wp-content\/smush-webp\/2022\/06\/Kulinarikrundfahrt-Lars-Gerhardts-14.jpg.webp 1020w\" sizes=\"auto, (max-width: 300px) 100vw, 300px\" \/>                        <div class=\"thumbnail-label\">\n    <span>Kulinarikrundfahrt c) HMTG Lars Gerhardts <\/span>\n    <\/div>\n                <\/div>\n                        <div class=\"contentKachel-content\">\n                                    <div class=\"city-tag bg-hannover\">\n                        Hannover                    <\/div>\n                \n                <div class=\"title\">\n\n                    Hanno(ver)nascht &#8211; kulinarisk byrundtur                    \n                <\/div>\n\n                            <\/div>\n\n        <\/div>\n    <\/a>\n<\/div>                                                        \n<div class=\"contentKachel filtr-item\" data-category=\"hannover-da\">\n    <a href=\"https:\/\/9staedte.de\/da\/kongelig-havepragt-i-herrenhaeuser-garten\/\">\n        <div class=\"contentKachel-inner\">\n                            <div class=\"contentKachel-thumbnail\">\n                    <img loading=\"lazy\" decoding=\"async\" width=\"300\" height=\"167\" src=\"https:\/\/9staedte.de\/wp-content\/smush-webp\/2022\/06\/Grosser-Garten-Herrenhausen-c-HMTG-Lars-Gerhardts1-300x167.jpg.webp\" class=\"objectfitcover withfilters wp-post-image\" alt=\"Billedet viser den store have i Hannover. I forgrunden er der en springvand. Vandet spr\u00f8jter op. En lang sti f\u00f8rer til Herrenhausen-slottet. Der er blomsterbede p\u00e5 begge sider. Statuer st\u00e5r langs stien. Palmer st\u00e5r foran slottet. Himlen er bl\u00e5 og solen skinner. Stemningen er rolig og fin.\" srcset=\"https:\/\/9staedte.de\/wp-content\/smush-webp\/2022\/06\/Grosser-Garten-Herrenhausen-c-HMTG-Lars-Gerhardts1-300x167.jpg.webp 300w, https:\/\/9staedte.de\/wp-content\/smush-webp\/2022\/06\/Grosser-Garten-Herrenhausen-c-HMTG-Lars-Gerhardts1.jpg.webp 580w\" sizes=\"auto, (max-width: 300px) 100vw, 300px\" \/>                    <img loading=\"lazy\" decoding=\"async\" width=\"300\" height=\"167\" src=\"https:\/\/9staedte.de\/wp-content\/smush-webp\/2022\/06\/Grosser-Garten-Herrenhausen-c-HMTG-Lars-Gerhardts1-300x167.jpg.webp\" class=\"objectfitcontain wp-post-image\" alt=\"Billedet viser den store have i Hannover. I forgrunden er der en springvand. Vandet spr\u00f8jter op. En lang sti f\u00f8rer til Herrenhausen-slottet. Der er blomsterbede p\u00e5 begge sider. Statuer st\u00e5r langs stien. Palmer st\u00e5r foran slottet. Himlen er bl\u00e5 og solen skinner. Stemningen er rolig og fin.\" srcset=\"https:\/\/9staedte.de\/wp-content\/smush-webp\/2022\/06\/Grosser-Garten-Herrenhausen-c-HMTG-Lars-Gerhardts1-300x167.jpg.webp 300w, https:\/\/9staedte.de\/wp-content\/smush-webp\/2022\/06\/Grosser-Garten-Herrenhausen-c-HMTG-Lars-Gerhardts1.jpg.webp 580w\" sizes=\"auto, (max-width: 300px) 100vw, 300px\" \/>                        <div class=\"thumbnail-label\">\n    <span>Gro\u00dfer-Garten-Herrenhausen-c-HMTG-Lars-Gerhardts[1]<\/span>\n    <\/div>\n                <\/div>\n                        <div class=\"contentKachel-content\">\n                                    <div class=\"city-tag bg-hannover\">\n                        Hannover                    <\/div>\n                \n                <div class=\"title\">\n\n                    Kongelig havepragt i Herrenh\u00e4user Garten                    \n                <\/div>\n\n                            <\/div>\n\n        <\/div>\n    <\/a>\n<\/div>                                                        \n<div class=\"contentKachel filtr-item\" data-category=\"hannover-da\">\n    <a href=\"https:\/\/9staedte.de\/da\/hop-on-hop-off-byrundtur-i-en-dobbeltdaekkerbus\/\">\n        <div class=\"contentKachel-inner\">\n                            <div class=\"contentKachel-thumbnail\">\n                    <img loading=\"lazy\" decoding=\"async\" width=\"300\" height=\"166\" src=\"https:\/\/9staedte.de\/wp-content\/smush-webp\/2022\/06\/Stadtrundfahrt-Hannover-c-HMTG-Lars-Gerhardts-300x166.jpg.webp\" class=\"objectfitcover withfilters wp-post-image\" alt=\"En r\u00f8d dobbeltd\u00e6kkerbus k\u00f8rer gennem byen. Oppe i bussen sidder mennesker og kigger rundt. Bag bussen st\u00e5r en stor gammel bygning. Det er det nye r\u00e5dhus i Hannover. Himlen er bl\u00e5. Solen skinner.\" srcset=\"https:\/\/9staedte.de\/wp-content\/smush-webp\/2022\/06\/Stadtrundfahrt-Hannover-c-HMTG-Lars-Gerhardts-300x166.jpg.webp 300w, https:\/\/9staedte.de\/wp-content\/smush-webp\/2022\/06\/Stadtrundfahrt-Hannover-c-HMTG-Lars-Gerhardts-768x424.jpg.webp 768w, https:\/\/9staedte.de\/wp-content\/smush-webp\/2022\/06\/Stadtrundfahrt-Hannover-c-HMTG-Lars-Gerhardts.jpg.webp 1017w\" sizes=\"auto, (max-width: 300px) 100vw, 300px\" \/>                    <img loading=\"lazy\" decoding=\"async\" width=\"300\" height=\"166\" src=\"https:\/\/9staedte.de\/wp-content\/smush-webp\/2022\/06\/Stadtrundfahrt-Hannover-c-HMTG-Lars-Gerhardts-300x166.jpg.webp\" class=\"objectfitcontain wp-post-image\" alt=\"En r\u00f8d dobbeltd\u00e6kkerbus k\u00f8rer gennem byen. Oppe i bussen sidder mennesker og kigger rundt. Bag bussen st\u00e5r en stor gammel bygning. Det er det nye r\u00e5dhus i Hannover. Himlen er bl\u00e5. Solen skinner.\" srcset=\"https:\/\/9staedte.de\/wp-content\/smush-webp\/2022\/06\/Stadtrundfahrt-Hannover-c-HMTG-Lars-Gerhardts-300x166.jpg.webp 300w, https:\/\/9staedte.de\/wp-content\/smush-webp\/2022\/06\/Stadtrundfahrt-Hannover-c-HMTG-Lars-Gerhardts-768x424.jpg.webp 768w, https:\/\/9staedte.de\/wp-content\/smush-webp\/2022\/06\/Stadtrundfahrt-Hannover-c-HMTG-Lars-Gerhardts.jpg.webp 1017w\" sizes=\"auto, (max-width: 300px) 100vw, 300px\" \/>                        <div class=\"thumbnail-label\">\n    <span>Stadtrundfahrt Hannover c) HMTG Lars Gerhardts<\/span>\n    <\/div>\n                <\/div>\n                        <div class=\"contentKachel-content\">\n                                    <div class=\"city-tag bg-hannover\">\n                        Hannover                    <\/div>\n                \n                <div class=\"title\">\n\n                    Hop-on hop-off byrundtur i en dobbeltd\u00e6kkerbus                    \n                <\/div>\n\n                            <\/div>\n\n        <\/div>\n    <\/a>\n<\/div>                                                        \n<div class=\"contentKachel filtr-item\" data-category=\"hannover-da\">\n    <a href=\"https:\/\/9staedte.de\/da\/oplev-hannover-paa-egen-haand\/\">\n        <div class=\"contentKachel-inner\">\n                            <div class=\"contentKachel-thumbnail\">\n                    <img loading=\"lazy\" decoding=\"async\" width=\"300\" height=\"165\" src=\"https:\/\/9staedte.de\/wp-content\/smush-webp\/2022\/06\/Roter-Faden-Lars-Gerhardts-16-300x165.jpg.webp\" class=\"objectfitcover withfilters wp-post-image\" alt=\"\" srcset=\"https:\/\/9staedte.de\/wp-content\/smush-webp\/2022\/06\/Roter-Faden-Lars-Gerhardts-16-300x165.jpg.webp 300w, https:\/\/9staedte.de\/wp-content\/smush-webp\/2022\/06\/Roter-Faden-Lars-Gerhardts-16-768x423.jpg.webp 768w, https:\/\/9staedte.de\/wp-content\/smush-webp\/2022\/06\/Roter-Faden-Lars-Gerhardts-16.jpg.webp 1019w\" sizes=\"auto, (max-width: 300px) 100vw, 300px\" \/>                    <img loading=\"lazy\" decoding=\"async\" width=\"300\" height=\"165\" src=\"https:\/\/9staedte.de\/wp-content\/smush-webp\/2022\/06\/Roter-Faden-Lars-Gerhardts-16-300x165.jpg.webp\" class=\"objectfitcontain wp-post-image\" alt=\"\" srcset=\"https:\/\/9staedte.de\/wp-content\/smush-webp\/2022\/06\/Roter-Faden-Lars-Gerhardts-16-300x165.jpg.webp 300w, https:\/\/9staedte.de\/wp-content\/smush-webp\/2022\/06\/Roter-Faden-Lars-Gerhardts-16-768x423.jpg.webp 768w, https:\/\/9staedte.de\/wp-content\/smush-webp\/2022\/06\/Roter-Faden-Lars-Gerhardts-16.jpg.webp 1019w\" sizes=\"auto, (max-width: 300px) 100vw, 300px\" \/>                        <div class=\"thumbnail-label\">\n    <span>Roter Faden &#8211; c) Lars Gerhard<\/span>\n    <\/div>\n                <\/div>\n                        <div class=\"contentKachel-content\">\n                                    <div class=\"city-tag bg-hannover\">\n                        Hannover                    <\/div>\n                \n                <div class=\"title\">\n\n                    Oplev Hannover p\u00e5 egen h\u00e5nd                    \n                <\/div>\n\n                            <\/div>\n\n        <\/div>\n    <\/a>\n<\/div>                                                        \n<div class=\"contentKachel filtr-item\" data-category=\"hannover-da\">\n    <a href=\"https:\/\/9staedte.de\/da\/gaaafstand-til-sevaerdighederne-i-byens-centrum\/\">\n        <div class=\"contentKachel-inner\">\n                            <div class=\"contentKachel-thumbnail\">\n                    <img loading=\"lazy\" decoding=\"async\" width=\"300\" height=\"165\" src=\"https:\/\/9staedte.de\/wp-content\/smush-webp\/2022\/06\/Hannover-Altstadt-c-HMTG-Lars-Gerhardts-300x165.jpg.webp\" class=\"objectfitcover withfilters wp-post-image\" alt=\"P\u00e5 billedet er der mange gamle bindingsv\u00e6rkshuse. Husene st\u00e5r i den gamle bydel i Hannover. I midten er der en stor kirke med et t\u00e5rn. Folk g\u00e5r p\u00e5 gaden. Solen skinner.\" srcset=\"https:\/\/9staedte.de\/wp-content\/smush-webp\/2022\/06\/Hannover-Altstadt-c-HMTG-Lars-Gerhardts-300x165.jpg.webp 300w, https:\/\/9staedte.de\/wp-content\/smush-webp\/2022\/06\/Hannover-Altstadt-c-HMTG-Lars-Gerhardts-768x422.jpg.webp 768w, https:\/\/9staedte.de\/wp-content\/smush-webp\/2022\/06\/Hannover-Altstadt-c-HMTG-Lars-Gerhardts.jpg.webp 1020w\" sizes=\"auto, (max-width: 300px) 100vw, 300px\" \/>                    <img loading=\"lazy\" decoding=\"async\" width=\"300\" height=\"165\" src=\"https:\/\/9staedte.de\/wp-content\/smush-webp\/2022\/06\/Hannover-Altstadt-c-HMTG-Lars-Gerhardts-300x165.jpg.webp\" class=\"objectfitcontain wp-post-image\" alt=\"P\u00e5 billedet er der mange gamle bindingsv\u00e6rkshuse. Husene st\u00e5r i den gamle bydel i Hannover. I midten er der en stor kirke med et t\u00e5rn. Folk g\u00e5r p\u00e5 gaden. Solen skinner.\" srcset=\"https:\/\/9staedte.de\/wp-content\/smush-webp\/2022\/06\/Hannover-Altstadt-c-HMTG-Lars-Gerhardts-300x165.jpg.webp 300w, https:\/\/9staedte.de\/wp-content\/smush-webp\/2022\/06\/Hannover-Altstadt-c-HMTG-Lars-Gerhardts-768x422.jpg.webp 768w, https:\/\/9staedte.de\/wp-content\/smush-webp\/2022\/06\/Hannover-Altstadt-c-HMTG-Lars-Gerhardts.jpg.webp 1020w\" sizes=\"auto, (max-width: 300px) 100vw, 300px\" \/>                        <div class=\"thumbnail-label\">\n    <span>Hannover Altstadt c) HMTG Lars Gerhardts<\/span>\n    <\/div>\n                <\/div>\n                        <div class=\"contentKachel-content\">\n                                    <div class=\"city-tag bg-hannover\">\n                        Hannover                    <\/div>\n                \n                <div class=\"title\">\n\n                    G\u00e5afstand til sev\u00e6rdighederne i byens centrum                    \n                <\/div>\n\n                            <\/div>\n\n        <\/div>\n    <\/a>\n<\/div>                                            <\/div>\r\n    <\/div>\r\n","protected":false},"excerpt":{"rendered":"","protected":false},"author":1,"featured_media":12227,"parent":12681,"menu_order":0,"comment_status":"closed","ping_status":"closed","template":"pagetemplates\/template-stadtthema.php","meta":{"_acf_changed":false,"footnotes":""},"categories":[],"tags":[],"ncap_cities_tax":[455,1232],"class_list":["post-12222","page","type-page","status-publish","has-post-thumbnail","hentry","ncap_cities_tax-hannover-da","ncap_cities_tax-stadtfuhrungen-hannover-da"],"acf":[],"yoast_head":"<!-- This site is optimized with the Yoast SEO plugin v26.8 - https:\/\/yoast.com\/product\/yoast-seo-wordpress\/ -->\n<title>Byrundture i Hannover - 9 St\u00e4dte in Niedersachsen<\/title>\n<meta name=\"robots\" content=\"index, follow, max-snippet:-1, max-image-preview:large, max-video-preview:-1\" \/>\n<link rel=\"canonical\" href=\"https:\/\/9staedte.de\/da\/hannover-hovedstad-i-niedersachsen\/byrundture-i-hannover\/\" \/>\n<meta property=\"og:locale\" content=\"da_DK\" \/>\n<meta property=\"og:type\" content=\"article\" \/>\n<meta property=\"og:title\" content=\"Byrundture i Hannover - 9 St\u00e4dte in Niedersachsen\" \/>\n<meta property=\"og:url\" content=\"https:\/\/9staedte.de\/da\/hannover-hovedstad-i-niedersachsen\/byrundture-i-hannover\/\" \/>\n<meta property=\"og:site_name\" content=\"9 St\u00e4dte in Niedersachsen\" \/>\n<meta property=\"article:modified_time\" content=\"2023-10-25T13:41:04+00:00\" \/>\n<meta property=\"og:image\" content=\"https:\/\/9staedte.de\/wp-content\/uploads\/2023\/02\/Stadtrundfahrt-c-HMTG-Christian-Wyrwa.jpg\" \/>\n\t<meta property=\"og:image:width\" content=\"1019\" \/>\n\t<meta property=\"og:image:height\" content=\"562\" \/>\n\t<meta property=\"og:image:type\" content=\"image\/jpeg\" \/>\n<meta name=\"twitter:card\" content=\"summary_large_image\" \/>\n<script type=\"application\/ld+json\" class=\"yoast-schema-graph\">{\"@context\":\"https:\/\/schema.org\",\"@graph\":[{\"@type\":\"WebPage\",\"@id\":\"https:\/\/9staedte.de\/da\/hannover-hovedstad-i-niedersachsen\/byrundture-i-hannover\/\",\"url\":\"https:\/\/9staedte.de\/da\/hannover-hovedstad-i-niedersachsen\/byrundture-i-hannover\/\",\"name\":\"Byrundture i Hannover - 9 St\u00e4dte in Niedersachsen\",\"isPartOf\":{\"@id\":\"https:\/\/9staedte.de\/da\/#website\"},\"primaryImageOfPage\":{\"@id\":\"https:\/\/9staedte.de\/da\/hannover-hovedstad-i-niedersachsen\/byrundture-i-hannover\/#primaryimage\"},\"image\":{\"@id\":\"https:\/\/9staedte.de\/da\/hannover-hovedstad-i-niedersachsen\/byrundture-i-hannover\/#primaryimage\"},\"thumbnailUrl\":\"https:\/\/9staedte.de\/wp-content\/uploads\/2023\/02\/Stadtrundfahrt-c-HMTG-Christian-Wyrwa.jpg\",\"datePublished\":\"2023-10-25T10:27:12+00:00\",\"dateModified\":\"2023-10-25T13:41:04+00:00\",\"breadcrumb\":{\"@id\":\"https:\/\/9staedte.de\/da\/hannover-hovedstad-i-niedersachsen\/byrundture-i-hannover\/#breadcrumb\"},\"inLanguage\":\"da-DK\",\"potentialAction\":[{\"@type\":\"ReadAction\",\"target\":[\"https:\/\/9staedte.de\/da\/hannover-hovedstad-i-niedersachsen\/byrundture-i-hannover\/\"]}]},{\"@type\":\"ImageObject\",\"inLanguage\":\"da-DK\",\"@id\":\"https:\/\/9staedte.de\/da\/hannover-hovedstad-i-niedersachsen\/byrundture-i-hannover\/#primaryimage\",\"url\":\"https:\/\/9staedte.de\/wp-content\/uploads\/2023\/02\/Stadtrundfahrt-c-HMTG-Christian-Wyrwa.jpg\",\"contentUrl\":\"https:\/\/9staedte.de\/wp-content\/uploads\/2023\/02\/Stadtrundfahrt-c-HMTG-Christian-Wyrwa.jpg\",\"width\":1019,\"height\":562,\"caption\":\"Hannover Stadtrundfahrt c) HMTG Christian Wyrwa\"},{\"@type\":\"BreadcrumbList\",\"@id\":\"https:\/\/9staedte.de\/da\/hannover-hovedstad-i-niedersachsen\/byrundture-i-hannover\/#breadcrumb\",\"itemListElement\":[{\"@type\":\"ListItem\",\"position\":1,\"name\":\"Startseite\",\"item\":\"https:\/\/9staedte.de\/da\/hjem-9-byer-2-i-niedersachsen\/\"},{\"@type\":\"ListItem\",\"position\":2,\"name\":\"Hannover &#8211; hovedstad i Niedersachsen\",\"item\":\"https:\/\/9staedte.de\/da\/hannover-hovedstad-i-niedersachsen\/\"},{\"@type\":\"ListItem\",\"position\":3,\"name\":\"Byrundture i Hannover\"}]},{\"@type\":\"WebSite\",\"@id\":\"https:\/\/9staedte.de\/da\/#website\",\"url\":\"https:\/\/9staedte.de\/da\/\",\"name\":\"9 St\u00e4dte in Niedersachsen\",\"description\":\"\",\"publisher\":{\"@id\":\"https:\/\/9staedte.de\/da\/#organization\"},\"potentialAction\":[{\"@type\":\"SearchAction\",\"target\":{\"@type\":\"EntryPoint\",\"urlTemplate\":\"https:\/\/9staedte.de\/da\/?s={search_term_string}\"},\"query-input\":{\"@type\":\"PropertyValueSpecification\",\"valueRequired\":true,\"valueName\":\"search_term_string\"}}],\"inLanguage\":\"da-DK\"},{\"@type\":\"Organization\",\"@id\":\"https:\/\/9staedte.de\/da\/#organization\",\"name\":\"9 St\u00e4dte in Niedersachsen\",\"url\":\"https:\/\/9staedte.de\/da\/\",\"logo\":{\"@type\":\"ImageObject\",\"inLanguage\":\"da-DK\",\"@id\":\"https:\/\/9staedte.de\/da\/#\/schema\/logo\/image\/\",\"url\":\"https:\/\/9staedte.de\/wp-content\/uploads\/2025\/01\/9-neg-deutsch-2-1.png\",\"contentUrl\":\"https:\/\/9staedte.de\/wp-content\/uploads\/2025\/01\/9-neg-deutsch-2-1.png\",\"width\":190,\"height\":114,\"caption\":\"9 St\u00e4dte in Niedersachsen\"},\"image\":{\"@id\":\"https:\/\/9staedte.de\/da\/#\/schema\/logo\/image\/\"}}]}<\/script>\n<!-- \/ Yoast SEO plugin. -->","yoast_head_json":{"title":"Byrundture i Hannover - 9 St\u00e4dte in Niedersachsen","robots":{"index":"index","follow":"follow","max-snippet":"max-snippet:-1","max-image-preview":"max-image-preview:large","max-video-preview":"max-video-preview:-1"},"canonical":"https:\/\/9staedte.de\/da\/hannover-hovedstad-i-niedersachsen\/byrundture-i-hannover\/","og_locale":"da_DK","og_type":"article","og_title":"Byrundture i Hannover - 9 St\u00e4dte in Niedersachsen","og_url":"https:\/\/9staedte.de\/da\/hannover-hovedstad-i-niedersachsen\/byrundture-i-hannover\/","og_site_name":"9 St\u00e4dte in Niedersachsen","article_modified_time":"2023-10-25T13:41:04+00:00","og_image":[{"width":1019,"height":562,"url":"https:\/\/9staedte.de\/wp-content\/uploads\/2023\/02\/Stadtrundfahrt-c-HMTG-Christian-Wyrwa.jpg","type":"image\/jpeg"}],"twitter_card":"summary_large_image","schema":{"@context":"https:\/\/schema.org","@graph":[{"@type":"WebPage","@id":"https:\/\/9staedte.de\/da\/hannover-hovedstad-i-niedersachsen\/byrundture-i-hannover\/","url":"https:\/\/9staedte.de\/da\/hannover-hovedstad-i-niedersachsen\/byrundture-i-hannover\/","name":"Byrundture i Hannover - 9 St\u00e4dte in Niedersachsen","isPartOf":{"@id":"https:\/\/9staedte.de\/da\/#website"},"primaryImageOfPage":{"@id":"https:\/\/9staedte.de\/da\/hannover-hovedstad-i-niedersachsen\/byrundture-i-hannover\/#primaryimage"},"image":{"@id":"https:\/\/9staedte.de\/da\/hannover-hovedstad-i-niedersachsen\/byrundture-i-hannover\/#primaryimage"},"thumbnailUrl":"https:\/\/9staedte.de\/wp-content\/uploads\/2023\/02\/Stadtrundfahrt-c-HMTG-Christian-Wyrwa.jpg","datePublished":"2023-10-25T10:27:12+00:00","dateModified":"2023-10-25T13:41:04+00:00","breadcrumb":{"@id":"https:\/\/9staedte.de\/da\/hannover-hovedstad-i-niedersachsen\/byrundture-i-hannover\/#breadcrumb"},"inLanguage":"da-DK","potentialAction":[{"@type":"ReadAction","target":["https:\/\/9staedte.de\/da\/hannover-hovedstad-i-niedersachsen\/byrundture-i-hannover\/"]}]},{"@type":"ImageObject","inLanguage":"da-DK","@id":"https:\/\/9staedte.de\/da\/hannover-hovedstad-i-niedersachsen\/byrundture-i-hannover\/#primaryimage","url":"https:\/\/9staedte.de\/wp-content\/uploads\/2023\/02\/Stadtrundfahrt-c-HMTG-Christian-Wyrwa.jpg","contentUrl":"https:\/\/9staedte.de\/wp-content\/uploads\/2023\/02\/Stadtrundfahrt-c-HMTG-Christian-Wyrwa.jpg","width":1019,"height":562,"caption":"Hannover Stadtrundfahrt c) HMTG Christian Wyrwa"},{"@type":"BreadcrumbList","@id":"https:\/\/9staedte.de\/da\/hannover-hovedstad-i-niedersachsen\/byrundture-i-hannover\/#breadcrumb","itemListElement":[{"@type":"ListItem","position":1,"name":"Startseite","item":"https:\/\/9staedte.de\/da\/hjem-9-byer-2-i-niedersachsen\/"},{"@type":"ListItem","position":2,"name":"Hannover &#8211; hovedstad i Niedersachsen","item":"https:\/\/9staedte.de\/da\/hannover-hovedstad-i-niedersachsen\/"},{"@type":"ListItem","position":3,"name":"Byrundture i Hannover"}]},{"@type":"WebSite","@id":"https:\/\/9staedte.de\/da\/#website","url":"https:\/\/9staedte.de\/da\/","name":"9 St\u00e4dte in Niedersachsen","description":"","publisher":{"@id":"https:\/\/9staedte.de\/da\/#organization"},"potentialAction":[{"@type":"SearchAction","target":{"@type":"EntryPoint","urlTemplate":"https:\/\/9staedte.de\/da\/?s={search_term_string}"},"query-input":{"@type":"PropertyValueSpecification","valueRequired":true,"valueName":"search_term_string"}}],"inLanguage":"da-DK"},{"@type":"Organization","@id":"https:\/\/9staedte.de\/da\/#organization","name":"9 St\u00e4dte in Niedersachsen","url":"https:\/\/9staedte.de\/da\/","logo":{"@type":"ImageObject","inLanguage":"da-DK","@id":"https:\/\/9staedte.de\/da\/#\/schema\/logo\/image\/","url":"https:\/\/9staedte.de\/wp-content\/uploads\/2025\/01\/9-neg-deutsch-2-1.png","contentUrl":"https:\/\/9staedte.de\/wp-content\/uploads\/2025\/01\/9-neg-deutsch-2-1.png","width":190,"height":114,"caption":"9 St\u00e4dte in Niedersachsen"},"image":{"@id":"https:\/\/9staedte.de\/da\/#\/schema\/logo\/image\/"}}]}},"_links":{"self":[{"href":"https:\/\/9staedte.de\/da\/wp-json\/wp\/v2\/pages\/12222","targetHints":{"allow":["GET"]}}],"collection":[{"href":"https:\/\/9staedte.de\/da\/wp-json\/wp\/v2\/pages"}],"about":[{"href":"https:\/\/9staedte.de\/da\/wp-json\/wp\/v2\/types\/page"}],"author":[{"embeddable":true,"href":"https:\/\/9staedte.de\/da\/wp-json\/wp\/v2\/users\/1"}],"replies":[{"embeddable":true,"href":"https:\/\/9staedte.de\/da\/wp-json\/wp\/v2\/comments?post=12222"}],"version-history":[{"count":1,"href":"https:\/\/9staedte.de\/da\/wp-json\/wp\/v2\/pages\/12222\/revisions"}],"predecessor-version":[{"id":12228,"href":"https:\/\/9staedte.de\/da\/wp-json\/wp\/v2\/pages\/12222\/revisions\/12228"}],"up":[{"embeddable":true,"href":"https:\/\/9staedte.de\/da\/wp-json\/wp\/v2\/pages\/12681"}],"wp:featuredmedia":[{"embeddable":true,"href":"https:\/\/9staedte.de\/da\/wp-json\/wp\/v2\/media\/12227"}],"wp:attachment":[{"href":"https:\/\/9staedte.de\/da\/wp-json\/wp\/v2\/media?parent=12222"}],"wp:term":[{"taxonomy":"category","embeddable":true,"href":"https:\/\/9staedte.de\/da\/wp-json\/wp\/v2\/categories?post=12222"},{"taxonomy":"post_tag","embeddable":true,"href":"https:\/\/9staedte.de\/da\/wp-json\/wp\/v2\/tags?post=12222"},{"taxonomy":"ncap_cities_tax","embeddable":true,"href":"https:\/\/9staedte.de\/da\/wp-json\/wp\/v2\/ncap_cities_tax?post=12222"}],"curies":[{"name":"wp","href":"https:\/\/api.w.org\/{rel}","templated":true}]}}