{"id":12220,"date":"2023-10-25T12:27:47","date_gmt":"2023-10-25T10:27:47","guid":{"rendered":"https:\/\/9staedte.de\/hildesheim-oplev-baeredygtigt\/"},"modified":"2024-03-21T15:10:28","modified_gmt":"2024-03-21T14:10:28","slug":"hildesheim-oplev-baeredygtigt","status":"publish","type":"page","link":"https:\/\/9staedte.de\/da\/hildesheim-by-paa-unescos-verdensarvsliste\/hildesheim-oplev-baeredygtigt\/","title":{"rendered":"Hildesheim &#8211; oplev b\u00e6redygtigt"},"content":{"rendered":"\n<h2 class=\"wp-block-heading\">Hildesheim &#8211; oplev b\u00e6redygtigt<\/h2>\n\n\n\n<p>Takket v\u00e6re de gode forbindelser til jernbanenettet kan Hildesheim n\u00e5s p\u00e5 en milj\u00f8venlig m\u00e5de med ICE, Metronom, Eurobahn og NordWestBahn samt S-Bahn. Oplev Hildesheim p\u00e5 en b\u00e6redygtig m\u00e5de, og udforsk byen p\u00e5 korte str\u00e6kninger, mens du vandrer, g\u00e5r, cykler eller k\u00f8rer i elbil. Et bes\u00f8g p\u00e5 de ugentlige markeder er et must under dit ophold: s\u00f8de jordb\u00e6r og knasende salat fra Algermissen, tykke kartofler fra Hildesheim B\u00f6rde og s\u00f8d honning fra Hildesheims bybier. H\u00e5ndlavede og lokale l\u00e6kkerier fylder ogs\u00e5 hylderne i regionens butikker. Overbevis dig selv om de b\u00e6redygtige tilbud i Hildesheim!<\/p>\n\n\n\n\n<div class=\"banner-wrapper\">\n  <div class=\"banner-inner \">\n      <div class=\"img-container\">\n      <div class=\"img-wrapper\">\n        <img decoding=\"async\" src=\"https:\/\/9staedte.de\/wp-content\/smush-webp\/2023\/03\/Radfahren-in-Hildesheim\u00a9-Hildesheim-Marketing-Foto-Bierwagen.jpg.webp\" alt=\"Billedet viser en mand og en kvinde p\u00e5 cykler. De cykler ved siden af hinanden i en skov. Stien er lige og omgivet af tr\u00e6er. De smiler og har fritidst\u00f8j p\u00e5. Solen skinner gennem bladene. Det er stille og gr\u00f8nt. Stedet er i Hildesheim.\" \/>\n                  <div class=\"thumbnail-label\">\n            <span>Radfahren in Hildesheim\u00a9 Hildesheim Marketing, Foto Bierwagen<\/span>\n          <\/div>\n              <\/div>\n    <\/div>\n        <div class=\"text-container\">\n      <div class=\"content\">\n        <h2>Oplev Hildesheim p\u00e5 en b\u00e6redygtig m\u00e5de: 9 tips<\/h2>\n<p>&#8211; Fairtrade p\u00e5 lokalt niveau: Hildesheim er officiel &#8220;Fairtrade Town&#8221;<\/p>\n<p>&#8211; Van der Valk Hotel Hildesheim som et &#8220;certificeret gr\u00f8nt hotel&#8221;<\/p>\n<p>&#8211; Ugentlige markeder med specialiteter fra regionale leverand\u00f8rer<\/p>\n<p>&#8211; Regionale, retf\u00e6rdigt handlede f\u00f8devarer med Hi-Land-logoet<\/p>\n<p>&#8211; Regionale produkter som honning, \u00f8l, tr\u00f8fler og meget mere i nogle butikker og supermarkeder i Hildesheim<\/p>\n<p>&#8211; Kanoture p\u00e5 floderne Leine og Innerste<\/p>\n<p>&#8211; Vandreture i og omkring Hildesheim p\u00e5 bjerg- og panoramastier<\/p>\n<p>&#8211; Cykling i regionen p\u00e5 omkring 460 kilometer<\/p>\n<p>&#8211; Delebiler (Stadtmobil) og el-scootere (Tier) i Hildesheim<\/p>\n      <\/div>\n    <\/div>\n    <\/div>\n<\/div>\n\n","protected":false},"excerpt":{"rendered":"<p>Hildesheim &#8211; oplev b\u00e6redygtigt Takket v\u00e6re de gode forbindelser til jernbanenettet kan Hildesheim n\u00e5s p\u00e5 en milj\u00f8venlig m\u00e5de med ICE, Metronom, Eurobahn og NordWestBahn samt S-Bahn. Oplev Hildesheim p\u00e5 en b\u00e6redygtig m\u00e5de, og udforsk byen p\u00e5 korte str\u00e6kninger, mens du vandrer, g\u00e5r, cykler eller k\u00f8rer i elbil. Et bes\u00f8g p\u00e5 de ugentlige markeder er et [&hellip;]<\/p>\n","protected":false},"author":1,"featured_media":12221,"parent":12668,"menu_order":0,"comment_status":"closed","ping_status":"closed","template":"pagetemplates\/template-stadtthema.php","meta":{"_acf_changed":false,"footnotes":""},"categories":[],"tags":[],"ncap_cities_tax":[462,1064],"class_list":["post-12220","page","type-page","status-publish","has-post-thumbnail","hentry","ncap_cities_tax-hildesheim-da","ncap_cities_tax-naturerlebnisse-und-nachhaltigkeit-hildesheim-da"],"acf":[],"yoast_head":"<!-- This site is optimized with the Yoast SEO plugin v26.8 - https:\/\/yoast.com\/product\/yoast-seo-wordpress\/ -->\n<title>Hildesheim - oplev b\u00e6redygtigt - 9 St\u00e4dte in Niedersachsen<\/title>\n<meta name=\"robots\" content=\"index, follow, max-snippet:-1, max-image-preview:large, max-video-preview:-1\" \/>\n<link rel=\"canonical\" href=\"https:\/\/9staedte.de\/da\/hildesheim-by-paa-unescos-verdensarvsliste\/hildesheim-oplev-baeredygtigt\/\" \/>\n<meta property=\"og:locale\" content=\"da_DK\" \/>\n<meta property=\"og:type\" content=\"article\" \/>\n<meta property=\"og:title\" content=\"Hildesheim - oplev b\u00e6redygtigt - 9 St\u00e4dte in Niedersachsen\" \/>\n<meta property=\"og:description\" content=\"Hildesheim &#8211; oplev b\u00e6redygtigt Takket v\u00e6re de gode forbindelser til jernbanenettet kan Hildesheim n\u00e5s p\u00e5 en milj\u00f8venlig m\u00e5de med ICE, Metronom, Eurobahn og NordWestBahn samt S-Bahn. Oplev Hildesheim p\u00e5 en b\u00e6redygtig m\u00e5de, og udforsk byen p\u00e5 korte str\u00e6kninger, mens du vandrer, g\u00e5r, cykler eller k\u00f8rer i elbil. Et bes\u00f8g p\u00e5 de ugentlige markeder er et [&hellip;]\" \/>\n<meta property=\"og:url\" content=\"https:\/\/9staedte.de\/da\/hildesheim-by-paa-unescos-verdensarvsliste\/hildesheim-oplev-baeredygtigt\/\" \/>\n<meta property=\"og:site_name\" content=\"9 St\u00e4dte in Niedersachsen\" \/>\n<meta property=\"article:modified_time\" content=\"2024-03-21T14:10:28+00:00\" \/>\n<meta property=\"og:image\" content=\"https:\/\/9staedte.de\/wp-content\/uploads\/2023\/03\/Wochenmakrt-Hildesheim-\u00a9-Hildesheim-Marketing-GmbH-Foto-Dagmar-Schwelle.jpg\" \/>\n\t<meta property=\"og:image:width\" content=\"1020\" \/>\n\t<meta property=\"og:image:height\" content=\"560\" \/>\n\t<meta property=\"og:image:type\" content=\"image\/jpeg\" \/>\n<meta name=\"twitter:card\" content=\"summary_large_image\" \/>\n<meta name=\"twitter:label1\" content=\"Estimeret l\u00e6setid\" \/>\n\t<meta name=\"twitter:data1\" content=\"1 minut\" \/>\n<script type=\"application\/ld+json\" class=\"yoast-schema-graph\">{\"@context\":\"https:\/\/schema.org\",\"@graph\":[{\"@type\":\"WebPage\",\"@id\":\"https:\/\/9staedte.de\/da\/hildesheim-by-paa-unescos-verdensarvsliste\/hildesheim-oplev-baeredygtigt\/\",\"url\":\"https:\/\/9staedte.de\/da\/hildesheim-by-paa-unescos-verdensarvsliste\/hildesheim-oplev-baeredygtigt\/\",\"name\":\"Hildesheim - oplev b\u00e6redygtigt - 9 St\u00e4dte in Niedersachsen\",\"isPartOf\":{\"@id\":\"https:\/\/9staedte.de\/da\/#website\"},\"primaryImageOfPage\":{\"@id\":\"https:\/\/9staedte.de\/da\/hildesheim-by-paa-unescos-verdensarvsliste\/hildesheim-oplev-baeredygtigt\/#primaryimage\"},\"image\":{\"@id\":\"https:\/\/9staedte.de\/da\/hildesheim-by-paa-unescos-verdensarvsliste\/hildesheim-oplev-baeredygtigt\/#primaryimage\"},\"thumbnailUrl\":\"https:\/\/9staedte.de\/wp-content\/uploads\/2023\/03\/Wochenmakrt-Hildesheim-\u00a9-Hildesheim-Marketing-GmbH-Foto-Dagmar-Schwelle.jpg\",\"datePublished\":\"2023-10-25T10:27:47+00:00\",\"dateModified\":\"2024-03-21T14:10:28+00:00\",\"breadcrumb\":{\"@id\":\"https:\/\/9staedte.de\/da\/hildesheim-by-paa-unescos-verdensarvsliste\/hildesheim-oplev-baeredygtigt\/#breadcrumb\"},\"inLanguage\":\"da-DK\",\"potentialAction\":[{\"@type\":\"ReadAction\",\"target\":[\"https:\/\/9staedte.de\/da\/hildesheim-by-paa-unescos-verdensarvsliste\/hildesheim-oplev-baeredygtigt\/\"]}]},{\"@type\":\"ImageObject\",\"inLanguage\":\"da-DK\",\"@id\":\"https:\/\/9staedte.de\/da\/hildesheim-by-paa-unescos-verdensarvsliste\/hildesheim-oplev-baeredygtigt\/#primaryimage\",\"url\":\"https:\/\/9staedte.de\/wp-content\/uploads\/2023\/03\/Wochenmakrt-Hildesheim-\u00a9-Hildesheim-Marketing-GmbH-Foto-Dagmar-Schwelle.jpg\",\"contentUrl\":\"https:\/\/9staedte.de\/wp-content\/uploads\/2023\/03\/Wochenmakrt-Hildesheim-\u00a9-Hildesheim-Marketing-GmbH-Foto-Dagmar-Schwelle.jpg\",\"width\":1020,\"height\":560,\"caption\":\"Wochenmarkt Hildesheim \u00a9 Hildesheim Marketing GmbH, Foto Dagmar Schwelle\"},{\"@type\":\"BreadcrumbList\",\"@id\":\"https:\/\/9staedte.de\/da\/hildesheim-by-paa-unescos-verdensarvsliste\/hildesheim-oplev-baeredygtigt\/#breadcrumb\",\"itemListElement\":[{\"@type\":\"ListItem\",\"position\":1,\"name\":\"Startseite\",\"item\":\"https:\/\/9staedte.de\/da\/hjem-9-byer-2-i-niedersachsen\/\"},{\"@type\":\"ListItem\",\"position\":2,\"name\":\"Hildesheim &#8211; by p\u00e5 UNESCO&#8217;s verdensarvsliste\",\"item\":\"https:\/\/9staedte.de\/da\/hildesheim-by-paa-unescos-verdensarvsliste\/\"},{\"@type\":\"ListItem\",\"position\":3,\"name\":\"Hildesheim &#8211; oplev b\u00e6redygtigt\"}]},{\"@type\":\"WebSite\",\"@id\":\"https:\/\/9staedte.de\/da\/#website\",\"url\":\"https:\/\/9staedte.de\/da\/\",\"name\":\"9 St\u00e4dte in Niedersachsen\",\"description\":\"\",\"publisher\":{\"@id\":\"https:\/\/9staedte.de\/da\/#organization\"},\"potentialAction\":[{\"@type\":\"SearchAction\",\"target\":{\"@type\":\"EntryPoint\",\"urlTemplate\":\"https:\/\/9staedte.de\/da\/?s={search_term_string}\"},\"query-input\":{\"@type\":\"PropertyValueSpecification\",\"valueRequired\":true,\"valueName\":\"search_term_string\"}}],\"inLanguage\":\"da-DK\"},{\"@type\":\"Organization\",\"@id\":\"https:\/\/9staedte.de\/da\/#organization\",\"name\":\"9 St\u00e4dte in Niedersachsen\",\"url\":\"https:\/\/9staedte.de\/da\/\",\"logo\":{\"@type\":\"ImageObject\",\"inLanguage\":\"da-DK\",\"@id\":\"https:\/\/9staedte.de\/da\/#\/schema\/logo\/image\/\",\"url\":\"https:\/\/9staedte.de\/wp-content\/uploads\/2025\/01\/9-neg-deutsch-2-1.png\",\"contentUrl\":\"https:\/\/9staedte.de\/wp-content\/uploads\/2025\/01\/9-neg-deutsch-2-1.png\",\"width\":190,\"height\":114,\"caption\":\"9 St\u00e4dte in Niedersachsen\"},\"image\":{\"@id\":\"https:\/\/9staedte.de\/da\/#\/schema\/logo\/image\/\"}}]}<\/script>\n<!-- \/ Yoast SEO plugin. -->","yoast_head_json":{"title":"Hildesheim - oplev b\u00e6redygtigt - 9 St\u00e4dte in Niedersachsen","robots":{"index":"index","follow":"follow","max-snippet":"max-snippet:-1","max-image-preview":"max-image-preview:large","max-video-preview":"max-video-preview:-1"},"canonical":"https:\/\/9staedte.de\/da\/hildesheim-by-paa-unescos-verdensarvsliste\/hildesheim-oplev-baeredygtigt\/","og_locale":"da_DK","og_type":"article","og_title":"Hildesheim - oplev b\u00e6redygtigt - 9 St\u00e4dte in Niedersachsen","og_description":"Hildesheim &#8211; oplev b\u00e6redygtigt Takket v\u00e6re de gode forbindelser til jernbanenettet kan Hildesheim n\u00e5s p\u00e5 en milj\u00f8venlig m\u00e5de med ICE, Metronom, Eurobahn og NordWestBahn samt S-Bahn. Oplev Hildesheim p\u00e5 en b\u00e6redygtig m\u00e5de, og udforsk byen p\u00e5 korte str\u00e6kninger, mens du vandrer, g\u00e5r, cykler eller k\u00f8rer i elbil. Et bes\u00f8g p\u00e5 de ugentlige markeder er et [&hellip;]","og_url":"https:\/\/9staedte.de\/da\/hildesheim-by-paa-unescos-verdensarvsliste\/hildesheim-oplev-baeredygtigt\/","og_site_name":"9 St\u00e4dte in Niedersachsen","article_modified_time":"2024-03-21T14:10:28+00:00","og_image":[{"width":1020,"height":560,"url":"https:\/\/9staedte.de\/wp-content\/uploads\/2023\/03\/Wochenmakrt-Hildesheim-\u00a9-Hildesheim-Marketing-GmbH-Foto-Dagmar-Schwelle.jpg","type":"image\/jpeg"}],"twitter_card":"summary_large_image","twitter_misc":{"Estimeret l\u00e6setid":"1 minut"},"schema":{"@context":"https:\/\/schema.org","@graph":[{"@type":"WebPage","@id":"https:\/\/9staedte.de\/da\/hildesheim-by-paa-unescos-verdensarvsliste\/hildesheim-oplev-baeredygtigt\/","url":"https:\/\/9staedte.de\/da\/hildesheim-by-paa-unescos-verdensarvsliste\/hildesheim-oplev-baeredygtigt\/","name":"Hildesheim - oplev b\u00e6redygtigt - 9 St\u00e4dte in Niedersachsen","isPartOf":{"@id":"https:\/\/9staedte.de\/da\/#website"},"primaryImageOfPage":{"@id":"https:\/\/9staedte.de\/da\/hildesheim-by-paa-unescos-verdensarvsliste\/hildesheim-oplev-baeredygtigt\/#primaryimage"},"image":{"@id":"https:\/\/9staedte.de\/da\/hildesheim-by-paa-unescos-verdensarvsliste\/hildesheim-oplev-baeredygtigt\/#primaryimage"},"thumbnailUrl":"https:\/\/9staedte.de\/wp-content\/uploads\/2023\/03\/Wochenmakrt-Hildesheim-\u00a9-Hildesheim-Marketing-GmbH-Foto-Dagmar-Schwelle.jpg","datePublished":"2023-10-25T10:27:47+00:00","dateModified":"2024-03-21T14:10:28+00:00","breadcrumb":{"@id":"https:\/\/9staedte.de\/da\/hildesheim-by-paa-unescos-verdensarvsliste\/hildesheim-oplev-baeredygtigt\/#breadcrumb"},"inLanguage":"da-DK","potentialAction":[{"@type":"ReadAction","target":["https:\/\/9staedte.de\/da\/hildesheim-by-paa-unescos-verdensarvsliste\/hildesheim-oplev-baeredygtigt\/"]}]},{"@type":"ImageObject","inLanguage":"da-DK","@id":"https:\/\/9staedte.de\/da\/hildesheim-by-paa-unescos-verdensarvsliste\/hildesheim-oplev-baeredygtigt\/#primaryimage","url":"https:\/\/9staedte.de\/wp-content\/uploads\/2023\/03\/Wochenmakrt-Hildesheim-\u00a9-Hildesheim-Marketing-GmbH-Foto-Dagmar-Schwelle.jpg","contentUrl":"https:\/\/9staedte.de\/wp-content\/uploads\/2023\/03\/Wochenmakrt-Hildesheim-\u00a9-Hildesheim-Marketing-GmbH-Foto-Dagmar-Schwelle.jpg","width":1020,"height":560,"caption":"Wochenmarkt Hildesheim \u00a9 Hildesheim Marketing GmbH, Foto Dagmar Schwelle"},{"@type":"BreadcrumbList","@id":"https:\/\/9staedte.de\/da\/hildesheim-by-paa-unescos-verdensarvsliste\/hildesheim-oplev-baeredygtigt\/#breadcrumb","itemListElement":[{"@type":"ListItem","position":1,"name":"Startseite","item":"https:\/\/9staedte.de\/da\/hjem-9-byer-2-i-niedersachsen\/"},{"@type":"ListItem","position":2,"name":"Hildesheim &#8211; by p\u00e5 UNESCO&#8217;s verdensarvsliste","item":"https:\/\/9staedte.de\/da\/hildesheim-by-paa-unescos-verdensarvsliste\/"},{"@type":"ListItem","position":3,"name":"Hildesheim &#8211; oplev b\u00e6redygtigt"}]},{"@type":"WebSite","@id":"https:\/\/9staedte.de\/da\/#website","url":"https:\/\/9staedte.de\/da\/","name":"9 St\u00e4dte in Niedersachsen","description":"","publisher":{"@id":"https:\/\/9staedte.de\/da\/#organization"},"potentialAction":[{"@type":"SearchAction","target":{"@type":"EntryPoint","urlTemplate":"https:\/\/9staedte.de\/da\/?s={search_term_string}"},"query-input":{"@type":"PropertyValueSpecification","valueRequired":true,"valueName":"search_term_string"}}],"inLanguage":"da-DK"},{"@type":"Organization","@id":"https:\/\/9staedte.de\/da\/#organization","name":"9 St\u00e4dte in Niedersachsen","url":"https:\/\/9staedte.de\/da\/","logo":{"@type":"ImageObject","inLanguage":"da-DK","@id":"https:\/\/9staedte.de\/da\/#\/schema\/logo\/image\/","url":"https:\/\/9staedte.de\/wp-content\/uploads\/2025\/01\/9-neg-deutsch-2-1.png","contentUrl":"https:\/\/9staedte.de\/wp-content\/uploads\/2025\/01\/9-neg-deutsch-2-1.png","width":190,"height":114,"caption":"9 St\u00e4dte in Niedersachsen"},"image":{"@id":"https:\/\/9staedte.de\/da\/#\/schema\/logo\/image\/"}}]}},"_links":{"self":[{"href":"https:\/\/9staedte.de\/da\/wp-json\/wp\/v2\/pages\/12220","targetHints":{"allow":["GET"]}}],"collection":[{"href":"https:\/\/9staedte.de\/da\/wp-json\/wp\/v2\/pages"}],"about":[{"href":"https:\/\/9staedte.de\/da\/wp-json\/wp\/v2\/types\/page"}],"author":[{"embeddable":true,"href":"https:\/\/9staedte.de\/da\/wp-json\/wp\/v2\/users\/1"}],"replies":[{"embeddable":true,"href":"https:\/\/9staedte.de\/da\/wp-json\/wp\/v2\/comments?post=12220"}],"version-history":[{"count":4,"href":"https:\/\/9staedte.de\/da\/wp-json\/wp\/v2\/pages\/12220\/revisions"}],"predecessor-version":[{"id":21490,"href":"https:\/\/9staedte.de\/da\/wp-json\/wp\/v2\/pages\/12220\/revisions\/21490"}],"up":[{"embeddable":true,"href":"https:\/\/9staedte.de\/da\/wp-json\/wp\/v2\/pages\/12668"}],"wp:featuredmedia":[{"embeddable":true,"href":"https:\/\/9staedte.de\/da\/wp-json\/wp\/v2\/media\/12221"}],"wp:attachment":[{"href":"https:\/\/9staedte.de\/da\/wp-json\/wp\/v2\/media?parent=12220"}],"wp:term":[{"taxonomy":"category","embeddable":true,"href":"https:\/\/9staedte.de\/da\/wp-json\/wp\/v2\/categories?post=12220"},{"taxonomy":"post_tag","embeddable":true,"href":"https:\/\/9staedte.de\/da\/wp-json\/wp\/v2\/tags?post=12220"},{"taxonomy":"ncap_cities_tax","embeddable":true,"href":"https:\/\/9staedte.de\/da\/wp-json\/wp\/v2\/ncap_cities_tax?post=12220"}],"curies":[{"name":"wp","href":"https:\/\/api.w.org\/{rel}","templated":true}]}}