{"id":12210,"date":"2023-10-25T12:27:16","date_gmt":"2023-10-25T10:27:16","guid":{"rendered":"https:\/\/9staedte.de\/information-om-rejseleder-og-udflugter-i-hannover\/"},"modified":"2025-05-09T12:16:09","modified_gmt":"2025-05-09T10:16:09","slug":"information-om-rejseleder-og-udflugter-i-hannover","status":"publish","type":"page","link":"https:\/\/9staedte.de\/da\/hannover-hovedstad-i-niedersachsen\/information-om-rejseleder-og-udflugter-i-hannover\/","title":{"rendered":"Information om rejseleder og udflugter i Hannover"},"content":{"rendered":"\n<h3 class=\"wp-block-heading\">Priser og tilbud:<\/h3>\n\n\n\n<h3 class=\"wp-block-heading\">1. Bistandsmissioner<\/h3>\n\n\n\n<p>(f.eks. transfer-assistenter, m\u00f8de og hilsen i lufthavnen osv.)<\/p>\n\n\n\n<p>op til 2 timer\u00a0(p\u00e5 fremmedsprog):<br>Pris: \u20ac 140,-.<br>Hver ekstra time eller del deraf: \u20ac 65,-.<\/p>\n\n\n\n<h3 class=\"wp-block-heading\">2. Assistanceopgave \/ rejseledsager* (p\u00e5 fremmedsprog):<\/h3>\n\n\n\n<p>Halvdag \/ op til 4 timer:<br>Pris: \u20ac 225,-<br>Hver ekstra time eller del deraf: \u20ac 65,-.<\/p>\n\n\n\n<p>hel dag \/ 8 timer:<br>Pris: \u20ac 395,-.<\/p>\n\n\n\n<p>* Dette er dog ikke<br>certificerede rejseledere.<\/p>\n\n\n\n<h3 class=\"wp-block-heading\">3. hj\u00e6lp til overs\u00e6ttelse (p\u00e5 fremmedsprog):<\/h3>\n\n\n\n<p>(f.eks. virksomhedsbes\u00f8g, messebes\u00f8g)<\/p>\n\n\n\n<p>Op til 2 timers driftstid:<br>Pris: \u20ac 185,-.<br>Hver ekstra time eller del deraf: \u20ac 65,-.<br>halv dag \/ 4 timer: \u20ac 315,-.<br>hel dag \/ 8 timer: \u20ac 430,-<\/p>\n\n\n\n<p>Till\u00e6g for alle ovenst\u00e5ende opgaver:<\/p>\n\n\n\n<p>Till\u00e6g for sv\u00e6rt tilg\u00e6ngelige og udenbys m\u00f8desteder plus \u20ac 50,- (fast pris)<br>Det g\u00e6lder ogs\u00e5 for afgangs-\/ankomststeder, der ligger uhensigtsm\u00e6ssigt placeret\u00a0.<\/p>\n\n\n\n<h4 class=\"wp-block-heading\">Nattill\u00e6g:<\/h4>\n\n\n\n<p>til operationer i tidsrummet fra kl. 22.00 &#8211; 06.00<br>For hver p\u00e5begyndt time betales et till\u00e6g p\u00e5<br>af den ekstra time vil blive opkr\u00e6vet.<br>&#8211; I tilf\u00e6lde af l\u00e6ngerevarende opgaver, p\u00e5l\u00f8bne ekstraomkostninger<br>(f.eks. rejseomkostninger, parkeringsafgifter, m\u00e5ltider, overnatninger osv.<\/p>\n\n\n\n<h4 class=\"wp-block-heading\">Placerings-\/behandlingsgebyr<\/h4>\n\n\n\n<p>Afh\u00e6ngigt af ordrens st\u00f8rrelse vil der blive opkr\u00e6vet et agentur-\/h\u00e5ndteringsgebyr, undtagen for rene bytur-bookinger.<\/p>\n\n\n\n<p>Fremmedsprog p\u00e5 foresp\u00f8rgsel!<br>(engelsk, fransk, spansk, italiensk, portugisisk, hollandsk, russisk, polsk, bulgarsk, japansk osv.)<\/p>\n\n\n\n<h4 class=\"wp-block-heading\">Bookinger med:<\/h4>\n\n\n\n<p>Hannover Marketing &amp; Tourism GmbH<br>Storbyferier<br>Vahrenwalder Strasse 7<br>30165 Hanover<br>Tlf.: +49 (0) 511\/12345-333<br>Fax:&nbsp; +49 (0) 511\/12345-334<br>E-mail:&nbsp;<a href=\"mailto:staedtereisen@hannover-tourismus.de\" target=\"_blank\" rel=\"noreferrer noopener\">staedtereise@hannover-tourismus.de<\/a><br>Internet:<a href=\"http:\/\/www.visit-hannover.com\/\">&nbsp;www.visit-hannover.com<\/a><\/p>\n","protected":false},"excerpt":{"rendered":"<p>Priser og tilbud: 1. Bistandsmissioner (f.eks. transfer-assistenter, m\u00f8de og hilsen i lufthavnen osv.) op til 2 timer\u00a0(p\u00e5 fremmedsprog):Pris: \u20ac 140,-.Hver ekstra time eller del deraf: \u20ac 65,-. 2. Assistanceopgave \/ rejseledsager* (p\u00e5 fremmedsprog): Halvdag \/ op til 4 timer:Pris: \u20ac 225,-Hver ekstra time eller del deraf: \u20ac 65,-. hel dag \/ 8 timer:Pris: \u20ac 395,-. [&hellip;]<\/p>\n","protected":false},"author":1,"featured_media":11738,"parent":12681,"menu_order":0,"comment_status":"closed","ping_status":"closed","template":"pagetemplates\/template-stadtthema.php","meta":{"_acf_changed":false,"footnotes":""},"categories":[],"tags":[],"ncap_cities_tax":[455,1295],"class_list":["post-12210","page","type-page","status-publish","has-post-thumbnail","hentry","ncap_cities_tax-hannover-da","ncap_cities_tax-reiseleitung-und-ausflugen-hannover-da"],"acf":[],"yoast_head":"<!-- This site is optimized with the Yoast SEO plugin v26.8 - https:\/\/yoast.com\/product\/yoast-seo-wordpress\/ -->\n<title>Information om rejseleder og udflugter i Hannover - 9 St\u00e4dte in Niedersachsen<\/title>\n<meta name=\"robots\" content=\"index, follow, max-snippet:-1, max-image-preview:large, max-video-preview:-1\" \/>\n<link rel=\"canonical\" href=\"https:\/\/9staedte.de\/da\/hannover-hovedstad-i-niedersachsen\/information-om-rejseleder-og-udflugter-i-hannover\/\" \/>\n<meta property=\"og:locale\" content=\"da_DK\" \/>\n<meta property=\"og:type\" content=\"article\" \/>\n<meta property=\"og:title\" content=\"Information om rejseleder og udflugter i Hannover - 9 St\u00e4dte in Niedersachsen\" \/>\n<meta property=\"og:description\" content=\"Priser og tilbud: 1. Bistandsmissioner (f.eks. transfer-assistenter, m\u00f8de og hilsen i lufthavnen osv.) op til 2 timer\u00a0(p\u00e5 fremmedsprog):Pris: \u20ac 140,-.Hver ekstra time eller del deraf: \u20ac 65,-. 2. Assistanceopgave \/ rejseledsager* (p\u00e5 fremmedsprog): Halvdag \/ op til 4 timer:Pris: \u20ac 225,-Hver ekstra time eller del deraf: \u20ac 65,-. hel dag \/ 8 timer:Pris: \u20ac 395,-. [&hellip;]\" \/>\n<meta property=\"og:url\" content=\"https:\/\/9staedte.de\/da\/hannover-hovedstad-i-niedersachsen\/information-om-rejseleder-og-udflugter-i-hannover\/\" \/>\n<meta property=\"og:site_name\" content=\"9 St\u00e4dte in Niedersachsen\" \/>\n<meta property=\"article:modified_time\" content=\"2025-05-09T10:16:09+00:00\" \/>\n<meta property=\"og:image\" content=\"https:\/\/9staedte.de\/wp-content\/uploads\/2022\/03\/Schloss-Marienburg-c-HMTG-Michael-Abid.jpg\" \/>\n\t<meta property=\"og:image:width\" content=\"1019\" \/>\n\t<meta property=\"og:image:height\" content=\"554\" \/>\n\t<meta property=\"og:image:type\" content=\"image\/jpeg\" \/>\n<meta name=\"twitter:card\" content=\"summary_large_image\" \/>\n<meta name=\"twitter:label1\" content=\"Estimeret l\u00e6setid\" \/>\n\t<meta name=\"twitter:data1\" content=\"2 minutter\" \/>\n<script type=\"application\/ld+json\" class=\"yoast-schema-graph\">{\"@context\":\"https:\/\/schema.org\",\"@graph\":[{\"@type\":\"WebPage\",\"@id\":\"https:\/\/9staedte.de\/da\/hannover-hovedstad-i-niedersachsen\/information-om-rejseleder-og-udflugter-i-hannover\/\",\"url\":\"https:\/\/9staedte.de\/da\/hannover-hovedstad-i-niedersachsen\/information-om-rejseleder-og-udflugter-i-hannover\/\",\"name\":\"Information om rejseleder og udflugter i Hannover - 9 St\u00e4dte in Niedersachsen\",\"isPartOf\":{\"@id\":\"https:\/\/9staedte.de\/da\/#website\"},\"primaryImageOfPage\":{\"@id\":\"https:\/\/9staedte.de\/da\/hannover-hovedstad-i-niedersachsen\/information-om-rejseleder-og-udflugter-i-hannover\/#primaryimage\"},\"image\":{\"@id\":\"https:\/\/9staedte.de\/da\/hannover-hovedstad-i-niedersachsen\/information-om-rejseleder-og-udflugter-i-hannover\/#primaryimage\"},\"thumbnailUrl\":\"https:\/\/9staedte.de\/wp-content\/uploads\/2022\/03\/Schloss-Marienburg-c-HMTG-Michael-Abid.jpg\",\"datePublished\":\"2023-10-25T10:27:16+00:00\",\"dateModified\":\"2025-05-09T10:16:09+00:00\",\"breadcrumb\":{\"@id\":\"https:\/\/9staedte.de\/da\/hannover-hovedstad-i-niedersachsen\/information-om-rejseleder-og-udflugter-i-hannover\/#breadcrumb\"},\"inLanguage\":\"da-DK\",\"potentialAction\":[{\"@type\":\"ReadAction\",\"target\":[\"https:\/\/9staedte.de\/da\/hannover-hovedstad-i-niedersachsen\/information-om-rejseleder-og-udflugter-i-hannover\/\"]}]},{\"@type\":\"ImageObject\",\"inLanguage\":\"da-DK\",\"@id\":\"https:\/\/9staedte.de\/da\/hannover-hovedstad-i-niedersachsen\/information-om-rejseleder-og-udflugter-i-hannover\/#primaryimage\",\"url\":\"https:\/\/9staedte.de\/wp-content\/uploads\/2022\/03\/Schloss-Marienburg-c-HMTG-Michael-Abid.jpg\",\"contentUrl\":\"https:\/\/9staedte.de\/wp-content\/uploads\/2022\/03\/Schloss-Marienburg-c-HMTG-Michael-Abid.jpg\",\"width\":1019,\"height\":554,\"caption\":\"Schloss Marienburg c) HMTG Michael Abid\"},{\"@type\":\"BreadcrumbList\",\"@id\":\"https:\/\/9staedte.de\/da\/hannover-hovedstad-i-niedersachsen\/information-om-rejseleder-og-udflugter-i-hannover\/#breadcrumb\",\"itemListElement\":[{\"@type\":\"ListItem\",\"position\":1,\"name\":\"Startseite\",\"item\":\"https:\/\/9staedte.de\/da\/hjem-9-byer-2-i-niedersachsen\/\"},{\"@type\":\"ListItem\",\"position\":2,\"name\":\"Hannover &#8211; hovedstad i Niedersachsen\",\"item\":\"https:\/\/9staedte.de\/da\/hannover-hovedstad-i-niedersachsen\/\"},{\"@type\":\"ListItem\",\"position\":3,\"name\":\"Information om rejseleder og udflugter i Hannover\"}]},{\"@type\":\"WebSite\",\"@id\":\"https:\/\/9staedte.de\/da\/#website\",\"url\":\"https:\/\/9staedte.de\/da\/\",\"name\":\"9 St\u00e4dte in Niedersachsen\",\"description\":\"\",\"publisher\":{\"@id\":\"https:\/\/9staedte.de\/da\/#organization\"},\"potentialAction\":[{\"@type\":\"SearchAction\",\"target\":{\"@type\":\"EntryPoint\",\"urlTemplate\":\"https:\/\/9staedte.de\/da\/?s={search_term_string}\"},\"query-input\":{\"@type\":\"PropertyValueSpecification\",\"valueRequired\":true,\"valueName\":\"search_term_string\"}}],\"inLanguage\":\"da-DK\"},{\"@type\":\"Organization\",\"@id\":\"https:\/\/9staedte.de\/da\/#organization\",\"name\":\"9 St\u00e4dte in Niedersachsen\",\"url\":\"https:\/\/9staedte.de\/da\/\",\"logo\":{\"@type\":\"ImageObject\",\"inLanguage\":\"da-DK\",\"@id\":\"https:\/\/9staedte.de\/da\/#\/schema\/logo\/image\/\",\"url\":\"https:\/\/9staedte.de\/wp-content\/uploads\/2025\/01\/9-neg-deutsch-2-1.png\",\"contentUrl\":\"https:\/\/9staedte.de\/wp-content\/uploads\/2025\/01\/9-neg-deutsch-2-1.png\",\"width\":190,\"height\":114,\"caption\":\"9 St\u00e4dte in Niedersachsen\"},\"image\":{\"@id\":\"https:\/\/9staedte.de\/da\/#\/schema\/logo\/image\/\"}}]}<\/script>\n<!-- \/ Yoast SEO plugin. -->","yoast_head_json":{"title":"Information om rejseleder og udflugter i Hannover - 9 St\u00e4dte in Niedersachsen","robots":{"index":"index","follow":"follow","max-snippet":"max-snippet:-1","max-image-preview":"max-image-preview:large","max-video-preview":"max-video-preview:-1"},"canonical":"https:\/\/9staedte.de\/da\/hannover-hovedstad-i-niedersachsen\/information-om-rejseleder-og-udflugter-i-hannover\/","og_locale":"da_DK","og_type":"article","og_title":"Information om rejseleder og udflugter i Hannover - 9 St\u00e4dte in Niedersachsen","og_description":"Priser og tilbud: 1. Bistandsmissioner (f.eks. transfer-assistenter, m\u00f8de og hilsen i lufthavnen osv.) op til 2 timer\u00a0(p\u00e5 fremmedsprog):Pris: \u20ac 140,-.Hver ekstra time eller del deraf: \u20ac 65,-. 2. Assistanceopgave \/ rejseledsager* (p\u00e5 fremmedsprog): Halvdag \/ op til 4 timer:Pris: \u20ac 225,-Hver ekstra time eller del deraf: \u20ac 65,-. hel dag \/ 8 timer:Pris: \u20ac 395,-. [&hellip;]","og_url":"https:\/\/9staedte.de\/da\/hannover-hovedstad-i-niedersachsen\/information-om-rejseleder-og-udflugter-i-hannover\/","og_site_name":"9 St\u00e4dte in Niedersachsen","article_modified_time":"2025-05-09T10:16:09+00:00","og_image":[{"width":1019,"height":554,"url":"https:\/\/9staedte.de\/wp-content\/uploads\/2022\/03\/Schloss-Marienburg-c-HMTG-Michael-Abid.jpg","type":"image\/jpeg"}],"twitter_card":"summary_large_image","twitter_misc":{"Estimeret l\u00e6setid":"2 minutter"},"schema":{"@context":"https:\/\/schema.org","@graph":[{"@type":"WebPage","@id":"https:\/\/9staedte.de\/da\/hannover-hovedstad-i-niedersachsen\/information-om-rejseleder-og-udflugter-i-hannover\/","url":"https:\/\/9staedte.de\/da\/hannover-hovedstad-i-niedersachsen\/information-om-rejseleder-og-udflugter-i-hannover\/","name":"Information om rejseleder og udflugter i Hannover - 9 St\u00e4dte in Niedersachsen","isPartOf":{"@id":"https:\/\/9staedte.de\/da\/#website"},"primaryImageOfPage":{"@id":"https:\/\/9staedte.de\/da\/hannover-hovedstad-i-niedersachsen\/information-om-rejseleder-og-udflugter-i-hannover\/#primaryimage"},"image":{"@id":"https:\/\/9staedte.de\/da\/hannover-hovedstad-i-niedersachsen\/information-om-rejseleder-og-udflugter-i-hannover\/#primaryimage"},"thumbnailUrl":"https:\/\/9staedte.de\/wp-content\/uploads\/2022\/03\/Schloss-Marienburg-c-HMTG-Michael-Abid.jpg","datePublished":"2023-10-25T10:27:16+00:00","dateModified":"2025-05-09T10:16:09+00:00","breadcrumb":{"@id":"https:\/\/9staedte.de\/da\/hannover-hovedstad-i-niedersachsen\/information-om-rejseleder-og-udflugter-i-hannover\/#breadcrumb"},"inLanguage":"da-DK","potentialAction":[{"@type":"ReadAction","target":["https:\/\/9staedte.de\/da\/hannover-hovedstad-i-niedersachsen\/information-om-rejseleder-og-udflugter-i-hannover\/"]}]},{"@type":"ImageObject","inLanguage":"da-DK","@id":"https:\/\/9staedte.de\/da\/hannover-hovedstad-i-niedersachsen\/information-om-rejseleder-og-udflugter-i-hannover\/#primaryimage","url":"https:\/\/9staedte.de\/wp-content\/uploads\/2022\/03\/Schloss-Marienburg-c-HMTG-Michael-Abid.jpg","contentUrl":"https:\/\/9staedte.de\/wp-content\/uploads\/2022\/03\/Schloss-Marienburg-c-HMTG-Michael-Abid.jpg","width":1019,"height":554,"caption":"Schloss Marienburg c) HMTG Michael Abid"},{"@type":"BreadcrumbList","@id":"https:\/\/9staedte.de\/da\/hannover-hovedstad-i-niedersachsen\/information-om-rejseleder-og-udflugter-i-hannover\/#breadcrumb","itemListElement":[{"@type":"ListItem","position":1,"name":"Startseite","item":"https:\/\/9staedte.de\/da\/hjem-9-byer-2-i-niedersachsen\/"},{"@type":"ListItem","position":2,"name":"Hannover &#8211; hovedstad i Niedersachsen","item":"https:\/\/9staedte.de\/da\/hannover-hovedstad-i-niedersachsen\/"},{"@type":"ListItem","position":3,"name":"Information om rejseleder og udflugter i Hannover"}]},{"@type":"WebSite","@id":"https:\/\/9staedte.de\/da\/#website","url":"https:\/\/9staedte.de\/da\/","name":"9 St\u00e4dte in Niedersachsen","description":"","publisher":{"@id":"https:\/\/9staedte.de\/da\/#organization"},"potentialAction":[{"@type":"SearchAction","target":{"@type":"EntryPoint","urlTemplate":"https:\/\/9staedte.de\/da\/?s={search_term_string}"},"query-input":{"@type":"PropertyValueSpecification","valueRequired":true,"valueName":"search_term_string"}}],"inLanguage":"da-DK"},{"@type":"Organization","@id":"https:\/\/9staedte.de\/da\/#organization","name":"9 St\u00e4dte in Niedersachsen","url":"https:\/\/9staedte.de\/da\/","logo":{"@type":"ImageObject","inLanguage":"da-DK","@id":"https:\/\/9staedte.de\/da\/#\/schema\/logo\/image\/","url":"https:\/\/9staedte.de\/wp-content\/uploads\/2025\/01\/9-neg-deutsch-2-1.png","contentUrl":"https:\/\/9staedte.de\/wp-content\/uploads\/2025\/01\/9-neg-deutsch-2-1.png","width":190,"height":114,"caption":"9 St\u00e4dte in Niedersachsen"},"image":{"@id":"https:\/\/9staedte.de\/da\/#\/schema\/logo\/image\/"}}]}},"_links":{"self":[{"href":"https:\/\/9staedte.de\/da\/wp-json\/wp\/v2\/pages\/12210","targetHints":{"allow":["GET"]}}],"collection":[{"href":"https:\/\/9staedte.de\/da\/wp-json\/wp\/v2\/pages"}],"about":[{"href":"https:\/\/9staedte.de\/da\/wp-json\/wp\/v2\/types\/page"}],"author":[{"embeddable":true,"href":"https:\/\/9staedte.de\/da\/wp-json\/wp\/v2\/users\/1"}],"replies":[{"embeddable":true,"href":"https:\/\/9staedte.de\/da\/wp-json\/wp\/v2\/comments?post=12210"}],"version-history":[{"count":2,"href":"https:\/\/9staedte.de\/da\/wp-json\/wp\/v2\/pages\/12210\/revisions"}],"predecessor-version":[{"id":25674,"href":"https:\/\/9staedte.de\/da\/wp-json\/wp\/v2\/pages\/12210\/revisions\/25674"}],"up":[{"embeddable":true,"href":"https:\/\/9staedte.de\/da\/wp-json\/wp\/v2\/pages\/12681"}],"wp:featuredmedia":[{"embeddable":true,"href":"https:\/\/9staedte.de\/da\/wp-json\/wp\/v2\/media\/11738"}],"wp:attachment":[{"href":"https:\/\/9staedte.de\/da\/wp-json\/wp\/v2\/media?parent=12210"}],"wp:term":[{"taxonomy":"category","embeddable":true,"href":"https:\/\/9staedte.de\/da\/wp-json\/wp\/v2\/categories?post=12210"},{"taxonomy":"post_tag","embeddable":true,"href":"https:\/\/9staedte.de\/da\/wp-json\/wp\/v2\/tags?post=12210"},{"taxonomy":"ncap_cities_tax","embeddable":true,"href":"https:\/\/9staedte.de\/da\/wp-json\/wp\/v2\/ncap_cities_tax?post=12210"}],"curies":[{"name":"wp","href":"https:\/\/api.w.org\/{rel}","templated":true}]}}