{"id":12197,"date":"2023-10-25T12:29:23","date_gmt":"2023-10-25T10:29:23","guid":{"rendered":"https:\/\/9staedte.de\/julemarked-i-wolfenbuettel\/"},"modified":"2026-03-23T17:02:44","modified_gmt":"2026-03-23T16:02:44","slug":"julemarked-i-wolfenbuettel","status":"publish","type":"page","link":"https:\/\/9staedte.de\/da\/wolfenbuettel-lessings-by\/julemarked-i-wolfenbuettel\/","title":{"rendered":"Julemarked i Wolfenb\u00fcttel"},"content":{"rendered":"\n<h2 class=\"wp-block-heading\">Julestemning i byen Lessing<\/h2>\n\n<p>Wolfenb\u00fcttels julemarked har str\u00e5let i en historisk kulisse i byens centrum siden 1585. Igen i \u00e5r fortrylles de bes\u00f8gende p\u00e5 Schlossplatz af k\u00e6rligt pyntede hytter, duften af julel\u00e6kkerier, funklende juletr\u00e6er, festlige gaveideer og et stemningsfuldt program. Julemusik s\u00e6tter stemningen for \u00e5rets smukkeste h\u00f8jtid. Og selvf\u00f8lgelig kigger julemanden ogs\u00e5 forbi. I adventsweekenderne byder kunsth\u00e5ndv\u00e6rkermarkedet i Kommisse p\u00e5 h\u00e5ndlavede juledekorationer og meget andet.<\/p>\n\n<p><\/p>\n\n<p><\/p>\n\n<p><a href=\"https:\/\/www.wolfenbuettel.de\/Stadtleben\/Veranstaltungskalender\/Weihnachtsmarkt\/\" target=\"_blank\" rel=\"noreferrer noopener\">Yderligere oplysninger<\/a><\/p>\n\n\n<div class=\"banner-wrapper\">\n  <div class=\"banner-inner \">\n      <div class=\"img-container\">\n      <div class=\"img-wrapper\">\n        <img decoding=\"async\" src=\"https:\/\/9staedte.de\/wp-content\/smush-webp\/2025\/10\/Wolfenbuettel-Weihnachtskugel-auf-dem-Stadtmarkt-c-Stadt-Wolfenbuettel-Christian-Bierwagen.jpg.webp\" alt=\"P\u00e5 torvet i Wolfenb\u00fcttel st\u00e5r en stor lys-kugle som en julepynt. Ved siden af st\u00e5r et juletr\u00e6. I baggrunden er bindingsv\u00e6rkshuse med mange lys i vinduerne. Folk g\u00e5r over pladsen.\" \/>\n                  <div class=\"thumbnail-label\">\n            <span>Wolfenb\u00fcttel Weihnachtskugel auf dem Stadtmarkt (c) Stadt Wolfenb\u00fcttel Christian Bierwagen<\/span>\n          <\/div>\n              <\/div>\n    <\/div>\n        <div class=\"text-container\">\n      <div class=\"content\">\n        <h2 class=\"h3\">9 tips til at bes\u00f8ge julemarkedet i Wolfenb\u00fcttel<\/h2>\n<p>&#8211; Nyd julens l\u00e6kkerier p\u00e5 Schlossplatz<br \/>\n&#8211; G\u00e5 ind i den oplyste julekugle<br \/>\n&#8211; Julefigurer og oplyst bymidte<br \/>\n&#8211; G\u00e5 p\u00e5 opdagelse p\u00e5 adventsmarkedet for kunsth\u00e5ndv\u00e6rk i Kommisse<br \/>\n&#8211; Juleaftenstur inkl. madkupon &#8211; Dagligt familieprogram p\u00e5 scenen &#8211; Bes\u00f8g vigtige kirker &#8211; Glem ikke Lessinghaus &#8211; Eksklusiv juletr\u00e6skugle med Wolfenb\u00fcttel-motiv Madkupon<br \/>\n&#8211; Dagligt familieprogram p\u00e5 scenen<br \/>\n&#8211; Bes\u00f8g i vigtige kirker<br \/>\n&#8211; Glem ikke Lessinghaus<br \/>\n&#8211; Eksklusiv juletr\u00e6skugle med Wolfenb\u00fcttel-motiv f\u00e5s p\u00e5 turistbureauet <\/p>\n<p>&nbsp;<\/p>\n      <\/div>\n    <\/div>\n    <\/div>\n<\/div>\n\n\n<p class=\"h3\"><strong>Julemarked i Wolfenb\u00fcttel<\/strong><\/p>\n\n <div class=\"brlbs-cmpnt-container brlbs-cmpnt-content-blocker brlbs-cmpnt-with-individual-styles\" data-borlabs-cookie-content-blocker-id=\"google-maps\" data-borlabs-cookie-content=\"PGlmcmFtZSBzcmM9Imh0dHBzOi8vd3d3Lmdvb2dsZS5jb20vbWFwcy9kL3UvMC9lbWJlZD9taWQ9MXJWenpJWVlMeUdJc0VfWnJ5RWxsUlFmcGNCakpaN00mZWhiYz0yRTMxMkYiIHdpZHRoPSI2NDAiIGhlaWdodD0iNDgwIj48L2lmcmFtZT4=\"><div class=\"brlbs-cmpnt-cb-preset-b brlbs-cmpnt-cb-google-maps\"> <div class=\"brlbs-cmpnt-cb-thumbnail\" style=\"background-image: url('https:\/\/9staedte.de\/wp-content\/uploads\/borlabs-cookie\/1\/brlbs-cb-google-maps-main.png')\"><\/div> <div class=\"brlbs-cmpnt-cb-main\"> <div class=\"brlbs-cmpnt-cb-content\"> <p class=\"brlbs-cmpnt-cb-description\">You are currently viewing a placeholder content from <strong>Google Maps<\/strong>. To access the actual content, click the button below. Please note that doing so will share data with third-party providers.<\/p> <a class=\"brlbs-cmpnt-cb-provider-toggle\" href=\"#\" data-borlabs-cookie-show-provider-information role=\"button\">More Information<\/a> <\/div> <div class=\"brlbs-cmpnt-cb-buttons\"> <a class=\"brlbs-cmpnt-cb-btn\" href=\"#\" data-borlabs-cookie-unblock role=\"button\">Unblock content<\/a> <a class=\"brlbs-cmpnt-cb-btn\" href=\"#\" data-borlabs-cookie-accept-service role=\"button\" style=\"display: inherit\">Accept required service and unblock content<\/a> <\/div> <\/div> <\/div><\/div>\n\n<div style=\"height:56px\" aria-hidden=\"true\" class=\"wp-block-spacer\"><\/div>\n\n<h2 class=\"wp-block-heading h3\"><strong>Festlig oplevelsespakke p\u00e5 julemarkedet i Wolfenb\u00fcttel<\/strong><\/h2>\n\n<p>Juletid i Lessing-byen &#8211; julemarked i Wolfenb\u00fcttel<\/p>\n\n<p>Den romantiske gamle bydel, kulturelle attraktioner og et fortryllende julemarked giver dig en stemningsfuld adventsweekend i Lessing-byen Wolfenb\u00fcttel:<\/p>\n\n<p><br\/><br\/><br\/>&#8211; 2 overnatninger\/nat p\u00e5 udvalgte hoteller &#8211; 1 echt-lessig-kort &#8211; 1 julebytur + madkupon p\u00e5 julemarkedet &#8211; Julegave<\/p>\n\n<p>Pris: p\u00e5 foresp\u00f8rgsel<\/p>\n\n<p>Kan bookes p\u00e5 foresp\u00f8rgsel<\/p>\n\n<p>De generelle vilk\u00e5r og betingelser for byen Wolfenb\u00fcttel g\u00e6lder.<\/p>\n","protected":false},"excerpt":{"rendered":"<p>Julestemning i byen Lessing Wolfenb\u00fcttels julemarked har str\u00e5let i en historisk kulisse i byens centrum siden 1585. Igen i \u00e5r fortrylles de bes\u00f8gende p\u00e5 Schlossplatz af k\u00e6rligt pyntede hytter, duften af julel\u00e6kkerier, funklende juletr\u00e6er, festlige gaveideer og et stemningsfuldt program. Julemusik s\u00e6tter stemningen for \u00e5rets smukkeste h\u00f8jtid. Og selvf\u00f8lgelig kigger julemanden ogs\u00e5 forbi. I adventsweekenderne [&hellip;]<\/p>\n","protected":false},"author":1,"featured_media":20277,"parent":12700,"menu_order":0,"comment_status":"closed","ping_status":"closed","template":"pagetemplates\/template-stadtthema.php","meta":{"_acf_changed":false,"footnotes":""},"categories":[],"tags":[],"ncap_cities_tax":[539,469],"class_list":["post-12197","page","type-page","status-publish","has-post-thumbnail","hentry","ncap_cities_tax-weihnachtsmarkte-wolfenbuettel-da-wolfenbuettel-da","ncap_cities_tax-wolfenbuettel-da"],"acf":[],"yoast_head":"<!-- This site is optimized with the Yoast SEO plugin v27.4 - https:\/\/yoast.com\/product\/yoast-seo-wordpress\/ -->\n<title>Julemarked i Wolfenb\u00fcttel - 9 St\u00e4dte in Niedersachsen<\/title>\n<meta name=\"description\" content=\"Unikke bindingsv\u00e6rksboder og den historiske stemning p\u00e5 Schlossplatz skaber julestemning i Lessing-byen Wolfenb\u00fcttel.\" \/>\n<meta name=\"robots\" content=\"index, follow, max-snippet:-1, max-image-preview:large, max-video-preview:-1\" \/>\n<link rel=\"canonical\" href=\"https:\/\/9staedte.de\/da\/wolfenbuettel-lessings-by\/julemarked-i-wolfenbuettel\/\" \/>\n<meta property=\"og:locale\" content=\"da_DK\" \/>\n<meta property=\"og:type\" content=\"article\" \/>\n<meta property=\"og:title\" content=\"Julemarked i Wolfenb\u00fcttel - 9 St\u00e4dte in Niedersachsen\" \/>\n<meta property=\"og:description\" content=\"Unikke bindingsv\u00e6rksboder og den historiske stemning p\u00e5 Schlossplatz skaber julestemning i Lessing-byen Wolfenb\u00fcttel.\" \/>\n<meta property=\"og:url\" content=\"https:\/\/9staedte.de\/da\/wolfenbuettel-lessings-by\/julemarked-i-wolfenbuettel\/\" \/>\n<meta property=\"og:site_name\" content=\"9 St\u00e4dte in Niedersachsen\" \/>\n<meta property=\"article:modified_time\" content=\"2026-03-23T16:02:44+00:00\" \/>\n<meta property=\"og:image\" content=\"https:\/\/9staedte.de\/wp-content\/uploads\/2023\/12\/Weihnachtsmarkt-Wolfenbuettel-2023-c-Stadt-Wolfenbuettel.jpg\" \/>\n\t<meta property=\"og:image:width\" content=\"1020\" \/>\n\t<meta property=\"og:image:height\" content=\"560\" \/>\n\t<meta property=\"og:image:type\" content=\"image\/jpeg\" \/>\n<meta name=\"twitter:card\" content=\"summary_large_image\" \/>\n<meta name=\"twitter:label1\" content=\"Estimeret l\u00e6setid\" \/>\n\t<meta name=\"twitter:data1\" content=\"1 minut\" \/>\n<script type=\"application\/ld+json\" class=\"yoast-schema-graph\">{\"@context\":\"https:\\\/\\\/schema.org\",\"@graph\":[{\"@type\":\"WebPage\",\"@id\":\"https:\\\/\\\/9staedte.de\\\/da\\\/wolfenbuettel-lessings-by\\\/julemarked-i-wolfenbuettel\\\/\",\"url\":\"https:\\\/\\\/9staedte.de\\\/da\\\/wolfenbuettel-lessings-by\\\/julemarked-i-wolfenbuettel\\\/\",\"name\":\"Julemarked i Wolfenb\u00fcttel - 9 St\u00e4dte in Niedersachsen\",\"isPartOf\":{\"@id\":\"https:\\\/\\\/9staedte.de\\\/da\\\/#website\"},\"primaryImageOfPage\":{\"@id\":\"https:\\\/\\\/9staedte.de\\\/da\\\/wolfenbuettel-lessings-by\\\/julemarked-i-wolfenbuettel\\\/#primaryimage\"},\"image\":{\"@id\":\"https:\\\/\\\/9staedte.de\\\/da\\\/wolfenbuettel-lessings-by\\\/julemarked-i-wolfenbuettel\\\/#primaryimage\"},\"thumbnailUrl\":\"https:\\\/\\\/9staedte.de\\\/wp-content\\\/uploads\\\/2023\\\/12\\\/Weihnachtsmarkt-Wolfenbuettel-2023-c-Stadt-Wolfenbuettel.jpg\",\"datePublished\":\"2023-10-25T10:29:23+00:00\",\"dateModified\":\"2026-03-23T16:02:44+00:00\",\"description\":\"Unikke bindingsv\u00e6rksboder og den historiske stemning p\u00e5 Schlossplatz skaber julestemning i Lessing-byen Wolfenb\u00fcttel.\",\"breadcrumb\":{\"@id\":\"https:\\\/\\\/9staedte.de\\\/da\\\/wolfenbuettel-lessings-by\\\/julemarked-i-wolfenbuettel\\\/#breadcrumb\"},\"inLanguage\":\"da-DK\",\"potentialAction\":[{\"@type\":\"ReadAction\",\"target\":[\"https:\\\/\\\/9staedte.de\\\/da\\\/wolfenbuettel-lessings-by\\\/julemarked-i-wolfenbuettel\\\/\"]}]},{\"@type\":\"ImageObject\",\"inLanguage\":\"da-DK\",\"@id\":\"https:\\\/\\\/9staedte.de\\\/da\\\/wolfenbuettel-lessings-by\\\/julemarked-i-wolfenbuettel\\\/#primaryimage\",\"url\":\"https:\\\/\\\/9staedte.de\\\/wp-content\\\/uploads\\\/2023\\\/12\\\/Weihnachtsmarkt-Wolfenbuettel-2023-c-Stadt-Wolfenbuettel.jpg\",\"contentUrl\":\"https:\\\/\\\/9staedte.de\\\/wp-content\\\/uploads\\\/2023\\\/12\\\/Weihnachtsmarkt-Wolfenbuettel-2023-c-Stadt-Wolfenbuettel.jpg\",\"width\":1020,\"height\":560,\"caption\":\"Weihnachtsmarkt Wolfenb\u00fcttel 2023 c) Stadt Wolfenb\u00fcttel\"},{\"@type\":\"BreadcrumbList\",\"@id\":\"https:\\\/\\\/9staedte.de\\\/da\\\/wolfenbuettel-lessings-by\\\/julemarked-i-wolfenbuettel\\\/#breadcrumb\",\"itemListElement\":[{\"@type\":\"ListItem\",\"position\":1,\"name\":\"Startseite\",\"item\":\"https:\\\/\\\/9staedte.de\\\/da\\\/hjem-9-byer-2-i-niedersachsen\\\/\"},{\"@type\":\"ListItem\",\"position\":2,\"name\":\"Wolfenb\u00fcttel &#8211; Lessings by\",\"item\":\"https:\\\/\\\/9staedte.de\\\/da\\\/wolfenbuettel-lessings-by\\\/\"},{\"@type\":\"ListItem\",\"position\":3,\"name\":\"Julemarked i Wolfenb\u00fcttel\"}]},{\"@type\":\"WebSite\",\"@id\":\"https:\\\/\\\/9staedte.de\\\/da\\\/#website\",\"url\":\"https:\\\/\\\/9staedte.de\\\/da\\\/\",\"name\":\"9 St\u00e4dte in Niedersachsen\",\"description\":\"\",\"publisher\":{\"@id\":\"https:\\\/\\\/9staedte.de\\\/da\\\/#organization\"},\"potentialAction\":[{\"@type\":\"SearchAction\",\"target\":{\"@type\":\"EntryPoint\",\"urlTemplate\":\"https:\\\/\\\/9staedte.de\\\/da\\\/?s={search_term_string}\"},\"query-input\":{\"@type\":\"PropertyValueSpecification\",\"valueRequired\":true,\"valueName\":\"search_term_string\"}}],\"inLanguage\":\"da-DK\"},{\"@type\":\"Organization\",\"@id\":\"https:\\\/\\\/9staedte.de\\\/da\\\/#organization\",\"name\":\"9 St\u00e4dte in Niedersachsen\",\"url\":\"https:\\\/\\\/9staedte.de\\\/da\\\/\",\"logo\":{\"@type\":\"ImageObject\",\"inLanguage\":\"da-DK\",\"@id\":\"https:\\\/\\\/9staedte.de\\\/da\\\/#\\\/schema\\\/logo\\\/image\\\/\",\"url\":\"https:\\\/\\\/9staedte.de\\\/wp-content\\\/uploads\\\/2025\\\/01\\\/9-neg-deutsch-2-1.png\",\"contentUrl\":\"https:\\\/\\\/9staedte.de\\\/wp-content\\\/uploads\\\/2025\\\/01\\\/9-neg-deutsch-2-1.png\",\"width\":190,\"height\":114,\"caption\":\"9 St\u00e4dte in Niedersachsen\"},\"image\":{\"@id\":\"https:\\\/\\\/9staedte.de\\\/da\\\/#\\\/schema\\\/logo\\\/image\\\/\"}}]}<\/script>\n<!-- \/ Yoast SEO plugin. -->","yoast_head_json":{"title":"Julemarked i Wolfenb\u00fcttel - 9 St\u00e4dte in Niedersachsen","description":"Unikke bindingsv\u00e6rksboder og den historiske stemning p\u00e5 Schlossplatz skaber julestemning i Lessing-byen Wolfenb\u00fcttel.","robots":{"index":"index","follow":"follow","max-snippet":"max-snippet:-1","max-image-preview":"max-image-preview:large","max-video-preview":"max-video-preview:-1"},"canonical":"https:\/\/9staedte.de\/da\/wolfenbuettel-lessings-by\/julemarked-i-wolfenbuettel\/","og_locale":"da_DK","og_type":"article","og_title":"Julemarked i Wolfenb\u00fcttel - 9 St\u00e4dte in Niedersachsen","og_description":"Unikke bindingsv\u00e6rksboder og den historiske stemning p\u00e5 Schlossplatz skaber julestemning i Lessing-byen Wolfenb\u00fcttel.","og_url":"https:\/\/9staedte.de\/da\/wolfenbuettel-lessings-by\/julemarked-i-wolfenbuettel\/","og_site_name":"9 St\u00e4dte in Niedersachsen","article_modified_time":"2026-03-23T16:02:44+00:00","og_image":[{"width":1020,"height":560,"url":"https:\/\/9staedte.de\/wp-content\/uploads\/2023\/12\/Weihnachtsmarkt-Wolfenbuettel-2023-c-Stadt-Wolfenbuettel.jpg","type":"image\/jpeg"}],"twitter_card":"summary_large_image","twitter_misc":{"Estimeret l\u00e6setid":"1 minut"},"schema":{"@context":"https:\/\/schema.org","@graph":[{"@type":"WebPage","@id":"https:\/\/9staedte.de\/da\/wolfenbuettel-lessings-by\/julemarked-i-wolfenbuettel\/","url":"https:\/\/9staedte.de\/da\/wolfenbuettel-lessings-by\/julemarked-i-wolfenbuettel\/","name":"Julemarked i Wolfenb\u00fcttel - 9 St\u00e4dte in Niedersachsen","isPartOf":{"@id":"https:\/\/9staedte.de\/da\/#website"},"primaryImageOfPage":{"@id":"https:\/\/9staedte.de\/da\/wolfenbuettel-lessings-by\/julemarked-i-wolfenbuettel\/#primaryimage"},"image":{"@id":"https:\/\/9staedte.de\/da\/wolfenbuettel-lessings-by\/julemarked-i-wolfenbuettel\/#primaryimage"},"thumbnailUrl":"https:\/\/9staedte.de\/wp-content\/uploads\/2023\/12\/Weihnachtsmarkt-Wolfenbuettel-2023-c-Stadt-Wolfenbuettel.jpg","datePublished":"2023-10-25T10:29:23+00:00","dateModified":"2026-03-23T16:02:44+00:00","description":"Unikke bindingsv\u00e6rksboder og den historiske stemning p\u00e5 Schlossplatz skaber julestemning i Lessing-byen Wolfenb\u00fcttel.","breadcrumb":{"@id":"https:\/\/9staedte.de\/da\/wolfenbuettel-lessings-by\/julemarked-i-wolfenbuettel\/#breadcrumb"},"inLanguage":"da-DK","potentialAction":[{"@type":"ReadAction","target":["https:\/\/9staedte.de\/da\/wolfenbuettel-lessings-by\/julemarked-i-wolfenbuettel\/"]}]},{"@type":"ImageObject","inLanguage":"da-DK","@id":"https:\/\/9staedte.de\/da\/wolfenbuettel-lessings-by\/julemarked-i-wolfenbuettel\/#primaryimage","url":"https:\/\/9staedte.de\/wp-content\/uploads\/2023\/12\/Weihnachtsmarkt-Wolfenbuettel-2023-c-Stadt-Wolfenbuettel.jpg","contentUrl":"https:\/\/9staedte.de\/wp-content\/uploads\/2023\/12\/Weihnachtsmarkt-Wolfenbuettel-2023-c-Stadt-Wolfenbuettel.jpg","width":1020,"height":560,"caption":"Weihnachtsmarkt Wolfenb\u00fcttel 2023 c) Stadt Wolfenb\u00fcttel"},{"@type":"BreadcrumbList","@id":"https:\/\/9staedte.de\/da\/wolfenbuettel-lessings-by\/julemarked-i-wolfenbuettel\/#breadcrumb","itemListElement":[{"@type":"ListItem","position":1,"name":"Startseite","item":"https:\/\/9staedte.de\/da\/hjem-9-byer-2-i-niedersachsen\/"},{"@type":"ListItem","position":2,"name":"Wolfenb\u00fcttel &#8211; Lessings by","item":"https:\/\/9staedte.de\/da\/wolfenbuettel-lessings-by\/"},{"@type":"ListItem","position":3,"name":"Julemarked i Wolfenb\u00fcttel"}]},{"@type":"WebSite","@id":"https:\/\/9staedte.de\/da\/#website","url":"https:\/\/9staedte.de\/da\/","name":"9 St\u00e4dte in Niedersachsen","description":"","publisher":{"@id":"https:\/\/9staedte.de\/da\/#organization"},"potentialAction":[{"@type":"SearchAction","target":{"@type":"EntryPoint","urlTemplate":"https:\/\/9staedte.de\/da\/?s={search_term_string}"},"query-input":{"@type":"PropertyValueSpecification","valueRequired":true,"valueName":"search_term_string"}}],"inLanguage":"da-DK"},{"@type":"Organization","@id":"https:\/\/9staedte.de\/da\/#organization","name":"9 St\u00e4dte in Niedersachsen","url":"https:\/\/9staedte.de\/da\/","logo":{"@type":"ImageObject","inLanguage":"da-DK","@id":"https:\/\/9staedte.de\/da\/#\/schema\/logo\/image\/","url":"https:\/\/9staedte.de\/wp-content\/uploads\/2025\/01\/9-neg-deutsch-2-1.png","contentUrl":"https:\/\/9staedte.de\/wp-content\/uploads\/2025\/01\/9-neg-deutsch-2-1.png","width":190,"height":114,"caption":"9 St\u00e4dte in Niedersachsen"},"image":{"@id":"https:\/\/9staedte.de\/da\/#\/schema\/logo\/image\/"}}]}},"_links":{"self":[{"href":"https:\/\/9staedte.de\/da\/wp-json\/wp\/v2\/pages\/12197","targetHints":{"allow":["GET"]}}],"collection":[{"href":"https:\/\/9staedte.de\/da\/wp-json\/wp\/v2\/pages"}],"about":[{"href":"https:\/\/9staedte.de\/da\/wp-json\/wp\/v2\/types\/page"}],"author":[{"embeddable":true,"href":"https:\/\/9staedte.de\/da\/wp-json\/wp\/v2\/users\/1"}],"replies":[{"embeddable":true,"href":"https:\/\/9staedte.de\/da\/wp-json\/wp\/v2\/comments?post=12197"}],"version-history":[{"count":14,"href":"https:\/\/9staedte.de\/da\/wp-json\/wp\/v2\/pages\/12197\/revisions"}],"predecessor-version":[{"id":27638,"href":"https:\/\/9staedte.de\/da\/wp-json\/wp\/v2\/pages\/12197\/revisions\/27638"}],"up":[{"embeddable":true,"href":"https:\/\/9staedte.de\/da\/wp-json\/wp\/v2\/pages\/12700"}],"wp:featuredmedia":[{"embeddable":true,"href":"https:\/\/9staedte.de\/da\/wp-json\/wp\/v2\/media\/20277"}],"wp:attachment":[{"href":"https:\/\/9staedte.de\/da\/wp-json\/wp\/v2\/media?parent=12197"}],"wp:term":[{"taxonomy":"category","embeddable":true,"href":"https:\/\/9staedte.de\/da\/wp-json\/wp\/v2\/categories?post=12197"},{"taxonomy":"post_tag","embeddable":true,"href":"https:\/\/9staedte.de\/da\/wp-json\/wp\/v2\/tags?post=12197"},{"taxonomy":"ncap_cities_tax","embeddable":true,"href":"https:\/\/9staedte.de\/da\/wp-json\/wp\/v2\/ncap_cities_tax?post=12197"}],"curies":[{"name":"wp","href":"https:\/\/api.w.org\/{rel}","templated":true}]}}