{"id":12192,"date":"2023-10-25T12:29:22","date_gmt":"2023-10-25T10:29:22","guid":{"rendered":"https:\/\/9staedte.de\/information-om-rejseleder-og-udflugter-i-wolfenbuettel\/"},"modified":"2023-10-25T15:47:12","modified_gmt":"2023-10-25T13:47:12","slug":"information-om-rejseleder-og-udflugter-i-wolfenbuettel","status":"publish","type":"page","link":"https:\/\/9staedte.de\/da\/wolfenbuettel-lessings-by\/information-om-rejseleder-og-udflugter-i-wolfenbuettel\/","title":{"rendered":"Information om rejseleder og udflugter i Wolfenb\u00fcttel"},"content":{"rendered":"\n<h2 class=\"wp-block-heading\">Kompetent rejseleder til dit program<\/h2>\n\n\n\n<p>Vi arrangerer gerne en kompetent og underholdende guide til at ledsage din rejsegruppe en hel dag i Wolfenb\u00fcttel, arrangerer guidede ture og interi\u00f8rbes\u00f8g, kender de rigtige steder til en frokost- eller kaffepause og g\u00f8r alle deltagere til \u00e6gte Wolfenb\u00fcttel-kendere.<\/p>\n\n\n\n<p>Vi kan ogs\u00e5 arrangere den rigtige rejseleder til udflugter, for eksempel til den nordlige del af Harzen, til Harzen eller til Autostadt Wolfsburg &#8211; og hvis du ikke har en bus, kan vi arrangere en for dig.<\/p>\n\n\n\n<p><br><strong>Priser p\u00e5 foresp\u00f8rgsel<\/strong><\/p>\n\n\n\n<p><\/p>\n\n\n\n<p>Lessing by Wolfenb\u00fcttel<br>Turistinformation<br>L\u00f6wenstra\u00dfe 1<br>38300 Wolfenb\u00fcttel<br>Tlf.: +49 (0) 5331\/86280<br>Fax. +49 (0) 5331\/867708<br>E-mail: <a href=\"mailto:touristinfo@wolfenbuettel.de\">touristinfo@wolfenbuettel.de<br><\/a>Internet: <a href=\"http:\/\/www.lessingstadt-wolfenbuettel.de\/\">www.lessingstadt-wolfenbuettel.de<\/a><\/p>\n","protected":false},"excerpt":{"rendered":"<p>Kompetent rejseleder til dit program Vi arrangerer gerne en kompetent og underholdende guide til at ledsage din rejsegruppe en hel dag i Wolfenb\u00fcttel, arrangerer guidede ture og interi\u00f8rbes\u00f8g, kender de rigtige steder til en frokost- eller kaffepause og g\u00f8r alle deltagere til \u00e6gte Wolfenb\u00fcttel-kendere. Vi kan ogs\u00e5 arrangere den rigtige rejseleder til udflugter, for eksempel [&hellip;]<\/p>\n","protected":false},"author":1,"featured_media":11995,"parent":12700,"menu_order":0,"comment_status":"closed","ping_status":"closed","template":"pagetemplates\/template-stadtthema.php","meta":{"_acf_changed":false,"footnotes":""},"categories":[],"tags":[],"ncap_cities_tax":[1309,469],"class_list":["post-12192","page","type-page","status-publish","has-post-thumbnail","hentry","ncap_cities_tax-reiseleitung-und-ausflugen-wolfenbuettel-da","ncap_cities_tax-wolfenbuettel-da"],"acf":[],"yoast_head":"<!-- This site is optimized with the Yoast SEO plugin v27.4 - https:\/\/yoast.com\/product\/yoast-seo-wordpress\/ -->\n<title>Information om rejseleder og udflugter i Wolfenb\u00fcttel - 9 St\u00e4dte in Niedersachsen<\/title>\n<meta name=\"robots\" content=\"index, follow, max-snippet:-1, max-image-preview:large, max-video-preview:-1\" \/>\n<link rel=\"canonical\" href=\"https:\/\/9staedte.de\/da\/wolfenbuettel-lessings-by\/information-om-rejseleder-og-udflugter-i-wolfenbuettel\/\" \/>\n<meta property=\"og:locale\" content=\"da_DK\" \/>\n<meta property=\"og:type\" content=\"article\" \/>\n<meta property=\"og:title\" content=\"Information om rejseleder og udflugter i Wolfenb\u00fcttel - 9 St\u00e4dte in Niedersachsen\" \/>\n<meta property=\"og:description\" content=\"Kompetent rejseleder til dit program Vi arrangerer gerne en kompetent og underholdende guide til at ledsage din rejsegruppe en hel dag i Wolfenb\u00fcttel, arrangerer guidede ture og interi\u00f8rbes\u00f8g, kender de rigtige steder til en frokost- eller kaffepause og g\u00f8r alle deltagere til \u00e6gte Wolfenb\u00fcttel-kendere. Vi kan ogs\u00e5 arrangere den rigtige rejseleder til udflugter, for eksempel [&hellip;]\" \/>\n<meta property=\"og:url\" content=\"https:\/\/9staedte.de\/da\/wolfenbuettel-lessings-by\/information-om-rejseleder-og-udflugter-i-wolfenbuettel\/\" \/>\n<meta property=\"og:site_name\" content=\"9 St\u00e4dte in Niedersachsen\" \/>\n<meta property=\"article:modified_time\" content=\"2023-10-25T13:47:12+00:00\" \/>\n<meta property=\"og:image\" content=\"https:\/\/9staedte.de\/wp-content\/uploads\/2022\/06\/Themenfuehrung-in-Wolfenbuettel-c-Lessingstadt-Wolfenbuettel.jpg\" \/>\n\t<meta property=\"og:image:width\" content=\"1019\" \/>\n\t<meta property=\"og:image:height\" content=\"560\" \/>\n\t<meta property=\"og:image:type\" content=\"image\/jpeg\" \/>\n<meta name=\"twitter:card\" content=\"summary_large_image\" \/>\n<meta name=\"twitter:label1\" content=\"Estimeret l\u00e6setid\" \/>\n\t<meta name=\"twitter:data1\" content=\"1 minut\" \/>\n<script type=\"application\/ld+json\" class=\"yoast-schema-graph\">{\"@context\":\"https:\\\/\\\/schema.org\",\"@graph\":[{\"@type\":\"WebPage\",\"@id\":\"https:\\\/\\\/9staedte.de\\\/da\\\/wolfenbuettel-lessings-by\\\/information-om-rejseleder-og-udflugter-i-wolfenbuettel\\\/\",\"url\":\"https:\\\/\\\/9staedte.de\\\/da\\\/wolfenbuettel-lessings-by\\\/information-om-rejseleder-og-udflugter-i-wolfenbuettel\\\/\",\"name\":\"Information om rejseleder og udflugter i Wolfenb\u00fcttel - 9 St\u00e4dte in Niedersachsen\",\"isPartOf\":{\"@id\":\"https:\\\/\\\/9staedte.de\\\/da\\\/#website\"},\"primaryImageOfPage\":{\"@id\":\"https:\\\/\\\/9staedte.de\\\/da\\\/wolfenbuettel-lessings-by\\\/information-om-rejseleder-og-udflugter-i-wolfenbuettel\\\/#primaryimage\"},\"image\":{\"@id\":\"https:\\\/\\\/9staedte.de\\\/da\\\/wolfenbuettel-lessings-by\\\/information-om-rejseleder-og-udflugter-i-wolfenbuettel\\\/#primaryimage\"},\"thumbnailUrl\":\"https:\\\/\\\/9staedte.de\\\/wp-content\\\/uploads\\\/2022\\\/06\\\/Themenfuehrung-in-Wolfenbuettel-c-Lessingstadt-Wolfenbuettel.jpg\",\"datePublished\":\"2023-10-25T10:29:22+00:00\",\"dateModified\":\"2023-10-25T13:47:12+00:00\",\"breadcrumb\":{\"@id\":\"https:\\\/\\\/9staedte.de\\\/da\\\/wolfenbuettel-lessings-by\\\/information-om-rejseleder-og-udflugter-i-wolfenbuettel\\\/#breadcrumb\"},\"inLanguage\":\"da-DK\",\"potentialAction\":[{\"@type\":\"ReadAction\",\"target\":[\"https:\\\/\\\/9staedte.de\\\/da\\\/wolfenbuettel-lessings-by\\\/information-om-rejseleder-og-udflugter-i-wolfenbuettel\\\/\"]}]},{\"@type\":\"ImageObject\",\"inLanguage\":\"da-DK\",\"@id\":\"https:\\\/\\\/9staedte.de\\\/da\\\/wolfenbuettel-lessings-by\\\/information-om-rejseleder-og-udflugter-i-wolfenbuettel\\\/#primaryimage\",\"url\":\"https:\\\/\\\/9staedte.de\\\/wp-content\\\/uploads\\\/2022\\\/06\\\/Themenfuehrung-in-Wolfenbuettel-c-Lessingstadt-Wolfenbuettel.jpg\",\"contentUrl\":\"https:\\\/\\\/9staedte.de\\\/wp-content\\\/uploads\\\/2022\\\/06\\\/Themenfuehrung-in-Wolfenbuettel-c-Lessingstadt-Wolfenbuettel.jpg\",\"width\":1019,\"height\":560,\"caption\":\"Themenf\u00fchrung in Wolfenb\u00fcttel c) Lessingstadt Wolfenb\u00fcttel c) Stadt Wolfenb\u00fcttel Christian Bierwagen\"},{\"@type\":\"BreadcrumbList\",\"@id\":\"https:\\\/\\\/9staedte.de\\\/da\\\/wolfenbuettel-lessings-by\\\/information-om-rejseleder-og-udflugter-i-wolfenbuettel\\\/#breadcrumb\",\"itemListElement\":[{\"@type\":\"ListItem\",\"position\":1,\"name\":\"Startseite\",\"item\":\"https:\\\/\\\/9staedte.de\\\/da\\\/hjem-9-byer-2-i-niedersachsen\\\/\"},{\"@type\":\"ListItem\",\"position\":2,\"name\":\"Wolfenb\u00fcttel &#8211; Lessings by\",\"item\":\"https:\\\/\\\/9staedte.de\\\/da\\\/wolfenbuettel-lessings-by\\\/\"},{\"@type\":\"ListItem\",\"position\":3,\"name\":\"Information om rejseleder og udflugter i Wolfenb\u00fcttel\"}]},{\"@type\":\"WebSite\",\"@id\":\"https:\\\/\\\/9staedte.de\\\/da\\\/#website\",\"url\":\"https:\\\/\\\/9staedte.de\\\/da\\\/\",\"name\":\"9 St\u00e4dte in Niedersachsen\",\"description\":\"\",\"publisher\":{\"@id\":\"https:\\\/\\\/9staedte.de\\\/da\\\/#organization\"},\"potentialAction\":[{\"@type\":\"SearchAction\",\"target\":{\"@type\":\"EntryPoint\",\"urlTemplate\":\"https:\\\/\\\/9staedte.de\\\/da\\\/?s={search_term_string}\"},\"query-input\":{\"@type\":\"PropertyValueSpecification\",\"valueRequired\":true,\"valueName\":\"search_term_string\"}}],\"inLanguage\":\"da-DK\"},{\"@type\":\"Organization\",\"@id\":\"https:\\\/\\\/9staedte.de\\\/da\\\/#organization\",\"name\":\"9 St\u00e4dte in Niedersachsen\",\"url\":\"https:\\\/\\\/9staedte.de\\\/da\\\/\",\"logo\":{\"@type\":\"ImageObject\",\"inLanguage\":\"da-DK\",\"@id\":\"https:\\\/\\\/9staedte.de\\\/da\\\/#\\\/schema\\\/logo\\\/image\\\/\",\"url\":\"https:\\\/\\\/9staedte.de\\\/wp-content\\\/uploads\\\/2025\\\/01\\\/9-neg-deutsch-2-1.png\",\"contentUrl\":\"https:\\\/\\\/9staedte.de\\\/wp-content\\\/uploads\\\/2025\\\/01\\\/9-neg-deutsch-2-1.png\",\"width\":190,\"height\":114,\"caption\":\"9 St\u00e4dte in Niedersachsen\"},\"image\":{\"@id\":\"https:\\\/\\\/9staedte.de\\\/da\\\/#\\\/schema\\\/logo\\\/image\\\/\"}}]}<\/script>\n<!-- \/ Yoast SEO plugin. -->","yoast_head_json":{"title":"Information om rejseleder og udflugter i Wolfenb\u00fcttel - 9 St\u00e4dte in Niedersachsen","robots":{"index":"index","follow":"follow","max-snippet":"max-snippet:-1","max-image-preview":"max-image-preview:large","max-video-preview":"max-video-preview:-1"},"canonical":"https:\/\/9staedte.de\/da\/wolfenbuettel-lessings-by\/information-om-rejseleder-og-udflugter-i-wolfenbuettel\/","og_locale":"da_DK","og_type":"article","og_title":"Information om rejseleder og udflugter i Wolfenb\u00fcttel - 9 St\u00e4dte in Niedersachsen","og_description":"Kompetent rejseleder til dit program Vi arrangerer gerne en kompetent og underholdende guide til at ledsage din rejsegruppe en hel dag i Wolfenb\u00fcttel, arrangerer guidede ture og interi\u00f8rbes\u00f8g, kender de rigtige steder til en frokost- eller kaffepause og g\u00f8r alle deltagere til \u00e6gte Wolfenb\u00fcttel-kendere. Vi kan ogs\u00e5 arrangere den rigtige rejseleder til udflugter, for eksempel [&hellip;]","og_url":"https:\/\/9staedte.de\/da\/wolfenbuettel-lessings-by\/information-om-rejseleder-og-udflugter-i-wolfenbuettel\/","og_site_name":"9 St\u00e4dte in Niedersachsen","article_modified_time":"2023-10-25T13:47:12+00:00","og_image":[{"width":1019,"height":560,"url":"https:\/\/9staedte.de\/wp-content\/uploads\/2022\/06\/Themenfuehrung-in-Wolfenbuettel-c-Lessingstadt-Wolfenbuettel.jpg","type":"image\/jpeg"}],"twitter_card":"summary_large_image","twitter_misc":{"Estimeret l\u00e6setid":"1 minut"},"schema":{"@context":"https:\/\/schema.org","@graph":[{"@type":"WebPage","@id":"https:\/\/9staedte.de\/da\/wolfenbuettel-lessings-by\/information-om-rejseleder-og-udflugter-i-wolfenbuettel\/","url":"https:\/\/9staedte.de\/da\/wolfenbuettel-lessings-by\/information-om-rejseleder-og-udflugter-i-wolfenbuettel\/","name":"Information om rejseleder og udflugter i Wolfenb\u00fcttel - 9 St\u00e4dte in Niedersachsen","isPartOf":{"@id":"https:\/\/9staedte.de\/da\/#website"},"primaryImageOfPage":{"@id":"https:\/\/9staedte.de\/da\/wolfenbuettel-lessings-by\/information-om-rejseleder-og-udflugter-i-wolfenbuettel\/#primaryimage"},"image":{"@id":"https:\/\/9staedte.de\/da\/wolfenbuettel-lessings-by\/information-om-rejseleder-og-udflugter-i-wolfenbuettel\/#primaryimage"},"thumbnailUrl":"https:\/\/9staedte.de\/wp-content\/uploads\/2022\/06\/Themenfuehrung-in-Wolfenbuettel-c-Lessingstadt-Wolfenbuettel.jpg","datePublished":"2023-10-25T10:29:22+00:00","dateModified":"2023-10-25T13:47:12+00:00","breadcrumb":{"@id":"https:\/\/9staedte.de\/da\/wolfenbuettel-lessings-by\/information-om-rejseleder-og-udflugter-i-wolfenbuettel\/#breadcrumb"},"inLanguage":"da-DK","potentialAction":[{"@type":"ReadAction","target":["https:\/\/9staedte.de\/da\/wolfenbuettel-lessings-by\/information-om-rejseleder-og-udflugter-i-wolfenbuettel\/"]}]},{"@type":"ImageObject","inLanguage":"da-DK","@id":"https:\/\/9staedte.de\/da\/wolfenbuettel-lessings-by\/information-om-rejseleder-og-udflugter-i-wolfenbuettel\/#primaryimage","url":"https:\/\/9staedte.de\/wp-content\/uploads\/2022\/06\/Themenfuehrung-in-Wolfenbuettel-c-Lessingstadt-Wolfenbuettel.jpg","contentUrl":"https:\/\/9staedte.de\/wp-content\/uploads\/2022\/06\/Themenfuehrung-in-Wolfenbuettel-c-Lessingstadt-Wolfenbuettel.jpg","width":1019,"height":560,"caption":"Themenf\u00fchrung in Wolfenb\u00fcttel c) Lessingstadt Wolfenb\u00fcttel c) Stadt Wolfenb\u00fcttel Christian Bierwagen"},{"@type":"BreadcrumbList","@id":"https:\/\/9staedte.de\/da\/wolfenbuettel-lessings-by\/information-om-rejseleder-og-udflugter-i-wolfenbuettel\/#breadcrumb","itemListElement":[{"@type":"ListItem","position":1,"name":"Startseite","item":"https:\/\/9staedte.de\/da\/hjem-9-byer-2-i-niedersachsen\/"},{"@type":"ListItem","position":2,"name":"Wolfenb\u00fcttel &#8211; Lessings by","item":"https:\/\/9staedte.de\/da\/wolfenbuettel-lessings-by\/"},{"@type":"ListItem","position":3,"name":"Information om rejseleder og udflugter i Wolfenb\u00fcttel"}]},{"@type":"WebSite","@id":"https:\/\/9staedte.de\/da\/#website","url":"https:\/\/9staedte.de\/da\/","name":"9 St\u00e4dte in Niedersachsen","description":"","publisher":{"@id":"https:\/\/9staedte.de\/da\/#organization"},"potentialAction":[{"@type":"SearchAction","target":{"@type":"EntryPoint","urlTemplate":"https:\/\/9staedte.de\/da\/?s={search_term_string}"},"query-input":{"@type":"PropertyValueSpecification","valueRequired":true,"valueName":"search_term_string"}}],"inLanguage":"da-DK"},{"@type":"Organization","@id":"https:\/\/9staedte.de\/da\/#organization","name":"9 St\u00e4dte in Niedersachsen","url":"https:\/\/9staedte.de\/da\/","logo":{"@type":"ImageObject","inLanguage":"da-DK","@id":"https:\/\/9staedte.de\/da\/#\/schema\/logo\/image\/","url":"https:\/\/9staedte.de\/wp-content\/uploads\/2025\/01\/9-neg-deutsch-2-1.png","contentUrl":"https:\/\/9staedte.de\/wp-content\/uploads\/2025\/01\/9-neg-deutsch-2-1.png","width":190,"height":114,"caption":"9 St\u00e4dte in Niedersachsen"},"image":{"@id":"https:\/\/9staedte.de\/da\/#\/schema\/logo\/image\/"}}]}},"_links":{"self":[{"href":"https:\/\/9staedte.de\/da\/wp-json\/wp\/v2\/pages\/12192","targetHints":{"allow":["GET"]}}],"collection":[{"href":"https:\/\/9staedte.de\/da\/wp-json\/wp\/v2\/pages"}],"about":[{"href":"https:\/\/9staedte.de\/da\/wp-json\/wp\/v2\/types\/page"}],"author":[{"embeddable":true,"href":"https:\/\/9staedte.de\/da\/wp-json\/wp\/v2\/users\/1"}],"replies":[{"embeddable":true,"href":"https:\/\/9staedte.de\/da\/wp-json\/wp\/v2\/comments?post=12192"}],"version-history":[{"count":1,"href":"https:\/\/9staedte.de\/da\/wp-json\/wp\/v2\/pages\/12192\/revisions"}],"predecessor-version":[{"id":12193,"href":"https:\/\/9staedte.de\/da\/wp-json\/wp\/v2\/pages\/12192\/revisions\/12193"}],"up":[{"embeddable":true,"href":"https:\/\/9staedte.de\/da\/wp-json\/wp\/v2\/pages\/12700"}],"wp:featuredmedia":[{"embeddable":true,"href":"https:\/\/9staedte.de\/da\/wp-json\/wp\/v2\/media\/11995"}],"wp:attachment":[{"href":"https:\/\/9staedte.de\/da\/wp-json\/wp\/v2\/media?parent=12192"}],"wp:term":[{"taxonomy":"category","embeddable":true,"href":"https:\/\/9staedte.de\/da\/wp-json\/wp\/v2\/categories?post=12192"},{"taxonomy":"post_tag","embeddable":true,"href":"https:\/\/9staedte.de\/da\/wp-json\/wp\/v2\/tags?post=12192"},{"taxonomy":"ncap_cities_tax","embeddable":true,"href":"https:\/\/9staedte.de\/da\/wp-json\/wp\/v2\/ncap_cities_tax?post=12192"}],"curies":[{"name":"wp","href":"https:\/\/api.w.org\/{rel}","templated":true}]}}