{"id":12187,"date":"2023-10-25T12:24:11","date_gmt":"2023-10-25T10:24:11","guid":{"rendered":"https:\/\/9staedte.de\/julemarked-i-einbeck\/"},"modified":"2026-03-23T12:56:53","modified_gmt":"2026-03-23T11:56:53","slug":"julemarked-i-einbeck","status":"publish","type":"page","link":"https:\/\/9staedte.de\/da\/einbeck-klassiske-biler-bindingsvaerkshuse-oel\/julemarked-i-einbeck\/","title":{"rendered":"Julemarked i Einbeck"},"content":{"rendered":"\n<h2 class=\"wp-block-heading\">Eftert\u00e6nksom stemning i julelandsbyen<\/h2>\n\n<p>Hvert \u00e5r fra slutningen af november til slutningen af december inviterer julebyen Einbeck med sit historiske bindingsv\u00e6rk til at komme i julestemning. Uanset om det er gl\u00fchwein, kulinariske l\u00e6kkerier eller sm\u00e5 gaver, vil alle finde, hvad de leder efter her. Julelysene lyser op i Einbecks bymidte, og de bes\u00f8gende kan se frem til et bredt udvalg af kunsth\u00e5ndv\u00e6rk, regionale specialiteter og et varieret program. Et bes\u00f8g i Einbecks juleby lover uforglemmelige \u00f8jeblikke i en stemningsfuld kulisse og juleforventning.   <\/p>\n\n<p><a href=\"https:\/\/www.einbeck-tourismus.de\/stadtfeste-maerkte-events\">Yderligere oplysninger<\/a><\/p>\n\n\n<div class=\"banner-wrapper\">\n  <div class=\"banner-inner \">\n      <div class=\"img-container\">\n      <div class=\"img-wrapper\">\n        <img decoding=\"async\" src=\"https:\/\/9staedte.de\/wp-content\/smush-webp\/2025\/10\/Einbeck-Weihnachtdorf-Fachwerk-\u00a9Spieker-Fotografie.jpg.webp\" alt=\"P\u00e5 billedet ser man et julemarked. Mange mennesker st\u00e5r foran sm\u00e5 tr\u00e6boder. Der er et stort juletr\u00e6 med lys. Husene bagved er gamle og flotte. Alt ser festligt og hyggeligt ud.\" \/>\n                  <div class=\"thumbnail-label\">\n            <span>Einbeck Weihnachtdorf Fachwerk \u00a9Spieker Fotografie<\/span>\n          <\/div>\n              <\/div>\n    <\/div>\n        <div class=\"text-container\">\n      <div class=\"content\">\n        <p><strong>9 tips til dit bes\u00f8g p\u00e5 julemarkedet i Einbeck:<\/strong><\/p>\n<ul>\n<li>Nyd den ber\u00f8mte Einbeck-\u00f8l<\/li>\n<li>En hyggelig aften p\u00e5 curlingbanen<\/li>\n<li>Julelys med de fire fotopunkter<\/li>\n<li>En kulinarisk gave fra Genuss Kontor Einbeck<\/li>\n<li>Varieret f\u00f8rjulsprogram i hele adventstiden<\/li>\n<li>Bes\u00f8g p\u00e5 det st\u00f8rste museum for klassiske biler i Europa, PS.SPEICHER<\/li>\n<li>Traditionel trykoplevelse hos Einbeck Blueprint<\/li>\n<li>P\u00e5 sporet af bryggeritraditionen p\u00e5 Einbeck Beer Trail<\/li>\n<li>St\u00f8rste udend\u00f8rs gadekunstgalleri i det sydlige Niedersachsen i den historiske bymidte<\/li>\n<\/ul>\n      <\/div>\n    <\/div>\n    <\/div>\n<\/div>\n\n\n<div style=\"height:49px\" aria-hidden=\"true\" class=\"wp-block-spacer\"><\/div>\n\n<p class=\"h3\"><strong>Julemarked i Einbeck<\/strong><\/p>\n\n <div class=\"brlbs-cmpnt-container brlbs-cmpnt-content-blocker brlbs-cmpnt-with-individual-styles\" data-borlabs-cookie-content-blocker-id=\"google-maps\" data-borlabs-cookie-content=\"PGlmcmFtZSBzcmM9Imh0dHBzOi8vd3d3Lmdvb2dsZS5jb20vbWFwcy9lbWJlZD9wYj0hMW0xOCExbTEyITFtMyExZDQ3NS40NTA3MDg1NjM1NTExMyEyZDkuODY2NDg4NjgxOTIwODc3ITNkNTEuODE4MzQ5MjA0MDQ0MTMhMm0zITFmMCEyZjAhM2YwITNtMiExaTEwMjQhMmk3NjghNGYxMy4xITNtMyExbTIhMXMweDQ3YmFjZjNiMTcyZjc4MjklM0EweDlmYTdjOWMzNGNmNGIzZWQhMnNNYXJrdHBsYXR6JTIwRWluYmVjayE1ZTAhM20yITFzZGUhMnNkZSE0djE2OTIxODMxNDA2OTMhNW0yITFzZGUhMnNkZSIgd2lkdGg9IjYwMCIgaGVpZ2h0PSI0NTAiIHN0eWxlPSJib3JkZXI6MDsiIGFsbG93ZnVsbHNjcmVlbj0iIiBsb2FkaW5nPSJsYXp5IiByZWZlcnJlcnBvbGljeT0ibm8tcmVmZXJyZXItd2hlbi1kb3duZ3JhZGUiPjwvaWZyYW1lPg==\"><div class=\"brlbs-cmpnt-cb-preset-b brlbs-cmpnt-cb-google-maps\"> <div class=\"brlbs-cmpnt-cb-thumbnail\" style=\"background-image: url('https:\/\/9staedte.de\/wp-content\/uploads\/borlabs-cookie\/1\/brlbs-cb-google-maps-main.png')\"><\/div> <div class=\"brlbs-cmpnt-cb-main\"> <div class=\"brlbs-cmpnt-cb-content\"> <p class=\"brlbs-cmpnt-cb-description\">You are currently viewing a placeholder content from <strong>Google Maps<\/strong>. To access the actual content, click the button below. Please note that doing so will share data with third-party providers.<\/p> <a class=\"brlbs-cmpnt-cb-provider-toggle\" href=\"#\" data-borlabs-cookie-show-provider-information role=\"button\">More Information<\/a> <\/div> <div class=\"brlbs-cmpnt-cb-buttons\"> <a class=\"brlbs-cmpnt-cb-btn\" href=\"#\" data-borlabs-cookie-unblock role=\"button\">Unblock content<\/a> <a class=\"brlbs-cmpnt-cb-btn\" href=\"#\" data-borlabs-cookie-accept-service role=\"button\" style=\"display: inherit\">Accept required service and unblock content<\/a> <\/div> <\/div> <\/div><\/div>\n","protected":false},"excerpt":{"rendered":"<p>Eftert\u00e6nksom stemning i julelandsbyen Hvert \u00e5r fra slutningen af november til slutningen af december inviterer julebyen Einbeck med sit historiske bindingsv\u00e6rk til at komme i julestemning. Uanset om det er gl\u00fchwein, kulinariske l\u00e6kkerier eller sm\u00e5 gaver, vil alle finde, hvad de leder efter her. Julelysene lyser op i Einbecks bymidte, og de bes\u00f8gende kan se [&hellip;]<\/p>\n","protected":false},"author":1,"featured_media":23421,"parent":12653,"menu_order":0,"comment_status":"closed","ping_status":"closed","template":"pagetemplates\/template-stadtthema.php","meta":{"_acf_changed":false,"footnotes":""},"categories":[],"tags":[],"ncap_cities_tax":[476,546],"class_list":["post-12187","page","type-page","status-publish","has-post-thumbnail","hentry","ncap_cities_tax-einbeck-da","ncap_cities_tax-weihnachtsmarkte-einbeck-da"],"acf":[],"yoast_head":"<!-- This site is optimized with the Yoast SEO plugin v26.8 - https:\/\/yoast.com\/product\/yoast-seo-wordpress\/ -->\n<title>Julemarked i Einbeck - 9 St\u00e4dte in Niedersachsen<\/title>\n<meta name=\"description\" content=\"Hvert \u00e5r indbyder Einbecks julelandsby i en historisk bindingsv\u00e6rkskulisse de bes\u00f8gende til at komme i julestemning.\" \/>\n<meta name=\"robots\" content=\"index, follow, max-snippet:-1, max-image-preview:large, max-video-preview:-1\" \/>\n<link rel=\"canonical\" href=\"https:\/\/9staedte.de\/da\/einbeck-klassiske-biler-bindingsvaerkshuse-oel\/julemarked-i-einbeck\/\" \/>\n<meta property=\"og:locale\" content=\"da_DK\" \/>\n<meta property=\"og:type\" content=\"article\" \/>\n<meta property=\"og:title\" content=\"Julemarked i Einbeck - 9 St\u00e4dte in Niedersachsen\" \/>\n<meta property=\"og:description\" content=\"Hvert \u00e5r indbyder Einbecks julelandsby i en historisk bindingsv\u00e6rkskulisse de bes\u00f8gende til at komme i julestemning.\" \/>\n<meta property=\"og:url\" content=\"https:\/\/9staedte.de\/da\/einbeck-klassiske-biler-bindingsvaerkshuse-oel\/julemarked-i-einbeck\/\" \/>\n<meta property=\"og:site_name\" content=\"9 St\u00e4dte in Niedersachsen\" \/>\n<meta property=\"article:modified_time\" content=\"2026-03-23T11:56:53+00:00\" \/>\n<meta property=\"og:image\" content=\"https:\/\/9staedte.de\/wp-content\/uploads\/2024\/08\/Weihnachtsdorf-Weihnachten-Markt-Winter-\u00a9Spieker-Fotografie-2.jpg\" \/>\n\t<meta property=\"og:image:width\" content=\"1020\" \/>\n\t<meta property=\"og:image:height\" content=\"559\" \/>\n\t<meta property=\"og:image:type\" content=\"image\/jpeg\" \/>\n<meta name=\"twitter:card\" content=\"summary_large_image\" \/>\n<meta name=\"twitter:label1\" content=\"Estimeret l\u00e6setid\" \/>\n\t<meta name=\"twitter:data1\" content=\"1 minut\" \/>\n<script type=\"application\/ld+json\" class=\"yoast-schema-graph\">{\"@context\":\"https:\/\/schema.org\",\"@graph\":[{\"@type\":\"WebPage\",\"@id\":\"https:\/\/9staedte.de\/da\/einbeck-klassiske-biler-bindingsvaerkshuse-oel\/julemarked-i-einbeck\/\",\"url\":\"https:\/\/9staedte.de\/da\/einbeck-klassiske-biler-bindingsvaerkshuse-oel\/julemarked-i-einbeck\/\",\"name\":\"Julemarked i Einbeck - 9 St\u00e4dte in Niedersachsen\",\"isPartOf\":{\"@id\":\"https:\/\/9staedte.de\/da\/#website\"},\"primaryImageOfPage\":{\"@id\":\"https:\/\/9staedte.de\/da\/einbeck-klassiske-biler-bindingsvaerkshuse-oel\/julemarked-i-einbeck\/#primaryimage\"},\"image\":{\"@id\":\"https:\/\/9staedte.de\/da\/einbeck-klassiske-biler-bindingsvaerkshuse-oel\/julemarked-i-einbeck\/#primaryimage\"},\"thumbnailUrl\":\"https:\/\/9staedte.de\/wp-content\/uploads\/2024\/08\/Weihnachtsdorf-Weihnachten-Markt-Winter-\u00a9Spieker-Fotografie-2.jpg\",\"datePublished\":\"2023-10-25T10:24:11+00:00\",\"dateModified\":\"2026-03-23T11:56:53+00:00\",\"description\":\"Hvert \u00e5r indbyder Einbecks julelandsby i en historisk bindingsv\u00e6rkskulisse de bes\u00f8gende til at komme i julestemning.\",\"breadcrumb\":{\"@id\":\"https:\/\/9staedte.de\/da\/einbeck-klassiske-biler-bindingsvaerkshuse-oel\/julemarked-i-einbeck\/#breadcrumb\"},\"inLanguage\":\"da-DK\",\"potentialAction\":[{\"@type\":\"ReadAction\",\"target\":[\"https:\/\/9staedte.de\/da\/einbeck-klassiske-biler-bindingsvaerkshuse-oel\/julemarked-i-einbeck\/\"]}]},{\"@type\":\"ImageObject\",\"inLanguage\":\"da-DK\",\"@id\":\"https:\/\/9staedte.de\/da\/einbeck-klassiske-biler-bindingsvaerkshuse-oel\/julemarked-i-einbeck\/#primaryimage\",\"url\":\"https:\/\/9staedte.de\/wp-content\/uploads\/2024\/08\/Weihnachtsdorf-Weihnachten-Markt-Winter-\u00a9Spieker-Fotografie-2.jpg\",\"contentUrl\":\"https:\/\/9staedte.de\/wp-content\/uploads\/2024\/08\/Weihnachtsdorf-Weihnachten-Markt-Winter-\u00a9Spieker-Fotografie-2.jpg\",\"width\":1020,\"height\":559,\"caption\":\"Einbeck Weihnachtsdorf, Weihnachten, Markt, Winter, \u00a9Spieker Fotografie (2)\"},{\"@type\":\"BreadcrumbList\",\"@id\":\"https:\/\/9staedte.de\/da\/einbeck-klassiske-biler-bindingsvaerkshuse-oel\/julemarked-i-einbeck\/#breadcrumb\",\"itemListElement\":[{\"@type\":\"ListItem\",\"position\":1,\"name\":\"Startseite\",\"item\":\"https:\/\/9staedte.de\/da\/hjem-9-byer-2-i-niedersachsen\/\"},{\"@type\":\"ListItem\",\"position\":2,\"name\":\"Einbeck &#8211; klassiske biler, bindingsv\u00e6rkshuse, \u00f8l\",\"item\":\"https:\/\/9staedte.de\/da\/einbeck-klassiske-biler-bindingsvaerkshuse-oel\/\"},{\"@type\":\"ListItem\",\"position\":3,\"name\":\"Julemarked i Einbeck\"}]},{\"@type\":\"WebSite\",\"@id\":\"https:\/\/9staedte.de\/da\/#website\",\"url\":\"https:\/\/9staedte.de\/da\/\",\"name\":\"9 St\u00e4dte in Niedersachsen\",\"description\":\"\",\"publisher\":{\"@id\":\"https:\/\/9staedte.de\/da\/#organization\"},\"potentialAction\":[{\"@type\":\"SearchAction\",\"target\":{\"@type\":\"EntryPoint\",\"urlTemplate\":\"https:\/\/9staedte.de\/da\/?s={search_term_string}\"},\"query-input\":{\"@type\":\"PropertyValueSpecification\",\"valueRequired\":true,\"valueName\":\"search_term_string\"}}],\"inLanguage\":\"da-DK\"},{\"@type\":\"Organization\",\"@id\":\"https:\/\/9staedte.de\/da\/#organization\",\"name\":\"9 St\u00e4dte in Niedersachsen\",\"url\":\"https:\/\/9staedte.de\/da\/\",\"logo\":{\"@type\":\"ImageObject\",\"inLanguage\":\"da-DK\",\"@id\":\"https:\/\/9staedte.de\/da\/#\/schema\/logo\/image\/\",\"url\":\"https:\/\/9staedte.de\/wp-content\/uploads\/2025\/01\/9-neg-deutsch-2-1.png\",\"contentUrl\":\"https:\/\/9staedte.de\/wp-content\/uploads\/2025\/01\/9-neg-deutsch-2-1.png\",\"width\":190,\"height\":114,\"caption\":\"9 St\u00e4dte in Niedersachsen\"},\"image\":{\"@id\":\"https:\/\/9staedte.de\/da\/#\/schema\/logo\/image\/\"}}]}<\/script>\n<!-- \/ Yoast SEO plugin. -->","yoast_head_json":{"title":"Julemarked i Einbeck - 9 St\u00e4dte in Niedersachsen","description":"Hvert \u00e5r indbyder Einbecks julelandsby i en historisk bindingsv\u00e6rkskulisse de bes\u00f8gende til at komme i julestemning.","robots":{"index":"index","follow":"follow","max-snippet":"max-snippet:-1","max-image-preview":"max-image-preview:large","max-video-preview":"max-video-preview:-1"},"canonical":"https:\/\/9staedte.de\/da\/einbeck-klassiske-biler-bindingsvaerkshuse-oel\/julemarked-i-einbeck\/","og_locale":"da_DK","og_type":"article","og_title":"Julemarked i Einbeck - 9 St\u00e4dte in Niedersachsen","og_description":"Hvert \u00e5r indbyder Einbecks julelandsby i en historisk bindingsv\u00e6rkskulisse de bes\u00f8gende til at komme i julestemning.","og_url":"https:\/\/9staedte.de\/da\/einbeck-klassiske-biler-bindingsvaerkshuse-oel\/julemarked-i-einbeck\/","og_site_name":"9 St\u00e4dte in Niedersachsen","article_modified_time":"2026-03-23T11:56:53+00:00","og_image":[{"width":1020,"height":559,"url":"https:\/\/9staedte.de\/wp-content\/uploads\/2024\/08\/Weihnachtsdorf-Weihnachten-Markt-Winter-\u00a9Spieker-Fotografie-2.jpg","type":"image\/jpeg"}],"twitter_card":"summary_large_image","twitter_misc":{"Estimeret l\u00e6setid":"1 minut"},"schema":{"@context":"https:\/\/schema.org","@graph":[{"@type":"WebPage","@id":"https:\/\/9staedte.de\/da\/einbeck-klassiske-biler-bindingsvaerkshuse-oel\/julemarked-i-einbeck\/","url":"https:\/\/9staedte.de\/da\/einbeck-klassiske-biler-bindingsvaerkshuse-oel\/julemarked-i-einbeck\/","name":"Julemarked i Einbeck - 9 St\u00e4dte in Niedersachsen","isPartOf":{"@id":"https:\/\/9staedte.de\/da\/#website"},"primaryImageOfPage":{"@id":"https:\/\/9staedte.de\/da\/einbeck-klassiske-biler-bindingsvaerkshuse-oel\/julemarked-i-einbeck\/#primaryimage"},"image":{"@id":"https:\/\/9staedte.de\/da\/einbeck-klassiske-biler-bindingsvaerkshuse-oel\/julemarked-i-einbeck\/#primaryimage"},"thumbnailUrl":"https:\/\/9staedte.de\/wp-content\/uploads\/2024\/08\/Weihnachtsdorf-Weihnachten-Markt-Winter-\u00a9Spieker-Fotografie-2.jpg","datePublished":"2023-10-25T10:24:11+00:00","dateModified":"2026-03-23T11:56:53+00:00","description":"Hvert \u00e5r indbyder Einbecks julelandsby i en historisk bindingsv\u00e6rkskulisse de bes\u00f8gende til at komme i julestemning.","breadcrumb":{"@id":"https:\/\/9staedte.de\/da\/einbeck-klassiske-biler-bindingsvaerkshuse-oel\/julemarked-i-einbeck\/#breadcrumb"},"inLanguage":"da-DK","potentialAction":[{"@type":"ReadAction","target":["https:\/\/9staedte.de\/da\/einbeck-klassiske-biler-bindingsvaerkshuse-oel\/julemarked-i-einbeck\/"]}]},{"@type":"ImageObject","inLanguage":"da-DK","@id":"https:\/\/9staedte.de\/da\/einbeck-klassiske-biler-bindingsvaerkshuse-oel\/julemarked-i-einbeck\/#primaryimage","url":"https:\/\/9staedte.de\/wp-content\/uploads\/2024\/08\/Weihnachtsdorf-Weihnachten-Markt-Winter-\u00a9Spieker-Fotografie-2.jpg","contentUrl":"https:\/\/9staedte.de\/wp-content\/uploads\/2024\/08\/Weihnachtsdorf-Weihnachten-Markt-Winter-\u00a9Spieker-Fotografie-2.jpg","width":1020,"height":559,"caption":"Einbeck Weihnachtsdorf, Weihnachten, Markt, Winter, \u00a9Spieker Fotografie (2)"},{"@type":"BreadcrumbList","@id":"https:\/\/9staedte.de\/da\/einbeck-klassiske-biler-bindingsvaerkshuse-oel\/julemarked-i-einbeck\/#breadcrumb","itemListElement":[{"@type":"ListItem","position":1,"name":"Startseite","item":"https:\/\/9staedte.de\/da\/hjem-9-byer-2-i-niedersachsen\/"},{"@type":"ListItem","position":2,"name":"Einbeck &#8211; klassiske biler, bindingsv\u00e6rkshuse, \u00f8l","item":"https:\/\/9staedte.de\/da\/einbeck-klassiske-biler-bindingsvaerkshuse-oel\/"},{"@type":"ListItem","position":3,"name":"Julemarked i Einbeck"}]},{"@type":"WebSite","@id":"https:\/\/9staedte.de\/da\/#website","url":"https:\/\/9staedte.de\/da\/","name":"9 St\u00e4dte in Niedersachsen","description":"","publisher":{"@id":"https:\/\/9staedte.de\/da\/#organization"},"potentialAction":[{"@type":"SearchAction","target":{"@type":"EntryPoint","urlTemplate":"https:\/\/9staedte.de\/da\/?s={search_term_string}"},"query-input":{"@type":"PropertyValueSpecification","valueRequired":true,"valueName":"search_term_string"}}],"inLanguage":"da-DK"},{"@type":"Organization","@id":"https:\/\/9staedte.de\/da\/#organization","name":"9 St\u00e4dte in Niedersachsen","url":"https:\/\/9staedte.de\/da\/","logo":{"@type":"ImageObject","inLanguage":"da-DK","@id":"https:\/\/9staedte.de\/da\/#\/schema\/logo\/image\/","url":"https:\/\/9staedte.de\/wp-content\/uploads\/2025\/01\/9-neg-deutsch-2-1.png","contentUrl":"https:\/\/9staedte.de\/wp-content\/uploads\/2025\/01\/9-neg-deutsch-2-1.png","width":190,"height":114,"caption":"9 St\u00e4dte in Niedersachsen"},"image":{"@id":"https:\/\/9staedte.de\/da\/#\/schema\/logo\/image\/"}}]}},"_links":{"self":[{"href":"https:\/\/9staedte.de\/da\/wp-json\/wp\/v2\/pages\/12187","targetHints":{"allow":["GET"]}}],"collection":[{"href":"https:\/\/9staedte.de\/da\/wp-json\/wp\/v2\/pages"}],"about":[{"href":"https:\/\/9staedte.de\/da\/wp-json\/wp\/v2\/types\/page"}],"author":[{"embeddable":true,"href":"https:\/\/9staedte.de\/da\/wp-json\/wp\/v2\/users\/1"}],"replies":[{"embeddable":true,"href":"https:\/\/9staedte.de\/da\/wp-json\/wp\/v2\/comments?post=12187"}],"version-history":[{"count":9,"href":"https:\/\/9staedte.de\/da\/wp-json\/wp\/v2\/pages\/12187\/revisions"}],"predecessor-version":[{"id":27914,"href":"https:\/\/9staedte.de\/da\/wp-json\/wp\/v2\/pages\/12187\/revisions\/27914"}],"up":[{"embeddable":true,"href":"https:\/\/9staedte.de\/da\/wp-json\/wp\/v2\/pages\/12653"}],"wp:featuredmedia":[{"embeddable":true,"href":"https:\/\/9staedte.de\/da\/wp-json\/wp\/v2\/media\/23421"}],"wp:attachment":[{"href":"https:\/\/9staedte.de\/da\/wp-json\/wp\/v2\/media?parent=12187"}],"wp:term":[{"taxonomy":"category","embeddable":true,"href":"https:\/\/9staedte.de\/da\/wp-json\/wp\/v2\/categories?post=12187"},{"taxonomy":"post_tag","embeddable":true,"href":"https:\/\/9staedte.de\/da\/wp-json\/wp\/v2\/tags?post=12187"},{"taxonomy":"ncap_cities_tax","embeddable":true,"href":"https:\/\/9staedte.de\/da\/wp-json\/wp\/v2\/ncap_cities_tax?post=12187"}],"curies":[{"name":"wp","href":"https:\/\/api.w.org\/{rel}","templated":true}]}}