{"id":12184,"date":"2023-10-25T12:28:36","date_gmt":"2023-10-25T10:28:36","guid":{"rendered":"https:\/\/9staedte.de\/tips-til-din-konference-i-wolfenbuettel\/"},"modified":"2023-10-25T12:28:36","modified_gmt":"2023-10-25T10:28:36","slug":"tips-til-din-konference-i-wolfenbuettel","status":"publish","type":"page","link":"https:\/\/9staedte.de\/da\/tips-til-din-konference-i-wolfenbuettel\/","title":{"rendered":"Tips til din konference i Wolfenb\u00fcttel:"},"content":{"rendered":"\n<p><strong>M\u00f8der p\u00e5 Wolfenb\u00fcttel Slot<\/strong><br>Hold din konference p\u00e5 Niedersachsens n\u00e6stst\u00f8rste slot, og bo som de welfiske hertuger engang gjorde. Vi tilbyder dig historiske lokaler samt passende og uforglemmelige sociale programmer i det umiddelbare centrum af Wolfenb\u00fcttel.<\/p>\n\n\n\n<p><strong>Kongresser i Lindenhalle Wolfenb\u00fcttel<\/strong><br>Den bedste adresse til konferencer og kongresser i klassisk, men moderne stil. Som Wolfenb\u00fcttels st\u00f8rste eventcenter tilbyder Lindenhalle dig en h\u00f8j grad af fleksibilitet, topmoderne udstyr og en passende infrastruktur.<\/p>\n\n\n\n<p><strong>Natur og modernitet p\u00e5 Jugendg\u00e4stehaus Wolfenb\u00fcttel<\/strong><br>Jugendg\u00e4stehaus Wolfenb\u00fcttel ligger i centrum af byen Wolfenb\u00fcttel og tilbyder forskellige m\u00f8delokaler og indkvartering samt direkte adgang til vores bypark, Seeligerpark, hvor der er masser af plads til udend\u00f8rs aktiviteter, livlige diskussioner og gode beslutninger.<\/p>\n\n\n\n<p><strong>Kommisse &#8230; ekstraordin\u00e6re konferencer i historiske omgivelser<\/strong><br>Kommisse Wolfenb\u00fcttel er en gammel, traditionel bygning i centrum af Wolfenb\u00fcttel. Det blev bygget som en m\u00f8lle, blev taget i brug af Guelph-hertugerne og har siden fungeret som et salgslager samt et spille- og bryllupshus. I dag tilbyder de trofast restaurerede lokaler den perfekte mulighed for at g\u00f8re enhver begivenhed til et h\u00f8jdepunkt.<\/p>\n\n\n\n<p><strong>Individuelle sociale programmer<\/strong><br>Sammen med vores turistinformation arrangerer vi gerne et passende rammeprogram for din konference eller kongres. Kulinariske ture gennem den gamle bydel, sportsaktiviteter som teambuilding, J\u00e4germeister-aftenvandringer og meget mere kan ogs\u00e5 arrangeres individuelt til dig.<\/p>\n\n\n\n<p><strong>Catering efter dine \u00f8nsker!<\/strong><br>Vi tilbyder den bedst mulige service til dine g\u00e6ster. Vi arrangerer forplejningen til dine g\u00e6ster efter dine individuelle \u00f8nsker. Gennem udvalgte og forskelligartede partnere vil catering bidrage til, at dit arrangement bliver en succes.<br>Pakker til ethvert \u00f8nske<br>Vores forskellige konferencepakker giver enhver begivenhed en god mulighed for at holde omkostningerne under kontrol, men stadig ikke at skulle undv\u00e6re noget. Vi kan ogs\u00e5 give dig et individuelt all-inclusive-tilbud efter dine \u00f8nsker.<\/p>\n\n\n\n<p><strong>Flerdagskonferencer til ethvert budget<\/strong><br>Ved arrangementer, der varer flere dage, hj\u00e6lper vi dig med indkvartering af dine deltagere. For prisbevidste deltagere er der op til 131 senge i moderne og funktionelle enkelt- til firesengsv\u00e6relser i ungdomsg\u00e6stehuset. Gennem et godt netv\u00e6rk i regionen kan vi ogs\u00e5 arrangere et 5-stjernet hotel til dig.<\/p>\n","protected":false},"excerpt":{"rendered":"<p>M\u00f8der p\u00e5 Wolfenb\u00fcttel SlotHold din konference p\u00e5 Niedersachsens n\u00e6stst\u00f8rste slot, og bo som de welfiske hertuger engang gjorde. Vi tilbyder dig historiske lokaler samt passende og uforglemmelige sociale programmer i det umiddelbare centrum af Wolfenb\u00fcttel. Kongresser i Lindenhalle Wolfenb\u00fcttelDen bedste adresse til konferencer og kongresser i klassisk, men moderne stil. Som Wolfenb\u00fcttels st\u00f8rste eventcenter tilbyder [&hellip;]<\/p>\n","protected":false},"author":6,"featured_media":12185,"parent":0,"menu_order":0,"comment_status":"closed","ping_status":"closed","template":"","meta":{"_acf_changed":false,"footnotes":""},"categories":[],"tags":[],"ncap_cities_tax":[469],"class_list":["post-12184","page","type-page","status-publish","has-post-thumbnail","hentry","ncap_cities_tax-wolfenbuettel-da"],"acf":[],"yoast_head":"<!-- This site is optimized with the Yoast SEO plugin v26.8 - https:\/\/yoast.com\/product\/yoast-seo-wordpress\/ -->\n<title>Tips til din konference i Wolfenb\u00fcttel: - 9 St\u00e4dte in Niedersachsen<\/title>\n<meta name=\"robots\" content=\"index, follow, max-snippet:-1, max-image-preview:large, max-video-preview:-1\" \/>\n<link rel=\"canonical\" href=\"https:\/\/9staedte.de\/da\/tips-til-din-konference-i-wolfenbuettel\/\" \/>\n<meta property=\"og:locale\" content=\"da_DK\" \/>\n<meta property=\"og:type\" content=\"article\" \/>\n<meta property=\"og:title\" content=\"Tips til din konference i Wolfenb\u00fcttel: - 9 St\u00e4dte in Niedersachsen\" \/>\n<meta property=\"og:description\" content=\"M\u00f8der p\u00e5 Wolfenb\u00fcttel SlotHold din konference p\u00e5 Niedersachsens n\u00e6stst\u00f8rste slot, og bo som de welfiske hertuger engang gjorde. Vi tilbyder dig historiske lokaler samt passende og uforglemmelige sociale programmer i det umiddelbare centrum af Wolfenb\u00fcttel. Kongresser i Lindenhalle Wolfenb\u00fcttelDen bedste adresse til konferencer og kongresser i klassisk, men moderne stil. Som Wolfenb\u00fcttels st\u00f8rste eventcenter tilbyder [&hellip;]\" \/>\n<meta property=\"og:url\" content=\"https:\/\/9staedte.de\/da\/tips-til-din-konference-i-wolfenbuettel\/\" \/>\n<meta property=\"og:site_name\" content=\"9 St\u00e4dte in Niedersachsen\" \/>\n<meta property=\"og:image\" content=\"https:\/\/9staedte.de\/wp-content\/uploads\/2023\/03\/Lindenhalle-c-Susanne-Huebner.jpg\" \/>\n\t<meta property=\"og:image:width\" content=\"1019\" \/>\n\t<meta property=\"og:image:height\" content=\"558\" \/>\n\t<meta property=\"og:image:type\" content=\"image\/jpeg\" \/>\n<meta name=\"twitter:card\" content=\"summary_large_image\" \/>\n<meta name=\"twitter:label1\" content=\"Estimeret l\u00e6setid\" \/>\n\t<meta name=\"twitter:data1\" content=\"2 minutter\" \/>\n<script type=\"application\/ld+json\" class=\"yoast-schema-graph\">{\"@context\":\"https:\/\/schema.org\",\"@graph\":[{\"@type\":\"WebPage\",\"@id\":\"https:\/\/9staedte.de\/da\/tips-til-din-konference-i-wolfenbuettel\/\",\"url\":\"https:\/\/9staedte.de\/da\/tips-til-din-konference-i-wolfenbuettel\/\",\"name\":\"Tips til din konference i Wolfenb\u00fcttel: - 9 St\u00e4dte in Niedersachsen\",\"isPartOf\":{\"@id\":\"https:\/\/9staedte.de\/da\/#website\"},\"primaryImageOfPage\":{\"@id\":\"https:\/\/9staedte.de\/da\/tips-til-din-konference-i-wolfenbuettel\/#primaryimage\"},\"image\":{\"@id\":\"https:\/\/9staedte.de\/da\/tips-til-din-konference-i-wolfenbuettel\/#primaryimage\"},\"thumbnailUrl\":\"https:\/\/9staedte.de\/wp-content\/uploads\/2023\/03\/Lindenhalle-c-Susanne-Huebner.jpg\",\"datePublished\":\"2023-10-25T10:28:36+00:00\",\"breadcrumb\":{\"@id\":\"https:\/\/9staedte.de\/da\/tips-til-din-konference-i-wolfenbuettel\/#breadcrumb\"},\"inLanguage\":\"da-DK\",\"potentialAction\":[{\"@type\":\"ReadAction\",\"target\":[\"https:\/\/9staedte.de\/da\/tips-til-din-konference-i-wolfenbuettel\/\"]}]},{\"@type\":\"ImageObject\",\"inLanguage\":\"da-DK\",\"@id\":\"https:\/\/9staedte.de\/da\/tips-til-din-konference-i-wolfenbuettel\/#primaryimage\",\"url\":\"https:\/\/9staedte.de\/wp-content\/uploads\/2023\/03\/Lindenhalle-c-Susanne-Huebner.jpg\",\"contentUrl\":\"https:\/\/9staedte.de\/wp-content\/uploads\/2023\/03\/Lindenhalle-c-Susanne-Huebner.jpg\",\"width\":1019,\"height\":558,\"caption\":\"Lindenhalle Wolfenb\u00fcttel (c) Susanne H\u00fcbner\"},{\"@type\":\"BreadcrumbList\",\"@id\":\"https:\/\/9staedte.de\/da\/tips-til-din-konference-i-wolfenbuettel\/#breadcrumb\",\"itemListElement\":[{\"@type\":\"ListItem\",\"position\":1,\"name\":\"Startseite\",\"item\":\"https:\/\/9staedte.de\/da\/hjem-9-byer-2-i-niedersachsen\/\"},{\"@type\":\"ListItem\",\"position\":2,\"name\":\"Tips til din konference i Wolfenb\u00fcttel:\"}]},{\"@type\":\"WebSite\",\"@id\":\"https:\/\/9staedte.de\/da\/#website\",\"url\":\"https:\/\/9staedte.de\/da\/\",\"name\":\"9 St\u00e4dte in Niedersachsen\",\"description\":\"\",\"publisher\":{\"@id\":\"https:\/\/9staedte.de\/da\/#organization\"},\"potentialAction\":[{\"@type\":\"SearchAction\",\"target\":{\"@type\":\"EntryPoint\",\"urlTemplate\":\"https:\/\/9staedte.de\/da\/?s={search_term_string}\"},\"query-input\":{\"@type\":\"PropertyValueSpecification\",\"valueRequired\":true,\"valueName\":\"search_term_string\"}}],\"inLanguage\":\"da-DK\"},{\"@type\":\"Organization\",\"@id\":\"https:\/\/9staedte.de\/da\/#organization\",\"name\":\"9 St\u00e4dte in Niedersachsen\",\"url\":\"https:\/\/9staedte.de\/da\/\",\"logo\":{\"@type\":\"ImageObject\",\"inLanguage\":\"da-DK\",\"@id\":\"https:\/\/9staedte.de\/da\/#\/schema\/logo\/image\/\",\"url\":\"https:\/\/9staedte.de\/wp-content\/uploads\/2025\/01\/9-neg-deutsch-2-1.png\",\"contentUrl\":\"https:\/\/9staedte.de\/wp-content\/uploads\/2025\/01\/9-neg-deutsch-2-1.png\",\"width\":190,\"height\":114,\"caption\":\"9 St\u00e4dte in Niedersachsen\"},\"image\":{\"@id\":\"https:\/\/9staedte.de\/da\/#\/schema\/logo\/image\/\"}}]}<\/script>\n<!-- \/ Yoast SEO plugin. -->","yoast_head_json":{"title":"Tips til din konference i Wolfenb\u00fcttel: - 9 St\u00e4dte in Niedersachsen","robots":{"index":"index","follow":"follow","max-snippet":"max-snippet:-1","max-image-preview":"max-image-preview:large","max-video-preview":"max-video-preview:-1"},"canonical":"https:\/\/9staedte.de\/da\/tips-til-din-konference-i-wolfenbuettel\/","og_locale":"da_DK","og_type":"article","og_title":"Tips til din konference i Wolfenb\u00fcttel: - 9 St\u00e4dte in Niedersachsen","og_description":"M\u00f8der p\u00e5 Wolfenb\u00fcttel SlotHold din konference p\u00e5 Niedersachsens n\u00e6stst\u00f8rste slot, og bo som de welfiske hertuger engang gjorde. Vi tilbyder dig historiske lokaler samt passende og uforglemmelige sociale programmer i det umiddelbare centrum af Wolfenb\u00fcttel. Kongresser i Lindenhalle Wolfenb\u00fcttelDen bedste adresse til konferencer og kongresser i klassisk, men moderne stil. Som Wolfenb\u00fcttels st\u00f8rste eventcenter tilbyder [&hellip;]","og_url":"https:\/\/9staedte.de\/da\/tips-til-din-konference-i-wolfenbuettel\/","og_site_name":"9 St\u00e4dte in Niedersachsen","og_image":[{"width":1019,"height":558,"url":"https:\/\/9staedte.de\/wp-content\/uploads\/2023\/03\/Lindenhalle-c-Susanne-Huebner.jpg","type":"image\/jpeg"}],"twitter_card":"summary_large_image","twitter_misc":{"Estimeret l\u00e6setid":"2 minutter"},"schema":{"@context":"https:\/\/schema.org","@graph":[{"@type":"WebPage","@id":"https:\/\/9staedte.de\/da\/tips-til-din-konference-i-wolfenbuettel\/","url":"https:\/\/9staedte.de\/da\/tips-til-din-konference-i-wolfenbuettel\/","name":"Tips til din konference i Wolfenb\u00fcttel: - 9 St\u00e4dte in Niedersachsen","isPartOf":{"@id":"https:\/\/9staedte.de\/da\/#website"},"primaryImageOfPage":{"@id":"https:\/\/9staedte.de\/da\/tips-til-din-konference-i-wolfenbuettel\/#primaryimage"},"image":{"@id":"https:\/\/9staedte.de\/da\/tips-til-din-konference-i-wolfenbuettel\/#primaryimage"},"thumbnailUrl":"https:\/\/9staedte.de\/wp-content\/uploads\/2023\/03\/Lindenhalle-c-Susanne-Huebner.jpg","datePublished":"2023-10-25T10:28:36+00:00","breadcrumb":{"@id":"https:\/\/9staedte.de\/da\/tips-til-din-konference-i-wolfenbuettel\/#breadcrumb"},"inLanguage":"da-DK","potentialAction":[{"@type":"ReadAction","target":["https:\/\/9staedte.de\/da\/tips-til-din-konference-i-wolfenbuettel\/"]}]},{"@type":"ImageObject","inLanguage":"da-DK","@id":"https:\/\/9staedte.de\/da\/tips-til-din-konference-i-wolfenbuettel\/#primaryimage","url":"https:\/\/9staedte.de\/wp-content\/uploads\/2023\/03\/Lindenhalle-c-Susanne-Huebner.jpg","contentUrl":"https:\/\/9staedte.de\/wp-content\/uploads\/2023\/03\/Lindenhalle-c-Susanne-Huebner.jpg","width":1019,"height":558,"caption":"Lindenhalle Wolfenb\u00fcttel (c) Susanne H\u00fcbner"},{"@type":"BreadcrumbList","@id":"https:\/\/9staedte.de\/da\/tips-til-din-konference-i-wolfenbuettel\/#breadcrumb","itemListElement":[{"@type":"ListItem","position":1,"name":"Startseite","item":"https:\/\/9staedte.de\/da\/hjem-9-byer-2-i-niedersachsen\/"},{"@type":"ListItem","position":2,"name":"Tips til din konference i Wolfenb\u00fcttel:"}]},{"@type":"WebSite","@id":"https:\/\/9staedte.de\/da\/#website","url":"https:\/\/9staedte.de\/da\/","name":"9 St\u00e4dte in Niedersachsen","description":"","publisher":{"@id":"https:\/\/9staedte.de\/da\/#organization"},"potentialAction":[{"@type":"SearchAction","target":{"@type":"EntryPoint","urlTemplate":"https:\/\/9staedte.de\/da\/?s={search_term_string}"},"query-input":{"@type":"PropertyValueSpecification","valueRequired":true,"valueName":"search_term_string"}}],"inLanguage":"da-DK"},{"@type":"Organization","@id":"https:\/\/9staedte.de\/da\/#organization","name":"9 St\u00e4dte in Niedersachsen","url":"https:\/\/9staedte.de\/da\/","logo":{"@type":"ImageObject","inLanguage":"da-DK","@id":"https:\/\/9staedte.de\/da\/#\/schema\/logo\/image\/","url":"https:\/\/9staedte.de\/wp-content\/uploads\/2025\/01\/9-neg-deutsch-2-1.png","contentUrl":"https:\/\/9staedte.de\/wp-content\/uploads\/2025\/01\/9-neg-deutsch-2-1.png","width":190,"height":114,"caption":"9 St\u00e4dte in Niedersachsen"},"image":{"@id":"https:\/\/9staedte.de\/da\/#\/schema\/logo\/image\/"}}]}},"_links":{"self":[{"href":"https:\/\/9staedte.de\/da\/wp-json\/wp\/v2\/pages\/12184","targetHints":{"allow":["GET"]}}],"collection":[{"href":"https:\/\/9staedte.de\/da\/wp-json\/wp\/v2\/pages"}],"about":[{"href":"https:\/\/9staedte.de\/da\/wp-json\/wp\/v2\/types\/page"}],"author":[{"embeddable":true,"href":"https:\/\/9staedte.de\/da\/wp-json\/wp\/v2\/users\/6"}],"replies":[{"embeddable":true,"href":"https:\/\/9staedte.de\/da\/wp-json\/wp\/v2\/comments?post=12184"}],"version-history":[{"count":1,"href":"https:\/\/9staedte.de\/da\/wp-json\/wp\/v2\/pages\/12184\/revisions"}],"predecessor-version":[{"id":12186,"href":"https:\/\/9staedte.de\/da\/wp-json\/wp\/v2\/pages\/12184\/revisions\/12186"}],"wp:featuredmedia":[{"embeddable":true,"href":"https:\/\/9staedte.de\/da\/wp-json\/wp\/v2\/media\/12185"}],"wp:attachment":[{"href":"https:\/\/9staedte.de\/da\/wp-json\/wp\/v2\/media?parent=12184"}],"wp:term":[{"taxonomy":"category","embeddable":true,"href":"https:\/\/9staedte.de\/da\/wp-json\/wp\/v2\/categories?post=12184"},{"taxonomy":"post_tag","embeddable":true,"href":"https:\/\/9staedte.de\/da\/wp-json\/wp\/v2\/tags?post=12184"},{"taxonomy":"ncap_cities_tax","embeddable":true,"href":"https:\/\/9staedte.de\/da\/wp-json\/wp\/v2\/ncap_cities_tax?post=12184"}],"curies":[{"name":"wp","href":"https:\/\/api.w.org\/{rel}","templated":true}]}}