{"id":12180,"date":"2023-10-25T12:24:08","date_gmt":"2023-10-25T10:24:08","guid":{"rendered":"https:\/\/9staedte.de\/byture-i-einbeck\/"},"modified":"2023-10-25T15:28:58","modified_gmt":"2023-10-25T13:28:58","slug":"byture-i-einbeck","status":"publish","type":"page","link":"https:\/\/9staedte.de\/da\/einbeck-klassiske-biler-bindingsvaerkshuse-oel\/byture-i-einbeck\/","title":{"rendered":"Byture i Einbeck"},"content":{"rendered":"\r\n\r\n    <div class=\"filter-posts\">\r\n            <div  id=\"filterContent\">\r\n                                                        \n<div class=\"contentKachel filtr-item\" data-category=\"einbeck-da\">\n    <a href=\"https:\/\/9staedte.de\/da\/ved-byens-porte-gennem-slotte-og-saltsletter\/\">\n        <div class=\"contentKachel-inner\">\n                            <div class=\"contentKachel-thumbnail\">\n                    <img loading=\"lazy\" decoding=\"async\" width=\"300\" height=\"199\" src=\"https:\/\/9staedte.de\/wp-content\/smush-webp\/2023\/05\/Heldenburg\u00a9mehlehundertmark-Fotografie-300x199.jpg.webp\" class=\"objectfitcover withfilters wp-post-image\" alt=\"P\u00e5 billedet ser man en gammel slotsruin oppefra. Rundt om ruinen er der mange huse med r\u00f8de tage. I baggrunden er der gr\u00f8nne marker og enge.\" srcset=\"https:\/\/9staedte.de\/wp-content\/smush-webp\/2023\/05\/Heldenburg\u00a9mehlehundertmark-Fotografie-300x199.jpg.webp 300w, https:\/\/9staedte.de\/wp-content\/smush-webp\/2023\/05\/Heldenburg\u00a9mehlehundertmark-Fotografie-768x510.jpg.webp 768w, https:\/\/9staedte.de\/wp-content\/smush-webp\/2023\/05\/Heldenburg\u00a9mehlehundertmark-Fotografie.jpg.webp 1000w\" sizes=\"auto, (max-width: 300px) 100vw, 300px\" \/>                    <img loading=\"lazy\" decoding=\"async\" width=\"300\" height=\"199\" src=\"https:\/\/9staedte.de\/wp-content\/smush-webp\/2023\/05\/Heldenburg\u00a9mehlehundertmark-Fotografie-300x199.jpg.webp\" class=\"objectfitcontain wp-post-image\" alt=\"P\u00e5 billedet ser man en gammel slotsruin oppefra. Rundt om ruinen er der mange huse med r\u00f8de tage. I baggrunden er der gr\u00f8nne marker og enge.\" srcset=\"https:\/\/9staedte.de\/wp-content\/smush-webp\/2023\/05\/Heldenburg\u00a9mehlehundertmark-Fotografie-300x199.jpg.webp 300w, https:\/\/9staedte.de\/wp-content\/smush-webp\/2023\/05\/Heldenburg\u00a9mehlehundertmark-Fotografie-768x510.jpg.webp 768w, https:\/\/9staedte.de\/wp-content\/smush-webp\/2023\/05\/Heldenburg\u00a9mehlehundertmark-Fotografie.jpg.webp 1000w\" sizes=\"auto, (max-width: 300px) 100vw, 300px\" \/>                        <div class=\"thumbnail-label\">\n    <span>Heldenburg,\u00a9mehlehundertmark Fotografie<\/span>\n    <\/div>\n                <\/div>\n                        <div class=\"contentKachel-content\">\n                                    <div class=\"city-tag bg-einbeck\">\n                        Einbeck                    <\/div>\n                \n                <div class=\"title\">\n\n                    Ved byens porte: gennem slotte og saltsletter                    \n                <\/div>\n\n                            <\/div>\n\n        <\/div>\n    <\/a>\n<\/div>                                                        \n<div class=\"contentKachel filtr-item\" data-category=\"einbeck-da\">\n    <a href=\"https:\/\/9staedte.de\/da\/med-bus-og-til-fods\/\">\n        <div class=\"contentKachel-inner\">\n                            <div class=\"contentKachel-thumbnail\">\n                    <img loading=\"lazy\" decoding=\"async\" width=\"300\" height=\"164\" src=\"https:\/\/9staedte.de\/wp-content\/smush-webp\/2023\/05\/Blick-auf-St.-Alexandri-Einbeck-CC0-300x164.jpg.webp\" class=\"objectfitcover withfilters wp-post-image\" alt=\"Man ser en by oppefra. Mange huse har r\u00f8de tage. Foran er der bindingsv\u00e6rkshuse. Bagved st\u00e5r en stor kirke. I baggrunden er der en gr\u00f8n skov.\" srcset=\"https:\/\/9staedte.de\/wp-content\/smush-webp\/2023\/05\/Blick-auf-St.-Alexandri-Einbeck-CC0-300x164.jpg.webp 300w, https:\/\/9staedte.de\/wp-content\/smush-webp\/2023\/05\/Blick-auf-St.-Alexandri-Einbeck-CC0-768x421.jpg.webp 768w, https:\/\/9staedte.de\/wp-content\/smush-webp\/2023\/05\/Blick-auf-St.-Alexandri-Einbeck-CC0.jpg.webp 1020w\" sizes=\"auto, (max-width: 300px) 100vw, 300px\" \/>                    <img loading=\"lazy\" decoding=\"async\" width=\"300\" height=\"164\" src=\"https:\/\/9staedte.de\/wp-content\/smush-webp\/2023\/05\/Blick-auf-St.-Alexandri-Einbeck-CC0-300x164.jpg.webp\" class=\"objectfitcontain wp-post-image\" alt=\"Man ser en by oppefra. Mange huse har r\u00f8de tage. Foran er der bindingsv\u00e6rkshuse. Bagved st\u00e5r en stor kirke. I baggrunden er der en gr\u00f8n skov.\" srcset=\"https:\/\/9staedte.de\/wp-content\/smush-webp\/2023\/05\/Blick-auf-St.-Alexandri-Einbeck-CC0-300x164.jpg.webp 300w, https:\/\/9staedte.de\/wp-content\/smush-webp\/2023\/05\/Blick-auf-St.-Alexandri-Einbeck-CC0-768x421.jpg.webp 768w, https:\/\/9staedte.de\/wp-content\/smush-webp\/2023\/05\/Blick-auf-St.-Alexandri-Einbeck-CC0.jpg.webp 1020w\" sizes=\"auto, (max-width: 300px) 100vw, 300px\" \/>                        <div class=\"thumbnail-label\">\n    <span>Blick auf St. Alexandri Einbeck cc0<\/span>\n    <\/div>\n                <\/div>\n                        <div class=\"contentKachel-content\">\n                                    <div class=\"city-tag bg-einbeck\">\n                        Einbeck                    <\/div>\n                \n                <div class=\"title\">\n\n                    Med bus og til fods                    \n                <\/div>\n\n                            <\/div>\n\n        <\/div>\n    <\/a>\n<\/div>                                                        \n<div class=\"contentKachel filtr-item\" data-category=\"einbeck-da\">\n    <a href=\"https:\/\/9staedte.de\/da\/alt-om-oel\/\">\n        <div class=\"contentKachel-inner\">\n                            <div class=\"contentKachel-thumbnail\">\n                    <img loading=\"lazy\" decoding=\"async\" width=\"300\" height=\"165\" src=\"https:\/\/9staedte.de\/wp-content\/smush-webp\/2023\/05\/Einbecker-Bierdiplom\u00a9Ole-Spata-300x165.jpg.webp\" class=\"objectfitcover withfilters wp-post-image\" alt=\"Billedet viser fem personer ved et tr\u00e6bord. De sk\u00e5ler med \u00f8lglas. En kvinde har et gammeldags kostume p\u00e5. P\u00e5 bordet st\u00e5r sm\u00e5 glas med korn. Stemningen er glad.\" srcset=\"https:\/\/9staedte.de\/wp-content\/smush-webp\/2023\/05\/Einbecker-Bierdiplom\u00a9Ole-Spata-300x165.jpg.webp 300w, https:\/\/9staedte.de\/wp-content\/smush-webp\/2023\/05\/Einbecker-Bierdiplom\u00a9Ole-Spata-768x422.jpg.webp 768w, https:\/\/9staedte.de\/wp-content\/smush-webp\/2023\/05\/Einbecker-Bierdiplom\u00a9Ole-Spata.jpg.webp 1020w\" sizes=\"auto, (max-width: 300px) 100vw, 300px\" \/>                    <img loading=\"lazy\" decoding=\"async\" width=\"300\" height=\"165\" src=\"https:\/\/9staedte.de\/wp-content\/smush-webp\/2023\/05\/Einbecker-Bierdiplom\u00a9Ole-Spata-300x165.jpg.webp\" class=\"objectfitcontain wp-post-image\" alt=\"Billedet viser fem personer ved et tr\u00e6bord. De sk\u00e5ler med \u00f8lglas. En kvinde har et gammeldags kostume p\u00e5. P\u00e5 bordet st\u00e5r sm\u00e5 glas med korn. Stemningen er glad.\" srcset=\"https:\/\/9staedte.de\/wp-content\/smush-webp\/2023\/05\/Einbecker-Bierdiplom\u00a9Ole-Spata-300x165.jpg.webp 300w, https:\/\/9staedte.de\/wp-content\/smush-webp\/2023\/05\/Einbecker-Bierdiplom\u00a9Ole-Spata-768x422.jpg.webp 768w, https:\/\/9staedte.de\/wp-content\/smush-webp\/2023\/05\/Einbecker-Bierdiplom\u00a9Ole-Spata.jpg.webp 1020w\" sizes=\"auto, (max-width: 300px) 100vw, 300px\" \/>                        <div class=\"thumbnail-label\">\n    <span>Einbecker Bierdiplom c) Ole Spata<\/span>\n    <\/div>\n                <\/div>\n                        <div class=\"contentKachel-content\">\n                                    <div class=\"city-tag bg-einbeck\">\n                        Einbeck                    <\/div>\n                \n                <div class=\"title\">\n\n                    Alt om \u00f8l                    \n                <\/div>\n\n                            <\/div>\n\n        <\/div>\n    <\/a>\n<\/div>                                                        \n<div class=\"contentKachel filtr-item\" data-category=\"einbeck-da\">\n    <a href=\"https:\/\/9staedte.de\/da\/lys-oel-og-moerke-skygger\/\">\n        <div class=\"contentKachel-inner\">\n                            <div class=\"contentKachel-thumbnail\">\n                    <img loading=\"lazy\" decoding=\"async\" width=\"300\" height=\"165\" src=\"https:\/\/9staedte.de\/wp-content\/smush-webp\/2023\/05\/Altes-Rathaus-bei-Nacht-CC0-300x165.jpg.webp\" class=\"objectfitcover withfilters wp-post-image\" alt=\"Et gammelt r\u00e5dhus er oplyst om natten. Man kan se tre h\u00f8je t\u00e5rne. Mange vinduer lyser. Bygningen har mange fine detaljer.\" srcset=\"https:\/\/9staedte.de\/wp-content\/smush-webp\/2023\/05\/Altes-Rathaus-bei-Nacht-CC0-300x165.jpg.webp 300w, https:\/\/9staedte.de\/wp-content\/smush-webp\/2023\/05\/Altes-Rathaus-bei-Nacht-CC0-768x422.jpg.webp 768w, https:\/\/9staedte.de\/wp-content\/smush-webp\/2023\/05\/Altes-Rathaus-bei-Nacht-CC0.jpg.webp 1020w\" sizes=\"auto, (max-width: 300px) 100vw, 300px\" \/>                    <img loading=\"lazy\" decoding=\"async\" width=\"300\" height=\"165\" src=\"https:\/\/9staedte.de\/wp-content\/smush-webp\/2023\/05\/Altes-Rathaus-bei-Nacht-CC0-300x165.jpg.webp\" class=\"objectfitcontain wp-post-image\" alt=\"Et gammelt r\u00e5dhus er oplyst om natten. Man kan se tre h\u00f8je t\u00e5rne. Mange vinduer lyser. Bygningen har mange fine detaljer.\" srcset=\"https:\/\/9staedte.de\/wp-content\/smush-webp\/2023\/05\/Altes-Rathaus-bei-Nacht-CC0-300x165.jpg.webp 300w, https:\/\/9staedte.de\/wp-content\/smush-webp\/2023\/05\/Altes-Rathaus-bei-Nacht-CC0-768x422.jpg.webp 768w, https:\/\/9staedte.de\/wp-content\/smush-webp\/2023\/05\/Altes-Rathaus-bei-Nacht-CC0.jpg.webp 1020w\" sizes=\"auto, (max-width: 300px) 100vw, 300px\" \/>                        <div class=\"thumbnail-label\">\n    <span>Einbeck Altes Rathaus bei Nacht CC0<\/span>\n    <\/div>\n                <\/div>\n                        <div class=\"contentKachel-content\">\n                                    <div class=\"city-tag bg-einbeck\">\n                        Einbeck                    <\/div>\n                \n                <div class=\"title\">\n\n                    Lys \u00f8l og m\u00f8rke skygger                    \n                <\/div>\n\n                            <\/div>\n\n        <\/div>\n    <\/a>\n<\/div>                                                        \n<div class=\"contentKachel filtr-item\" data-category=\"einbeck-da\">\n    <a href=\"https:\/\/9staedte.de\/da\/gennem-aarhundreder\/\">\n        <div class=\"contentKachel-inner\">\n                            <div class=\"contentKachel-thumbnail\">\n                    <img loading=\"lazy\" decoding=\"async\" width=\"300\" height=\"165\" src=\"https:\/\/9staedte.de\/wp-content\/smush-webp\/2023\/05\/Stadtfuehrung-\u00a9Daniel-Li-Photography-300x165.jpg.webp\" class=\"objectfitcover withfilters wp-post-image\" alt=\"En kvinde peger p\u00e5 en stor, gammel bygning. Det ligner en kirke. Fire personer lytter til hende. De st\u00e5r p\u00e5 et torv med gamle bindingsv\u00e6rkshuse.\" srcset=\"https:\/\/9staedte.de\/wp-content\/smush-webp\/2023\/05\/Stadtfuehrung-\u00a9Daniel-Li-Photography-300x165.jpg.webp 300w, https:\/\/9staedte.de\/wp-content\/smush-webp\/2023\/05\/Stadtfuehrung-\u00a9Daniel-Li-Photography-768x422.jpg.webp 768w, https:\/\/9staedte.de\/wp-content\/smush-webp\/2023\/05\/Stadtfuehrung-\u00a9Daniel-Li-Photography.jpg.webp 1020w\" sizes=\"auto, (max-width: 300px) 100vw, 300px\" \/>                    <img loading=\"lazy\" decoding=\"async\" width=\"300\" height=\"165\" src=\"https:\/\/9staedte.de\/wp-content\/smush-webp\/2023\/05\/Stadtfuehrung-\u00a9Daniel-Li-Photography-300x165.jpg.webp\" class=\"objectfitcontain wp-post-image\" alt=\"En kvinde peger p\u00e5 en stor, gammel bygning. Det ligner en kirke. Fire personer lytter til hende. De st\u00e5r p\u00e5 et torv med gamle bindingsv\u00e6rkshuse.\" srcset=\"https:\/\/9staedte.de\/wp-content\/smush-webp\/2023\/05\/Stadtfuehrung-\u00a9Daniel-Li-Photography-300x165.jpg.webp 300w, https:\/\/9staedte.de\/wp-content\/smush-webp\/2023\/05\/Stadtfuehrung-\u00a9Daniel-Li-Photography-768x422.jpg.webp 768w, https:\/\/9staedte.de\/wp-content\/smush-webp\/2023\/05\/Stadtfuehrung-\u00a9Daniel-Li-Photography.jpg.webp 1020w\" sizes=\"auto, (max-width: 300px) 100vw, 300px\" \/>                        <div class=\"thumbnail-label\">\n    <span>Stadtf\u00fchrung in Einbeck c) Daniel Li Photography<\/span>\n    <\/div>\n                <\/div>\n                        <div class=\"contentKachel-content\">\n                                    <div class=\"city-tag bg-einbeck\">\n                        Einbeck                    <\/div>\n                \n                <div class=\"title\">\n\n                    Gennem \u00e5rhundreder                    \n                <\/div>\n\n                            <\/div>\n\n        <\/div>\n    <\/a>\n<\/div>                                            <\/div>\r\n    <\/div>\r\n","protected":false},"excerpt":{"rendered":"","protected":false},"author":1,"featured_media":12182,"parent":12653,"menu_order":0,"comment_status":"closed","ping_status":"closed","template":"pagetemplates\/template-stadtthema.php","meta":{"_acf_changed":false,"footnotes":""},"categories":[],"tags":[],"ncap_cities_tax":[476,1253],"class_list":["post-12180","page","type-page","status-publish","has-post-thumbnail","hentry","ncap_cities_tax-einbeck-da","ncap_cities_tax-stadtfuhrungen-einbeck-da"],"acf":[],"yoast_head":"<!-- This site is optimized with the Yoast SEO plugin v27.4 - https:\/\/yoast.com\/product\/yoast-seo-wordpress\/ -->\n<title>Byture i Einbeck - 9 St\u00e4dte in Niedersachsen<\/title>\n<meta name=\"robots\" content=\"index, follow, max-snippet:-1, max-image-preview:large, max-video-preview:-1\" \/>\n<link rel=\"canonical\" href=\"https:\/\/9staedte.de\/da\/einbeck-klassiske-biler-bindingsvaerkshuse-oel\/byture-i-einbeck\/\" \/>\n<meta property=\"og:locale\" content=\"da_DK\" \/>\n<meta property=\"og:type\" content=\"article\" \/>\n<meta property=\"og:title\" content=\"Byture i Einbeck - 9 St\u00e4dte in Niedersachsen\" \/>\n<meta property=\"og:url\" content=\"https:\/\/9staedte.de\/da\/einbeck-klassiske-biler-bindingsvaerkshuse-oel\/byture-i-einbeck\/\" \/>\n<meta property=\"og:site_name\" content=\"9 St\u00e4dte in Niedersachsen\" \/>\n<meta property=\"article:modified_time\" content=\"2023-10-25T13:28:58+00:00\" \/>\n<meta property=\"og:image\" content=\"https:\/\/9staedte.de\/wp-content\/uploads\/2023\/05\/Fuehrung-durch-die-Stadt-\u00a9Daniel-Li-Photography.jpg\" \/>\n\t<meta property=\"og:image:width\" content=\"1020\" \/>\n\t<meta property=\"og:image:height\" content=\"560\" \/>\n\t<meta property=\"og:image:type\" content=\"image\/jpeg\" \/>\n<meta name=\"twitter:card\" content=\"summary_large_image\" \/>\n<script type=\"application\/ld+json\" class=\"yoast-schema-graph\">{\"@context\":\"https:\\\/\\\/schema.org\",\"@graph\":[{\"@type\":\"WebPage\",\"@id\":\"https:\\\/\\\/9staedte.de\\\/da\\\/einbeck-klassiske-biler-bindingsvaerkshuse-oel\\\/byture-i-einbeck\\\/\",\"url\":\"https:\\\/\\\/9staedte.de\\\/da\\\/einbeck-klassiske-biler-bindingsvaerkshuse-oel\\\/byture-i-einbeck\\\/\",\"name\":\"Byture i Einbeck - 9 St\u00e4dte in Niedersachsen\",\"isPartOf\":{\"@id\":\"https:\\\/\\\/9staedte.de\\\/da\\\/#website\"},\"primaryImageOfPage\":{\"@id\":\"https:\\\/\\\/9staedte.de\\\/da\\\/einbeck-klassiske-biler-bindingsvaerkshuse-oel\\\/byture-i-einbeck\\\/#primaryimage\"},\"image\":{\"@id\":\"https:\\\/\\\/9staedte.de\\\/da\\\/einbeck-klassiske-biler-bindingsvaerkshuse-oel\\\/byture-i-einbeck\\\/#primaryimage\"},\"thumbnailUrl\":\"https:\\\/\\\/9staedte.de\\\/wp-content\\\/uploads\\\/2023\\\/05\\\/Fuehrung-durch-die-Stadt-\u00a9Daniel-Li-Photography.jpg\",\"datePublished\":\"2023-10-25T10:24:08+00:00\",\"dateModified\":\"2023-10-25T13:28:58+00:00\",\"breadcrumb\":{\"@id\":\"https:\\\/\\\/9staedte.de\\\/da\\\/einbeck-klassiske-biler-bindingsvaerkshuse-oel\\\/byture-i-einbeck\\\/#breadcrumb\"},\"inLanguage\":\"da-DK\",\"potentialAction\":[{\"@type\":\"ReadAction\",\"target\":[\"https:\\\/\\\/9staedte.de\\\/da\\\/einbeck-klassiske-biler-bindingsvaerkshuse-oel\\\/byture-i-einbeck\\\/\"]}]},{\"@type\":\"ImageObject\",\"inLanguage\":\"da-DK\",\"@id\":\"https:\\\/\\\/9staedte.de\\\/da\\\/einbeck-klassiske-biler-bindingsvaerkshuse-oel\\\/byture-i-einbeck\\\/#primaryimage\",\"url\":\"https:\\\/\\\/9staedte.de\\\/wp-content\\\/uploads\\\/2023\\\/05\\\/Fuehrung-durch-die-Stadt-\u00a9Daniel-Li-Photography.jpg\",\"contentUrl\":\"https:\\\/\\\/9staedte.de\\\/wp-content\\\/uploads\\\/2023\\\/05\\\/Fuehrung-durch-die-Stadt-\u00a9Daniel-Li-Photography.jpg\",\"width\":1020,\"height\":560,\"caption\":\"Einbeck F\u00fchrung durch die Stadt c) Daniel Li Photography\"},{\"@type\":\"BreadcrumbList\",\"@id\":\"https:\\\/\\\/9staedte.de\\\/da\\\/einbeck-klassiske-biler-bindingsvaerkshuse-oel\\\/byture-i-einbeck\\\/#breadcrumb\",\"itemListElement\":[{\"@type\":\"ListItem\",\"position\":1,\"name\":\"Startseite\",\"item\":\"https:\\\/\\\/9staedte.de\\\/da\\\/hjem-9-byer-2-i-niedersachsen\\\/\"},{\"@type\":\"ListItem\",\"position\":2,\"name\":\"Einbeck &#8211; klassiske biler, bindingsv\u00e6rkshuse, \u00f8l\",\"item\":\"https:\\\/\\\/9staedte.de\\\/da\\\/einbeck-klassiske-biler-bindingsvaerkshuse-oel\\\/\"},{\"@type\":\"ListItem\",\"position\":3,\"name\":\"Byture i Einbeck\"}]},{\"@type\":\"WebSite\",\"@id\":\"https:\\\/\\\/9staedte.de\\\/da\\\/#website\",\"url\":\"https:\\\/\\\/9staedte.de\\\/da\\\/\",\"name\":\"9 St\u00e4dte in Niedersachsen\",\"description\":\"\",\"publisher\":{\"@id\":\"https:\\\/\\\/9staedte.de\\\/da\\\/#organization\"},\"potentialAction\":[{\"@type\":\"SearchAction\",\"target\":{\"@type\":\"EntryPoint\",\"urlTemplate\":\"https:\\\/\\\/9staedte.de\\\/da\\\/?s={search_term_string}\"},\"query-input\":{\"@type\":\"PropertyValueSpecification\",\"valueRequired\":true,\"valueName\":\"search_term_string\"}}],\"inLanguage\":\"da-DK\"},{\"@type\":\"Organization\",\"@id\":\"https:\\\/\\\/9staedte.de\\\/da\\\/#organization\",\"name\":\"9 St\u00e4dte in Niedersachsen\",\"url\":\"https:\\\/\\\/9staedte.de\\\/da\\\/\",\"logo\":{\"@type\":\"ImageObject\",\"inLanguage\":\"da-DK\",\"@id\":\"https:\\\/\\\/9staedte.de\\\/da\\\/#\\\/schema\\\/logo\\\/image\\\/\",\"url\":\"https:\\\/\\\/9staedte.de\\\/wp-content\\\/uploads\\\/2025\\\/01\\\/9-neg-deutsch-2-1.png\",\"contentUrl\":\"https:\\\/\\\/9staedte.de\\\/wp-content\\\/uploads\\\/2025\\\/01\\\/9-neg-deutsch-2-1.png\",\"width\":190,\"height\":114,\"caption\":\"9 St\u00e4dte in Niedersachsen\"},\"image\":{\"@id\":\"https:\\\/\\\/9staedte.de\\\/da\\\/#\\\/schema\\\/logo\\\/image\\\/\"}}]}<\/script>\n<!-- \/ Yoast SEO plugin. -->","yoast_head_json":{"title":"Byture i Einbeck - 9 St\u00e4dte in Niedersachsen","robots":{"index":"index","follow":"follow","max-snippet":"max-snippet:-1","max-image-preview":"max-image-preview:large","max-video-preview":"max-video-preview:-1"},"canonical":"https:\/\/9staedte.de\/da\/einbeck-klassiske-biler-bindingsvaerkshuse-oel\/byture-i-einbeck\/","og_locale":"da_DK","og_type":"article","og_title":"Byture i Einbeck - 9 St\u00e4dte in Niedersachsen","og_url":"https:\/\/9staedte.de\/da\/einbeck-klassiske-biler-bindingsvaerkshuse-oel\/byture-i-einbeck\/","og_site_name":"9 St\u00e4dte in Niedersachsen","article_modified_time":"2023-10-25T13:28:58+00:00","og_image":[{"width":1020,"height":560,"url":"https:\/\/9staedte.de\/wp-content\/uploads\/2023\/05\/Fuehrung-durch-die-Stadt-\u00a9Daniel-Li-Photography.jpg","type":"image\/jpeg"}],"twitter_card":"summary_large_image","schema":{"@context":"https:\/\/schema.org","@graph":[{"@type":"WebPage","@id":"https:\/\/9staedte.de\/da\/einbeck-klassiske-biler-bindingsvaerkshuse-oel\/byture-i-einbeck\/","url":"https:\/\/9staedte.de\/da\/einbeck-klassiske-biler-bindingsvaerkshuse-oel\/byture-i-einbeck\/","name":"Byture i Einbeck - 9 St\u00e4dte in Niedersachsen","isPartOf":{"@id":"https:\/\/9staedte.de\/da\/#website"},"primaryImageOfPage":{"@id":"https:\/\/9staedte.de\/da\/einbeck-klassiske-biler-bindingsvaerkshuse-oel\/byture-i-einbeck\/#primaryimage"},"image":{"@id":"https:\/\/9staedte.de\/da\/einbeck-klassiske-biler-bindingsvaerkshuse-oel\/byture-i-einbeck\/#primaryimage"},"thumbnailUrl":"https:\/\/9staedte.de\/wp-content\/uploads\/2023\/05\/Fuehrung-durch-die-Stadt-\u00a9Daniel-Li-Photography.jpg","datePublished":"2023-10-25T10:24:08+00:00","dateModified":"2023-10-25T13:28:58+00:00","breadcrumb":{"@id":"https:\/\/9staedte.de\/da\/einbeck-klassiske-biler-bindingsvaerkshuse-oel\/byture-i-einbeck\/#breadcrumb"},"inLanguage":"da-DK","potentialAction":[{"@type":"ReadAction","target":["https:\/\/9staedte.de\/da\/einbeck-klassiske-biler-bindingsvaerkshuse-oel\/byture-i-einbeck\/"]}]},{"@type":"ImageObject","inLanguage":"da-DK","@id":"https:\/\/9staedte.de\/da\/einbeck-klassiske-biler-bindingsvaerkshuse-oel\/byture-i-einbeck\/#primaryimage","url":"https:\/\/9staedte.de\/wp-content\/uploads\/2023\/05\/Fuehrung-durch-die-Stadt-\u00a9Daniel-Li-Photography.jpg","contentUrl":"https:\/\/9staedte.de\/wp-content\/uploads\/2023\/05\/Fuehrung-durch-die-Stadt-\u00a9Daniel-Li-Photography.jpg","width":1020,"height":560,"caption":"Einbeck F\u00fchrung durch die Stadt c) Daniel Li Photography"},{"@type":"BreadcrumbList","@id":"https:\/\/9staedte.de\/da\/einbeck-klassiske-biler-bindingsvaerkshuse-oel\/byture-i-einbeck\/#breadcrumb","itemListElement":[{"@type":"ListItem","position":1,"name":"Startseite","item":"https:\/\/9staedte.de\/da\/hjem-9-byer-2-i-niedersachsen\/"},{"@type":"ListItem","position":2,"name":"Einbeck &#8211; klassiske biler, bindingsv\u00e6rkshuse, \u00f8l","item":"https:\/\/9staedte.de\/da\/einbeck-klassiske-biler-bindingsvaerkshuse-oel\/"},{"@type":"ListItem","position":3,"name":"Byture i Einbeck"}]},{"@type":"WebSite","@id":"https:\/\/9staedte.de\/da\/#website","url":"https:\/\/9staedte.de\/da\/","name":"9 St\u00e4dte in Niedersachsen","description":"","publisher":{"@id":"https:\/\/9staedte.de\/da\/#organization"},"potentialAction":[{"@type":"SearchAction","target":{"@type":"EntryPoint","urlTemplate":"https:\/\/9staedte.de\/da\/?s={search_term_string}"},"query-input":{"@type":"PropertyValueSpecification","valueRequired":true,"valueName":"search_term_string"}}],"inLanguage":"da-DK"},{"@type":"Organization","@id":"https:\/\/9staedte.de\/da\/#organization","name":"9 St\u00e4dte in Niedersachsen","url":"https:\/\/9staedte.de\/da\/","logo":{"@type":"ImageObject","inLanguage":"da-DK","@id":"https:\/\/9staedte.de\/da\/#\/schema\/logo\/image\/","url":"https:\/\/9staedte.de\/wp-content\/uploads\/2025\/01\/9-neg-deutsch-2-1.png","contentUrl":"https:\/\/9staedte.de\/wp-content\/uploads\/2025\/01\/9-neg-deutsch-2-1.png","width":190,"height":114,"caption":"9 St\u00e4dte in Niedersachsen"},"image":{"@id":"https:\/\/9staedte.de\/da\/#\/schema\/logo\/image\/"}}]}},"_links":{"self":[{"href":"https:\/\/9staedte.de\/da\/wp-json\/wp\/v2\/pages\/12180","targetHints":{"allow":["GET"]}}],"collection":[{"href":"https:\/\/9staedte.de\/da\/wp-json\/wp\/v2\/pages"}],"about":[{"href":"https:\/\/9staedte.de\/da\/wp-json\/wp\/v2\/types\/page"}],"author":[{"embeddable":true,"href":"https:\/\/9staedte.de\/da\/wp-json\/wp\/v2\/users\/1"}],"replies":[{"embeddable":true,"href":"https:\/\/9staedte.de\/da\/wp-json\/wp\/v2\/comments?post=12180"}],"version-history":[{"count":1,"href":"https:\/\/9staedte.de\/da\/wp-json\/wp\/v2\/pages\/12180\/revisions"}],"predecessor-version":[{"id":12183,"href":"https:\/\/9staedte.de\/da\/wp-json\/wp\/v2\/pages\/12180\/revisions\/12183"}],"up":[{"embeddable":true,"href":"https:\/\/9staedte.de\/da\/wp-json\/wp\/v2\/pages\/12653"}],"wp:featuredmedia":[{"embeddable":true,"href":"https:\/\/9staedte.de\/da\/wp-json\/wp\/v2\/media\/12182"}],"wp:attachment":[{"href":"https:\/\/9staedte.de\/da\/wp-json\/wp\/v2\/media?parent=12180"}],"wp:term":[{"taxonomy":"category","embeddable":true,"href":"https:\/\/9staedte.de\/da\/wp-json\/wp\/v2\/categories?post=12180"},{"taxonomy":"post_tag","embeddable":true,"href":"https:\/\/9staedte.de\/da\/wp-json\/wp\/v2\/tags?post=12180"},{"taxonomy":"ncap_cities_tax","embeddable":true,"href":"https:\/\/9staedte.de\/da\/wp-json\/wp\/v2\/ncap_cities_tax?post=12180"}],"curies":[{"name":"wp","href":"https:\/\/api.w.org\/{rel}","templated":true}]}}