{"id":12163,"date":"2023-10-25T12:24:15","date_gmt":"2023-10-25T10:24:15","guid":{"rendered":"https:\/\/9staedte.de\/pakkerejser-i-einbeck\/"},"modified":"2024-07-04T10:35:10","modified_gmt":"2024-07-04T08:35:10","slug":"pakkerejser-i-einbeck","status":"publish","type":"page","link":"https:\/\/9staedte.de\/da\/einbeck-klassiske-biler-bindingsvaerkshuse-oel\/pakkerejser-i-einbeck\/","title":{"rendered":"Pakkerejser i Einbeck"},"content":{"rendered":"\r\n\r\n    <div class=\"filter-posts\">\r\n            <div  id=\"filterContent\">\r\n                                                        \n<div class=\"contentKachel filtr-item\" data-category=\"einbeck-da\">\n    <a href=\"https:\/\/9staedte.de\/da\/pakketilbud-en-fornoejelsesweekend\/\">\n        <div class=\"contentKachel-inner\">\n                            <div class=\"contentKachel-thumbnail\">\n                    <img loading=\"lazy\" decoding=\"async\" width=\"300\" height=\"161\" src=\"https:\/\/9staedte.de\/wp-content\/smush-webp\/2023\/05\/Bierchen-vor-dem-Brodhaus-Einbeck-\u00a9Daniel-Li-Photography-300x161.jpg.webp\" class=\"objectfitcover withfilters wp-post-image\" alt=\"To kvinder sk\u00e5ler med \u00f8lglas. De smiler. I baggrunden er der et gammelt bindingsv\u00e6rkshus. Det ser varmt og solrigt ud.\" srcset=\"https:\/\/9staedte.de\/wp-content\/smush-webp\/2023\/05\/Bierchen-vor-dem-Brodhaus-Einbeck-\u00a9Daniel-Li-Photography-300x161.jpg.webp 300w, https:\/\/9staedte.de\/wp-content\/smush-webp\/2023\/05\/Bierchen-vor-dem-Brodhaus-Einbeck-\u00a9Daniel-Li-Photography-768x412.jpg.webp 768w, https:\/\/9staedte.de\/wp-content\/smush-webp\/2023\/05\/Bierchen-vor-dem-Brodhaus-Einbeck-\u00a9Daniel-Li-Photography.jpg.webp 1020w\" sizes=\"auto, (max-width: 300px) 100vw, 300px\" \/>                    <img loading=\"lazy\" decoding=\"async\" width=\"300\" height=\"161\" src=\"https:\/\/9staedte.de\/wp-content\/smush-webp\/2023\/05\/Bierchen-vor-dem-Brodhaus-Einbeck-\u00a9Daniel-Li-Photography-300x161.jpg.webp\" class=\"objectfitcontain wp-post-image\" alt=\"To kvinder sk\u00e5ler med \u00f8lglas. De smiler. I baggrunden er der et gammelt bindingsv\u00e6rkshus. Det ser varmt og solrigt ud.\" srcset=\"https:\/\/9staedte.de\/wp-content\/smush-webp\/2023\/05\/Bierchen-vor-dem-Brodhaus-Einbeck-\u00a9Daniel-Li-Photography-300x161.jpg.webp 300w, https:\/\/9staedte.de\/wp-content\/smush-webp\/2023\/05\/Bierchen-vor-dem-Brodhaus-Einbeck-\u00a9Daniel-Li-Photography-768x412.jpg.webp 768w, https:\/\/9staedte.de\/wp-content\/smush-webp\/2023\/05\/Bierchen-vor-dem-Brodhaus-Einbeck-\u00a9Daniel-Li-Photography.jpg.webp 1020w\" sizes=\"auto, (max-width: 300px) 100vw, 300px\" \/>                        <div class=\"thumbnail-label\">\n    <span>EInbeck Bier vor dem Brodhaus &#8211; Einbeck &#8211; \u00a9Daniel Li Photography<\/span>\n    <\/div>\n                <\/div>\n                        <div class=\"contentKachel-content\">\n                                    <div class=\"city-tag bg-einbeck\">\n                        Einbeck                    <\/div>\n                \n                <div class=\"title\">\n\n                    Pakketilbud: EN forn\u00f8jelsesweekend                    \n                <\/div>\n\n                            <\/div>\n\n        <\/div>\n    <\/a>\n<\/div>                                                        \n<div class=\"contentKachel filtr-item\" data-category=\"einbeck-da\">\n    <a href=\"https:\/\/9staedte.de\/da\/jahr-der-mobilitaet-in-einbeck-einbeck-bewegt-dich\/\">\n        <div class=\"contentKachel-inner\">\n                            <div class=\"contentKachel-thumbnail\">\n                    <img loading=\"lazy\" decoding=\"async\" width=\"300\" height=\"165\" src=\"https:\/\/9staedte.de\/wp-content\/smush-webp\/2024\/07\/Einbeck-PS.SPEICHER-\u00a9Spieker-Fotografie-300x165.jpg.webp\" class=\"objectfitcover withfilters wp-post-image\" alt=\"Billedet viser PS.Speicher-bygningen i Einbeck. Forrest ses en gammel gr\u00e5 VW Beetle. Bygningen er lavet af r\u00f8de mursten og har mange vinduer. Til h\u00f8jre er der en moderne tilbygning. Til venstre st\u00e5r en gammel springvand med sm\u00e5 tr\u00e6er og planter.\" srcset=\"https:\/\/9staedte.de\/wp-content\/smush-webp\/2024\/07\/Einbeck-PS.SPEICHER-\u00a9Spieker-Fotografie-300x165.jpg.webp 300w, https:\/\/9staedte.de\/wp-content\/smush-webp\/2024\/07\/Einbeck-PS.SPEICHER-\u00a9Spieker-Fotografie-768x422.jpg.webp 768w, https:\/\/9staedte.de\/wp-content\/smush-webp\/2024\/07\/Einbeck-PS.SPEICHER-\u00a9Spieker-Fotografie.jpg.webp 1020w\" sizes=\"auto, (max-width: 300px) 100vw, 300px\" \/>                    <img loading=\"lazy\" decoding=\"async\" width=\"300\" height=\"165\" src=\"https:\/\/9staedte.de\/wp-content\/smush-webp\/2024\/07\/Einbeck-PS.SPEICHER-\u00a9Spieker-Fotografie-300x165.jpg.webp\" class=\"objectfitcontain wp-post-image\" alt=\"Billedet viser PS.Speicher-bygningen i Einbeck. Forrest ses en gammel gr\u00e5 VW Beetle. Bygningen er lavet af r\u00f8de mursten og har mange vinduer. Til h\u00f8jre er der en moderne tilbygning. Til venstre st\u00e5r en gammel springvand med sm\u00e5 tr\u00e6er og planter.\" srcset=\"https:\/\/9staedte.de\/wp-content\/smush-webp\/2024\/07\/Einbeck-PS.SPEICHER-\u00a9Spieker-Fotografie-300x165.jpg.webp 300w, https:\/\/9staedte.de\/wp-content\/smush-webp\/2024\/07\/Einbeck-PS.SPEICHER-\u00a9Spieker-Fotografie-768x422.jpg.webp 768w, https:\/\/9staedte.de\/wp-content\/smush-webp\/2024\/07\/Einbeck-PS.SPEICHER-\u00a9Spieker-Fotografie.jpg.webp 1020w\" sizes=\"auto, (max-width: 300px) 100vw, 300px\" \/>                        <div class=\"thumbnail-label\">\n    <span>Einbeck PS.SPEICHER, \u00a9Spieker Fotografie<\/span>\n    <\/div>\n                <\/div>\n                        <div class=\"contentKachel-content\">\n                                    <div class=\"city-tag bg-einbeck\">\n                        Einbeck                    <\/div>\n                \n                <div class=\"title\">\n\n                    Mobilitetens \u00e5r i Einbeck &#8211; Einbeck flytter dig                    \n                <\/div>\n\n                            <\/div>\n\n        <\/div>\n    <\/a>\n<\/div>                                                        \n<div class=\"contentKachel filtr-item\" data-category=\"einbeck-da\">\n    <a href=\"https:\/\/9staedte.de\/da\/jahr-der-mobilitaet-einbeck-bewegt-exklusiv\/\">\n        <div class=\"contentKachel-inner\">\n                            <div class=\"contentKachel-thumbnail\">\n                    <img loading=\"lazy\" decoding=\"async\" width=\"300\" height=\"165\" src=\"https:\/\/9staedte.de\/wp-content\/smush-webp\/2024\/07\/PS.SPEICHER-Ausstellung-Auto-Horch-Motorraeder-CC0-300x165.jpg.webp\" class=\"objectfitcover withfilters wp-post-image\" alt=\"Billedet viser en udstilling i PS.Speicher i Einbeck. Man ser en veteranmotorcykel med sidevogn, en anden klassisk motorcykel og en historisk bil af m\u00e6rket Horch. I baggrunden er der et stort sort-hvidt foto af en historisk bindingsv\u00e6rksgade. K\u00f8ret\u00f8jerne stammer fra 1920\u2019erne. Scenen v\u00e6kker nostalgi og minder om bilhistorien.\" srcset=\"https:\/\/9staedte.de\/wp-content\/smush-webp\/2024\/07\/PS.SPEICHER-Ausstellung-Auto-Horch-Motorraeder-CC0-300x165.jpg.webp 300w, https:\/\/9staedte.de\/wp-content\/smush-webp\/2024\/07\/PS.SPEICHER-Ausstellung-Auto-Horch-Motorraeder-CC0-768x422.jpg.webp 768w, https:\/\/9staedte.de\/wp-content\/smush-webp\/2024\/07\/PS.SPEICHER-Ausstellung-Auto-Horch-Motorraeder-CC0.jpg.webp 1020w\" sizes=\"auto, (max-width: 300px) 100vw, 300px\" \/>                    <img loading=\"lazy\" decoding=\"async\" width=\"300\" height=\"165\" src=\"https:\/\/9staedte.de\/wp-content\/smush-webp\/2024\/07\/PS.SPEICHER-Ausstellung-Auto-Horch-Motorraeder-CC0-300x165.jpg.webp\" class=\"objectfitcontain wp-post-image\" alt=\"Billedet viser en udstilling i PS.Speicher i Einbeck. Man ser en veteranmotorcykel med sidevogn, en anden klassisk motorcykel og en historisk bil af m\u00e6rket Horch. I baggrunden er der et stort sort-hvidt foto af en historisk bindingsv\u00e6rksgade. K\u00f8ret\u00f8jerne stammer fra 1920\u2019erne. Scenen v\u00e6kker nostalgi og minder om bilhistorien.\" srcset=\"https:\/\/9staedte.de\/wp-content\/smush-webp\/2024\/07\/PS.SPEICHER-Ausstellung-Auto-Horch-Motorraeder-CC0-300x165.jpg.webp 300w, https:\/\/9staedte.de\/wp-content\/smush-webp\/2024\/07\/PS.SPEICHER-Ausstellung-Auto-Horch-Motorraeder-CC0-768x422.jpg.webp 768w, https:\/\/9staedte.de\/wp-content\/smush-webp\/2024\/07\/PS.SPEICHER-Ausstellung-Auto-Horch-Motorraeder-CC0.jpg.webp 1020w\" sizes=\"auto, (max-width: 300px) 100vw, 300px\" \/>                        <div class=\"thumbnail-label\">\n    <span>PS.SPEICHER, November 2022<\/span>\n    <\/div>\n                <\/div>\n                        <div class=\"contentKachel-content\">\n                                    <div class=\"city-tag bg-einbeck\">\n                        Einbeck                    <\/div>\n                \n                <div class=\"title\">\n\n                    Mobilitetens \u00e5r &#8211; Einbeck flytter udelukkende                    \n                <\/div>\n\n                            <\/div>\n\n        <\/div>\n    <\/a>\n<\/div>                                            <\/div>\r\n    <\/div>\r\n","protected":false},"excerpt":{"rendered":"","protected":false},"author":6,"featured_media":11546,"parent":12653,"menu_order":0,"comment_status":"closed","ping_status":"closed","template":"pagetemplates\/template-stadtthema.php","meta":{"_acf_changed":false,"footnotes":""},"categories":[],"tags":[],"ncap_cities_tax":[476,1386],"class_list":["post-12163","page","type-page","status-publish","has-post-thumbnail","hentry","ncap_cities_tax-einbeck-da","ncap_cities_tax-pauschalen-einbeck-da"],"acf":[],"yoast_head":"<!-- This site is optimized with the Yoast SEO plugin v26.8 - https:\/\/yoast.com\/product\/yoast-seo-wordpress\/ -->\n<title>Pakkerejser i Einbeck - 9 St\u00e4dte in Niedersachsen<\/title>\n<meta name=\"robots\" content=\"index, follow, max-snippet:-1, max-image-preview:large, max-video-preview:-1\" \/>\n<link rel=\"canonical\" href=\"https:\/\/9staedte.de\/da\/einbeck-klassiske-biler-bindingsvaerkshuse-oel\/pakkerejser-i-einbeck\/\" \/>\n<meta property=\"og:locale\" content=\"da_DK\" \/>\n<meta property=\"og:type\" content=\"article\" \/>\n<meta property=\"og:title\" content=\"Pakkerejser i Einbeck - 9 St\u00e4dte in Niedersachsen\" \/>\n<meta property=\"og:url\" content=\"https:\/\/9staedte.de\/da\/einbeck-klassiske-biler-bindingsvaerkshuse-oel\/pakkerejser-i-einbeck\/\" \/>\n<meta property=\"og:site_name\" content=\"9 St\u00e4dte in Niedersachsen\" \/>\n<meta property=\"article:modified_time\" content=\"2024-07-04T08:35:10+00:00\" \/>\n<meta property=\"og:image\" content=\"https:\/\/9staedte.de\/wp-content\/uploads\/2023\/05\/Bierchen-vor-dem-Brodhaus-Einbeck-\u00a9Daniel-Li-Photography.jpg\" \/>\n\t<meta property=\"og:image:width\" content=\"1020\" \/>\n\t<meta property=\"og:image:height\" content=\"547\" \/>\n\t<meta property=\"og:image:type\" content=\"image\/jpeg\" \/>\n<meta name=\"twitter:card\" content=\"summary_large_image\" \/>\n<script type=\"application\/ld+json\" class=\"yoast-schema-graph\">{\"@context\":\"https:\/\/schema.org\",\"@graph\":[{\"@type\":\"WebPage\",\"@id\":\"https:\/\/9staedte.de\/da\/einbeck-klassiske-biler-bindingsvaerkshuse-oel\/pakkerejser-i-einbeck\/\",\"url\":\"https:\/\/9staedte.de\/da\/einbeck-klassiske-biler-bindingsvaerkshuse-oel\/pakkerejser-i-einbeck\/\",\"name\":\"Pakkerejser i Einbeck - 9 St\u00e4dte in Niedersachsen\",\"isPartOf\":{\"@id\":\"https:\/\/9staedte.de\/da\/#website\"},\"primaryImageOfPage\":{\"@id\":\"https:\/\/9staedte.de\/da\/einbeck-klassiske-biler-bindingsvaerkshuse-oel\/pakkerejser-i-einbeck\/#primaryimage\"},\"image\":{\"@id\":\"https:\/\/9staedte.de\/da\/einbeck-klassiske-biler-bindingsvaerkshuse-oel\/pakkerejser-i-einbeck\/#primaryimage\"},\"thumbnailUrl\":\"https:\/\/9staedte.de\/wp-content\/uploads\/2023\/05\/Bierchen-vor-dem-Brodhaus-Einbeck-\u00a9Daniel-Li-Photography.jpg\",\"datePublished\":\"2023-10-25T10:24:15+00:00\",\"dateModified\":\"2024-07-04T08:35:10+00:00\",\"breadcrumb\":{\"@id\":\"https:\/\/9staedte.de\/da\/einbeck-klassiske-biler-bindingsvaerkshuse-oel\/pakkerejser-i-einbeck\/#breadcrumb\"},\"inLanguage\":\"da-DK\",\"potentialAction\":[{\"@type\":\"ReadAction\",\"target\":[\"https:\/\/9staedte.de\/da\/einbeck-klassiske-biler-bindingsvaerkshuse-oel\/pakkerejser-i-einbeck\/\"]}]},{\"@type\":\"ImageObject\",\"inLanguage\":\"da-DK\",\"@id\":\"https:\/\/9staedte.de\/da\/einbeck-klassiske-biler-bindingsvaerkshuse-oel\/pakkerejser-i-einbeck\/#primaryimage\",\"url\":\"https:\/\/9staedte.de\/wp-content\/uploads\/2023\/05\/Bierchen-vor-dem-Brodhaus-Einbeck-\u00a9Daniel-Li-Photography.jpg\",\"contentUrl\":\"https:\/\/9staedte.de\/wp-content\/uploads\/2023\/05\/Bierchen-vor-dem-Brodhaus-Einbeck-\u00a9Daniel-Li-Photography.jpg\",\"width\":1020,\"height\":547,\"caption\":\"EInbeck Bier vor dem Brodhaus - Einbeck - \u00a9Daniel Li Photography\"},{\"@type\":\"BreadcrumbList\",\"@id\":\"https:\/\/9staedte.de\/da\/einbeck-klassiske-biler-bindingsvaerkshuse-oel\/pakkerejser-i-einbeck\/#breadcrumb\",\"itemListElement\":[{\"@type\":\"ListItem\",\"position\":1,\"name\":\"Startseite\",\"item\":\"https:\/\/9staedte.de\/da\/hjem-9-byer-2-i-niedersachsen\/\"},{\"@type\":\"ListItem\",\"position\":2,\"name\":\"Einbeck &#8211; klassiske biler, bindingsv\u00e6rkshuse, \u00f8l\",\"item\":\"https:\/\/9staedte.de\/da\/einbeck-klassiske-biler-bindingsvaerkshuse-oel\/\"},{\"@type\":\"ListItem\",\"position\":3,\"name\":\"Pakkerejser i Einbeck\"}]},{\"@type\":\"WebSite\",\"@id\":\"https:\/\/9staedte.de\/da\/#website\",\"url\":\"https:\/\/9staedte.de\/da\/\",\"name\":\"9 St\u00e4dte in Niedersachsen\",\"description\":\"\",\"publisher\":{\"@id\":\"https:\/\/9staedte.de\/da\/#organization\"},\"potentialAction\":[{\"@type\":\"SearchAction\",\"target\":{\"@type\":\"EntryPoint\",\"urlTemplate\":\"https:\/\/9staedte.de\/da\/?s={search_term_string}\"},\"query-input\":{\"@type\":\"PropertyValueSpecification\",\"valueRequired\":true,\"valueName\":\"search_term_string\"}}],\"inLanguage\":\"da-DK\"},{\"@type\":\"Organization\",\"@id\":\"https:\/\/9staedte.de\/da\/#organization\",\"name\":\"9 St\u00e4dte in Niedersachsen\",\"url\":\"https:\/\/9staedte.de\/da\/\",\"logo\":{\"@type\":\"ImageObject\",\"inLanguage\":\"da-DK\",\"@id\":\"https:\/\/9staedte.de\/da\/#\/schema\/logo\/image\/\",\"url\":\"https:\/\/9staedte.de\/wp-content\/uploads\/2025\/01\/9-neg-deutsch-2-1.png\",\"contentUrl\":\"https:\/\/9staedte.de\/wp-content\/uploads\/2025\/01\/9-neg-deutsch-2-1.png\",\"width\":190,\"height\":114,\"caption\":\"9 St\u00e4dte in Niedersachsen\"},\"image\":{\"@id\":\"https:\/\/9staedte.de\/da\/#\/schema\/logo\/image\/\"}}]}<\/script>\n<!-- \/ Yoast SEO plugin. -->","yoast_head_json":{"title":"Pakkerejser i Einbeck - 9 St\u00e4dte in Niedersachsen","robots":{"index":"index","follow":"follow","max-snippet":"max-snippet:-1","max-image-preview":"max-image-preview:large","max-video-preview":"max-video-preview:-1"},"canonical":"https:\/\/9staedte.de\/da\/einbeck-klassiske-biler-bindingsvaerkshuse-oel\/pakkerejser-i-einbeck\/","og_locale":"da_DK","og_type":"article","og_title":"Pakkerejser i Einbeck - 9 St\u00e4dte in Niedersachsen","og_url":"https:\/\/9staedte.de\/da\/einbeck-klassiske-biler-bindingsvaerkshuse-oel\/pakkerejser-i-einbeck\/","og_site_name":"9 St\u00e4dte in Niedersachsen","article_modified_time":"2024-07-04T08:35:10+00:00","og_image":[{"width":1020,"height":547,"url":"https:\/\/9staedte.de\/wp-content\/uploads\/2023\/05\/Bierchen-vor-dem-Brodhaus-Einbeck-\u00a9Daniel-Li-Photography.jpg","type":"image\/jpeg"}],"twitter_card":"summary_large_image","schema":{"@context":"https:\/\/schema.org","@graph":[{"@type":"WebPage","@id":"https:\/\/9staedte.de\/da\/einbeck-klassiske-biler-bindingsvaerkshuse-oel\/pakkerejser-i-einbeck\/","url":"https:\/\/9staedte.de\/da\/einbeck-klassiske-biler-bindingsvaerkshuse-oel\/pakkerejser-i-einbeck\/","name":"Pakkerejser i Einbeck - 9 St\u00e4dte in Niedersachsen","isPartOf":{"@id":"https:\/\/9staedte.de\/da\/#website"},"primaryImageOfPage":{"@id":"https:\/\/9staedte.de\/da\/einbeck-klassiske-biler-bindingsvaerkshuse-oel\/pakkerejser-i-einbeck\/#primaryimage"},"image":{"@id":"https:\/\/9staedte.de\/da\/einbeck-klassiske-biler-bindingsvaerkshuse-oel\/pakkerejser-i-einbeck\/#primaryimage"},"thumbnailUrl":"https:\/\/9staedte.de\/wp-content\/uploads\/2023\/05\/Bierchen-vor-dem-Brodhaus-Einbeck-\u00a9Daniel-Li-Photography.jpg","datePublished":"2023-10-25T10:24:15+00:00","dateModified":"2024-07-04T08:35:10+00:00","breadcrumb":{"@id":"https:\/\/9staedte.de\/da\/einbeck-klassiske-biler-bindingsvaerkshuse-oel\/pakkerejser-i-einbeck\/#breadcrumb"},"inLanguage":"da-DK","potentialAction":[{"@type":"ReadAction","target":["https:\/\/9staedte.de\/da\/einbeck-klassiske-biler-bindingsvaerkshuse-oel\/pakkerejser-i-einbeck\/"]}]},{"@type":"ImageObject","inLanguage":"da-DK","@id":"https:\/\/9staedte.de\/da\/einbeck-klassiske-biler-bindingsvaerkshuse-oel\/pakkerejser-i-einbeck\/#primaryimage","url":"https:\/\/9staedte.de\/wp-content\/uploads\/2023\/05\/Bierchen-vor-dem-Brodhaus-Einbeck-\u00a9Daniel-Li-Photography.jpg","contentUrl":"https:\/\/9staedte.de\/wp-content\/uploads\/2023\/05\/Bierchen-vor-dem-Brodhaus-Einbeck-\u00a9Daniel-Li-Photography.jpg","width":1020,"height":547,"caption":"EInbeck Bier vor dem Brodhaus - Einbeck - \u00a9Daniel Li Photography"},{"@type":"BreadcrumbList","@id":"https:\/\/9staedte.de\/da\/einbeck-klassiske-biler-bindingsvaerkshuse-oel\/pakkerejser-i-einbeck\/#breadcrumb","itemListElement":[{"@type":"ListItem","position":1,"name":"Startseite","item":"https:\/\/9staedte.de\/da\/hjem-9-byer-2-i-niedersachsen\/"},{"@type":"ListItem","position":2,"name":"Einbeck &#8211; klassiske biler, bindingsv\u00e6rkshuse, \u00f8l","item":"https:\/\/9staedte.de\/da\/einbeck-klassiske-biler-bindingsvaerkshuse-oel\/"},{"@type":"ListItem","position":3,"name":"Pakkerejser i Einbeck"}]},{"@type":"WebSite","@id":"https:\/\/9staedte.de\/da\/#website","url":"https:\/\/9staedte.de\/da\/","name":"9 St\u00e4dte in Niedersachsen","description":"","publisher":{"@id":"https:\/\/9staedte.de\/da\/#organization"},"potentialAction":[{"@type":"SearchAction","target":{"@type":"EntryPoint","urlTemplate":"https:\/\/9staedte.de\/da\/?s={search_term_string}"},"query-input":{"@type":"PropertyValueSpecification","valueRequired":true,"valueName":"search_term_string"}}],"inLanguage":"da-DK"},{"@type":"Organization","@id":"https:\/\/9staedte.de\/da\/#organization","name":"9 St\u00e4dte in Niedersachsen","url":"https:\/\/9staedte.de\/da\/","logo":{"@type":"ImageObject","inLanguage":"da-DK","@id":"https:\/\/9staedte.de\/da\/#\/schema\/logo\/image\/","url":"https:\/\/9staedte.de\/wp-content\/uploads\/2025\/01\/9-neg-deutsch-2-1.png","contentUrl":"https:\/\/9staedte.de\/wp-content\/uploads\/2025\/01\/9-neg-deutsch-2-1.png","width":190,"height":114,"caption":"9 St\u00e4dte in Niedersachsen"},"image":{"@id":"https:\/\/9staedte.de\/da\/#\/schema\/logo\/image\/"}}]}},"_links":{"self":[{"href":"https:\/\/9staedte.de\/da\/wp-json\/wp\/v2\/pages\/12163","targetHints":{"allow":["GET"]}}],"collection":[{"href":"https:\/\/9staedte.de\/da\/wp-json\/wp\/v2\/pages"}],"about":[{"href":"https:\/\/9staedte.de\/da\/wp-json\/wp\/v2\/types\/page"}],"author":[{"embeddable":true,"href":"https:\/\/9staedte.de\/da\/wp-json\/wp\/v2\/users\/6"}],"replies":[{"embeddable":true,"href":"https:\/\/9staedte.de\/da\/wp-json\/wp\/v2\/comments?post=12163"}],"version-history":[{"count":2,"href":"https:\/\/9staedte.de\/da\/wp-json\/wp\/v2\/pages\/12163\/revisions"}],"predecessor-version":[{"id":22944,"href":"https:\/\/9staedte.de\/da\/wp-json\/wp\/v2\/pages\/12163\/revisions\/22944"}],"up":[{"embeddable":true,"href":"https:\/\/9staedte.de\/da\/wp-json\/wp\/v2\/pages\/12653"}],"wp:featuredmedia":[{"embeddable":true,"href":"https:\/\/9staedte.de\/da\/wp-json\/wp\/v2\/media\/11546"}],"wp:attachment":[{"href":"https:\/\/9staedte.de\/da\/wp-json\/wp\/v2\/media?parent=12163"}],"wp:term":[{"taxonomy":"category","embeddable":true,"href":"https:\/\/9staedte.de\/da\/wp-json\/wp\/v2\/categories?post=12163"},{"taxonomy":"post_tag","embeddable":true,"href":"https:\/\/9staedte.de\/da\/wp-json\/wp\/v2\/tags?post=12163"},{"taxonomy":"ncap_cities_tax","embeddable":true,"href":"https:\/\/9staedte.de\/da\/wp-json\/wp\/v2\/ncap_cities_tax?post=12163"}],"curies":[{"name":"wp","href":"https:\/\/api.w.org\/{rel}","templated":true}]}}