{"id":12160,"date":"2023-10-25T12:24:13","date_gmt":"2023-10-25T10:24:13","guid":{"rendered":"https:\/\/9staedte.de\/naturoplevelser-og-baeredygtighed-i-einbeck\/"},"modified":"2024-03-21T15:54:06","modified_gmt":"2024-03-21T14:54:06","slug":"naturoplevelser-og-baeredygtighed-i-einbeck","status":"publish","type":"page","link":"https:\/\/9staedte.de\/da\/einbeck-klassiske-biler-bindingsvaerkshuse-oel\/naturoplevelser-og-baeredygtighed-i-einbeck\/","title":{"rendered":"Naturoplevelser og b\u00e6redygtighed i Einbeck"},"content":{"rendered":"\n<h2 class=\"wp-block-heading\">Oplev Einbeck p\u00e5 en b\u00e6redygtig m\u00e5de<\/h2>\n\n\n\n<p>Den tidligere hansestad er hjemsted for pr\u00e6gtigt dekorerede, historiske bindingsv\u00e6rkshuse, den l\u00e6kre Einbecker Bock-\u00f8l og Europas st\u00f8rste samling af klassiske biler i PS.SPEICHER. Einbeck og dens 46 landsbyer kan ogs\u00e5 score point med rekreation i landskabet: Vandreture gennem byen, langs den historiske bymur, afslapning p\u00e5 voldene, vandreture i &#8220;Hube&#8221;, Einbecks byskov, eller cykelture fra slot til slot. En r\u00e6kke regionale produkter, s\u00e5som Einbeck-sennep, h\u00f8rer hjemme her. Under en kanotur p\u00e5 floderne Leine og Ilme kan byomr\u00e5derne i Einbeck udforskes direkte fra vandet, og det n\u00e6rliggende Northeim s\u00f8omr\u00e5de tilbyder en bred vifte af vandcykler, sejlads, stand-up paddling og sv\u00f8mning.<\/p>\n\n\n\n\n<div class=\"banner-wrapper\">\n  <div class=\"banner-inner \">\n      <div class=\"img-container\">\n      <div class=\"img-wrapper\">\n        <img decoding=\"async\" src=\"https:\/\/9staedte.de\/wp-content\/smush-webp\/2023\/07\/Rad-Leinepolder-\u00a9mehle-hundertmark-Fotografie.jpg.webp\" alt=\"En mand og en kvinde sidder p\u00e5 en b\u00e6nk ved en markvej. De har jakker p\u00e5. To cykler st\u00e5r ved siden af b\u00e6nken. Manden peger ud i det fjerne. Foran dem er gr\u00f8nne marker og bakker.\" \/>\n                  <div class=\"thumbnail-label\">\n            <span>Foto: Michaela Hundertmark, Michael Mehle<\/span>\n          <\/div>\n              <\/div>\n    <\/div>\n        <div class=\"text-container\">\n      <div class=\"content\">\n        <h2>Oplev Einbeck p\u00e5 en b\u00e6redygtig m\u00e5de: 9 tips<\/h2>\n<ol>\n<li><a href=\"https:\/\/www.einbeck-tourismus.de\/freizeit-und-sport\">V\u00e6r aktiv<\/a>: Der er mange forskellige vandre- og cykelstier, parker og skove i Einbeck og det omkringliggende omr\u00e5de.<\/li>\n<li>Regionale delikatesser f\u00e5s hver onsdag og l\u00f8rdag p\u00e5 det ugentlige marked i den gamle bydel.<\/li>\n<li><a href=\"https:\/\/www.einbeck-tourismus.de\/einbecker-senfmuehle\">Einbeck-sennep<\/a>: \u00f8kologisk, regional og koldkv\u00e6rnet &#8211; den l\u00e6kreste i nord.<\/li>\n<li>Einbeck-\u00f8l &#8211; \u00f8lnydelse direkte fra Einbeck<\/li>\n<li><a href=\"https:\/\/www.einbeck-tourismus.de\/unsere-46-ortschaften\">De 46 Einbeck-kvarterer<\/a>: Einbecks mangfoldige og unikke kvarterer er perfekte til en udflugt og absolut et bes\u00f8g v\u00e6rd.<\/li>\n<li><a href=\"https:\/\/www.einbeck-tourismus.de\/wohnmobilstellplatz\">Autocamperplads<\/a>: central beliggenhed med perfekte muligheder for aktiviteter p\u00e5 landet eller i byen<\/li>\n<li><a href=\"https:\/\/www.einbeck-tourismus.de\/stadtfuehrungen-und-erlebnisse\/fuehrungen-durch-burgen-und-salinen\">Guidede ture til slotte og saltv\u00e6rker<\/a>: Tag et kig tilbage i den sp\u00e6ndende fortid p\u00e5 slottene i udkanten af byen, eller l\u00e6r alt om traditionen for saltproduktion.<\/li>\n<li><a href=\"https:\/\/www.einbeck-tourismus.de\/fachwerk-meets-graffiti\">Kunstmilen i Einbeck Street<\/a>: Det st\u00f8rste udend\u00f8rs galleri i det sydlige Niedersachsen<\/li>\n<li><a href=\"https:\/\/einbeck-erleben.de\/regional-zehner\">Einbecker 10er<\/a>: Brug din egen regionale valuta til at shoppe i lokale butikker og \u00f8ge den lokale k\u00f8bekraft<\/li>\n<\/ol>\n      <\/div>\n    <\/div>\n    <\/div>\n<\/div>\n\n","protected":false},"excerpt":{"rendered":"<p>Oplev Einbeck p\u00e5 en b\u00e6redygtig m\u00e5de Den tidligere hansestad er hjemsted for pr\u00e6gtigt dekorerede, historiske bindingsv\u00e6rkshuse, den l\u00e6kre Einbecker Bock-\u00f8l og Europas st\u00f8rste samling af klassiske biler i PS.SPEICHER. Einbeck og dens 46 landsbyer kan ogs\u00e5 score point med rekreation i landskabet: Vandreture gennem byen, langs den historiske bymur, afslapning p\u00e5 voldene, vandreture i &#8220;Hube&#8221;, [&hellip;]<\/p>\n","protected":false},"author":6,"featured_media":11557,"parent":12653,"menu_order":0,"comment_status":"closed","ping_status":"closed","template":"pagetemplates\/template-stadtthema.php","meta":{"_acf_changed":false,"footnotes":""},"categories":[],"tags":[],"ncap_cities_tax":[476,1113],"class_list":["post-12160","page","type-page","status-publish","has-post-thumbnail","hentry","ncap_cities_tax-einbeck-da","ncap_cities_tax-naturerlebnisse-und-nachhaltigkeit-einbeck-da"],"acf":[],"yoast_head":"<!-- This site is optimized with the Yoast SEO plugin v26.8 - https:\/\/yoast.com\/product\/yoast-seo-wordpress\/ -->\n<title>Naturoplevelser og b\u00e6redygtighed i Einbeck - 9 St\u00e4dte in Niedersachsen<\/title>\n<meta name=\"robots\" content=\"index, follow, max-snippet:-1, max-image-preview:large, max-video-preview:-1\" \/>\n<link rel=\"canonical\" href=\"https:\/\/9staedte.de\/da\/einbeck-klassiske-biler-bindingsvaerkshuse-oel\/naturoplevelser-og-baeredygtighed-i-einbeck\/\" \/>\n<meta property=\"og:locale\" content=\"da_DK\" \/>\n<meta property=\"og:type\" content=\"article\" \/>\n<meta property=\"og:title\" content=\"Naturoplevelser og b\u00e6redygtighed i Einbeck - 9 St\u00e4dte in Niedersachsen\" \/>\n<meta property=\"og:description\" content=\"Oplev Einbeck p\u00e5 en b\u00e6redygtig m\u00e5de Den tidligere hansestad er hjemsted for pr\u00e6gtigt dekorerede, historiske bindingsv\u00e6rkshuse, den l\u00e6kre Einbecker Bock-\u00f8l og Europas st\u00f8rste samling af klassiske biler i PS.SPEICHER. Einbeck og dens 46 landsbyer kan ogs\u00e5 score point med rekreation i landskabet: Vandreture gennem byen, langs den historiske bymur, afslapning p\u00e5 voldene, vandreture i &#8220;Hube&#8221;, [&hellip;]\" \/>\n<meta property=\"og:url\" content=\"https:\/\/9staedte.de\/da\/einbeck-klassiske-biler-bindingsvaerkshuse-oel\/naturoplevelser-og-baeredygtighed-i-einbeck\/\" \/>\n<meta property=\"og:site_name\" content=\"9 St\u00e4dte in Niedersachsen\" \/>\n<meta property=\"article:modified_time\" content=\"2024-03-21T14:54:06+00:00\" \/>\n<meta property=\"og:image\" content=\"https:\/\/9staedte.de\/wp-content\/uploads\/2023\/05\/Blick-auf-St.-Alexandri-Einbeck-CC0.jpg\" \/>\n\t<meta property=\"og:image:width\" content=\"1020\" \/>\n\t<meta property=\"og:image:height\" content=\"559\" \/>\n\t<meta property=\"og:image:type\" content=\"image\/jpeg\" \/>\n<meta name=\"twitter:card\" content=\"summary_large_image\" \/>\n<meta name=\"twitter:label1\" content=\"Estimeret l\u00e6setid\" \/>\n\t<meta name=\"twitter:data1\" content=\"1 minut\" \/>\n<script type=\"application\/ld+json\" class=\"yoast-schema-graph\">{\"@context\":\"https:\/\/schema.org\",\"@graph\":[{\"@type\":\"WebPage\",\"@id\":\"https:\/\/9staedte.de\/da\/einbeck-klassiske-biler-bindingsvaerkshuse-oel\/naturoplevelser-og-baeredygtighed-i-einbeck\/\",\"url\":\"https:\/\/9staedte.de\/da\/einbeck-klassiske-biler-bindingsvaerkshuse-oel\/naturoplevelser-og-baeredygtighed-i-einbeck\/\",\"name\":\"Naturoplevelser og b\u00e6redygtighed i Einbeck - 9 St\u00e4dte in Niedersachsen\",\"isPartOf\":{\"@id\":\"https:\/\/9staedte.de\/da\/#website\"},\"primaryImageOfPage\":{\"@id\":\"https:\/\/9staedte.de\/da\/einbeck-klassiske-biler-bindingsvaerkshuse-oel\/naturoplevelser-og-baeredygtighed-i-einbeck\/#primaryimage\"},\"image\":{\"@id\":\"https:\/\/9staedte.de\/da\/einbeck-klassiske-biler-bindingsvaerkshuse-oel\/naturoplevelser-og-baeredygtighed-i-einbeck\/#primaryimage\"},\"thumbnailUrl\":\"https:\/\/9staedte.de\/wp-content\/uploads\/2023\/05\/Blick-auf-St.-Alexandri-Einbeck-CC0.jpg\",\"datePublished\":\"2023-10-25T10:24:13+00:00\",\"dateModified\":\"2024-03-21T14:54:06+00:00\",\"breadcrumb\":{\"@id\":\"https:\/\/9staedte.de\/da\/einbeck-klassiske-biler-bindingsvaerkshuse-oel\/naturoplevelser-og-baeredygtighed-i-einbeck\/#breadcrumb\"},\"inLanguage\":\"da-DK\",\"potentialAction\":[{\"@type\":\"ReadAction\",\"target\":[\"https:\/\/9staedte.de\/da\/einbeck-klassiske-biler-bindingsvaerkshuse-oel\/naturoplevelser-og-baeredygtighed-i-einbeck\/\"]}]},{\"@type\":\"ImageObject\",\"inLanguage\":\"da-DK\",\"@id\":\"https:\/\/9staedte.de\/da\/einbeck-klassiske-biler-bindingsvaerkshuse-oel\/naturoplevelser-og-baeredygtighed-i-einbeck\/#primaryimage\",\"url\":\"https:\/\/9staedte.de\/wp-content\/uploads\/2023\/05\/Blick-auf-St.-Alexandri-Einbeck-CC0.jpg\",\"contentUrl\":\"https:\/\/9staedte.de\/wp-content\/uploads\/2023\/05\/Blick-auf-St.-Alexandri-Einbeck-CC0.jpg\",\"width\":1020,\"height\":559,\"caption\":\"Blick auf St. Alexandri Einbeck cc0\"},{\"@type\":\"BreadcrumbList\",\"@id\":\"https:\/\/9staedte.de\/da\/einbeck-klassiske-biler-bindingsvaerkshuse-oel\/naturoplevelser-og-baeredygtighed-i-einbeck\/#breadcrumb\",\"itemListElement\":[{\"@type\":\"ListItem\",\"position\":1,\"name\":\"Startseite\",\"item\":\"https:\/\/9staedte.de\/da\/hjem-9-byer-2-i-niedersachsen\/\"},{\"@type\":\"ListItem\",\"position\":2,\"name\":\"Einbeck &#8211; klassiske biler, bindingsv\u00e6rkshuse, \u00f8l\",\"item\":\"https:\/\/9staedte.de\/da\/einbeck-klassiske-biler-bindingsvaerkshuse-oel\/\"},{\"@type\":\"ListItem\",\"position\":3,\"name\":\"Naturoplevelser og b\u00e6redygtighed i Einbeck\"}]},{\"@type\":\"WebSite\",\"@id\":\"https:\/\/9staedte.de\/da\/#website\",\"url\":\"https:\/\/9staedte.de\/da\/\",\"name\":\"9 St\u00e4dte in Niedersachsen\",\"description\":\"\",\"publisher\":{\"@id\":\"https:\/\/9staedte.de\/da\/#organization\"},\"potentialAction\":[{\"@type\":\"SearchAction\",\"target\":{\"@type\":\"EntryPoint\",\"urlTemplate\":\"https:\/\/9staedte.de\/da\/?s={search_term_string}\"},\"query-input\":{\"@type\":\"PropertyValueSpecification\",\"valueRequired\":true,\"valueName\":\"search_term_string\"}}],\"inLanguage\":\"da-DK\"},{\"@type\":\"Organization\",\"@id\":\"https:\/\/9staedte.de\/da\/#organization\",\"name\":\"9 St\u00e4dte in Niedersachsen\",\"url\":\"https:\/\/9staedte.de\/da\/\",\"logo\":{\"@type\":\"ImageObject\",\"inLanguage\":\"da-DK\",\"@id\":\"https:\/\/9staedte.de\/da\/#\/schema\/logo\/image\/\",\"url\":\"https:\/\/9staedte.de\/wp-content\/uploads\/2025\/01\/9-neg-deutsch-2-1.png\",\"contentUrl\":\"https:\/\/9staedte.de\/wp-content\/uploads\/2025\/01\/9-neg-deutsch-2-1.png\",\"width\":190,\"height\":114,\"caption\":\"9 St\u00e4dte in Niedersachsen\"},\"image\":{\"@id\":\"https:\/\/9staedte.de\/da\/#\/schema\/logo\/image\/\"}}]}<\/script>\n<!-- \/ Yoast SEO plugin. -->","yoast_head_json":{"title":"Naturoplevelser og b\u00e6redygtighed i Einbeck - 9 St\u00e4dte in Niedersachsen","robots":{"index":"index","follow":"follow","max-snippet":"max-snippet:-1","max-image-preview":"max-image-preview:large","max-video-preview":"max-video-preview:-1"},"canonical":"https:\/\/9staedte.de\/da\/einbeck-klassiske-biler-bindingsvaerkshuse-oel\/naturoplevelser-og-baeredygtighed-i-einbeck\/","og_locale":"da_DK","og_type":"article","og_title":"Naturoplevelser og b\u00e6redygtighed i Einbeck - 9 St\u00e4dte in Niedersachsen","og_description":"Oplev Einbeck p\u00e5 en b\u00e6redygtig m\u00e5de Den tidligere hansestad er hjemsted for pr\u00e6gtigt dekorerede, historiske bindingsv\u00e6rkshuse, den l\u00e6kre Einbecker Bock-\u00f8l og Europas st\u00f8rste samling af klassiske biler i PS.SPEICHER. Einbeck og dens 46 landsbyer kan ogs\u00e5 score point med rekreation i landskabet: Vandreture gennem byen, langs den historiske bymur, afslapning p\u00e5 voldene, vandreture i &#8220;Hube&#8221;, [&hellip;]","og_url":"https:\/\/9staedte.de\/da\/einbeck-klassiske-biler-bindingsvaerkshuse-oel\/naturoplevelser-og-baeredygtighed-i-einbeck\/","og_site_name":"9 St\u00e4dte in Niedersachsen","article_modified_time":"2024-03-21T14:54:06+00:00","og_image":[{"width":1020,"height":559,"url":"https:\/\/9staedte.de\/wp-content\/uploads\/2023\/05\/Blick-auf-St.-Alexandri-Einbeck-CC0.jpg","type":"image\/jpeg"}],"twitter_card":"summary_large_image","twitter_misc":{"Estimeret l\u00e6setid":"1 minut"},"schema":{"@context":"https:\/\/schema.org","@graph":[{"@type":"WebPage","@id":"https:\/\/9staedte.de\/da\/einbeck-klassiske-biler-bindingsvaerkshuse-oel\/naturoplevelser-og-baeredygtighed-i-einbeck\/","url":"https:\/\/9staedte.de\/da\/einbeck-klassiske-biler-bindingsvaerkshuse-oel\/naturoplevelser-og-baeredygtighed-i-einbeck\/","name":"Naturoplevelser og b\u00e6redygtighed i Einbeck - 9 St\u00e4dte in Niedersachsen","isPartOf":{"@id":"https:\/\/9staedte.de\/da\/#website"},"primaryImageOfPage":{"@id":"https:\/\/9staedte.de\/da\/einbeck-klassiske-biler-bindingsvaerkshuse-oel\/naturoplevelser-og-baeredygtighed-i-einbeck\/#primaryimage"},"image":{"@id":"https:\/\/9staedte.de\/da\/einbeck-klassiske-biler-bindingsvaerkshuse-oel\/naturoplevelser-og-baeredygtighed-i-einbeck\/#primaryimage"},"thumbnailUrl":"https:\/\/9staedte.de\/wp-content\/uploads\/2023\/05\/Blick-auf-St.-Alexandri-Einbeck-CC0.jpg","datePublished":"2023-10-25T10:24:13+00:00","dateModified":"2024-03-21T14:54:06+00:00","breadcrumb":{"@id":"https:\/\/9staedte.de\/da\/einbeck-klassiske-biler-bindingsvaerkshuse-oel\/naturoplevelser-og-baeredygtighed-i-einbeck\/#breadcrumb"},"inLanguage":"da-DK","potentialAction":[{"@type":"ReadAction","target":["https:\/\/9staedte.de\/da\/einbeck-klassiske-biler-bindingsvaerkshuse-oel\/naturoplevelser-og-baeredygtighed-i-einbeck\/"]}]},{"@type":"ImageObject","inLanguage":"da-DK","@id":"https:\/\/9staedte.de\/da\/einbeck-klassiske-biler-bindingsvaerkshuse-oel\/naturoplevelser-og-baeredygtighed-i-einbeck\/#primaryimage","url":"https:\/\/9staedte.de\/wp-content\/uploads\/2023\/05\/Blick-auf-St.-Alexandri-Einbeck-CC0.jpg","contentUrl":"https:\/\/9staedte.de\/wp-content\/uploads\/2023\/05\/Blick-auf-St.-Alexandri-Einbeck-CC0.jpg","width":1020,"height":559,"caption":"Blick auf St. Alexandri Einbeck cc0"},{"@type":"BreadcrumbList","@id":"https:\/\/9staedte.de\/da\/einbeck-klassiske-biler-bindingsvaerkshuse-oel\/naturoplevelser-og-baeredygtighed-i-einbeck\/#breadcrumb","itemListElement":[{"@type":"ListItem","position":1,"name":"Startseite","item":"https:\/\/9staedte.de\/da\/hjem-9-byer-2-i-niedersachsen\/"},{"@type":"ListItem","position":2,"name":"Einbeck &#8211; klassiske biler, bindingsv\u00e6rkshuse, \u00f8l","item":"https:\/\/9staedte.de\/da\/einbeck-klassiske-biler-bindingsvaerkshuse-oel\/"},{"@type":"ListItem","position":3,"name":"Naturoplevelser og b\u00e6redygtighed i Einbeck"}]},{"@type":"WebSite","@id":"https:\/\/9staedte.de\/da\/#website","url":"https:\/\/9staedte.de\/da\/","name":"9 St\u00e4dte in Niedersachsen","description":"","publisher":{"@id":"https:\/\/9staedte.de\/da\/#organization"},"potentialAction":[{"@type":"SearchAction","target":{"@type":"EntryPoint","urlTemplate":"https:\/\/9staedte.de\/da\/?s={search_term_string}"},"query-input":{"@type":"PropertyValueSpecification","valueRequired":true,"valueName":"search_term_string"}}],"inLanguage":"da-DK"},{"@type":"Organization","@id":"https:\/\/9staedte.de\/da\/#organization","name":"9 St\u00e4dte in Niedersachsen","url":"https:\/\/9staedte.de\/da\/","logo":{"@type":"ImageObject","inLanguage":"da-DK","@id":"https:\/\/9staedte.de\/da\/#\/schema\/logo\/image\/","url":"https:\/\/9staedte.de\/wp-content\/uploads\/2025\/01\/9-neg-deutsch-2-1.png","contentUrl":"https:\/\/9staedte.de\/wp-content\/uploads\/2025\/01\/9-neg-deutsch-2-1.png","width":190,"height":114,"caption":"9 St\u00e4dte in Niedersachsen"},"image":{"@id":"https:\/\/9staedte.de\/da\/#\/schema\/logo\/image\/"}}]}},"_links":{"self":[{"href":"https:\/\/9staedte.de\/da\/wp-json\/wp\/v2\/pages\/12160","targetHints":{"allow":["GET"]}}],"collection":[{"href":"https:\/\/9staedte.de\/da\/wp-json\/wp\/v2\/pages"}],"about":[{"href":"https:\/\/9staedte.de\/da\/wp-json\/wp\/v2\/types\/page"}],"author":[{"embeddable":true,"href":"https:\/\/9staedte.de\/da\/wp-json\/wp\/v2\/users\/6"}],"replies":[{"embeddable":true,"href":"https:\/\/9staedte.de\/da\/wp-json\/wp\/v2\/comments?post=12160"}],"version-history":[{"count":3,"href":"https:\/\/9staedte.de\/da\/wp-json\/wp\/v2\/pages\/12160\/revisions"}],"predecessor-version":[{"id":21504,"href":"https:\/\/9staedte.de\/da\/wp-json\/wp\/v2\/pages\/12160\/revisions\/21504"}],"up":[{"embeddable":true,"href":"https:\/\/9staedte.de\/da\/wp-json\/wp\/v2\/pages\/12653"}],"wp:featuredmedia":[{"embeddable":true,"href":"https:\/\/9staedte.de\/da\/wp-json\/wp\/v2\/media\/11557"}],"wp:attachment":[{"href":"https:\/\/9staedte.de\/da\/wp-json\/wp\/v2\/media?parent=12160"}],"wp:term":[{"taxonomy":"category","embeddable":true,"href":"https:\/\/9staedte.de\/da\/wp-json\/wp\/v2\/categories?post=12160"},{"taxonomy":"post_tag","embeddable":true,"href":"https:\/\/9staedte.de\/da\/wp-json\/wp\/v2\/tags?post=12160"},{"taxonomy":"ncap_cities_tax","embeddable":true,"href":"https:\/\/9staedte.de\/da\/wp-json\/wp\/v2\/ncap_cities_tax?post=12160"}],"curies":[{"name":"wp","href":"https:\/\/api.w.org\/{rel}","templated":true}]}}