{"id":12151,"date":"2023-10-25T12:28:39","date_gmt":"2023-10-25T10:28:39","guid":{"rendered":"https:\/\/9staedte.de\/vinterverden-i-autostadt-i-wolfsburg\/"},"modified":"2026-01-05T10:45:09","modified_gmt":"2026-01-05T09:45:09","slug":"vinterverden-i-autostadt-i-wolfsburg","status":"publish","type":"page","link":"https:\/\/9staedte.de\/da\/vinterverden-i-autostadt-i-wolfsburg\/","title":{"rendered":"Vinterverden i Autostadt i Wolfsburg"},"content":{"rendered":"\n<h2 class=\"wp-block-heading\">Vinterlandskab og julemarked i Autostadt<\/h2>\n\n<p>N\u00e5r dagene bliver kortere, begynder den smukkeste tid p\u00e5 \u00e5ret for mange &#8211; og du kan virkelig nyde denne tid i Autostadts vinterverden: med festligt dekorerede parkomr\u00e5der, en k\u00e6mpe sk\u00f8jtebane, et traditionelt vintermarked og meget mere.<br\/>Oplev action i sneen og p\u00e5 isen eller tilbring kontemplative, smukke \u00f8jeblikke med venner eller familie med det bl\u00f8de sk\u00e6r af lys og duften af kanel, nelliker og appelsiner p\u00e5 det lille julemarked.<br\/>(med forbehold for \u00e6ndringer)<\/p>\n\n<p><a href=\"http:\/\/www.autostadt.de\/veranstaltungen\">Yderligere oplysninger<\/a><\/p>\n\n<div style=\"height:30px\" aria-hidden=\"true\" class=\"wp-block-spacer\"><\/div>\n\n<h3 class=\"wp-block-heading\">Autostadt i Wolfsburg<\/h3>\n\n <div class=\"brlbs-cmpnt-container brlbs-cmpnt-content-blocker brlbs-cmpnt-with-individual-styles\" data-borlabs-cookie-content-blocker-id=\"google-maps\" data-borlabs-cookie-content=\"PGlmcmFtZSBzcmM9Imh0dHBzOi8vd3d3Lmdvb2dsZS5jb20vbWFwcy9lbWJlZD9wYj0hMW0xOCExbTEyITFtMyExZDI0MzIuNTY1NDcwMzMwMjYhMmQxMC43OTE2MzAzNzY5NzMyNiEzZDUyLjQzMjY3MDY0MjY5MTEyITJtMyExZjAhMmYwITNmMCEzbTIhMWkxMDI0ITJpNzY4ITRmMTMuMSEzbTMhMW0yITFzMHg0N2FmOTNiN2I4OWJmYWNmJTNBMHg0ZGNkZjA3ZjRkMjM3ZmY4ITJzQXV0b3N0YWR0ITVlMCEzbTIhMXNkZSEyc2RlITR2MTY5MjYyNDgzNzE0OCE1bTIhMXNkZSEyc2RlIiB3aWR0aD0iNjAwIiBoZWlnaHQ9IjQ1MCIgc3R5bGU9ImJvcmRlcjowOyIgYWxsb3dmdWxsc2NyZWVuPSIiIGxvYWRpbmc9ImxhenkiIHJlZmVycmVycG9saWN5PSJuby1yZWZlcnJlci13aGVuLWRvd25ncmFkZSI+PC9pZnJhbWU+\"><div class=\"brlbs-cmpnt-cb-preset-b brlbs-cmpnt-cb-google-maps\"> <div class=\"brlbs-cmpnt-cb-thumbnail\" style=\"background-image: url('https:\/\/9staedte.de\/wp-content\/uploads\/borlabs-cookie\/1\/brlbs-cb-google-maps-main.png')\"><\/div> <div class=\"brlbs-cmpnt-cb-main\"> <div class=\"brlbs-cmpnt-cb-content\"> <p class=\"brlbs-cmpnt-cb-description\">You are currently viewing a placeholder content from <strong>Google Maps<\/strong>. To access the actual content, click the button below. Please note that doing so will share data with third-party providers.<\/p> <a class=\"brlbs-cmpnt-cb-provider-toggle\" href=\"#\" data-borlabs-cookie-show-provider-information role=\"button\">More Information<\/a> <\/div> <div class=\"brlbs-cmpnt-cb-buttons\"> <a class=\"brlbs-cmpnt-cb-btn\" href=\"#\" data-borlabs-cookie-unblock role=\"button\">Unblock content<\/a> <a class=\"brlbs-cmpnt-cb-btn\" href=\"#\" data-borlabs-cookie-accept-service role=\"button\" style=\"display: inherit\">Accept required service and unblock content<\/a> <\/div> <\/div> <\/div><\/div>\n\n<div style=\"height:30px\" aria-hidden=\"true\" class=\"wp-block-spacer\"><\/div>\n","protected":false},"excerpt":{"rendered":"<p>Vinterlandskab og julemarked i Autostadt N\u00e5r dagene bliver kortere, begynder den smukkeste tid p\u00e5 \u00e5ret for mange &#8211; og du kan virkelig nyde denne tid i Autostadts vinterverden: med festligt dekorerede parkomr\u00e5der, en k\u00e6mpe sk\u00f8jtebane, et traditionelt vintermarked og meget mere.Oplev action i sneen og p\u00e5 isen eller tilbring kontemplative, smukke \u00f8jeblikke med venner eller [&hellip;]<\/p>\n","protected":false},"author":6,"featured_media":12133,"parent":0,"menu_order":0,"comment_status":"closed","ping_status":"closed","template":"","meta":{"_acf_changed":false,"footnotes":""},"categories":[],"tags":[],"ncap_cities_tax":[483,553],"class_list":["post-12151","page","type-page","status-publish","has-post-thumbnail","hentry","ncap_cities_tax-autostadt-da","ncap_cities_tax-weihnachtsmarkte-autostadt-da"],"acf":[],"yoast_head":"<!-- This site is optimized with the Yoast SEO plugin v26.8 - https:\/\/yoast.com\/product\/yoast-seo-wordpress\/ -->\n<title>Vinterverden i Autostadt i Wolfsburg - 9 St\u00e4dte in Niedersachsen<\/title>\n<meta name=\"description\" content=\"Vinterverdenen i Autostadt i Wolfsburg: Et vintereventyrland med festligt dekoreret park, sk\u00f8jtebane og vintermarked\" \/>\n<meta name=\"robots\" content=\"index, follow, max-snippet:-1, max-image-preview:large, max-video-preview:-1\" \/>\n<link rel=\"canonical\" href=\"https:\/\/9staedte.de\/da\/vinterverden-i-autostadt-i-wolfsburg\/\" \/>\n<meta property=\"og:locale\" content=\"da_DK\" \/>\n<meta property=\"og:type\" content=\"article\" \/>\n<meta property=\"og:title\" content=\"Vinterverden i Autostadt i Wolfsburg - 9 St\u00e4dte in Niedersachsen\" \/>\n<meta property=\"og:description\" content=\"Vinterverdenen i Autostadt i Wolfsburg: Et vintereventyrland med festligt dekoreret park, sk\u00f8jtebane og vintermarked\" \/>\n<meta property=\"og:url\" content=\"https:\/\/9staedte.de\/da\/vinterverden-i-autostadt-i-wolfsburg\/\" \/>\n<meta property=\"og:site_name\" content=\"9 St\u00e4dte in Niedersachsen\" \/>\n<meta property=\"article:modified_time\" content=\"2026-01-05T09:45:09+00:00\" \/>\n<meta property=\"og:image\" content=\"https:\/\/9staedte.de\/wp-content\/uploads\/2023\/07\/Winter-in-der-Autostadt_Credit-Michael-Jungblut.jpg\" \/>\n\t<meta property=\"og:image:width\" content=\"1020\" \/>\n\t<meta property=\"og:image:height\" content=\"561\" \/>\n\t<meta property=\"og:image:type\" content=\"image\/jpeg\" \/>\n<meta name=\"twitter:card\" content=\"summary_large_image\" \/>\n<script type=\"application\/ld+json\" class=\"yoast-schema-graph\">{\"@context\":\"https:\/\/schema.org\",\"@graph\":[{\"@type\":\"WebPage\",\"@id\":\"https:\/\/9staedte.de\/da\/vinterverden-i-autostadt-i-wolfsburg\/\",\"url\":\"https:\/\/9staedte.de\/da\/vinterverden-i-autostadt-i-wolfsburg\/\",\"name\":\"Vinterverden i Autostadt i Wolfsburg - 9 St\u00e4dte in Niedersachsen\",\"isPartOf\":{\"@id\":\"https:\/\/9staedte.de\/da\/#website\"},\"primaryImageOfPage\":{\"@id\":\"https:\/\/9staedte.de\/da\/vinterverden-i-autostadt-i-wolfsburg\/#primaryimage\"},\"image\":{\"@id\":\"https:\/\/9staedte.de\/da\/vinterverden-i-autostadt-i-wolfsburg\/#primaryimage\"},\"thumbnailUrl\":\"https:\/\/9staedte.de\/wp-content\/uploads\/2023\/07\/Winter-in-der-Autostadt_Credit-Michael-Jungblut.jpg\",\"datePublished\":\"2023-10-25T10:28:39+00:00\",\"dateModified\":\"2026-01-05T09:45:09+00:00\",\"description\":\"Vinterverdenen i Autostadt i Wolfsburg: Et vintereventyrland med festligt dekoreret park, sk\u00f8jtebane og vintermarked\",\"breadcrumb\":{\"@id\":\"https:\/\/9staedte.de\/da\/vinterverden-i-autostadt-i-wolfsburg\/#breadcrumb\"},\"inLanguage\":\"da-DK\",\"potentialAction\":[{\"@type\":\"ReadAction\",\"target\":[\"https:\/\/9staedte.de\/da\/vinterverden-i-autostadt-i-wolfsburg\/\"]}]},{\"@type\":\"ImageObject\",\"inLanguage\":\"da-DK\",\"@id\":\"https:\/\/9staedte.de\/da\/vinterverden-i-autostadt-i-wolfsburg\/#primaryimage\",\"url\":\"https:\/\/9staedte.de\/wp-content\/uploads\/2023\/07\/Winter-in-der-Autostadt_Credit-Michael-Jungblut.jpg\",\"contentUrl\":\"https:\/\/9staedte.de\/wp-content\/uploads\/2023\/07\/Winter-in-der-Autostadt_Credit-Michael-Jungblut.jpg\",\"width\":1020,\"height\":561,\"caption\":\"Winter in der Autostadt_Credit Michael Jungblut\"},{\"@type\":\"BreadcrumbList\",\"@id\":\"https:\/\/9staedte.de\/da\/vinterverden-i-autostadt-i-wolfsburg\/#breadcrumb\",\"itemListElement\":[{\"@type\":\"ListItem\",\"position\":1,\"name\":\"Startseite\",\"item\":\"https:\/\/9staedte.de\/da\/hjem-9-byer-2-i-niedersachsen\/\"},{\"@type\":\"ListItem\",\"position\":2,\"name\":\"Vinterverden i Autostadt i Wolfsburg\"}]},{\"@type\":\"WebSite\",\"@id\":\"https:\/\/9staedte.de\/da\/#website\",\"url\":\"https:\/\/9staedte.de\/da\/\",\"name\":\"9 St\u00e4dte in Niedersachsen\",\"description\":\"\",\"publisher\":{\"@id\":\"https:\/\/9staedte.de\/da\/#organization\"},\"potentialAction\":[{\"@type\":\"SearchAction\",\"target\":{\"@type\":\"EntryPoint\",\"urlTemplate\":\"https:\/\/9staedte.de\/da\/?s={search_term_string}\"},\"query-input\":{\"@type\":\"PropertyValueSpecification\",\"valueRequired\":true,\"valueName\":\"search_term_string\"}}],\"inLanguage\":\"da-DK\"},{\"@type\":\"Organization\",\"@id\":\"https:\/\/9staedte.de\/da\/#organization\",\"name\":\"9 St\u00e4dte in Niedersachsen\",\"url\":\"https:\/\/9staedte.de\/da\/\",\"logo\":{\"@type\":\"ImageObject\",\"inLanguage\":\"da-DK\",\"@id\":\"https:\/\/9staedte.de\/da\/#\/schema\/logo\/image\/\",\"url\":\"https:\/\/9staedte.de\/wp-content\/uploads\/2025\/01\/9-neg-deutsch-2-1.png\",\"contentUrl\":\"https:\/\/9staedte.de\/wp-content\/uploads\/2025\/01\/9-neg-deutsch-2-1.png\",\"width\":190,\"height\":114,\"caption\":\"9 St\u00e4dte in Niedersachsen\"},\"image\":{\"@id\":\"https:\/\/9staedte.de\/da\/#\/schema\/logo\/image\/\"}}]}<\/script>\n<!-- \/ Yoast SEO plugin. -->","yoast_head_json":{"title":"Vinterverden i Autostadt i Wolfsburg - 9 St\u00e4dte in Niedersachsen","description":"Vinterverdenen i Autostadt i Wolfsburg: Et vintereventyrland med festligt dekoreret park, sk\u00f8jtebane og vintermarked","robots":{"index":"index","follow":"follow","max-snippet":"max-snippet:-1","max-image-preview":"max-image-preview:large","max-video-preview":"max-video-preview:-1"},"canonical":"https:\/\/9staedte.de\/da\/vinterverden-i-autostadt-i-wolfsburg\/","og_locale":"da_DK","og_type":"article","og_title":"Vinterverden i Autostadt i Wolfsburg - 9 St\u00e4dte in Niedersachsen","og_description":"Vinterverdenen i Autostadt i Wolfsburg: Et vintereventyrland med festligt dekoreret park, sk\u00f8jtebane og vintermarked","og_url":"https:\/\/9staedte.de\/da\/vinterverden-i-autostadt-i-wolfsburg\/","og_site_name":"9 St\u00e4dte in Niedersachsen","article_modified_time":"2026-01-05T09:45:09+00:00","og_image":[{"width":1020,"height":561,"url":"https:\/\/9staedte.de\/wp-content\/uploads\/2023\/07\/Winter-in-der-Autostadt_Credit-Michael-Jungblut.jpg","type":"image\/jpeg"}],"twitter_card":"summary_large_image","schema":{"@context":"https:\/\/schema.org","@graph":[{"@type":"WebPage","@id":"https:\/\/9staedte.de\/da\/vinterverden-i-autostadt-i-wolfsburg\/","url":"https:\/\/9staedte.de\/da\/vinterverden-i-autostadt-i-wolfsburg\/","name":"Vinterverden i Autostadt i Wolfsburg - 9 St\u00e4dte in Niedersachsen","isPartOf":{"@id":"https:\/\/9staedte.de\/da\/#website"},"primaryImageOfPage":{"@id":"https:\/\/9staedte.de\/da\/vinterverden-i-autostadt-i-wolfsburg\/#primaryimage"},"image":{"@id":"https:\/\/9staedte.de\/da\/vinterverden-i-autostadt-i-wolfsburg\/#primaryimage"},"thumbnailUrl":"https:\/\/9staedte.de\/wp-content\/uploads\/2023\/07\/Winter-in-der-Autostadt_Credit-Michael-Jungblut.jpg","datePublished":"2023-10-25T10:28:39+00:00","dateModified":"2026-01-05T09:45:09+00:00","description":"Vinterverdenen i Autostadt i Wolfsburg: Et vintereventyrland med festligt dekoreret park, sk\u00f8jtebane og vintermarked","breadcrumb":{"@id":"https:\/\/9staedte.de\/da\/vinterverden-i-autostadt-i-wolfsburg\/#breadcrumb"},"inLanguage":"da-DK","potentialAction":[{"@type":"ReadAction","target":["https:\/\/9staedte.de\/da\/vinterverden-i-autostadt-i-wolfsburg\/"]}]},{"@type":"ImageObject","inLanguage":"da-DK","@id":"https:\/\/9staedte.de\/da\/vinterverden-i-autostadt-i-wolfsburg\/#primaryimage","url":"https:\/\/9staedte.de\/wp-content\/uploads\/2023\/07\/Winter-in-der-Autostadt_Credit-Michael-Jungblut.jpg","contentUrl":"https:\/\/9staedte.de\/wp-content\/uploads\/2023\/07\/Winter-in-der-Autostadt_Credit-Michael-Jungblut.jpg","width":1020,"height":561,"caption":"Winter in der Autostadt_Credit Michael Jungblut"},{"@type":"BreadcrumbList","@id":"https:\/\/9staedte.de\/da\/vinterverden-i-autostadt-i-wolfsburg\/#breadcrumb","itemListElement":[{"@type":"ListItem","position":1,"name":"Startseite","item":"https:\/\/9staedte.de\/da\/hjem-9-byer-2-i-niedersachsen\/"},{"@type":"ListItem","position":2,"name":"Vinterverden i Autostadt i Wolfsburg"}]},{"@type":"WebSite","@id":"https:\/\/9staedte.de\/da\/#website","url":"https:\/\/9staedte.de\/da\/","name":"9 St\u00e4dte in Niedersachsen","description":"","publisher":{"@id":"https:\/\/9staedte.de\/da\/#organization"},"potentialAction":[{"@type":"SearchAction","target":{"@type":"EntryPoint","urlTemplate":"https:\/\/9staedte.de\/da\/?s={search_term_string}"},"query-input":{"@type":"PropertyValueSpecification","valueRequired":true,"valueName":"search_term_string"}}],"inLanguage":"da-DK"},{"@type":"Organization","@id":"https:\/\/9staedte.de\/da\/#organization","name":"9 St\u00e4dte in Niedersachsen","url":"https:\/\/9staedte.de\/da\/","logo":{"@type":"ImageObject","inLanguage":"da-DK","@id":"https:\/\/9staedte.de\/da\/#\/schema\/logo\/image\/","url":"https:\/\/9staedte.de\/wp-content\/uploads\/2025\/01\/9-neg-deutsch-2-1.png","contentUrl":"https:\/\/9staedte.de\/wp-content\/uploads\/2025\/01\/9-neg-deutsch-2-1.png","width":190,"height":114,"caption":"9 St\u00e4dte in Niedersachsen"},"image":{"@id":"https:\/\/9staedte.de\/da\/#\/schema\/logo\/image\/"}}]}},"_links":{"self":[{"href":"https:\/\/9staedte.de\/da\/wp-json\/wp\/v2\/pages\/12151","targetHints":{"allow":["GET"]}}],"collection":[{"href":"https:\/\/9staedte.de\/da\/wp-json\/wp\/v2\/pages"}],"about":[{"href":"https:\/\/9staedte.de\/da\/wp-json\/wp\/v2\/types\/page"}],"author":[{"embeddable":true,"href":"https:\/\/9staedte.de\/da\/wp-json\/wp\/v2\/users\/6"}],"replies":[{"embeddable":true,"href":"https:\/\/9staedte.de\/da\/wp-json\/wp\/v2\/comments?post=12151"}],"version-history":[{"count":2,"href":"https:\/\/9staedte.de\/da\/wp-json\/wp\/v2\/pages\/12151\/revisions"}],"predecessor-version":[{"id":26993,"href":"https:\/\/9staedte.de\/da\/wp-json\/wp\/v2\/pages\/12151\/revisions\/26993"}],"wp:featuredmedia":[{"embeddable":true,"href":"https:\/\/9staedte.de\/da\/wp-json\/wp\/v2\/media\/12133"}],"wp:attachment":[{"href":"https:\/\/9staedte.de\/da\/wp-json\/wp\/v2\/media?parent=12151"}],"wp:term":[{"taxonomy":"category","embeddable":true,"href":"https:\/\/9staedte.de\/da\/wp-json\/wp\/v2\/categories?post=12151"},{"taxonomy":"post_tag","embeddable":true,"href":"https:\/\/9staedte.de\/da\/wp-json\/wp\/v2\/tags?post=12151"},{"taxonomy":"ncap_cities_tax","embeddable":true,"href":"https:\/\/9staedte.de\/da\/wp-json\/wp\/v2\/ncap_cities_tax?post=12151"}],"curies":[{"name":"wp","href":"https:\/\/api.w.org\/{rel}","templated":true}]}}